{"id":996,"date":"2025-12-16T14:48:21","date_gmt":"2025-12-16T13:48:21","guid":{"rendered":"https:\/\/fika.paris\/produit\/hantverksmassig-tramugg\/"},"modified":"2026-02-26T16:27:18","modified_gmt":"2026-02-26T15:27:18","slug":"hantverksmassig-tramugg","status":"publish","type":"product","link":"https:\/\/fika.paris\/sv\/produit\/hantverksmassig-tramugg\/","title":{"rendered":"Tr\u00e4mugg &#8221;kuksa&#8221;"},"content":{"rendered":"<p>Hantverksm\u00e4ssig tr\u00e4mugg &#8221;kuksa&#8221; fr\u00e5n Sm\u00e5land. Denna kuksa \u00e4r noggrant snidad i tr\u00e4 fr\u00e5n Sm\u00e5land. Varje mugg \u00e4r unik och speglar ett autentiskt och traditionellt hantverk fr\u00e5n Lappland. Den \u00e4r idealisk f\u00f6r att njuta av mycket varmt kaffe eller te.   <\/p>\n<p>Icke v\u00e4rmeledande, den h\u00e5ller er dryck varm (eller kall) l\u00e4ngre \u00e4n en keramikmugg.<\/p>\n","protected":false},"excerpt":{"rendered":"<p>Hantverksm\u00e4ssig tr\u00e4mugg &#8221;kuksa&#8221; fr\u00e5n Sm\u00e5land. Denna kuksa \u00e4r noggrant snidad i tr\u00e4 fr\u00e5n Sm\u00e5land. Varje mugg \u00e4r unik och speglar ett autentiskt och traditionellt hantverk fr\u00e5n Lappland. Den \u00e4r idealisk f\u00f6r att njuta av mycket varmt kaffe eller te. Icke v\u00e4rmeledande, den h\u00e5ller er dryck varm (eller kall) l\u00e4ngre \u00e4n en keramikmugg.<\/p>\n","protected":false},"featured_media":1188,"template":"","meta":[],"product_brand":[],"product_cat":[70],"product_tag":[],"class_list":{"0":"post-996","1":"product","2":"type-product","3":"status-publish","4":"has-post-thumbnail","6":"product_cat-hantverk-gavor","8":"first","9":"instock","10":"taxable","11":"shipping-taxable","12":"purchasable","13":"product-type-simple"},"yoast_head":"<!-- This site is optimized with the Yoast SEO plugin v27.2 - https:\/\/yoast.com\/product\/yoast-seo-wordpress\/ -->\n<title>Tr\u00e4mugg &quot;kuksa&quot; - Fika Paris<\/title>\n<meta name=\"robots\" content=\"index, follow, max-snippet:-1, max-image-preview:large, max-video-preview:-1\" \/>\n<link rel=\"canonical\" href=\"https:\/\/fika.paris\/sv\/produit\/hantverksmassig-tramugg\/\" \/>\n<meta property=\"og:locale\" content=\"sv_SE\" \/>\n<meta property=\"og:type\" content=\"article\" \/>\n<meta property=\"og:title\" content=\"Tr\u00e4mugg &quot;kuksa&quot; - Fika Paris\" \/>\n<meta property=\"og:description\" content=\"Hantverksm\u00e4ssig tr\u00e4mugg &#8221;kuksa&#8221; fr\u00e5n Sm\u00e5land. Denna kuksa \u00e4r noggrant snidad i tr\u00e4 fr\u00e5n Sm\u00e5land. Varje mugg \u00e4r unik och speglar ett autentiskt och traditionellt hantverk fr\u00e5n Lappland. Den \u00e4r idealisk f\u00f6r att njuta av mycket varmt kaffe eller te. Icke v\u00e4rmeledande, den h\u00e5ller er dryck varm (eller kall) l\u00e4ngre \u00e4n en keramikmugg.\" \/>\n<meta property=\"og:url\" content=\"https:\/\/fika.paris\/sv\/produit\/hantverksmassig-tramugg\/\" \/>\n<meta property=\"og:site_name\" content=\"Fika Paris\" \/>\n<meta property=\"article:modified_time\" content=\"2026-02-26T15:27:18+00:00\" \/>\n<meta property=\"og:image\" content=\"https:\/\/fika.paris\/wp-content\/uploads\/2025\/10\/tramugg2-scaled.jpg\" \/>\n\t<meta property=\"og:image:width\" content=\"1707\" \/>\n\t<meta property=\"og:image:height\" content=\"2560\" \/>\n\t<meta property=\"og:image:type\" content=\"image\/jpeg\" \/>\n<meta name=\"twitter:card\" content=\"summary_large_image\" \/>\n<script type=\"application\/ld+json\" class=\"yoast-schema-graph\">{\"@context\":\"https:\/\/schema.org\",\"@graph\":[{\"@type\":\"WebPage\",\"@id\":\"https:\/\/fika.paris\/sv\/produit\/hantverksmassig-tramugg\/\",\"url\":\"https:\/\/fika.paris\/sv\/produit\/hantverksmassig-tramugg\/\",\"name\":\"Tr\u00e4mugg \\\"kuksa\\\" - Fika Paris\",\"isPartOf\":{\"@id\":\"https:\/\/fika.paris\/sv\/#website\"},\"primaryImageOfPage\":{\"@id\":\"https:\/\/fika.paris\/sv\/produit\/hantverksmassig-tramugg\/#primaryimage\"},\"image\":{\"@id\":\"https:\/\/fika.paris\/sv\/produit\/hantverksmassig-tramugg\/#primaryimage\"},\"thumbnailUrl\":\"https:\/\/fika.paris\/wp-content\/uploads\/2025\/10\/tramugg2-scaled.jpg\",\"datePublished\":\"2025-12-16T13:48:21+00:00\",\"dateModified\":\"2026-02-26T15:27:18+00:00\",\"breadcrumb\":{\"@id\":\"https:\/\/fika.paris\/sv\/produit\/hantverksmassig-tramugg\/#breadcrumb\"},\"inLanguage\":\"sv-SE\",\"potentialAction\":[{\"@type\":\"ReadAction\",\"target\":[\"https:\/\/fika.paris\/sv\/produit\/hantverksmassig-tramugg\/\"]}]},{\"@type\":\"ImageObject\",\"inLanguage\":\"sv-SE\",\"@id\":\"https:\/\/fika.paris\/sv\/produit\/hantverksmassig-tramugg\/#primaryimage\",\"url\":\"https:\/\/fika.paris\/wp-content\/uploads\/2025\/10\/tramugg2-scaled.jpg\",\"contentUrl\":\"https:\/\/fika.paris\/wp-content\/uploads\/2025\/10\/tramugg2-scaled.jpg\",\"width\":1707,\"height\":2560},{\"@type\":\"BreadcrumbList\",\"@id\":\"https:\/\/fika.paris\/sv\/produit\/hantverksmassig-tramugg\/#breadcrumb\",\"itemListElement\":[{\"@type\":\"ListItem\",\"position\":1,\"name\":\"Accueil\",\"item\":\"https:\/\/fika.paris\/sv\/en-liten-smak-av-sverige-i-paris\/\"},{\"@type\":\"ListItem\",\"position\":2,\"name\":\"Butik\",\"item\":\"https:\/\/fika.paris\/sv\/butik\/\"},{\"@type\":\"ListItem\",\"position\":3,\"name\":\"Tr\u00e4mugg \u00ab\u00a0kuksa\u00a0\u00bb\"}]},{\"@type\":\"WebSite\",\"@id\":\"https:\/\/fika.paris\/sv\/#website\",\"url\":\"https:\/\/fika.paris\/sv\/\",\"name\":\"Fika Paris\",\"description\":\"Un petit g\u00f4ut de Su\u00e8de \u00e0 Paris\",\"publisher\":{\"@id\":\"https:\/\/fika.paris\/sv\/#organization\"},\"potentialAction\":[{\"@type\":\"SearchAction\",\"target\":{\"@type\":\"EntryPoint\",\"urlTemplate\":\"https:\/\/fika.paris\/sv\/?s={search_term_string}\"},\"query-input\":{\"@type\":\"PropertyValueSpecification\",\"valueRequired\":true,\"valueName\":\"search_term_string\"}}],\"inLanguage\":\"sv-SE\"},{\"@type\":\"Organization\",\"@id\":\"https:\/\/fika.paris\/sv\/#organization\",\"name\":\"Fika Paris\",\"url\":\"https:\/\/fika.paris\/sv\/\",\"logo\":{\"@type\":\"ImageObject\",\"inLanguage\":\"sv-SE\",\"@id\":\"https:\/\/fika.paris\/sv\/#\/schema\/logo\/image\/\",\"url\":\"https:\/\/fika.paris\/wp-content\/uploads\/2025\/09\/cropped-logofika_detoure-scaled-1.png\",\"contentUrl\":\"https:\/\/fika.paris\/wp-content\/uploads\/2025\/09\/cropped-logofika_detoure-scaled-1.png\",\"width\":2273,\"height\":953,\"caption\":\"Fika Paris\"},\"image\":{\"@id\":\"https:\/\/fika.paris\/sv\/#\/schema\/logo\/image\/\"}}]}<\/script>\n<!-- \/ Yoast SEO plugin. -->","yoast_head_json":{"title":"Tr\u00e4mugg \"kuksa\" - Fika Paris","robots":{"index":"index","follow":"follow","max-snippet":"max-snippet:-1","max-image-preview":"max-image-preview:large","max-video-preview":"max-video-preview:-1"},"canonical":"https:\/\/fika.paris\/sv\/produit\/hantverksmassig-tramugg\/","og_locale":"sv_SE","og_type":"article","og_title":"Tr\u00e4mugg \"kuksa\" - Fika Paris","og_description":"Hantverksm\u00e4ssig tr\u00e4mugg &#8221;kuksa&#8221; fr\u00e5n Sm\u00e5land. Denna kuksa \u00e4r noggrant snidad i tr\u00e4 fr\u00e5n Sm\u00e5land. Varje mugg \u00e4r unik och speglar ett autentiskt och traditionellt hantverk fr\u00e5n Lappland. Den \u00e4r idealisk f\u00f6r att njuta av mycket varmt kaffe eller te. Icke v\u00e4rmeledande, den h\u00e5ller er dryck varm (eller kall) l\u00e4ngre \u00e4n en keramikmugg.","og_url":"https:\/\/fika.paris\/sv\/produit\/hantverksmassig-tramugg\/","og_site_name":"Fika Paris","article_modified_time":"2026-02-26T15:27:18+00:00","og_image":[{"width":1707,"height":2560,"url":"https:\/\/fika.paris\/wp-content\/uploads\/2025\/10\/tramugg2-scaled.jpg","type":"image\/jpeg"}],"twitter_card":"summary_large_image","schema":{"@context":"https:\/\/schema.org","@graph":[{"@type":"WebPage","@id":"https:\/\/fika.paris\/sv\/produit\/hantverksmassig-tramugg\/","url":"https:\/\/fika.paris\/sv\/produit\/hantverksmassig-tramugg\/","name":"Tr\u00e4mugg \"kuksa\" - Fika Paris","isPartOf":{"@id":"https:\/\/fika.paris\/sv\/#website"},"primaryImageOfPage":{"@id":"https:\/\/fika.paris\/sv\/produit\/hantverksmassig-tramugg\/#primaryimage"},"image":{"@id":"https:\/\/fika.paris\/sv\/produit\/hantverksmassig-tramugg\/#primaryimage"},"thumbnailUrl":"https:\/\/fika.paris\/wp-content\/uploads\/2025\/10\/tramugg2-scaled.jpg","datePublished":"2025-12-16T13:48:21+00:00","dateModified":"2026-02-26T15:27:18+00:00","breadcrumb":{"@id":"https:\/\/fika.paris\/sv\/produit\/hantverksmassig-tramugg\/#breadcrumb"},"inLanguage":"sv-SE","potentialAction":[{"@type":"ReadAction","target":["https:\/\/fika.paris\/sv\/produit\/hantverksmassig-tramugg\/"]}]},{"@type":"ImageObject","inLanguage":"sv-SE","@id":"https:\/\/fika.paris\/sv\/produit\/hantverksmassig-tramugg\/#primaryimage","url":"https:\/\/fika.paris\/wp-content\/uploads\/2025\/10\/tramugg2-scaled.jpg","contentUrl":"https:\/\/fika.paris\/wp-content\/uploads\/2025\/10\/tramugg2-scaled.jpg","width":1707,"height":2560},{"@type":"BreadcrumbList","@id":"https:\/\/fika.paris\/sv\/produit\/hantverksmassig-tramugg\/#breadcrumb","itemListElement":[{"@type":"ListItem","position":1,"name":"Accueil","item":"https:\/\/fika.paris\/sv\/en-liten-smak-av-sverige-i-paris\/"},{"@type":"ListItem","position":2,"name":"Butik","item":"https:\/\/fika.paris\/sv\/butik\/"},{"@type":"ListItem","position":3,"name":"Tr\u00e4mugg \u00ab\u00a0kuksa\u00a0\u00bb"}]},{"@type":"WebSite","@id":"https:\/\/fika.paris\/sv\/#website","url":"https:\/\/fika.paris\/sv\/","name":"Fika Paris","description":"Un petit g\u00f4ut de Su\u00e8de \u00e0 Paris","publisher":{"@id":"https:\/\/fika.paris\/sv\/#organization"},"potentialAction":[{"@type":"SearchAction","target":{"@type":"EntryPoint","urlTemplate":"https:\/\/fika.paris\/sv\/?s={search_term_string}"},"query-input":{"@type":"PropertyValueSpecification","valueRequired":true,"valueName":"search_term_string"}}],"inLanguage":"sv-SE"},{"@type":"Organization","@id":"https:\/\/fika.paris\/sv\/#organization","name":"Fika Paris","url":"https:\/\/fika.paris\/sv\/","logo":{"@type":"ImageObject","inLanguage":"sv-SE","@id":"https:\/\/fika.paris\/sv\/#\/schema\/logo\/image\/","url":"https:\/\/fika.paris\/wp-content\/uploads\/2025\/09\/cropped-logofika_detoure-scaled-1.png","contentUrl":"https:\/\/fika.paris\/wp-content\/uploads\/2025\/09\/cropped-logofika_detoure-scaled-1.png","width":2273,"height":953,"caption":"Fika Paris"},"image":{"@id":"https:\/\/fika.paris\/sv\/#\/schema\/logo\/image\/"}}]}},"_links":{"self":[{"href":"https:\/\/fika.paris\/sv\/wp-json\/wp\/v2\/product\/996","targetHints":{"allow":["GET"]}}],"collection":[{"href":"https:\/\/fika.paris\/sv\/wp-json\/wp\/v2\/product"}],"about":[{"href":"https:\/\/fika.paris\/sv\/wp-json\/wp\/v2\/types\/product"}],"wp:featuredmedia":[{"embeddable":true,"href":"https:\/\/fika.paris\/sv\/wp-json\/wp\/v2\/media\/1188"}],"wp:attachment":[{"href":"https:\/\/fika.paris\/sv\/wp-json\/wp\/v2\/media?parent=996"}],"wp:term":[{"taxonomy":"product_brand","embeddable":true,"href":"https:\/\/fika.paris\/sv\/wp-json\/wp\/v2\/product_brand?post=996"},{"taxonomy":"product_cat","embeddable":true,"href":"https:\/\/fika.paris\/sv\/wp-json\/wp\/v2\/product_cat?post=996"},{"taxonomy":"product_tag","embeddable":true,"href":"https:\/\/fika.paris\/sv\/wp-json\/wp\/v2\/product_tag?post=996"}],"curies":[{"name":"wp","href":"https:\/\/api.w.org\/{rel}","templated":true}]}}