{"id":989,"date":"2025-11-29T10:59:49","date_gmt":"2025-11-29T09:59:49","guid":{"rendered":"https:\/\/fika.paris\/produit\/nordisk-latte\/"},"modified":"2026-02-26T16:27:49","modified_gmt":"2026-02-26T15:27:49","slug":"nordisk-latte","status":"publish","type":"product","link":"https:\/\/fika.paris\/sv\/produit\/nordisk-latte\/","title":{"rendered":"Nordisk latte"},"content":{"rendered":"<p class=\"p1\"><span class=\"s1\">Denna n\u00e4ssellatte \u00e4r det nordiska svaret p\u00e5 matcha latte! <\/span><\/p>\n<p class=\"p1\"><span class=\"s1\"><em><strong>Latte Nordic &#8211;<\/strong><\/em> V\u00e5r n\u00e4ssellatte \u00e4r tillverkad av ett svenskt extrakt som best\u00e5r av 98 % noggrant utvalda vilda n\u00e4sselblad och 2 % naturliga superh\u00e4lsosamma \u00f6rter. Den erbjuder en ren och mineralrik smak som framh\u00e4ver Skandinaviens intensitet och r\u00e5a natur.  <\/span><\/p>\n","protected":false},"excerpt":{"rendered":"<p>Denna n\u00e4ssellatte \u00e4r det nordiska svaret p\u00e5 matcha latte! Latte Nordic &#8211; V\u00e5r n\u00e4ssellatte \u00e4r tillverkad av ett svenskt extrakt som best\u00e5r av 98 % noggrant utvalda vilda n\u00e4sselblad och 2 % naturliga superh\u00e4lsosamma \u00f6rter. Den erbjuder en ren och mineralrik smak som framh\u00e4ver Skandinaviens intensitet och r\u00e5a natur.<\/p>\n","protected":false},"featured_media":1450,"template":"","meta":[],"product_brand":[113],"product_cat":[83,74],"product_tag":[],"class_list":{"0":"post-989","1":"product","2":"type-product","3":"status-publish","4":"has-post-thumbnail","6":"product_brand-latte-nordic","7":"product_cat-drycker","8":"product_cat-skafferi","10":"first","11":"instock","12":"taxable","13":"shipping-taxable","14":"purchasable","15":"product-type-simple"},"yoast_head":"<!-- This site is optimized with the Yoast SEO plugin v27.2 - https:\/\/yoast.com\/product\/yoast-seo-wordpress\/ -->\n<title>Nordisk latte - Fika Paris<\/title>\n<meta name=\"description\" content=\"Nordisk latte \u00e4r en n\u00e4ssellatte gjord p\u00e5 98 % vilda svenska n\u00e4sselblad. Den erbjuder en ren och intensiv smak. Denna dryck \u00e4r rik p\u00e5 mineraler och perfekt f\u00f6r en h\u00e4lsosam och naturlig stund.\" \/>\n<meta name=\"robots\" content=\"index, follow, max-snippet:-1, max-image-preview:large, max-video-preview:-1\" \/>\n<link rel=\"canonical\" href=\"https:\/\/fika.paris\/sv\/produit\/nordisk-latte\/\" \/>\n<meta property=\"og:locale\" content=\"sv_SE\" \/>\n<meta property=\"og:type\" content=\"article\" \/>\n<meta property=\"og:title\" content=\"Nordisk latte - Fika Paris\" \/>\n<meta property=\"og:description\" content=\"Nordisk latte \u00e4r en n\u00e4ssellatte gjord p\u00e5 98 % vilda svenska n\u00e4sselblad. Den erbjuder en ren och intensiv smak. Denna dryck \u00e4r rik p\u00e5 mineraler och perfekt f\u00f6r en h\u00e4lsosam och naturlig stund.\" \/>\n<meta property=\"og:url\" content=\"https:\/\/fika.paris\/sv\/produit\/nordisk-latte\/\" \/>\n<meta property=\"og:site_name\" content=\"Fika Paris\" \/>\n<meta property=\"article:modified_time\" content=\"2026-02-26T15:27:49+00:00\" \/>\n<meta property=\"og:image\" content=\"https:\/\/fika.paris\/wp-content\/uploads\/2025\/12\/Lattenordic-576x1024.png\" \/>\n\t<meta property=\"og:image:width\" content=\"576\" \/>\n\t<meta property=\"og:image:height\" content=\"1024\" \/>\n\t<meta property=\"og:image:type\" content=\"image\/png\" \/>\n<meta name=\"twitter:card\" content=\"summary_large_image\" \/>\n<script type=\"application\/ld+json\" class=\"yoast-schema-graph\">{\"@context\":\"https:\/\/schema.org\",\"@graph\":[{\"@type\":\"WebPage\",\"@id\":\"https:\/\/fika.paris\/sv\/produit\/nordisk-latte\/\",\"url\":\"https:\/\/fika.paris\/sv\/produit\/nordisk-latte\/\",\"name\":\"Nordisk latte - Fika Paris\",\"isPartOf\":{\"@id\":\"https:\/\/fika.paris\/sv\/#website\"},\"primaryImageOfPage\":{\"@id\":\"https:\/\/fika.paris\/sv\/produit\/nordisk-latte\/#primaryimage\"},\"image\":{\"@id\":\"https:\/\/fika.paris\/sv\/produit\/nordisk-latte\/#primaryimage\"},\"thumbnailUrl\":\"https:\/\/fika.paris\/wp-content\/uploads\/2025\/12\/Lattenordic-scaled.png\",\"datePublished\":\"2025-11-29T09:59:49+00:00\",\"dateModified\":\"2026-02-26T15:27:49+00:00\",\"description\":\"Nordisk latte \u00e4r en n\u00e4ssellatte gjord p\u00e5 98 % vilda svenska n\u00e4sselblad. Den erbjuder en ren och intensiv smak. Denna dryck \u00e4r rik p\u00e5 mineraler och perfekt f\u00f6r en h\u00e4lsosam och naturlig stund.\",\"breadcrumb\":{\"@id\":\"https:\/\/fika.paris\/sv\/produit\/nordisk-latte\/#breadcrumb\"},\"inLanguage\":\"sv-SE\",\"potentialAction\":[{\"@type\":\"ReadAction\",\"target\":[\"https:\/\/fika.paris\/sv\/produit\/nordisk-latte\/\"]}]},{\"@type\":\"ImageObject\",\"inLanguage\":\"sv-SE\",\"@id\":\"https:\/\/fika.paris\/sv\/produit\/nordisk-latte\/#primaryimage\",\"url\":\"https:\/\/fika.paris\/wp-content\/uploads\/2025\/12\/Lattenordic-scaled.png\",\"contentUrl\":\"https:\/\/fika.paris\/wp-content\/uploads\/2025\/12\/Lattenordic-scaled.png\",\"width\":1440,\"height\":2560},{\"@type\":\"BreadcrumbList\",\"@id\":\"https:\/\/fika.paris\/sv\/produit\/nordisk-latte\/#breadcrumb\",\"itemListElement\":[{\"@type\":\"ListItem\",\"position\":1,\"name\":\"Accueil\",\"item\":\"https:\/\/fika.paris\/sv\/en-liten-smak-av-sverige-i-paris\/\"},{\"@type\":\"ListItem\",\"position\":2,\"name\":\"Butik\",\"item\":\"https:\/\/fika.paris\/sv\/butik\/\"},{\"@type\":\"ListItem\",\"position\":3,\"name\":\"Nordisk latte\"}]},{\"@type\":\"WebSite\",\"@id\":\"https:\/\/fika.paris\/sv\/#website\",\"url\":\"https:\/\/fika.paris\/sv\/\",\"name\":\"Fika Paris\",\"description\":\"Un petit g\u00f4ut de Su\u00e8de \u00e0 Paris\",\"publisher\":{\"@id\":\"https:\/\/fika.paris\/sv\/#organization\"},\"potentialAction\":[{\"@type\":\"SearchAction\",\"target\":{\"@type\":\"EntryPoint\",\"urlTemplate\":\"https:\/\/fika.paris\/sv\/?s={search_term_string}\"},\"query-input\":{\"@type\":\"PropertyValueSpecification\",\"valueRequired\":true,\"valueName\":\"search_term_string\"}}],\"inLanguage\":\"sv-SE\"},{\"@type\":\"Organization\",\"@id\":\"https:\/\/fika.paris\/sv\/#organization\",\"name\":\"Fika Paris\",\"url\":\"https:\/\/fika.paris\/sv\/\",\"logo\":{\"@type\":\"ImageObject\",\"inLanguage\":\"sv-SE\",\"@id\":\"https:\/\/fika.paris\/sv\/#\/schema\/logo\/image\/\",\"url\":\"https:\/\/fika.paris\/wp-content\/uploads\/2025\/09\/cropped-logofika_detoure-scaled-1.png\",\"contentUrl\":\"https:\/\/fika.paris\/wp-content\/uploads\/2025\/09\/cropped-logofika_detoure-scaled-1.png\",\"width\":2273,\"height\":953,\"caption\":\"Fika Paris\"},\"image\":{\"@id\":\"https:\/\/fika.paris\/sv\/#\/schema\/logo\/image\/\"}}]}<\/script>\n<!-- \/ Yoast SEO plugin. -->","yoast_head_json":{"title":"Nordisk latte - Fika Paris","description":"Nordisk latte \u00e4r en n\u00e4ssellatte gjord p\u00e5 98 % vilda svenska n\u00e4sselblad. Den erbjuder en ren och intensiv smak. Denna dryck \u00e4r rik p\u00e5 mineraler och perfekt f\u00f6r en h\u00e4lsosam och naturlig stund.","robots":{"index":"index","follow":"follow","max-snippet":"max-snippet:-1","max-image-preview":"max-image-preview:large","max-video-preview":"max-video-preview:-1"},"canonical":"https:\/\/fika.paris\/sv\/produit\/nordisk-latte\/","og_locale":"sv_SE","og_type":"article","og_title":"Nordisk latte - Fika Paris","og_description":"Nordisk latte \u00e4r en n\u00e4ssellatte gjord p\u00e5 98 % vilda svenska n\u00e4sselblad. Den erbjuder en ren och intensiv smak. Denna dryck \u00e4r rik p\u00e5 mineraler och perfekt f\u00f6r en h\u00e4lsosam och naturlig stund.","og_url":"https:\/\/fika.paris\/sv\/produit\/nordisk-latte\/","og_site_name":"Fika Paris","article_modified_time":"2026-02-26T15:27:49+00:00","og_image":[{"width":576,"height":1024,"url":"https:\/\/fika.paris\/wp-content\/uploads\/2025\/12\/Lattenordic-576x1024.png","type":"image\/png"}],"twitter_card":"summary_large_image","schema":{"@context":"https:\/\/schema.org","@graph":[{"@type":"WebPage","@id":"https:\/\/fika.paris\/sv\/produit\/nordisk-latte\/","url":"https:\/\/fika.paris\/sv\/produit\/nordisk-latte\/","name":"Nordisk latte - Fika Paris","isPartOf":{"@id":"https:\/\/fika.paris\/sv\/#website"},"primaryImageOfPage":{"@id":"https:\/\/fika.paris\/sv\/produit\/nordisk-latte\/#primaryimage"},"image":{"@id":"https:\/\/fika.paris\/sv\/produit\/nordisk-latte\/#primaryimage"},"thumbnailUrl":"https:\/\/fika.paris\/wp-content\/uploads\/2025\/12\/Lattenordic-scaled.png","datePublished":"2025-11-29T09:59:49+00:00","dateModified":"2026-02-26T15:27:49+00:00","description":"Nordisk latte \u00e4r en n\u00e4ssellatte gjord p\u00e5 98 % vilda svenska n\u00e4sselblad. Den erbjuder en ren och intensiv smak. Denna dryck \u00e4r rik p\u00e5 mineraler och perfekt f\u00f6r en h\u00e4lsosam och naturlig stund.","breadcrumb":{"@id":"https:\/\/fika.paris\/sv\/produit\/nordisk-latte\/#breadcrumb"},"inLanguage":"sv-SE","potentialAction":[{"@type":"ReadAction","target":["https:\/\/fika.paris\/sv\/produit\/nordisk-latte\/"]}]},{"@type":"ImageObject","inLanguage":"sv-SE","@id":"https:\/\/fika.paris\/sv\/produit\/nordisk-latte\/#primaryimage","url":"https:\/\/fika.paris\/wp-content\/uploads\/2025\/12\/Lattenordic-scaled.png","contentUrl":"https:\/\/fika.paris\/wp-content\/uploads\/2025\/12\/Lattenordic-scaled.png","width":1440,"height":2560},{"@type":"BreadcrumbList","@id":"https:\/\/fika.paris\/sv\/produit\/nordisk-latte\/#breadcrumb","itemListElement":[{"@type":"ListItem","position":1,"name":"Accueil","item":"https:\/\/fika.paris\/sv\/en-liten-smak-av-sverige-i-paris\/"},{"@type":"ListItem","position":2,"name":"Butik","item":"https:\/\/fika.paris\/sv\/butik\/"},{"@type":"ListItem","position":3,"name":"Nordisk latte"}]},{"@type":"WebSite","@id":"https:\/\/fika.paris\/sv\/#website","url":"https:\/\/fika.paris\/sv\/","name":"Fika Paris","description":"Un petit g\u00f4ut de Su\u00e8de \u00e0 Paris","publisher":{"@id":"https:\/\/fika.paris\/sv\/#organization"},"potentialAction":[{"@type":"SearchAction","target":{"@type":"EntryPoint","urlTemplate":"https:\/\/fika.paris\/sv\/?s={search_term_string}"},"query-input":{"@type":"PropertyValueSpecification","valueRequired":true,"valueName":"search_term_string"}}],"inLanguage":"sv-SE"},{"@type":"Organization","@id":"https:\/\/fika.paris\/sv\/#organization","name":"Fika Paris","url":"https:\/\/fika.paris\/sv\/","logo":{"@type":"ImageObject","inLanguage":"sv-SE","@id":"https:\/\/fika.paris\/sv\/#\/schema\/logo\/image\/","url":"https:\/\/fika.paris\/wp-content\/uploads\/2025\/09\/cropped-logofika_detoure-scaled-1.png","contentUrl":"https:\/\/fika.paris\/wp-content\/uploads\/2025\/09\/cropped-logofika_detoure-scaled-1.png","width":2273,"height":953,"caption":"Fika Paris"},"image":{"@id":"https:\/\/fika.paris\/sv\/#\/schema\/logo\/image\/"}}]}},"_links":{"self":[{"href":"https:\/\/fika.paris\/sv\/wp-json\/wp\/v2\/product\/989","targetHints":{"allow":["GET"]}}],"collection":[{"href":"https:\/\/fika.paris\/sv\/wp-json\/wp\/v2\/product"}],"about":[{"href":"https:\/\/fika.paris\/sv\/wp-json\/wp\/v2\/types\/product"}],"wp:featuredmedia":[{"embeddable":true,"href":"https:\/\/fika.paris\/sv\/wp-json\/wp\/v2\/media\/1450"}],"wp:attachment":[{"href":"https:\/\/fika.paris\/sv\/wp-json\/wp\/v2\/media?parent=989"}],"wp:term":[{"taxonomy":"product_brand","embeddable":true,"href":"https:\/\/fika.paris\/sv\/wp-json\/wp\/v2\/product_brand?post=989"},{"taxonomy":"product_cat","embeddable":true,"href":"https:\/\/fika.paris\/sv\/wp-json\/wp\/v2\/product_cat?post=989"},{"taxonomy":"product_tag","embeddable":true,"href":"https:\/\/fika.paris\/sv\/wp-json\/wp\/v2\/product_tag?post=989"}],"curies":[{"name":"wp","href":"https:\/\/api.w.org\/{rel}","templated":true}]}}