{"id":978,"date":"2025-10-30T12:34:22","date_gmt":"2025-10-30T11:34:22","guid":{"rendered":"https:\/\/fika.paris\/produit\/boquerones-liura\/"},"modified":"2026-02-26T16:28:01","modified_gmt":"2026-02-26T15:28:01","slug":"boquerones-liura","status":"publish","type":"product","link":"https:\/\/fika.paris\/sv\/produit\/boquerones-liura\/","title":{"rendered":"Boquerones av sikl\u00f6ja &#8221;Kalix sikl\u00f6ja&#8221; \u2013 Liura"},"content":{"rendered":"<p data-start=\"92\" data-end=\"281\"><strong data-start=\"92\" data-end=\"118\">Boquerones av sikl\u00f6ja<\/strong><\/p>\n<p data-start=\"92\" data-end=\"281\">Handfil\u00e9ade och marinerade i havssalt, vin\u00e4ger och rapsolja. En enkel och ren beredning, uts\u00f6kt god.<\/p>\n<p data-start=\"283\" data-end=\"428\">I Sverige anv\u00e4nds sikl\u00f6ja fr\u00e4mst f\u00f6r sin rom, som blir den ber\u00f6mda &#8221;Kalix l\u00f6jrom&#8221;, Kalix kaviar \u2013 en svensk specialitet fr\u00e5n Bottenvikens sk\u00e4rg\u00e5rd, d\u00e4r Kalix \u00e4r en stad vid denna vik. Liuras briljanta id\u00e9 \u00e4r att tillaga dessa pyttesm\u00e5 fiskar, som traditionellt har f\u00f6rbisetts, p\u00e5 boquerones-vis. <\/p>\n<p data-start=\"283\" data-end=\"428\">Deras smak kombinerar syrlighet och mild s\u00e4lta, med en sm\u00e4ltande textur. Perfekta p\u00e5 rostat br\u00f6d, i pintxos eller helt enkelt som de \u00e4r.<\/p>\n<p data-start=\"283\" data-end=\"428\"><em><strong>Liura<\/strong><\/em> \u00e4r en sm\u00e5skalig, svensk hantverksproduktion i de skogskl\u00e4dda landskapen i Dalarna. De kombinerar lokala r\u00e5varor med traditionella tekniker fr\u00e5n hela v\u00e4rlden f\u00f6r att skapa livsmedel av h\u00f6gsta kvalitet, rika p\u00e5 smak. <\/p>\n","protected":false},"excerpt":{"rendered":"<p>Boquerones av sikl\u00f6ja Handfil\u00e9ade och marinerade i havssalt, vin\u00e4ger och rapsolja. En enkel och ren beredning, uts\u00f6kt god. I Sverige anv\u00e4nds sikl\u00f6ja fr\u00e4mst f\u00f6r sin rom, som blir den ber\u00f6mda &#8221;Kalix l\u00f6jrom&#8221;, Kalix kaviar \u2013 en svensk specialitet fr\u00e5n Bottenvikens sk\u00e4rg\u00e5rd, d\u00e4r Kalix \u00e4r en stad vid denna vik. Liuras briljanta id\u00e9 \u00e4r att tillaga [&hellip;]<\/p>\n","protected":false},"featured_media":1536,"template":"","meta":[],"product_brand":[114],"product_cat":[79,75,74],"product_tag":[],"class_list":{"0":"post-978","1":"product","2":"type-product","3":"status-publish","4":"has-post-thumbnail","6":"product_brand-liura","7":"product_cat-jul","8":"product_cat-oljor-marinader-siraper","9":"product_cat-skafferi","11":"first","12":"instock","13":"taxable","14":"shipping-taxable","15":"purchasable","16":"product-type-simple"},"yoast_head":"<!-- This site is optimized with the Yoast SEO plugin v27.2 - https:\/\/yoast.com\/product\/yoast-seo-wordpress\/ -->\n<title>Boquerones av sikl\u00f6ja &quot;Kalix sikl\u00f6ja&quot; \u2013 Liura - Fika Paris<\/title>\n<meta name=\"robots\" content=\"index, follow, max-snippet:-1, max-image-preview:large, max-video-preview:-1\" \/>\n<link rel=\"canonical\" href=\"https:\/\/fika.paris\/sv\/produit\/boquerones-liura\/\" \/>\n<meta property=\"og:locale\" content=\"sv_SE\" \/>\n<meta property=\"og:type\" content=\"article\" \/>\n<meta property=\"og:title\" content=\"Boquerones av sikl\u00f6ja &quot;Kalix sikl\u00f6ja&quot; \u2013 Liura - Fika Paris\" \/>\n<meta property=\"og:description\" content=\"Boquerones av sikl\u00f6ja Handfil\u00e9ade och marinerade i havssalt, vin\u00e4ger och rapsolja. En enkel och ren beredning, uts\u00f6kt god. I Sverige anv\u00e4nds sikl\u00f6ja fr\u00e4mst f\u00f6r sin rom, som blir den ber\u00f6mda &#8221;Kalix l\u00f6jrom&#8221;, Kalix kaviar \u2013 en svensk specialitet fr\u00e5n Bottenvikens sk\u00e4rg\u00e5rd, d\u00e4r Kalix \u00e4r en stad vid denna vik. Liuras briljanta id\u00e9 \u00e4r att tillaga [&hellip;]\" \/>\n<meta property=\"og:url\" content=\"https:\/\/fika.paris\/sv\/produit\/boquerones-liura\/\" \/>\n<meta property=\"og:site_name\" content=\"Fika Paris\" \/>\n<meta property=\"article:modified_time\" content=\"2026-02-26T15:28:01+00:00\" \/>\n<meta property=\"og:image\" content=\"https:\/\/fika.paris\/wp-content\/uploads\/2025\/12\/DSC06778-scaled.jpg\" \/>\n\t<meta property=\"og:image:width\" content=\"1439\" \/>\n\t<meta property=\"og:image:height\" content=\"2560\" \/>\n\t<meta property=\"og:image:type\" content=\"image\/jpeg\" \/>\n<meta name=\"twitter:card\" content=\"summary_large_image\" \/>\n<meta name=\"twitter:label1\" content=\"Ber\u00e4knad l\u00e4stid\" \/>\n\t<meta name=\"twitter:data1\" content=\"1 minut\" \/>\n<script type=\"application\/ld+json\" class=\"yoast-schema-graph\">{\"@context\":\"https:\/\/schema.org\",\"@graph\":[{\"@type\":\"WebPage\",\"@id\":\"https:\/\/fika.paris\/sv\/produit\/boquerones-liura\/\",\"url\":\"https:\/\/fika.paris\/sv\/produit\/boquerones-liura\/\",\"name\":\"Boquerones av sikl\u00f6ja \\\"Kalix sikl\u00f6ja\\\" \u2013 Liura - Fika Paris\",\"isPartOf\":{\"@id\":\"https:\/\/fika.paris\/sv\/#website\"},\"primaryImageOfPage\":{\"@id\":\"https:\/\/fika.paris\/sv\/produit\/boquerones-liura\/#primaryimage\"},\"image\":{\"@id\":\"https:\/\/fika.paris\/sv\/produit\/boquerones-liura\/#primaryimage\"},\"thumbnailUrl\":\"https:\/\/fika.paris\/wp-content\/uploads\/2025\/12\/DSC06778-scaled.jpg\",\"datePublished\":\"2025-10-30T11:34:22+00:00\",\"dateModified\":\"2026-02-26T15:28:01+00:00\",\"breadcrumb\":{\"@id\":\"https:\/\/fika.paris\/sv\/produit\/boquerones-liura\/#breadcrumb\"},\"inLanguage\":\"sv-SE\",\"potentialAction\":[{\"@type\":\"ReadAction\",\"target\":[\"https:\/\/fika.paris\/sv\/produit\/boquerones-liura\/\"]}]},{\"@type\":\"ImageObject\",\"inLanguage\":\"sv-SE\",\"@id\":\"https:\/\/fika.paris\/sv\/produit\/boquerones-liura\/#primaryimage\",\"url\":\"https:\/\/fika.paris\/wp-content\/uploads\/2025\/12\/DSC06778-scaled.jpg\",\"contentUrl\":\"https:\/\/fika.paris\/wp-content\/uploads\/2025\/12\/DSC06778-scaled.jpg\",\"width\":1439,\"height\":2560},{\"@type\":\"BreadcrumbList\",\"@id\":\"https:\/\/fika.paris\/sv\/produit\/boquerones-liura\/#breadcrumb\",\"itemListElement\":[{\"@type\":\"ListItem\",\"position\":1,\"name\":\"Accueil\",\"item\":\"https:\/\/fika.paris\/sv\/en-liten-smak-av-sverige-i-paris\/\"},{\"@type\":\"ListItem\",\"position\":2,\"name\":\"Butik\",\"item\":\"https:\/\/fika.paris\/sv\/butik\/\"},{\"@type\":\"ListItem\",\"position\":3,\"name\":\"Boquerones av sikl\u00f6ja \u00ab\u00a0Kalix sikl\u00f6ja\u00a0\u00bb \u2013 Liura\"}]},{\"@type\":\"WebSite\",\"@id\":\"https:\/\/fika.paris\/sv\/#website\",\"url\":\"https:\/\/fika.paris\/sv\/\",\"name\":\"Fika Paris\",\"description\":\"Un petit g\u00f4ut de Su\u00e8de \u00e0 Paris\",\"publisher\":{\"@id\":\"https:\/\/fika.paris\/sv\/#organization\"},\"potentialAction\":[{\"@type\":\"SearchAction\",\"target\":{\"@type\":\"EntryPoint\",\"urlTemplate\":\"https:\/\/fika.paris\/sv\/?s={search_term_string}\"},\"query-input\":{\"@type\":\"PropertyValueSpecification\",\"valueRequired\":true,\"valueName\":\"search_term_string\"}}],\"inLanguage\":\"sv-SE\"},{\"@type\":\"Organization\",\"@id\":\"https:\/\/fika.paris\/sv\/#organization\",\"name\":\"Fika Paris\",\"url\":\"https:\/\/fika.paris\/sv\/\",\"logo\":{\"@type\":\"ImageObject\",\"inLanguage\":\"sv-SE\",\"@id\":\"https:\/\/fika.paris\/sv\/#\/schema\/logo\/image\/\",\"url\":\"https:\/\/fika.paris\/wp-content\/uploads\/2025\/09\/cropped-logofika_detoure-scaled-1.png\",\"contentUrl\":\"https:\/\/fika.paris\/wp-content\/uploads\/2025\/09\/cropped-logofika_detoure-scaled-1.png\",\"width\":2273,\"height\":953,\"caption\":\"Fika Paris\"},\"image\":{\"@id\":\"https:\/\/fika.paris\/sv\/#\/schema\/logo\/image\/\"}}]}<\/script>\n<!-- \/ Yoast SEO plugin. -->","yoast_head_json":{"title":"Boquerones av sikl\u00f6ja \"Kalix sikl\u00f6ja\" \u2013 Liura - Fika Paris","robots":{"index":"index","follow":"follow","max-snippet":"max-snippet:-1","max-image-preview":"max-image-preview:large","max-video-preview":"max-video-preview:-1"},"canonical":"https:\/\/fika.paris\/sv\/produit\/boquerones-liura\/","og_locale":"sv_SE","og_type":"article","og_title":"Boquerones av sikl\u00f6ja \"Kalix sikl\u00f6ja\" \u2013 Liura - Fika Paris","og_description":"Boquerones av sikl\u00f6ja Handfil\u00e9ade och marinerade i havssalt, vin\u00e4ger och rapsolja. En enkel och ren beredning, uts\u00f6kt god. I Sverige anv\u00e4nds sikl\u00f6ja fr\u00e4mst f\u00f6r sin rom, som blir den ber\u00f6mda &#8221;Kalix l\u00f6jrom&#8221;, Kalix kaviar \u2013 en svensk specialitet fr\u00e5n Bottenvikens sk\u00e4rg\u00e5rd, d\u00e4r Kalix \u00e4r en stad vid denna vik. Liuras briljanta id\u00e9 \u00e4r att tillaga [&hellip;]","og_url":"https:\/\/fika.paris\/sv\/produit\/boquerones-liura\/","og_site_name":"Fika Paris","article_modified_time":"2026-02-26T15:28:01+00:00","og_image":[{"width":1439,"height":2560,"url":"https:\/\/fika.paris\/wp-content\/uploads\/2025\/12\/DSC06778-scaled.jpg","type":"image\/jpeg"}],"twitter_card":"summary_large_image","twitter_misc":{"Ber\u00e4knad l\u00e4stid":"1 minut"},"schema":{"@context":"https:\/\/schema.org","@graph":[{"@type":"WebPage","@id":"https:\/\/fika.paris\/sv\/produit\/boquerones-liura\/","url":"https:\/\/fika.paris\/sv\/produit\/boquerones-liura\/","name":"Boquerones av sikl\u00f6ja \"Kalix sikl\u00f6ja\" \u2013 Liura - Fika Paris","isPartOf":{"@id":"https:\/\/fika.paris\/sv\/#website"},"primaryImageOfPage":{"@id":"https:\/\/fika.paris\/sv\/produit\/boquerones-liura\/#primaryimage"},"image":{"@id":"https:\/\/fika.paris\/sv\/produit\/boquerones-liura\/#primaryimage"},"thumbnailUrl":"https:\/\/fika.paris\/wp-content\/uploads\/2025\/12\/DSC06778-scaled.jpg","datePublished":"2025-10-30T11:34:22+00:00","dateModified":"2026-02-26T15:28:01+00:00","breadcrumb":{"@id":"https:\/\/fika.paris\/sv\/produit\/boquerones-liura\/#breadcrumb"},"inLanguage":"sv-SE","potentialAction":[{"@type":"ReadAction","target":["https:\/\/fika.paris\/sv\/produit\/boquerones-liura\/"]}]},{"@type":"ImageObject","inLanguage":"sv-SE","@id":"https:\/\/fika.paris\/sv\/produit\/boquerones-liura\/#primaryimage","url":"https:\/\/fika.paris\/wp-content\/uploads\/2025\/12\/DSC06778-scaled.jpg","contentUrl":"https:\/\/fika.paris\/wp-content\/uploads\/2025\/12\/DSC06778-scaled.jpg","width":1439,"height":2560},{"@type":"BreadcrumbList","@id":"https:\/\/fika.paris\/sv\/produit\/boquerones-liura\/#breadcrumb","itemListElement":[{"@type":"ListItem","position":1,"name":"Accueil","item":"https:\/\/fika.paris\/sv\/en-liten-smak-av-sverige-i-paris\/"},{"@type":"ListItem","position":2,"name":"Butik","item":"https:\/\/fika.paris\/sv\/butik\/"},{"@type":"ListItem","position":3,"name":"Boquerones av sikl\u00f6ja \u00ab\u00a0Kalix sikl\u00f6ja\u00a0\u00bb \u2013 Liura"}]},{"@type":"WebSite","@id":"https:\/\/fika.paris\/sv\/#website","url":"https:\/\/fika.paris\/sv\/","name":"Fika Paris","description":"Un petit g\u00f4ut de Su\u00e8de \u00e0 Paris","publisher":{"@id":"https:\/\/fika.paris\/sv\/#organization"},"potentialAction":[{"@type":"SearchAction","target":{"@type":"EntryPoint","urlTemplate":"https:\/\/fika.paris\/sv\/?s={search_term_string}"},"query-input":{"@type":"PropertyValueSpecification","valueRequired":true,"valueName":"search_term_string"}}],"inLanguage":"sv-SE"},{"@type":"Organization","@id":"https:\/\/fika.paris\/sv\/#organization","name":"Fika Paris","url":"https:\/\/fika.paris\/sv\/","logo":{"@type":"ImageObject","inLanguage":"sv-SE","@id":"https:\/\/fika.paris\/sv\/#\/schema\/logo\/image\/","url":"https:\/\/fika.paris\/wp-content\/uploads\/2025\/09\/cropped-logofika_detoure-scaled-1.png","contentUrl":"https:\/\/fika.paris\/wp-content\/uploads\/2025\/09\/cropped-logofika_detoure-scaled-1.png","width":2273,"height":953,"caption":"Fika Paris"},"image":{"@id":"https:\/\/fika.paris\/sv\/#\/schema\/logo\/image\/"}}]}},"_links":{"self":[{"href":"https:\/\/fika.paris\/sv\/wp-json\/wp\/v2\/product\/978","targetHints":{"allow":["GET"]}}],"collection":[{"href":"https:\/\/fika.paris\/sv\/wp-json\/wp\/v2\/product"}],"about":[{"href":"https:\/\/fika.paris\/sv\/wp-json\/wp\/v2\/types\/product"}],"wp:featuredmedia":[{"embeddable":true,"href":"https:\/\/fika.paris\/sv\/wp-json\/wp\/v2\/media\/1536"}],"wp:attachment":[{"href":"https:\/\/fika.paris\/sv\/wp-json\/wp\/v2\/media?parent=978"}],"wp:term":[{"taxonomy":"product_brand","embeddable":true,"href":"https:\/\/fika.paris\/sv\/wp-json\/wp\/v2\/product_brand?post=978"},{"taxonomy":"product_cat","embeddable":true,"href":"https:\/\/fika.paris\/sv\/wp-json\/wp\/v2\/product_cat?post=978"},{"taxonomy":"product_tag","embeddable":true,"href":"https:\/\/fika.paris\/sv\/wp-json\/wp\/v2\/product_tag?post=978"}],"curies":[{"name":"wp","href":"https:\/\/api.w.org\/{rel}","templated":true}]}}