{"id":960,"date":"2025-10-30T12:26:25","date_gmt":"2025-10-30T11:26:25","guid":{"rendered":"https:\/\/fika.paris\/produit\/svensk-artsoja-liura\/"},"modified":"2026-02-26T16:28:14","modified_gmt":"2026-02-26T15:28:14","slug":"svensk-artsoja-liura","status":"publish","type":"product","link":"https:\/\/fika.paris\/sv\/produit\/svensk-artsoja-liura\/","title":{"rendered":"Sojas\u00e5s av svenska \u00e4rtor, &#8221;Svensk \u00e4rtsoja&#8221; &#8211; Liura"},"content":{"rendered":"<p><strong>Soja gjord p\u00e5 svenska \u00e4rter<\/strong><\/p>\n<p>En ljus krydda framst\u00e4lld av s\u00e4llsynta svenska \u00e4rtor, japansk koji och rent vatten fr\u00e5n Dalarnas berg.<\/p>\n<p>Perfekt f\u00f6r att lyfta r\u00e4tter inspirerade av asiatiska tekniker eller f\u00f6r att experimentera i den nya nordiska k\u00f6kets anda.<\/p>\n<p>Flaska om 250 ml.<\/p>\n<p><em><strong>Liura<\/strong><\/em> \u00e4r en svensk sm\u00e5skalig hantverksproduktion, bel\u00e4gen i Dalarnas skogslandskap. De kombinerar lokala r\u00e5varor med traditionella tekniker fr\u00e5n hela v\u00e4rlden f\u00f6r att skapa h\u00f6gkvalitativa livsmedelsprodukter rika p\u00e5 smak. <\/p>\n","protected":false},"excerpt":{"rendered":"<p>Soja gjord p\u00e5 svenska \u00e4rter En ljus krydda framst\u00e4lld av s\u00e4llsynta svenska \u00e4rtor, japansk koji och rent vatten fr\u00e5n Dalarnas berg. Perfekt f\u00f6r att lyfta r\u00e4tter inspirerade av asiatiska tekniker eller f\u00f6r att experimentera i den nya nordiska k\u00f6kets anda. Flaska om 250 ml. Liura \u00e4r en svensk sm\u00e5skalig hantverksproduktion, bel\u00e4gen i Dalarnas skogslandskap. De [&hellip;]<\/p>\n","protected":false},"featured_media":1457,"template":"","meta":[],"product_brand":[114],"product_cat":[75,74],"product_tag":[],"class_list":{"0":"post-960","1":"product","2":"type-product","3":"status-publish","4":"has-post-thumbnail","6":"product_brand-liura","7":"product_cat-oljor-marinader-siraper","8":"product_cat-skafferi","10":"first","11":"instock","12":"taxable","13":"shipping-taxable","14":"purchasable","15":"product-type-simple"},"yoast_head":"<!-- This site is optimized with the Yoast SEO plugin v27.2 - https:\/\/yoast.com\/product\/yoast-seo-wordpress\/ -->\n<title>Sojas\u00e5s av svenska \u00e4rtor, &quot;Svensk \u00e4rtsoja&quot; - Liura - Fika Paris<\/title>\n<meta name=\"robots\" content=\"index, follow, max-snippet:-1, max-image-preview:large, max-video-preview:-1\" \/>\n<link rel=\"canonical\" href=\"https:\/\/fika.paris\/sv\/produit\/svensk-artsoja-liura\/\" \/>\n<meta property=\"og:locale\" content=\"sv_SE\" \/>\n<meta property=\"og:type\" content=\"article\" \/>\n<meta property=\"og:title\" content=\"Sojas\u00e5s av svenska \u00e4rtor, &quot;Svensk \u00e4rtsoja&quot; - Liura - Fika Paris\" \/>\n<meta property=\"og:description\" content=\"Soja gjord p\u00e5 svenska \u00e4rter En ljus krydda framst\u00e4lld av s\u00e4llsynta svenska \u00e4rtor, japansk koji och rent vatten fr\u00e5n Dalarnas berg. Perfekt f\u00f6r att lyfta r\u00e4tter inspirerade av asiatiska tekniker eller f\u00f6r att experimentera i den nya nordiska k\u00f6kets anda. Flaska om 250 ml. Liura \u00e4r en svensk sm\u00e5skalig hantverksproduktion, bel\u00e4gen i Dalarnas skogslandskap. De [&hellip;]\" \/>\n<meta property=\"og:url\" content=\"https:\/\/fika.paris\/sv\/produit\/svensk-artsoja-liura\/\" \/>\n<meta property=\"og:site_name\" content=\"Fika Paris\" \/>\n<meta property=\"article:modified_time\" content=\"2026-02-26T15:28:14+00:00\" \/>\n<meta property=\"og:image\" content=\"https:\/\/fika.paris\/wp-content\/uploads\/2025\/12\/svenskartsoja-scaled.jpg\" \/>\n\t<meta property=\"og:image:width\" content=\"1440\" \/>\n\t<meta property=\"og:image:height\" content=\"2560\" \/>\n\t<meta property=\"og:image:type\" content=\"image\/jpeg\" \/>\n<meta name=\"twitter:card\" content=\"summary_large_image\" \/>\n<script type=\"application\/ld+json\" class=\"yoast-schema-graph\">{\"@context\":\"https:\/\/schema.org\",\"@graph\":[{\"@type\":\"WebPage\",\"@id\":\"https:\/\/fika.paris\/sv\/produit\/svensk-artsoja-liura\/\",\"url\":\"https:\/\/fika.paris\/sv\/produit\/svensk-artsoja-liura\/\",\"name\":\"Sojas\u00e5s av svenska \u00e4rtor, \\\"Svensk \u00e4rtsoja\\\" - Liura - Fika Paris\",\"isPartOf\":{\"@id\":\"https:\/\/fika.paris\/sv\/#website\"},\"primaryImageOfPage\":{\"@id\":\"https:\/\/fika.paris\/sv\/produit\/svensk-artsoja-liura\/#primaryimage\"},\"image\":{\"@id\":\"https:\/\/fika.paris\/sv\/produit\/svensk-artsoja-liura\/#primaryimage\"},\"thumbnailUrl\":\"https:\/\/fika.paris\/wp-content\/uploads\/2025\/12\/svenskartsoja-scaled.jpg\",\"datePublished\":\"2025-10-30T11:26:25+00:00\",\"dateModified\":\"2026-02-26T15:28:14+00:00\",\"breadcrumb\":{\"@id\":\"https:\/\/fika.paris\/sv\/produit\/svensk-artsoja-liura\/#breadcrumb\"},\"inLanguage\":\"sv-SE\",\"potentialAction\":[{\"@type\":\"ReadAction\",\"target\":[\"https:\/\/fika.paris\/sv\/produit\/svensk-artsoja-liura\/\"]}]},{\"@type\":\"ImageObject\",\"inLanguage\":\"sv-SE\",\"@id\":\"https:\/\/fika.paris\/sv\/produit\/svensk-artsoja-liura\/#primaryimage\",\"url\":\"https:\/\/fika.paris\/wp-content\/uploads\/2025\/12\/svenskartsoja-scaled.jpg\",\"contentUrl\":\"https:\/\/fika.paris\/wp-content\/uploads\/2025\/12\/svenskartsoja-scaled.jpg\",\"width\":1440,\"height\":2560},{\"@type\":\"BreadcrumbList\",\"@id\":\"https:\/\/fika.paris\/sv\/produit\/svensk-artsoja-liura\/#breadcrumb\",\"itemListElement\":[{\"@type\":\"ListItem\",\"position\":1,\"name\":\"Accueil\",\"item\":\"https:\/\/fika.paris\/sv\/en-liten-smak-av-sverige-i-paris\/\"},{\"@type\":\"ListItem\",\"position\":2,\"name\":\"Butik\",\"item\":\"https:\/\/fika.paris\/sv\/butik\/\"},{\"@type\":\"ListItem\",\"position\":3,\"name\":\"Sojas\u00e5s av svenska \u00e4rtor, \u00ab\u00a0Svensk \u00e4rtsoja\u00a0\u00bb &#8211; Liura\"}]},{\"@type\":\"WebSite\",\"@id\":\"https:\/\/fika.paris\/sv\/#website\",\"url\":\"https:\/\/fika.paris\/sv\/\",\"name\":\"Fika Paris\",\"description\":\"Un petit g\u00f4ut de Su\u00e8de \u00e0 Paris\",\"publisher\":{\"@id\":\"https:\/\/fika.paris\/sv\/#organization\"},\"potentialAction\":[{\"@type\":\"SearchAction\",\"target\":{\"@type\":\"EntryPoint\",\"urlTemplate\":\"https:\/\/fika.paris\/sv\/?s={search_term_string}\"},\"query-input\":{\"@type\":\"PropertyValueSpecification\",\"valueRequired\":true,\"valueName\":\"search_term_string\"}}],\"inLanguage\":\"sv-SE\"},{\"@type\":\"Organization\",\"@id\":\"https:\/\/fika.paris\/sv\/#organization\",\"name\":\"Fika Paris\",\"url\":\"https:\/\/fika.paris\/sv\/\",\"logo\":{\"@type\":\"ImageObject\",\"inLanguage\":\"sv-SE\",\"@id\":\"https:\/\/fika.paris\/sv\/#\/schema\/logo\/image\/\",\"url\":\"https:\/\/fika.paris\/wp-content\/uploads\/2025\/09\/cropped-logofika_detoure-scaled-1.png\",\"contentUrl\":\"https:\/\/fika.paris\/wp-content\/uploads\/2025\/09\/cropped-logofika_detoure-scaled-1.png\",\"width\":2273,\"height\":953,\"caption\":\"Fika Paris\"},\"image\":{\"@id\":\"https:\/\/fika.paris\/sv\/#\/schema\/logo\/image\/\"}}]}<\/script>\n<!-- \/ Yoast SEO plugin. -->","yoast_head_json":{"title":"Sojas\u00e5s av svenska \u00e4rtor, \"Svensk \u00e4rtsoja\" - Liura - Fika Paris","robots":{"index":"index","follow":"follow","max-snippet":"max-snippet:-1","max-image-preview":"max-image-preview:large","max-video-preview":"max-video-preview:-1"},"canonical":"https:\/\/fika.paris\/sv\/produit\/svensk-artsoja-liura\/","og_locale":"sv_SE","og_type":"article","og_title":"Sojas\u00e5s av svenska \u00e4rtor, \"Svensk \u00e4rtsoja\" - Liura - Fika Paris","og_description":"Soja gjord p\u00e5 svenska \u00e4rter En ljus krydda framst\u00e4lld av s\u00e4llsynta svenska \u00e4rtor, japansk koji och rent vatten fr\u00e5n Dalarnas berg. Perfekt f\u00f6r att lyfta r\u00e4tter inspirerade av asiatiska tekniker eller f\u00f6r att experimentera i den nya nordiska k\u00f6kets anda. Flaska om 250 ml. Liura \u00e4r en svensk sm\u00e5skalig hantverksproduktion, bel\u00e4gen i Dalarnas skogslandskap. De [&hellip;]","og_url":"https:\/\/fika.paris\/sv\/produit\/svensk-artsoja-liura\/","og_site_name":"Fika Paris","article_modified_time":"2026-02-26T15:28:14+00:00","og_image":[{"width":1440,"height":2560,"url":"https:\/\/fika.paris\/wp-content\/uploads\/2025\/12\/svenskartsoja-scaled.jpg","type":"image\/jpeg"}],"twitter_card":"summary_large_image","schema":{"@context":"https:\/\/schema.org","@graph":[{"@type":"WebPage","@id":"https:\/\/fika.paris\/sv\/produit\/svensk-artsoja-liura\/","url":"https:\/\/fika.paris\/sv\/produit\/svensk-artsoja-liura\/","name":"Sojas\u00e5s av svenska \u00e4rtor, \"Svensk \u00e4rtsoja\" - Liura - Fika Paris","isPartOf":{"@id":"https:\/\/fika.paris\/sv\/#website"},"primaryImageOfPage":{"@id":"https:\/\/fika.paris\/sv\/produit\/svensk-artsoja-liura\/#primaryimage"},"image":{"@id":"https:\/\/fika.paris\/sv\/produit\/svensk-artsoja-liura\/#primaryimage"},"thumbnailUrl":"https:\/\/fika.paris\/wp-content\/uploads\/2025\/12\/svenskartsoja-scaled.jpg","datePublished":"2025-10-30T11:26:25+00:00","dateModified":"2026-02-26T15:28:14+00:00","breadcrumb":{"@id":"https:\/\/fika.paris\/sv\/produit\/svensk-artsoja-liura\/#breadcrumb"},"inLanguage":"sv-SE","potentialAction":[{"@type":"ReadAction","target":["https:\/\/fika.paris\/sv\/produit\/svensk-artsoja-liura\/"]}]},{"@type":"ImageObject","inLanguage":"sv-SE","@id":"https:\/\/fika.paris\/sv\/produit\/svensk-artsoja-liura\/#primaryimage","url":"https:\/\/fika.paris\/wp-content\/uploads\/2025\/12\/svenskartsoja-scaled.jpg","contentUrl":"https:\/\/fika.paris\/wp-content\/uploads\/2025\/12\/svenskartsoja-scaled.jpg","width":1440,"height":2560},{"@type":"BreadcrumbList","@id":"https:\/\/fika.paris\/sv\/produit\/svensk-artsoja-liura\/#breadcrumb","itemListElement":[{"@type":"ListItem","position":1,"name":"Accueil","item":"https:\/\/fika.paris\/sv\/en-liten-smak-av-sverige-i-paris\/"},{"@type":"ListItem","position":2,"name":"Butik","item":"https:\/\/fika.paris\/sv\/butik\/"},{"@type":"ListItem","position":3,"name":"Sojas\u00e5s av svenska \u00e4rtor, \u00ab\u00a0Svensk \u00e4rtsoja\u00a0\u00bb &#8211; Liura"}]},{"@type":"WebSite","@id":"https:\/\/fika.paris\/sv\/#website","url":"https:\/\/fika.paris\/sv\/","name":"Fika Paris","description":"Un petit g\u00f4ut de Su\u00e8de \u00e0 Paris","publisher":{"@id":"https:\/\/fika.paris\/sv\/#organization"},"potentialAction":[{"@type":"SearchAction","target":{"@type":"EntryPoint","urlTemplate":"https:\/\/fika.paris\/sv\/?s={search_term_string}"},"query-input":{"@type":"PropertyValueSpecification","valueRequired":true,"valueName":"search_term_string"}}],"inLanguage":"sv-SE"},{"@type":"Organization","@id":"https:\/\/fika.paris\/sv\/#organization","name":"Fika Paris","url":"https:\/\/fika.paris\/sv\/","logo":{"@type":"ImageObject","inLanguage":"sv-SE","@id":"https:\/\/fika.paris\/sv\/#\/schema\/logo\/image\/","url":"https:\/\/fika.paris\/wp-content\/uploads\/2025\/09\/cropped-logofika_detoure-scaled-1.png","contentUrl":"https:\/\/fika.paris\/wp-content\/uploads\/2025\/09\/cropped-logofika_detoure-scaled-1.png","width":2273,"height":953,"caption":"Fika Paris"},"image":{"@id":"https:\/\/fika.paris\/sv\/#\/schema\/logo\/image\/"}}]}},"_links":{"self":[{"href":"https:\/\/fika.paris\/sv\/wp-json\/wp\/v2\/product\/960","targetHints":{"allow":["GET"]}}],"collection":[{"href":"https:\/\/fika.paris\/sv\/wp-json\/wp\/v2\/product"}],"about":[{"href":"https:\/\/fika.paris\/sv\/wp-json\/wp\/v2\/types\/product"}],"wp:featuredmedia":[{"embeddable":true,"href":"https:\/\/fika.paris\/sv\/wp-json\/wp\/v2\/media\/1457"}],"wp:attachment":[{"href":"https:\/\/fika.paris\/sv\/wp-json\/wp\/v2\/media?parent=960"}],"wp:term":[{"taxonomy":"product_brand","embeddable":true,"href":"https:\/\/fika.paris\/sv\/wp-json\/wp\/v2\/product_brand?post=960"},{"taxonomy":"product_cat","embeddable":true,"href":"https:\/\/fika.paris\/sv\/wp-json\/wp\/v2\/product_cat?post=960"},{"taxonomy":"product_tag","embeddable":true,"href":"https:\/\/fika.paris\/sv\/wp-json\/wp\/v2\/product_tag?post=960"}],"curies":[{"name":"wp","href":"https:\/\/api.w.org\/{rel}","templated":true}]}}