{"id":954,"date":"2025-12-16T14:48:21","date_gmt":"2025-12-16T13:48:21","guid":{"rendered":"https:\/\/fika.paris\/produit\/fika-mugg-rosendals-krukmakeri\/"},"modified":"2026-02-26T16:15:03","modified_gmt":"2026-02-26T15:15:03","slug":"fika-mugg-rosendals-krukmakeri","status":"publish","type":"product","link":"https:\/\/fika.paris\/sv\/produit\/fika-mugg-rosendals-krukmakeri\/","title":{"rendered":"Mugg &#8221;FIKA&#8221; &#8211; Rosendals Krukmakeri"},"content":{"rendered":"<p>En unik keramikmugg, omsorgsfullt drejad av Anna Lindell i hennes verkstad p\u00e5 Rosendals Krukmakeri i Sverige. Den \u00e4r tillverkad i melerad lera och glaserad i gr\u00f6nt. Muggen f\u00f6renar FIKA:s karakteristiska f\u00e4rgskala: den ikoniska falu-r\u00f6da f\u00e4rgen och skogens djupa gr\u00f6nska. Varje mugg \u00e4r st\u00e4mplad med FIKA-logotypen.   <\/p>\n","protected":false},"excerpt":{"rendered":"<p><strong>Rosendals Krukmakeri <\/strong><br \/>\nFr\u00e5n byn J\u00f6n\u00e5ker skapar Anna Lindell servisgods i stengods och porslin i sin egenbyggda verkstad. Hennes arbete \u00e4r inspirerat av naturen och svenska hantverkstraditioner. Varje del \u00e4r unik och personlig, vilket g\u00f6r henne till en av de mest eftertraktade keramikerna bland svenska restauranger.<\/p>\n","protected":false},"featured_media":1541,"template":"","meta":[],"product_brand":[104],"product_cat":[70],"product_tag":[],"class_list":{"0":"post-954","1":"product","2":"type-product","3":"status-publish","4":"has-post-thumbnail","6":"product_brand-rosendals-krukmakeri","7":"product_cat-hantverk-gavor","9":"first","10":"instock","11":"taxable","12":"shipping-taxable","13":"purchasable","14":"product-type-simple"},"yoast_head":"<!-- This site is optimized with the Yoast SEO plugin v27.2 - https:\/\/yoast.com\/product\/yoast-seo-wordpress\/ -->\n<title>Mugg &quot;FIKA&quot; - Rosendals Krukmakeri - Fika Paris<\/title>\n<meta name=\"robots\" content=\"index, follow, max-snippet:-1, max-image-preview:large, max-video-preview:-1\" \/>\n<link rel=\"canonical\" href=\"https:\/\/fika.paris\/sv\/produit\/fika-mugg-rosendals-krukmakeri\/\" \/>\n<meta property=\"og:locale\" content=\"sv_SE\" \/>\n<meta property=\"og:type\" content=\"article\" \/>\n<meta property=\"og:title\" content=\"Mugg &quot;FIKA&quot; - Rosendals Krukmakeri - Fika Paris\" \/>\n<meta property=\"og:description\" content=\"Rosendals Krukmakeri Fr\u00e5n byn J\u00f6n\u00e5ker skapar Anna Lindell servisgods i stengods och porslin i sin egenbyggda verkstad. Hennes arbete \u00e4r inspirerat av naturen och svenska hantverkstraditioner. Varje del \u00e4r unik och personlig, vilket g\u00f6r henne till en av de mest eftertraktade keramikerna bland svenska restauranger.\" \/>\n<meta property=\"og:url\" content=\"https:\/\/fika.paris\/sv\/produit\/fika-mugg-rosendals-krukmakeri\/\" \/>\n<meta property=\"og:site_name\" content=\"Fika Paris\" \/>\n<meta property=\"article:modified_time\" content=\"2026-02-26T15:15:03+00:00\" \/>\n<meta property=\"og:image\" content=\"https:\/\/fika.paris\/wp-content\/uploads\/2025\/10\/fikamugg5-scaled.jpg\" \/>\n\t<meta property=\"og:image:width\" content=\"1707\" \/>\n\t<meta property=\"og:image:height\" content=\"2560\" \/>\n\t<meta property=\"og:image:type\" content=\"image\/jpeg\" \/>\n<meta name=\"twitter:card\" content=\"summary_large_image\" \/>\n<script type=\"application\/ld+json\" class=\"yoast-schema-graph\">{\"@context\":\"https:\/\/schema.org\",\"@graph\":[{\"@type\":\"WebPage\",\"@id\":\"https:\/\/fika.paris\/sv\/produit\/fika-mugg-rosendals-krukmakeri\/\",\"url\":\"https:\/\/fika.paris\/sv\/produit\/fika-mugg-rosendals-krukmakeri\/\",\"name\":\"Mugg \\\"FIKA\\\" - Rosendals Krukmakeri - Fika Paris\",\"isPartOf\":{\"@id\":\"https:\/\/fika.paris\/sv\/#website\"},\"primaryImageOfPage\":{\"@id\":\"https:\/\/fika.paris\/sv\/produit\/fika-mugg-rosendals-krukmakeri\/#primaryimage\"},\"image\":{\"@id\":\"https:\/\/fika.paris\/sv\/produit\/fika-mugg-rosendals-krukmakeri\/#primaryimage\"},\"thumbnailUrl\":\"https:\/\/fika.paris\/wp-content\/uploads\/2025\/10\/fikamugg5-scaled.jpg\",\"datePublished\":\"2025-12-16T13:48:21+00:00\",\"dateModified\":\"2026-02-26T15:15:03+00:00\",\"breadcrumb\":{\"@id\":\"https:\/\/fika.paris\/sv\/produit\/fika-mugg-rosendals-krukmakeri\/#breadcrumb\"},\"inLanguage\":\"sv-SE\",\"potentialAction\":[{\"@type\":\"ReadAction\",\"target\":[\"https:\/\/fika.paris\/sv\/produit\/fika-mugg-rosendals-krukmakeri\/\"]}]},{\"@type\":\"ImageObject\",\"inLanguage\":\"sv-SE\",\"@id\":\"https:\/\/fika.paris\/sv\/produit\/fika-mugg-rosendals-krukmakeri\/#primaryimage\",\"url\":\"https:\/\/fika.paris\/wp-content\/uploads\/2025\/10\/fikamugg5-scaled.jpg\",\"contentUrl\":\"https:\/\/fika.paris\/wp-content\/uploads\/2025\/10\/fikamugg5-scaled.jpg\",\"width\":1707,\"height\":2560},{\"@type\":\"BreadcrumbList\",\"@id\":\"https:\/\/fika.paris\/sv\/produit\/fika-mugg-rosendals-krukmakeri\/#breadcrumb\",\"itemListElement\":[{\"@type\":\"ListItem\",\"position\":1,\"name\":\"Accueil\",\"item\":\"https:\/\/fika.paris\/sv\/en-liten-smak-av-sverige-i-paris\/\"},{\"@type\":\"ListItem\",\"position\":2,\"name\":\"Butik\",\"item\":\"https:\/\/fika.paris\/sv\/butik\/\"},{\"@type\":\"ListItem\",\"position\":3,\"name\":\"Mugg \u00ab\u00a0FIKA\u00a0\u00bb &#8211; Rosendals Krukmakeri\"}]},{\"@type\":\"WebSite\",\"@id\":\"https:\/\/fika.paris\/sv\/#website\",\"url\":\"https:\/\/fika.paris\/sv\/\",\"name\":\"Fika Paris\",\"description\":\"Un petit g\u00f4ut de Su\u00e8de \u00e0 Paris\",\"publisher\":{\"@id\":\"https:\/\/fika.paris\/sv\/#organization\"},\"potentialAction\":[{\"@type\":\"SearchAction\",\"target\":{\"@type\":\"EntryPoint\",\"urlTemplate\":\"https:\/\/fika.paris\/sv\/?s={search_term_string}\"},\"query-input\":{\"@type\":\"PropertyValueSpecification\",\"valueRequired\":true,\"valueName\":\"search_term_string\"}}],\"inLanguage\":\"sv-SE\"},{\"@type\":\"Organization\",\"@id\":\"https:\/\/fika.paris\/sv\/#organization\",\"name\":\"Fika Paris\",\"url\":\"https:\/\/fika.paris\/sv\/\",\"logo\":{\"@type\":\"ImageObject\",\"inLanguage\":\"sv-SE\",\"@id\":\"https:\/\/fika.paris\/sv\/#\/schema\/logo\/image\/\",\"url\":\"https:\/\/fika.paris\/wp-content\/uploads\/2025\/09\/cropped-logofika_detoure-scaled-1.png\",\"contentUrl\":\"https:\/\/fika.paris\/wp-content\/uploads\/2025\/09\/cropped-logofika_detoure-scaled-1.png\",\"width\":2273,\"height\":953,\"caption\":\"Fika Paris\"},\"image\":{\"@id\":\"https:\/\/fika.paris\/sv\/#\/schema\/logo\/image\/\"}}]}<\/script>\n<!-- \/ Yoast SEO plugin. -->","yoast_head_json":{"title":"Mugg \"FIKA\" - Rosendals Krukmakeri - Fika Paris","robots":{"index":"index","follow":"follow","max-snippet":"max-snippet:-1","max-image-preview":"max-image-preview:large","max-video-preview":"max-video-preview:-1"},"canonical":"https:\/\/fika.paris\/sv\/produit\/fika-mugg-rosendals-krukmakeri\/","og_locale":"sv_SE","og_type":"article","og_title":"Mugg \"FIKA\" - Rosendals Krukmakeri - Fika Paris","og_description":"Rosendals Krukmakeri Fr\u00e5n byn J\u00f6n\u00e5ker skapar Anna Lindell servisgods i stengods och porslin i sin egenbyggda verkstad. Hennes arbete \u00e4r inspirerat av naturen och svenska hantverkstraditioner. Varje del \u00e4r unik och personlig, vilket g\u00f6r henne till en av de mest eftertraktade keramikerna bland svenska restauranger.","og_url":"https:\/\/fika.paris\/sv\/produit\/fika-mugg-rosendals-krukmakeri\/","og_site_name":"Fika Paris","article_modified_time":"2026-02-26T15:15:03+00:00","og_image":[{"width":1707,"height":2560,"url":"https:\/\/fika.paris\/wp-content\/uploads\/2025\/10\/fikamugg5-scaled.jpg","type":"image\/jpeg"}],"twitter_card":"summary_large_image","schema":{"@context":"https:\/\/schema.org","@graph":[{"@type":"WebPage","@id":"https:\/\/fika.paris\/sv\/produit\/fika-mugg-rosendals-krukmakeri\/","url":"https:\/\/fika.paris\/sv\/produit\/fika-mugg-rosendals-krukmakeri\/","name":"Mugg \"FIKA\" - Rosendals Krukmakeri - Fika Paris","isPartOf":{"@id":"https:\/\/fika.paris\/sv\/#website"},"primaryImageOfPage":{"@id":"https:\/\/fika.paris\/sv\/produit\/fika-mugg-rosendals-krukmakeri\/#primaryimage"},"image":{"@id":"https:\/\/fika.paris\/sv\/produit\/fika-mugg-rosendals-krukmakeri\/#primaryimage"},"thumbnailUrl":"https:\/\/fika.paris\/wp-content\/uploads\/2025\/10\/fikamugg5-scaled.jpg","datePublished":"2025-12-16T13:48:21+00:00","dateModified":"2026-02-26T15:15:03+00:00","breadcrumb":{"@id":"https:\/\/fika.paris\/sv\/produit\/fika-mugg-rosendals-krukmakeri\/#breadcrumb"},"inLanguage":"sv-SE","potentialAction":[{"@type":"ReadAction","target":["https:\/\/fika.paris\/sv\/produit\/fika-mugg-rosendals-krukmakeri\/"]}]},{"@type":"ImageObject","inLanguage":"sv-SE","@id":"https:\/\/fika.paris\/sv\/produit\/fika-mugg-rosendals-krukmakeri\/#primaryimage","url":"https:\/\/fika.paris\/wp-content\/uploads\/2025\/10\/fikamugg5-scaled.jpg","contentUrl":"https:\/\/fika.paris\/wp-content\/uploads\/2025\/10\/fikamugg5-scaled.jpg","width":1707,"height":2560},{"@type":"BreadcrumbList","@id":"https:\/\/fika.paris\/sv\/produit\/fika-mugg-rosendals-krukmakeri\/#breadcrumb","itemListElement":[{"@type":"ListItem","position":1,"name":"Accueil","item":"https:\/\/fika.paris\/sv\/en-liten-smak-av-sverige-i-paris\/"},{"@type":"ListItem","position":2,"name":"Butik","item":"https:\/\/fika.paris\/sv\/butik\/"},{"@type":"ListItem","position":3,"name":"Mugg \u00ab\u00a0FIKA\u00a0\u00bb &#8211; Rosendals Krukmakeri"}]},{"@type":"WebSite","@id":"https:\/\/fika.paris\/sv\/#website","url":"https:\/\/fika.paris\/sv\/","name":"Fika Paris","description":"Un petit g\u00f4ut de Su\u00e8de \u00e0 Paris","publisher":{"@id":"https:\/\/fika.paris\/sv\/#organization"},"potentialAction":[{"@type":"SearchAction","target":{"@type":"EntryPoint","urlTemplate":"https:\/\/fika.paris\/sv\/?s={search_term_string}"},"query-input":{"@type":"PropertyValueSpecification","valueRequired":true,"valueName":"search_term_string"}}],"inLanguage":"sv-SE"},{"@type":"Organization","@id":"https:\/\/fika.paris\/sv\/#organization","name":"Fika Paris","url":"https:\/\/fika.paris\/sv\/","logo":{"@type":"ImageObject","inLanguage":"sv-SE","@id":"https:\/\/fika.paris\/sv\/#\/schema\/logo\/image\/","url":"https:\/\/fika.paris\/wp-content\/uploads\/2025\/09\/cropped-logofika_detoure-scaled-1.png","contentUrl":"https:\/\/fika.paris\/wp-content\/uploads\/2025\/09\/cropped-logofika_detoure-scaled-1.png","width":2273,"height":953,"caption":"Fika Paris"},"image":{"@id":"https:\/\/fika.paris\/sv\/#\/schema\/logo\/image\/"}}]}},"_links":{"self":[{"href":"https:\/\/fika.paris\/sv\/wp-json\/wp\/v2\/product\/954","targetHints":{"allow":["GET"]}}],"collection":[{"href":"https:\/\/fika.paris\/sv\/wp-json\/wp\/v2\/product"}],"about":[{"href":"https:\/\/fika.paris\/sv\/wp-json\/wp\/v2\/types\/product"}],"wp:featuredmedia":[{"embeddable":true,"href":"https:\/\/fika.paris\/sv\/wp-json\/wp\/v2\/media\/1541"}],"wp:attachment":[{"href":"https:\/\/fika.paris\/sv\/wp-json\/wp\/v2\/media?parent=954"}],"wp:term":[{"taxonomy":"product_brand","embeddable":true,"href":"https:\/\/fika.paris\/sv\/wp-json\/wp\/v2\/product_brand?post=954"},{"taxonomy":"product_cat","embeddable":true,"href":"https:\/\/fika.paris\/sv\/wp-json\/wp\/v2\/product_cat?post=954"},{"taxonomy":"product_tag","embeddable":true,"href":"https:\/\/fika.paris\/sv\/wp-json\/wp\/v2\/product_tag?post=954"}],"curies":[{"name":"wp","href":"https:\/\/api.w.org\/{rel}","templated":true}]}}