{"id":2008,"date":"2026-02-10T12:27:20","date_gmt":"2026-02-10T11:27:20","guid":{"rendered":"https:\/\/fika.paris\/produit\/kottbullar\/"},"modified":"2026-02-10T12:27:20","modified_gmt":"2026-02-10T11:27:20","slug":"kottbullar","status":"publish","type":"product","link":"https:\/\/fika.paris\/sv\/produit\/kottbullar\/","title":{"rendered":"K\u00f6ttbullar"},"content":{"rendered":"<p><em data-start=\"113\" data-end=\"125\">K\u00f6ttbullar<\/em> \u00e4r traditionella svenska k\u00f6ttbullar, tillagade med ekologiskt n\u00f6t- och fl\u00e4skk\u00f6tt, serverade med hemgjord potatismos, inlagd gurka, lingon och en kr\u00e4mig s\u00e5s. De \u00e4r en del av <em data-start=\"332\" data-end=\"345\">husmanskost<\/em>, den traditionella svenska hemmakosten. I Sverige \u00e4ter man dem ofta tillsammans med familj eller v\u00e4nner, en enkel och mysig r\u00e4tt.  <\/p>\n<p>V\u00e4nligen best\u00e4ll minst 72 timmar i f\u00f6rv\u00e4g, vardagar, f\u00f6r upph\u00e4mtning eller leverans.<\/p>\n","protected":false},"excerpt":{"rendered":"<p>K\u00f6ttbullar \u00e4r traditionella svenska k\u00f6ttbullar, tillagade med ekologiskt n\u00f6t- och fl\u00e4skk\u00f6tt, serverade med hemgjord potatismos, inlagd gurka, lingon och en kr\u00e4mig s\u00e5s. De \u00e4r en del av husmanskost, den traditionella svenska hemmakosten. I Sverige \u00e4ter man dem ofta tillsammans med familj eller v\u00e4nner, en enkel och mysig r\u00e4tt. V\u00e4nligen best\u00e4ll minst 72 timmar i f\u00f6rv\u00e4g, [&hellip;]<\/p>\n","protected":false},"featured_media":1636,"template":"","meta":[],"product_brand":[106],"product_cat":[78,136],"product_tag":[],"class_list":{"0":"post-2008","1":"product","2":"type-product","3":"status-publish","4":"has-post-thumbnail","6":"product_brand-fika","7":"product_cat-farskt-brod-bakverk","8":"product_cat-tillagade-ratter","10":"first","11":"instock","12":"taxable","13":"shipping-taxable","14":"purchasable","15":"product-type-simple"},"yoast_head":"<!-- This site is optimized with the Yoast SEO plugin v27.2 - https:\/\/yoast.com\/product\/yoast-seo-wordpress\/ -->\n<title>K\u00f6ttbullar - Fika Paris<\/title>\n<meta name=\"robots\" content=\"index, follow, max-snippet:-1, max-image-preview:large, max-video-preview:-1\" \/>\n<link rel=\"canonical\" href=\"https:\/\/fika.paris\/sv\/produit\/kottbullar\/\" \/>\n<meta property=\"og:locale\" content=\"sv_SE\" \/>\n<meta property=\"og:type\" content=\"article\" \/>\n<meta property=\"og:title\" content=\"K\u00f6ttbullar - Fika Paris\" \/>\n<meta property=\"og:description\" content=\"K\u00f6ttbullar \u00e4r traditionella svenska k\u00f6ttbullar, tillagade med ekologiskt n\u00f6t- och fl\u00e4skk\u00f6tt, serverade med hemgjord potatismos, inlagd gurka, lingon och en kr\u00e4mig s\u00e5s. De \u00e4r en del av husmanskost, den traditionella svenska hemmakosten. I Sverige \u00e4ter man dem ofta tillsammans med familj eller v\u00e4nner, en enkel och mysig r\u00e4tt. V\u00e4nligen best\u00e4ll minst 72 timmar i f\u00f6rv\u00e4g, [&hellip;]\" \/>\n<meta property=\"og:url\" content=\"https:\/\/fika.paris\/sv\/produit\/kottbullar\/\" \/>\n<meta property=\"og:site_name\" content=\"Fika Paris\" \/>\n<meta property=\"og:image\" content=\"https:\/\/fika.paris\/wp-content\/uploads\/2026\/02\/DSC08058-scaled.jpeg\" \/>\n\t<meta property=\"og:image:width\" content=\"2560\" \/>\n\t<meta property=\"og:image:height\" content=\"1707\" \/>\n\t<meta property=\"og:image:type\" content=\"image\/jpeg\" \/>\n<meta name=\"twitter:card\" content=\"summary_large_image\" \/>\n<script type=\"application\/ld+json\" class=\"yoast-schema-graph\">{\"@context\":\"https:\/\/schema.org\",\"@graph\":[{\"@type\":\"WebPage\",\"@id\":\"https:\/\/fika.paris\/sv\/produit\/kottbullar\/\",\"url\":\"https:\/\/fika.paris\/sv\/produit\/kottbullar\/\",\"name\":\"K\u00f6ttbullar - Fika Paris\",\"isPartOf\":{\"@id\":\"https:\/\/fika.paris\/sv\/#website\"},\"primaryImageOfPage\":{\"@id\":\"https:\/\/fika.paris\/sv\/produit\/kottbullar\/#primaryimage\"},\"image\":{\"@id\":\"https:\/\/fika.paris\/sv\/produit\/kottbullar\/#primaryimage\"},\"thumbnailUrl\":\"https:\/\/fika.paris\/wp-content\/uploads\/2026\/02\/DSC08058-scaled.jpeg\",\"datePublished\":\"2026-02-10T11:27:20+00:00\",\"breadcrumb\":{\"@id\":\"https:\/\/fika.paris\/sv\/produit\/kottbullar\/#breadcrumb\"},\"inLanguage\":\"sv-SE\",\"potentialAction\":[{\"@type\":\"ReadAction\",\"target\":[\"https:\/\/fika.paris\/sv\/produit\/kottbullar\/\"]}]},{\"@type\":\"ImageObject\",\"inLanguage\":\"sv-SE\",\"@id\":\"https:\/\/fika.paris\/sv\/produit\/kottbullar\/#primaryimage\",\"url\":\"https:\/\/fika.paris\/wp-content\/uploads\/2026\/02\/DSC08058-scaled.jpeg\",\"contentUrl\":\"https:\/\/fika.paris\/wp-content\/uploads\/2026\/02\/DSC08058-scaled.jpeg\",\"width\":2560,\"height\":1707},{\"@type\":\"BreadcrumbList\",\"@id\":\"https:\/\/fika.paris\/sv\/produit\/kottbullar\/#breadcrumb\",\"itemListElement\":[{\"@type\":\"ListItem\",\"position\":1,\"name\":\"Accueil\",\"item\":\"https:\/\/fika.paris\/sv\/en-liten-smak-av-sverige-i-paris\/\"},{\"@type\":\"ListItem\",\"position\":2,\"name\":\"Butik\",\"item\":\"https:\/\/fika.paris\/sv\/butik\/\"},{\"@type\":\"ListItem\",\"position\":3,\"name\":\"K\u00f6ttbullar\"}]},{\"@type\":\"WebSite\",\"@id\":\"https:\/\/fika.paris\/sv\/#website\",\"url\":\"https:\/\/fika.paris\/sv\/\",\"name\":\"Fika Paris\",\"description\":\"Un petit g\u00f4ut de Su\u00e8de \u00e0 Paris\",\"publisher\":{\"@id\":\"https:\/\/fika.paris\/sv\/#organization\"},\"potentialAction\":[{\"@type\":\"SearchAction\",\"target\":{\"@type\":\"EntryPoint\",\"urlTemplate\":\"https:\/\/fika.paris\/sv\/?s={search_term_string}\"},\"query-input\":{\"@type\":\"PropertyValueSpecification\",\"valueRequired\":true,\"valueName\":\"search_term_string\"}}],\"inLanguage\":\"sv-SE\"},{\"@type\":\"Organization\",\"@id\":\"https:\/\/fika.paris\/sv\/#organization\",\"name\":\"Fika Paris\",\"url\":\"https:\/\/fika.paris\/sv\/\",\"logo\":{\"@type\":\"ImageObject\",\"inLanguage\":\"sv-SE\",\"@id\":\"https:\/\/fika.paris\/sv\/#\/schema\/logo\/image\/\",\"url\":\"https:\/\/fika.paris\/wp-content\/uploads\/2025\/09\/cropped-logofika_detoure-scaled-1.png\",\"contentUrl\":\"https:\/\/fika.paris\/wp-content\/uploads\/2025\/09\/cropped-logofika_detoure-scaled-1.png\",\"width\":2273,\"height\":953,\"caption\":\"Fika Paris\"},\"image\":{\"@id\":\"https:\/\/fika.paris\/sv\/#\/schema\/logo\/image\/\"}}]}<\/script>\n<!-- \/ Yoast SEO plugin. -->","yoast_head_json":{"title":"K\u00f6ttbullar - Fika Paris","robots":{"index":"index","follow":"follow","max-snippet":"max-snippet:-1","max-image-preview":"max-image-preview:large","max-video-preview":"max-video-preview:-1"},"canonical":"https:\/\/fika.paris\/sv\/produit\/kottbullar\/","og_locale":"sv_SE","og_type":"article","og_title":"K\u00f6ttbullar - Fika Paris","og_description":"K\u00f6ttbullar \u00e4r traditionella svenska k\u00f6ttbullar, tillagade med ekologiskt n\u00f6t- och fl\u00e4skk\u00f6tt, serverade med hemgjord potatismos, inlagd gurka, lingon och en kr\u00e4mig s\u00e5s. De \u00e4r en del av husmanskost, den traditionella svenska hemmakosten. I Sverige \u00e4ter man dem ofta tillsammans med familj eller v\u00e4nner, en enkel och mysig r\u00e4tt. V\u00e4nligen best\u00e4ll minst 72 timmar i f\u00f6rv\u00e4g, [&hellip;]","og_url":"https:\/\/fika.paris\/sv\/produit\/kottbullar\/","og_site_name":"Fika Paris","og_image":[{"width":2560,"height":1707,"url":"https:\/\/fika.paris\/wp-content\/uploads\/2026\/02\/DSC08058-scaled.jpeg","type":"image\/jpeg"}],"twitter_card":"summary_large_image","schema":{"@context":"https:\/\/schema.org","@graph":[{"@type":"WebPage","@id":"https:\/\/fika.paris\/sv\/produit\/kottbullar\/","url":"https:\/\/fika.paris\/sv\/produit\/kottbullar\/","name":"K\u00f6ttbullar - Fika Paris","isPartOf":{"@id":"https:\/\/fika.paris\/sv\/#website"},"primaryImageOfPage":{"@id":"https:\/\/fika.paris\/sv\/produit\/kottbullar\/#primaryimage"},"image":{"@id":"https:\/\/fika.paris\/sv\/produit\/kottbullar\/#primaryimage"},"thumbnailUrl":"https:\/\/fika.paris\/wp-content\/uploads\/2026\/02\/DSC08058-scaled.jpeg","datePublished":"2026-02-10T11:27:20+00:00","breadcrumb":{"@id":"https:\/\/fika.paris\/sv\/produit\/kottbullar\/#breadcrumb"},"inLanguage":"sv-SE","potentialAction":[{"@type":"ReadAction","target":["https:\/\/fika.paris\/sv\/produit\/kottbullar\/"]}]},{"@type":"ImageObject","inLanguage":"sv-SE","@id":"https:\/\/fika.paris\/sv\/produit\/kottbullar\/#primaryimage","url":"https:\/\/fika.paris\/wp-content\/uploads\/2026\/02\/DSC08058-scaled.jpeg","contentUrl":"https:\/\/fika.paris\/wp-content\/uploads\/2026\/02\/DSC08058-scaled.jpeg","width":2560,"height":1707},{"@type":"BreadcrumbList","@id":"https:\/\/fika.paris\/sv\/produit\/kottbullar\/#breadcrumb","itemListElement":[{"@type":"ListItem","position":1,"name":"Accueil","item":"https:\/\/fika.paris\/sv\/en-liten-smak-av-sverige-i-paris\/"},{"@type":"ListItem","position":2,"name":"Butik","item":"https:\/\/fika.paris\/sv\/butik\/"},{"@type":"ListItem","position":3,"name":"K\u00f6ttbullar"}]},{"@type":"WebSite","@id":"https:\/\/fika.paris\/sv\/#website","url":"https:\/\/fika.paris\/sv\/","name":"Fika Paris","description":"Un petit g\u00f4ut de Su\u00e8de \u00e0 Paris","publisher":{"@id":"https:\/\/fika.paris\/sv\/#organization"},"potentialAction":[{"@type":"SearchAction","target":{"@type":"EntryPoint","urlTemplate":"https:\/\/fika.paris\/sv\/?s={search_term_string}"},"query-input":{"@type":"PropertyValueSpecification","valueRequired":true,"valueName":"search_term_string"}}],"inLanguage":"sv-SE"},{"@type":"Organization","@id":"https:\/\/fika.paris\/sv\/#organization","name":"Fika Paris","url":"https:\/\/fika.paris\/sv\/","logo":{"@type":"ImageObject","inLanguage":"sv-SE","@id":"https:\/\/fika.paris\/sv\/#\/schema\/logo\/image\/","url":"https:\/\/fika.paris\/wp-content\/uploads\/2025\/09\/cropped-logofika_detoure-scaled-1.png","contentUrl":"https:\/\/fika.paris\/wp-content\/uploads\/2025\/09\/cropped-logofika_detoure-scaled-1.png","width":2273,"height":953,"caption":"Fika Paris"},"image":{"@id":"https:\/\/fika.paris\/sv\/#\/schema\/logo\/image\/"}}]}},"_links":{"self":[{"href":"https:\/\/fika.paris\/sv\/wp-json\/wp\/v2\/product\/2008","targetHints":{"allow":["GET"]}}],"collection":[{"href":"https:\/\/fika.paris\/sv\/wp-json\/wp\/v2\/product"}],"about":[{"href":"https:\/\/fika.paris\/sv\/wp-json\/wp\/v2\/types\/product"}],"wp:featuredmedia":[{"embeddable":true,"href":"https:\/\/fika.paris\/sv\/wp-json\/wp\/v2\/media\/1636"}],"wp:attachment":[{"href":"https:\/\/fika.paris\/sv\/wp-json\/wp\/v2\/media?parent=2008"}],"wp:term":[{"taxonomy":"product_brand","embeddable":true,"href":"https:\/\/fika.paris\/sv\/wp-json\/wp\/v2\/product_brand?post=2008"},{"taxonomy":"product_cat","embeddable":true,"href":"https:\/\/fika.paris\/sv\/wp-json\/wp\/v2\/product_cat?post=2008"},{"taxonomy":"product_tag","embeddable":true,"href":"https:\/\/fika.paris\/sv\/wp-json\/wp\/v2\/product_tag?post=2008"}],"curies":[{"name":"wp","href":"https:\/\/api.w.org\/{rel}","templated":true}]}}