{"id":1396,"date":"2026-01-31T14:48:18","date_gmt":"2026-01-31T13:48:18","guid":{"rendered":"https:\/\/fika.paris\/produit\/svensk-prinsesstarta\/"},"modified":"2026-02-26T16:18:27","modified_gmt":"2026-02-26T15:18:27","slug":"svensk-prinsesstarta","status":"publish","type":"product","link":"https:\/\/fika.paris\/sv\/produit\/svensk-prinsesstarta\/","title":{"rendered":"&#8221;Prinsesst\u00e5rta&#8221;"},"content":{"rendered":"<p><span data-sheets-root=\"1\">V\u00e5r klassiska svenska prinsesst\u00e5rta best\u00e5r av en saftig sockerkaksbotten varvad med vaniljkr\u00e4m, hallonsylt och vispad gr\u00e4dde, och t\u00e4cks sedan av ett tunt lager marsipan. Det s\u00e4gs att denna ikon inom svensk fika \u00e4r Sveriges prinsessas favoritkaka.<\/span><\/p>\n<p>Finns som hel t\u00e5rta och fr\u00e5n 6 bitar.<\/p>\n<p>Allergener: Inneh\u00e5ller gluten, mj\u00f6lk, \u00e4gg och n\u00f6tter.<\/p>\n<p>V\u00e4nligen best\u00e4ll minst 72 timmar i f\u00f6rv\u00e4g, p\u00e5 vardagar, f\u00f6r avh\u00e4mtning eller leverans.<\/p>\n","protected":false},"excerpt":{"rendered":"<p>V\u00e5r klassiska svenska prinsesst\u00e5rta best\u00e5r av en saftig sockerkaksbotten varvad med vaniljkr\u00e4m, hallonsylt och vispad gr\u00e4dde, och t\u00e4cks sedan av ett tunt lager marsipan. Det s\u00e4gs att denna ikon inom svensk fika \u00e4r Sveriges prinsessas favoritkaka. Finns som hel t\u00e5rta och fr\u00e5n 6 bitar. Allergener: Inneh\u00e5ller gluten, mj\u00f6lk, \u00e4gg och n\u00f6tter. V\u00e4nligen best\u00e4ll minst 72 [&hellip;]<\/p>\n","protected":false},"featured_media":1397,"template":"","meta":[],"product_brand":[106],"product_cat":[78,132],"product_tag":[],"class_list":{"0":"post-1396","1":"product","2":"type-product","3":"status-publish","4":"has-post-thumbnail","6":"product_brand-fika","7":"product_cat-farskt-brod-bakverk","8":"product_cat-farskt-brod-bakverk-2","9":"product_shipping_class-farsk","11":"first","12":"instock","13":"taxable","14":"shipping-taxable","15":"purchasable","16":"product-type-variable"},"yoast_head":"<!-- This site is optimized with the Yoast SEO plugin v27.2 - https:\/\/yoast.com\/product\/yoast-seo-wordpress\/ -->\n<title>&quot;Prinsesst\u00e5rta&quot; - Fika Paris<\/title>\n<meta name=\"robots\" content=\"index, follow, max-snippet:-1, max-image-preview:large, max-video-preview:-1\" \/>\n<link rel=\"canonical\" href=\"https:\/\/fika.paris\/sv\/produit\/svensk-prinsesstarta\/\" \/>\n<meta property=\"og:locale\" content=\"sv_SE\" \/>\n<meta property=\"og:type\" content=\"article\" \/>\n<meta property=\"og:title\" content=\"&quot;Prinsesst\u00e5rta&quot; - Fika Paris\" \/>\n<meta property=\"og:description\" content=\"V\u00e5r klassiska svenska prinsesst\u00e5rta best\u00e5r av en saftig sockerkaksbotten varvad med vaniljkr\u00e4m, hallonsylt och vispad gr\u00e4dde, och t\u00e4cks sedan av ett tunt lager marsipan. Det s\u00e4gs att denna ikon inom svensk fika \u00e4r Sveriges prinsessas favoritkaka. Finns som hel t\u00e5rta och fr\u00e5n 6 bitar. Allergener: Inneh\u00e5ller gluten, mj\u00f6lk, \u00e4gg och n\u00f6tter. V\u00e4nligen best\u00e4ll minst 72 [&hellip;]\" \/>\n<meta property=\"og:url\" content=\"https:\/\/fika.paris\/sv\/produit\/svensk-prinsesstarta\/\" \/>\n<meta property=\"og:site_name\" content=\"Fika Paris\" \/>\n<meta property=\"article:modified_time\" content=\"2026-02-26T15:18:27+00:00\" \/>\n<meta property=\"og:image\" content=\"https:\/\/fika.paris\/wp-content\/uploads\/2025\/10\/PRINSESSTARTA-scaled.jpg\" \/>\n\t<meta property=\"og:image:width\" content=\"1707\" \/>\n\t<meta property=\"og:image:height\" content=\"2560\" \/>\n\t<meta property=\"og:image:type\" content=\"image\/jpeg\" \/>\n<meta name=\"twitter:card\" content=\"summary_large_image\" \/>\n<script type=\"application\/ld+json\" class=\"yoast-schema-graph\">{\"@context\":\"https:\/\/schema.org\",\"@graph\":[{\"@type\":\"WebPage\",\"@id\":\"https:\/\/fika.paris\/sv\/produit\/svensk-prinsesstarta\/\",\"url\":\"https:\/\/fika.paris\/sv\/produit\/svensk-prinsesstarta\/\",\"name\":\"\\\"Prinsesst\u00e5rta\\\" - Fika Paris\",\"isPartOf\":{\"@id\":\"https:\/\/fika.paris\/sv\/#website\"},\"primaryImageOfPage\":{\"@id\":\"https:\/\/fika.paris\/sv\/produit\/svensk-prinsesstarta\/#primaryimage\"},\"image\":{\"@id\":\"https:\/\/fika.paris\/sv\/produit\/svensk-prinsesstarta\/#primaryimage\"},\"thumbnailUrl\":\"https:\/\/fika.paris\/wp-content\/uploads\/2025\/10\/PRINSESSTARTA-scaled.jpg\",\"datePublished\":\"2026-01-31T13:48:18+00:00\",\"dateModified\":\"2026-02-26T15:18:27+00:00\",\"breadcrumb\":{\"@id\":\"https:\/\/fika.paris\/sv\/produit\/svensk-prinsesstarta\/#breadcrumb\"},\"inLanguage\":\"sv-SE\",\"potentialAction\":[{\"@type\":\"ReadAction\",\"target\":[\"https:\/\/fika.paris\/sv\/produit\/svensk-prinsesstarta\/\"]}]},{\"@type\":\"ImageObject\",\"inLanguage\":\"sv-SE\",\"@id\":\"https:\/\/fika.paris\/sv\/produit\/svensk-prinsesstarta\/#primaryimage\",\"url\":\"https:\/\/fika.paris\/wp-content\/uploads\/2025\/10\/PRINSESSTARTA-scaled.jpg\",\"contentUrl\":\"https:\/\/fika.paris\/wp-content\/uploads\/2025\/10\/PRINSESSTARTA-scaled.jpg\",\"width\":1707,\"height\":2560},{\"@type\":\"BreadcrumbList\",\"@id\":\"https:\/\/fika.paris\/sv\/produit\/svensk-prinsesstarta\/#breadcrumb\",\"itemListElement\":[{\"@type\":\"ListItem\",\"position\":1,\"name\":\"Accueil\",\"item\":\"https:\/\/fika.paris\/sv\/en-liten-smak-av-sverige-i-paris\/\"},{\"@type\":\"ListItem\",\"position\":2,\"name\":\"Butik\",\"item\":\"https:\/\/fika.paris\/sv\/butik\/\"},{\"@type\":\"ListItem\",\"position\":3,\"name\":\"\u00ab\u00a0Prinsesst\u00e5rta\u00a0\u00bb\"}]},{\"@type\":\"WebSite\",\"@id\":\"https:\/\/fika.paris\/sv\/#website\",\"url\":\"https:\/\/fika.paris\/sv\/\",\"name\":\"Fika Paris\",\"description\":\"Un petit g\u00f4ut de Su\u00e8de \u00e0 Paris\",\"publisher\":{\"@id\":\"https:\/\/fika.paris\/sv\/#organization\"},\"potentialAction\":[{\"@type\":\"SearchAction\",\"target\":{\"@type\":\"EntryPoint\",\"urlTemplate\":\"https:\/\/fika.paris\/sv\/?s={search_term_string}\"},\"query-input\":{\"@type\":\"PropertyValueSpecification\",\"valueRequired\":true,\"valueName\":\"search_term_string\"}}],\"inLanguage\":\"sv-SE\"},{\"@type\":\"Organization\",\"@id\":\"https:\/\/fika.paris\/sv\/#organization\",\"name\":\"Fika Paris\",\"url\":\"https:\/\/fika.paris\/sv\/\",\"logo\":{\"@type\":\"ImageObject\",\"inLanguage\":\"sv-SE\",\"@id\":\"https:\/\/fika.paris\/sv\/#\/schema\/logo\/image\/\",\"url\":\"https:\/\/fika.paris\/wp-content\/uploads\/2025\/09\/cropped-logofika_detoure-scaled-1.png\",\"contentUrl\":\"https:\/\/fika.paris\/wp-content\/uploads\/2025\/09\/cropped-logofika_detoure-scaled-1.png\",\"width\":2273,\"height\":953,\"caption\":\"Fika Paris\"},\"image\":{\"@id\":\"https:\/\/fika.paris\/sv\/#\/schema\/logo\/image\/\"}}]}<\/script>\n<!-- \/ Yoast SEO plugin. -->","yoast_head_json":{"title":"\"Prinsesst\u00e5rta\" - Fika Paris","robots":{"index":"index","follow":"follow","max-snippet":"max-snippet:-1","max-image-preview":"max-image-preview:large","max-video-preview":"max-video-preview:-1"},"canonical":"https:\/\/fika.paris\/sv\/produit\/svensk-prinsesstarta\/","og_locale":"sv_SE","og_type":"article","og_title":"\"Prinsesst\u00e5rta\" - Fika Paris","og_description":"V\u00e5r klassiska svenska prinsesst\u00e5rta best\u00e5r av en saftig sockerkaksbotten varvad med vaniljkr\u00e4m, hallonsylt och vispad gr\u00e4dde, och t\u00e4cks sedan av ett tunt lager marsipan. Det s\u00e4gs att denna ikon inom svensk fika \u00e4r Sveriges prinsessas favoritkaka. Finns som hel t\u00e5rta och fr\u00e5n 6 bitar. Allergener: Inneh\u00e5ller gluten, mj\u00f6lk, \u00e4gg och n\u00f6tter. V\u00e4nligen best\u00e4ll minst 72 [&hellip;]","og_url":"https:\/\/fika.paris\/sv\/produit\/svensk-prinsesstarta\/","og_site_name":"Fika Paris","article_modified_time":"2026-02-26T15:18:27+00:00","og_image":[{"width":1707,"height":2560,"url":"https:\/\/fika.paris\/wp-content\/uploads\/2025\/10\/PRINSESSTARTA-scaled.jpg","type":"image\/jpeg"}],"twitter_card":"summary_large_image","schema":{"@context":"https:\/\/schema.org","@graph":[{"@type":"WebPage","@id":"https:\/\/fika.paris\/sv\/produit\/svensk-prinsesstarta\/","url":"https:\/\/fika.paris\/sv\/produit\/svensk-prinsesstarta\/","name":"\"Prinsesst\u00e5rta\" - Fika Paris","isPartOf":{"@id":"https:\/\/fika.paris\/sv\/#website"},"primaryImageOfPage":{"@id":"https:\/\/fika.paris\/sv\/produit\/svensk-prinsesstarta\/#primaryimage"},"image":{"@id":"https:\/\/fika.paris\/sv\/produit\/svensk-prinsesstarta\/#primaryimage"},"thumbnailUrl":"https:\/\/fika.paris\/wp-content\/uploads\/2025\/10\/PRINSESSTARTA-scaled.jpg","datePublished":"2026-01-31T13:48:18+00:00","dateModified":"2026-02-26T15:18:27+00:00","breadcrumb":{"@id":"https:\/\/fika.paris\/sv\/produit\/svensk-prinsesstarta\/#breadcrumb"},"inLanguage":"sv-SE","potentialAction":[{"@type":"ReadAction","target":["https:\/\/fika.paris\/sv\/produit\/svensk-prinsesstarta\/"]}]},{"@type":"ImageObject","inLanguage":"sv-SE","@id":"https:\/\/fika.paris\/sv\/produit\/svensk-prinsesstarta\/#primaryimage","url":"https:\/\/fika.paris\/wp-content\/uploads\/2025\/10\/PRINSESSTARTA-scaled.jpg","contentUrl":"https:\/\/fika.paris\/wp-content\/uploads\/2025\/10\/PRINSESSTARTA-scaled.jpg","width":1707,"height":2560},{"@type":"BreadcrumbList","@id":"https:\/\/fika.paris\/sv\/produit\/svensk-prinsesstarta\/#breadcrumb","itemListElement":[{"@type":"ListItem","position":1,"name":"Accueil","item":"https:\/\/fika.paris\/sv\/en-liten-smak-av-sverige-i-paris\/"},{"@type":"ListItem","position":2,"name":"Butik","item":"https:\/\/fika.paris\/sv\/butik\/"},{"@type":"ListItem","position":3,"name":"\u00ab\u00a0Prinsesst\u00e5rta\u00a0\u00bb"}]},{"@type":"WebSite","@id":"https:\/\/fika.paris\/sv\/#website","url":"https:\/\/fika.paris\/sv\/","name":"Fika Paris","description":"Un petit g\u00f4ut de Su\u00e8de \u00e0 Paris","publisher":{"@id":"https:\/\/fika.paris\/sv\/#organization"},"potentialAction":[{"@type":"SearchAction","target":{"@type":"EntryPoint","urlTemplate":"https:\/\/fika.paris\/sv\/?s={search_term_string}"},"query-input":{"@type":"PropertyValueSpecification","valueRequired":true,"valueName":"search_term_string"}}],"inLanguage":"sv-SE"},{"@type":"Organization","@id":"https:\/\/fika.paris\/sv\/#organization","name":"Fika Paris","url":"https:\/\/fika.paris\/sv\/","logo":{"@type":"ImageObject","inLanguage":"sv-SE","@id":"https:\/\/fika.paris\/sv\/#\/schema\/logo\/image\/","url":"https:\/\/fika.paris\/wp-content\/uploads\/2025\/09\/cropped-logofika_detoure-scaled-1.png","contentUrl":"https:\/\/fika.paris\/wp-content\/uploads\/2025\/09\/cropped-logofika_detoure-scaled-1.png","width":2273,"height":953,"caption":"Fika Paris"},"image":{"@id":"https:\/\/fika.paris\/sv\/#\/schema\/logo\/image\/"}}]}},"_links":{"self":[{"href":"https:\/\/fika.paris\/sv\/wp-json\/wp\/v2\/product\/1396","targetHints":{"allow":["GET"]}}],"collection":[{"href":"https:\/\/fika.paris\/sv\/wp-json\/wp\/v2\/product"}],"about":[{"href":"https:\/\/fika.paris\/sv\/wp-json\/wp\/v2\/types\/product"}],"wp:featuredmedia":[{"embeddable":true,"href":"https:\/\/fika.paris\/sv\/wp-json\/wp\/v2\/media\/1397"}],"wp:attachment":[{"href":"https:\/\/fika.paris\/sv\/wp-json\/wp\/v2\/media?parent=1396"}],"wp:term":[{"taxonomy":"product_brand","embeddable":true,"href":"https:\/\/fika.paris\/sv\/wp-json\/wp\/v2\/product_brand?post=1396"},{"taxonomy":"product_cat","embeddable":true,"href":"https:\/\/fika.paris\/sv\/wp-json\/wp\/v2\/product_cat?post=1396"},{"taxonomy":"product_tag","embeddable":true,"href":"https:\/\/fika.paris\/sv\/wp-json\/wp\/v2\/product_tag?post=1396"}],"curies":[{"name":"wp","href":"https:\/\/api.w.org\/{rel}","templated":true}]}}