{"id":1391,"date":"2026-01-01T14:48:18","date_gmt":"2026-01-01T13:48:18","guid":{"rendered":"https:\/\/fika.paris\/produit\/granola\/"},"modified":"2026-02-26T16:13:27","modified_gmt":"2026-02-26T15:13:27","slug":"granola","status":"publish","type":"product","link":"https:\/\/fika.paris\/sv\/produit\/granola\/","title":{"rendered":"Granola"},"content":{"rendered":"<p>V\u00e5r hemlagade granola med naturliga ingredienser: fullkornsr\u00e5g, havregryn, solrosfr\u00f6n, hasseln\u00f6tter, pumpafr\u00f6n, kokoschips, linfr\u00f6n, kardemumma, kanel, russin, rapsolja. L\u00e4tt s\u00f6tad med honung och \u00e4ppeljuice, erbjuder den en balanserad smak och en krispig konsistens. Perfekt till frukost, p\u00e5 yoghurt eller som ett energigivande mellanm\u00e5l.  <\/p>\n<p>P\u00e5sen inneh\u00e5ller 300 gram.<\/p>\n<p>Allergener: Inneh\u00e5ller n\u00f6tter (mandlar, hasseln\u00f6tter) och gluten (r\u00e5g, havre).<\/p>\n","protected":false},"excerpt":{"rendered":"<p>V\u00e5r hemlagade granola med naturliga ingredienser: fullkornsr\u00e5g, havregryn, solrosfr\u00f6n, hasseln\u00f6tter, pumpafr\u00f6n, kokoschips, linfr\u00f6n, kardemumma, kanel, russin, rapsolja. L\u00e4tt s\u00f6tad med honung och \u00e4ppeljuice, erbjuder den en balanserad smak och en krispig konsistens. Perfekt till frukost, p\u00e5 yoghurt eller som ett energigivande mellanm\u00e5l. P\u00e5sen inneh\u00e5ller 300 gram. Allergener: Inneh\u00e5ller n\u00f6tter (mandlar, hasseln\u00f6tter) och gluten (r\u00e5g, havre).<\/p>\n","protected":false},"featured_media":1392,"template":"","meta":[],"product_brand":[106],"product_cat":[74],"product_tag":[],"class_list":{"0":"post-1391","1":"product","2":"type-product","3":"status-publish","4":"has-post-thumbnail","6":"product_brand-fika","7":"product_cat-skafferi","9":"first","10":"instock","11":"taxable","12":"shipping-taxable","13":"purchasable","14":"product-type-simple"},"yoast_head":"<!-- This site is optimized with the Yoast SEO plugin v27.2 - https:\/\/yoast.com\/product\/yoast-seo-wordpress\/ -->\n<title>Granola - Fika Paris<\/title>\n<meta name=\"robots\" content=\"index, follow, max-snippet:-1, max-image-preview:large, max-video-preview:-1\" \/>\n<link rel=\"canonical\" href=\"https:\/\/fika.paris\/sv\/produit\/granola\/\" \/>\n<meta property=\"og:locale\" content=\"sv_SE\" \/>\n<meta property=\"og:type\" content=\"article\" \/>\n<meta property=\"og:title\" content=\"Granola - Fika Paris\" \/>\n<meta property=\"og:description\" content=\"V\u00e5r hemlagade granola med naturliga ingredienser: fullkornsr\u00e5g, havregryn, solrosfr\u00f6n, hasseln\u00f6tter, pumpafr\u00f6n, kokoschips, linfr\u00f6n, kardemumma, kanel, russin, rapsolja. L\u00e4tt s\u00f6tad med honung och \u00e4ppeljuice, erbjuder den en balanserad smak och en krispig konsistens. Perfekt till frukost, p\u00e5 yoghurt eller som ett energigivande mellanm\u00e5l. P\u00e5sen inneh\u00e5ller 300 gram. Allergener: Inneh\u00e5ller n\u00f6tter (mandlar, hasseln\u00f6tter) och gluten (r\u00e5g, havre).\" \/>\n<meta property=\"og:url\" content=\"https:\/\/fika.paris\/sv\/produit\/granola\/\" \/>\n<meta property=\"og:site_name\" content=\"Fika Paris\" \/>\n<meta property=\"article:modified_time\" content=\"2026-02-26T15:13:27+00:00\" \/>\n<meta property=\"og:image\" content=\"https:\/\/fika.paris\/wp-content\/uploads\/2025\/12\/Granola-1-576x1024.png\" \/>\n\t<meta property=\"og:image:width\" content=\"576\" \/>\n\t<meta property=\"og:image:height\" content=\"1024\" \/>\n\t<meta property=\"og:image:type\" content=\"image\/png\" \/>\n<meta name=\"twitter:card\" content=\"summary_large_image\" \/>\n<script type=\"application\/ld+json\" class=\"yoast-schema-graph\">{\"@context\":\"https:\/\/schema.org\",\"@graph\":[{\"@type\":\"WebPage\",\"@id\":\"https:\/\/fika.paris\/sv\/produit\/granola\/\",\"url\":\"https:\/\/fika.paris\/sv\/produit\/granola\/\",\"name\":\"Granola - Fika Paris\",\"isPartOf\":{\"@id\":\"https:\/\/fika.paris\/sv\/#website\"},\"primaryImageOfPage\":{\"@id\":\"https:\/\/fika.paris\/sv\/produit\/granola\/#primaryimage\"},\"image\":{\"@id\":\"https:\/\/fika.paris\/sv\/produit\/granola\/#primaryimage\"},\"thumbnailUrl\":\"https:\/\/fika.paris\/wp-content\/uploads\/2025\/12\/Granola-1-scaled.png\",\"datePublished\":\"2026-01-01T13:48:18+00:00\",\"dateModified\":\"2026-02-26T15:13:27+00:00\",\"breadcrumb\":{\"@id\":\"https:\/\/fika.paris\/sv\/produit\/granola\/#breadcrumb\"},\"inLanguage\":\"sv-SE\",\"potentialAction\":[{\"@type\":\"ReadAction\",\"target\":[\"https:\/\/fika.paris\/sv\/produit\/granola\/\"]}]},{\"@type\":\"ImageObject\",\"inLanguage\":\"sv-SE\",\"@id\":\"https:\/\/fika.paris\/sv\/produit\/granola\/#primaryimage\",\"url\":\"https:\/\/fika.paris\/wp-content\/uploads\/2025\/12\/Granola-1-scaled.png\",\"contentUrl\":\"https:\/\/fika.paris\/wp-content\/uploads\/2025\/12\/Granola-1-scaled.png\",\"width\":1440,\"height\":2560},{\"@type\":\"BreadcrumbList\",\"@id\":\"https:\/\/fika.paris\/sv\/produit\/granola\/#breadcrumb\",\"itemListElement\":[{\"@type\":\"ListItem\",\"position\":1,\"name\":\"Accueil\",\"item\":\"https:\/\/fika.paris\/sv\/en-liten-smak-av-sverige-i-paris\/\"},{\"@type\":\"ListItem\",\"position\":2,\"name\":\"Butik\",\"item\":\"https:\/\/fika.paris\/sv\/butik\/\"},{\"@type\":\"ListItem\",\"position\":3,\"name\":\"Granola\"}]},{\"@type\":\"WebSite\",\"@id\":\"https:\/\/fika.paris\/sv\/#website\",\"url\":\"https:\/\/fika.paris\/sv\/\",\"name\":\"Fika Paris\",\"description\":\"Un petit g\u00f4ut de Su\u00e8de \u00e0 Paris\",\"publisher\":{\"@id\":\"https:\/\/fika.paris\/sv\/#organization\"},\"potentialAction\":[{\"@type\":\"SearchAction\",\"target\":{\"@type\":\"EntryPoint\",\"urlTemplate\":\"https:\/\/fika.paris\/sv\/?s={search_term_string}\"},\"query-input\":{\"@type\":\"PropertyValueSpecification\",\"valueRequired\":true,\"valueName\":\"search_term_string\"}}],\"inLanguage\":\"sv-SE\"},{\"@type\":\"Organization\",\"@id\":\"https:\/\/fika.paris\/sv\/#organization\",\"name\":\"Fika Paris\",\"url\":\"https:\/\/fika.paris\/sv\/\",\"logo\":{\"@type\":\"ImageObject\",\"inLanguage\":\"sv-SE\",\"@id\":\"https:\/\/fika.paris\/sv\/#\/schema\/logo\/image\/\",\"url\":\"https:\/\/fika.paris\/wp-content\/uploads\/2025\/09\/cropped-logofika_detoure-scaled-1.png\",\"contentUrl\":\"https:\/\/fika.paris\/wp-content\/uploads\/2025\/09\/cropped-logofika_detoure-scaled-1.png\",\"width\":2273,\"height\":953,\"caption\":\"Fika Paris\"},\"image\":{\"@id\":\"https:\/\/fika.paris\/sv\/#\/schema\/logo\/image\/\"}}]}<\/script>\n<!-- \/ Yoast SEO plugin. -->","yoast_head_json":{"title":"Granola - Fika Paris","robots":{"index":"index","follow":"follow","max-snippet":"max-snippet:-1","max-image-preview":"max-image-preview:large","max-video-preview":"max-video-preview:-1"},"canonical":"https:\/\/fika.paris\/sv\/produit\/granola\/","og_locale":"sv_SE","og_type":"article","og_title":"Granola - Fika Paris","og_description":"V\u00e5r hemlagade granola med naturliga ingredienser: fullkornsr\u00e5g, havregryn, solrosfr\u00f6n, hasseln\u00f6tter, pumpafr\u00f6n, kokoschips, linfr\u00f6n, kardemumma, kanel, russin, rapsolja. L\u00e4tt s\u00f6tad med honung och \u00e4ppeljuice, erbjuder den en balanserad smak och en krispig konsistens. Perfekt till frukost, p\u00e5 yoghurt eller som ett energigivande mellanm\u00e5l. P\u00e5sen inneh\u00e5ller 300 gram. Allergener: Inneh\u00e5ller n\u00f6tter (mandlar, hasseln\u00f6tter) och gluten (r\u00e5g, havre).","og_url":"https:\/\/fika.paris\/sv\/produit\/granola\/","og_site_name":"Fika Paris","article_modified_time":"2026-02-26T15:13:27+00:00","og_image":[{"width":576,"height":1024,"url":"https:\/\/fika.paris\/wp-content\/uploads\/2025\/12\/Granola-1-576x1024.png","type":"image\/png"}],"twitter_card":"summary_large_image","schema":{"@context":"https:\/\/schema.org","@graph":[{"@type":"WebPage","@id":"https:\/\/fika.paris\/sv\/produit\/granola\/","url":"https:\/\/fika.paris\/sv\/produit\/granola\/","name":"Granola - Fika Paris","isPartOf":{"@id":"https:\/\/fika.paris\/sv\/#website"},"primaryImageOfPage":{"@id":"https:\/\/fika.paris\/sv\/produit\/granola\/#primaryimage"},"image":{"@id":"https:\/\/fika.paris\/sv\/produit\/granola\/#primaryimage"},"thumbnailUrl":"https:\/\/fika.paris\/wp-content\/uploads\/2025\/12\/Granola-1-scaled.png","datePublished":"2026-01-01T13:48:18+00:00","dateModified":"2026-02-26T15:13:27+00:00","breadcrumb":{"@id":"https:\/\/fika.paris\/sv\/produit\/granola\/#breadcrumb"},"inLanguage":"sv-SE","potentialAction":[{"@type":"ReadAction","target":["https:\/\/fika.paris\/sv\/produit\/granola\/"]}]},{"@type":"ImageObject","inLanguage":"sv-SE","@id":"https:\/\/fika.paris\/sv\/produit\/granola\/#primaryimage","url":"https:\/\/fika.paris\/wp-content\/uploads\/2025\/12\/Granola-1-scaled.png","contentUrl":"https:\/\/fika.paris\/wp-content\/uploads\/2025\/12\/Granola-1-scaled.png","width":1440,"height":2560},{"@type":"BreadcrumbList","@id":"https:\/\/fika.paris\/sv\/produit\/granola\/#breadcrumb","itemListElement":[{"@type":"ListItem","position":1,"name":"Accueil","item":"https:\/\/fika.paris\/sv\/en-liten-smak-av-sverige-i-paris\/"},{"@type":"ListItem","position":2,"name":"Butik","item":"https:\/\/fika.paris\/sv\/butik\/"},{"@type":"ListItem","position":3,"name":"Granola"}]},{"@type":"WebSite","@id":"https:\/\/fika.paris\/sv\/#website","url":"https:\/\/fika.paris\/sv\/","name":"Fika Paris","description":"Un petit g\u00f4ut de Su\u00e8de \u00e0 Paris","publisher":{"@id":"https:\/\/fika.paris\/sv\/#organization"},"potentialAction":[{"@type":"SearchAction","target":{"@type":"EntryPoint","urlTemplate":"https:\/\/fika.paris\/sv\/?s={search_term_string}"},"query-input":{"@type":"PropertyValueSpecification","valueRequired":true,"valueName":"search_term_string"}}],"inLanguage":"sv-SE"},{"@type":"Organization","@id":"https:\/\/fika.paris\/sv\/#organization","name":"Fika Paris","url":"https:\/\/fika.paris\/sv\/","logo":{"@type":"ImageObject","inLanguage":"sv-SE","@id":"https:\/\/fika.paris\/sv\/#\/schema\/logo\/image\/","url":"https:\/\/fika.paris\/wp-content\/uploads\/2025\/09\/cropped-logofika_detoure-scaled-1.png","contentUrl":"https:\/\/fika.paris\/wp-content\/uploads\/2025\/09\/cropped-logofika_detoure-scaled-1.png","width":2273,"height":953,"caption":"Fika Paris"},"image":{"@id":"https:\/\/fika.paris\/sv\/#\/schema\/logo\/image\/"}}]}},"_links":{"self":[{"href":"https:\/\/fika.paris\/sv\/wp-json\/wp\/v2\/product\/1391","targetHints":{"allow":["GET"]}}],"collection":[{"href":"https:\/\/fika.paris\/sv\/wp-json\/wp\/v2\/product"}],"about":[{"href":"https:\/\/fika.paris\/sv\/wp-json\/wp\/v2\/types\/product"}],"wp:featuredmedia":[{"embeddable":true,"href":"https:\/\/fika.paris\/sv\/wp-json\/wp\/v2\/media\/1392"}],"wp:attachment":[{"href":"https:\/\/fika.paris\/sv\/wp-json\/wp\/v2\/media?parent=1391"}],"wp:term":[{"taxonomy":"product_brand","embeddable":true,"href":"https:\/\/fika.paris\/sv\/wp-json\/wp\/v2\/product_brand?post=1391"},{"taxonomy":"product_cat","embeddable":true,"href":"https:\/\/fika.paris\/sv\/wp-json\/wp\/v2\/product_cat?post=1391"},{"taxonomy":"product_tag","embeddable":true,"href":"https:\/\/fika.paris\/sv\/wp-json\/wp\/v2\/product_tag?post=1391"}],"curies":[{"name":"wp","href":"https:\/\/api.w.org\/{rel}","templated":true}]}}