{"id":1383,"date":"2025-12-12T14:48:21","date_gmt":"2025-12-12T13:48:21","guid":{"rendered":"https:\/\/fika.paris\/produit\/espressokaffe-bam-bam-lykke-kaffegardar\/"},"modified":"2026-03-30T19:35:33","modified_gmt":"2026-03-30T17:35:33","slug":"espressokaffe-bam-bam-lykke-kaffegardar","status":"publish","type":"product","link":"https:\/\/fika.paris\/sv\/produit\/espressokaffe-bam-bam-lykke-kaffegardar\/","title":{"rendered":"Kaffeb\u00f6nor f\u00f6r espresso Bam Bam &#8211; Lykke Kaffeg\u00e5rdar"},"content":{"rendered":"<p>BAMBAM \u00e4r en espresso f\u00f6r alla. Mjuk men livlig, med toner av nougat, mj\u00f6lkchoklad, kola och r\u00f6da b\u00e4r. En riktig kvalitetsespresso.  <\/p>\n<p><em><strong>Lykke Kaffeg\u00e5rdar<\/strong><\/em> grundades 2020 med m\u00e5let att producera kaffe och te p\u00e5 ett ekologiskt och h\u00e5llbart s\u00e4tt. Lykke odlar, v\u00e4ljer ut och rostar sina produkter sj\u00e4lva och arbetar aktivt f\u00f6r milj\u00f6n, j\u00e4mst\u00e4lldhet och socialt ansvar i enlighet med FN:s globala m\u00e5l. Alla deras produkter \u00e4r ekologiskt certifierade och f\u00f6rpackningarna \u00e4r biologiskt nedbrytbara. Lykke kombinerar h\u00f6g kvalitet med respekt f\u00f6r b\u00e5de m\u00e4nniskor och planeten.   <\/p>\n","protected":false},"excerpt":{"rendered":"<p><strong>Lykke Kaffeg\u00e5rdar<\/strong> grundades 2020 med m\u00e5let att producera kaffe och te p\u00e5 ett ekologiskt och h\u00e5llbart s\u00e4tt. Lykke odlar, v\u00e4ljer ut och rostar sina produkter sj\u00e4lva och engagerar sig aktivt f\u00f6r milj\u00f6n, j\u00e4mlikhet och socialt ansvar i enlighet med FN:s globala m\u00e5l. Alla deras produkter \u00e4r ekologiskt certifierade och f\u00f6rpackningarna \u00e4r biologiskt nedbrytbara. Lykke kombinerar h\u00f6g kvalitet och respekt f\u00f6r b\u00e5de m\u00e4nniskor och planet.   <\/p>\n","protected":false},"featured_media":1384,"template":"","meta":[],"product_brand":[102],"product_cat":[83],"product_tag":[],"class_list":{"0":"post-1383","1":"product","2":"type-product","3":"status-publish","4":"has-post-thumbnail","6":"product_brand-lykke-kaffegardar","7":"product_cat-drycker","9":"first","10":"instock","11":"taxable","12":"shipping-taxable","13":"purchasable","14":"product-type-simple"},"yoast_head":"<!-- This site is optimized with the Yoast SEO plugin v27.2 - https:\/\/yoast.com\/product\/yoast-seo-wordpress\/ -->\n<title>Kaffeb\u00f6nor f\u00f6r espresso Bam Bam - Lykke Kaffeg\u00e5rdar - Fika Paris<\/title>\n<meta name=\"robots\" content=\"index, follow, max-snippet:-1, max-image-preview:large, max-video-preview:-1\" \/>\n<link rel=\"canonical\" href=\"https:\/\/fika.paris\/sv\/produit\/espressokaffe-bam-bam-lykke-kaffegardar\/\" \/>\n<meta property=\"og:locale\" content=\"sv_SE\" \/>\n<meta property=\"og:type\" content=\"article\" \/>\n<meta property=\"og:title\" content=\"Kaffeb\u00f6nor f\u00f6r espresso Bam Bam - Lykke Kaffeg\u00e5rdar - Fika Paris\" \/>\n<meta property=\"og:description\" content=\"Lykke Kaffeg\u00e5rdar grundades 2020 med m\u00e5let att producera kaffe och te p\u00e5 ett ekologiskt och h\u00e5llbart s\u00e4tt. Lykke odlar, v\u00e4ljer ut och rostar sina produkter sj\u00e4lva och engagerar sig aktivt f\u00f6r milj\u00f6n, j\u00e4mlikhet och socialt ansvar i enlighet med FN:s globala m\u00e5l. Alla deras produkter \u00e4r ekologiskt certifierade och f\u00f6rpackningarna \u00e4r biologiskt nedbrytbara. Lykke kombinerar h\u00f6g kvalitet och respekt f\u00f6r b\u00e5de m\u00e4nniskor och planet.\" \/>\n<meta property=\"og:url\" content=\"https:\/\/fika.paris\/sv\/produit\/espressokaffe-bam-bam-lykke-kaffegardar\/\" \/>\n<meta property=\"og:site_name\" content=\"Fika Paris\" \/>\n<meta property=\"article:modified_time\" content=\"2026-03-30T17:35:33+00:00\" \/>\n<meta property=\"og:image\" content=\"https:\/\/fika.paris\/wp-content\/uploads\/2025\/10\/bambam-scaled.jpg\" \/>\n\t<meta property=\"og:image:width\" content=\"1707\" \/>\n\t<meta property=\"og:image:height\" content=\"2560\" \/>\n\t<meta property=\"og:image:type\" content=\"image\/jpeg\" \/>\n<meta name=\"twitter:card\" content=\"summary_large_image\" \/>\n<meta name=\"twitter:label1\" content=\"Ber\u00e4knad l\u00e4stid\" \/>\n\t<meta name=\"twitter:data1\" content=\"1 minut\" \/>\n<script type=\"application\/ld+json\" class=\"yoast-schema-graph\">{\"@context\":\"https:\/\/schema.org\",\"@graph\":[{\"@type\":\"WebPage\",\"@id\":\"https:\/\/fika.paris\/sv\/produit\/espressokaffe-bam-bam-lykke-kaffegardar\/\",\"url\":\"https:\/\/fika.paris\/sv\/produit\/espressokaffe-bam-bam-lykke-kaffegardar\/\",\"name\":\"Kaffeb\u00f6nor f\u00f6r espresso Bam Bam - Lykke Kaffeg\u00e5rdar - Fika Paris\",\"isPartOf\":{\"@id\":\"https:\/\/fika.paris\/sv\/#website\"},\"primaryImageOfPage\":{\"@id\":\"https:\/\/fika.paris\/sv\/produit\/espressokaffe-bam-bam-lykke-kaffegardar\/#primaryimage\"},\"image\":{\"@id\":\"https:\/\/fika.paris\/sv\/produit\/espressokaffe-bam-bam-lykke-kaffegardar\/#primaryimage\"},\"thumbnailUrl\":\"https:\/\/fika.paris\/wp-content\/uploads\/2025\/10\/bambam-scaled.jpg\",\"datePublished\":\"2025-12-12T13:48:21+00:00\",\"dateModified\":\"2026-03-30T17:35:33+00:00\",\"breadcrumb\":{\"@id\":\"https:\/\/fika.paris\/sv\/produit\/espressokaffe-bam-bam-lykke-kaffegardar\/#breadcrumb\"},\"inLanguage\":\"sv-SE\",\"potentialAction\":[{\"@type\":\"ReadAction\",\"target\":[\"https:\/\/fika.paris\/sv\/produit\/espressokaffe-bam-bam-lykke-kaffegardar\/\"]}]},{\"@type\":\"ImageObject\",\"inLanguage\":\"sv-SE\",\"@id\":\"https:\/\/fika.paris\/sv\/produit\/espressokaffe-bam-bam-lykke-kaffegardar\/#primaryimage\",\"url\":\"https:\/\/fika.paris\/wp-content\/uploads\/2025\/10\/bambam-scaled.jpg\",\"contentUrl\":\"https:\/\/fika.paris\/wp-content\/uploads\/2025\/10\/bambam-scaled.jpg\",\"width\":1707,\"height\":2560},{\"@type\":\"BreadcrumbList\",\"@id\":\"https:\/\/fika.paris\/sv\/produit\/espressokaffe-bam-bam-lykke-kaffegardar\/#breadcrumb\",\"itemListElement\":[{\"@type\":\"ListItem\",\"position\":1,\"name\":\"Accueil\",\"item\":\"https:\/\/fika.paris\/sv\/en-liten-smak-av-sverige-i-paris\/\"},{\"@type\":\"ListItem\",\"position\":2,\"name\":\"Butik\",\"item\":\"https:\/\/fika.paris\/sv\/butik\/\"},{\"@type\":\"ListItem\",\"position\":3,\"name\":\"Kaffeb\u00f6nor f\u00f6r espresso Bam Bam &#8211; Lykke Kaffeg\u00e5rdar\"}]},{\"@type\":\"WebSite\",\"@id\":\"https:\/\/fika.paris\/sv\/#website\",\"url\":\"https:\/\/fika.paris\/sv\/\",\"name\":\"Fika Paris\",\"description\":\"Un petit g\u00f4ut de Su\u00e8de \u00e0 Paris\",\"publisher\":{\"@id\":\"https:\/\/fika.paris\/sv\/#organization\"},\"potentialAction\":[{\"@type\":\"SearchAction\",\"target\":{\"@type\":\"EntryPoint\",\"urlTemplate\":\"https:\/\/fika.paris\/sv\/?s={search_term_string}\"},\"query-input\":{\"@type\":\"PropertyValueSpecification\",\"valueRequired\":true,\"valueName\":\"search_term_string\"}}],\"inLanguage\":\"sv-SE\"},{\"@type\":\"Organization\",\"@id\":\"https:\/\/fika.paris\/sv\/#organization\",\"name\":\"Fika Paris\",\"url\":\"https:\/\/fika.paris\/sv\/\",\"logo\":{\"@type\":\"ImageObject\",\"inLanguage\":\"sv-SE\",\"@id\":\"https:\/\/fika.paris\/sv\/#\/schema\/logo\/image\/\",\"url\":\"https:\/\/fika.paris\/wp-content\/uploads\/2025\/09\/cropped-logofika_detoure-scaled-1.png\",\"contentUrl\":\"https:\/\/fika.paris\/wp-content\/uploads\/2025\/09\/cropped-logofika_detoure-scaled-1.png\",\"width\":2273,\"height\":953,\"caption\":\"Fika Paris\"},\"image\":{\"@id\":\"https:\/\/fika.paris\/sv\/#\/schema\/logo\/image\/\"}}]}<\/script>\n<!-- \/ Yoast SEO plugin. -->","yoast_head_json":{"title":"Kaffeb\u00f6nor f\u00f6r espresso Bam Bam - Lykke Kaffeg\u00e5rdar - Fika Paris","robots":{"index":"index","follow":"follow","max-snippet":"max-snippet:-1","max-image-preview":"max-image-preview:large","max-video-preview":"max-video-preview:-1"},"canonical":"https:\/\/fika.paris\/sv\/produit\/espressokaffe-bam-bam-lykke-kaffegardar\/","og_locale":"sv_SE","og_type":"article","og_title":"Kaffeb\u00f6nor f\u00f6r espresso Bam Bam - Lykke Kaffeg\u00e5rdar - Fika Paris","og_description":"Lykke Kaffeg\u00e5rdar grundades 2020 med m\u00e5let att producera kaffe och te p\u00e5 ett ekologiskt och h\u00e5llbart s\u00e4tt. Lykke odlar, v\u00e4ljer ut och rostar sina produkter sj\u00e4lva och engagerar sig aktivt f\u00f6r milj\u00f6n, j\u00e4mlikhet och socialt ansvar i enlighet med FN:s globala m\u00e5l. Alla deras produkter \u00e4r ekologiskt certifierade och f\u00f6rpackningarna \u00e4r biologiskt nedbrytbara. Lykke kombinerar h\u00f6g kvalitet och respekt f\u00f6r b\u00e5de m\u00e4nniskor och planet.","og_url":"https:\/\/fika.paris\/sv\/produit\/espressokaffe-bam-bam-lykke-kaffegardar\/","og_site_name":"Fika Paris","article_modified_time":"2026-03-30T17:35:33+00:00","og_image":[{"width":1707,"height":2560,"url":"https:\/\/fika.paris\/wp-content\/uploads\/2025\/10\/bambam-scaled.jpg","type":"image\/jpeg"}],"twitter_card":"summary_large_image","twitter_misc":{"Ber\u00e4knad l\u00e4stid":"1 minut"},"schema":{"@context":"https:\/\/schema.org","@graph":[{"@type":"WebPage","@id":"https:\/\/fika.paris\/sv\/produit\/espressokaffe-bam-bam-lykke-kaffegardar\/","url":"https:\/\/fika.paris\/sv\/produit\/espressokaffe-bam-bam-lykke-kaffegardar\/","name":"Kaffeb\u00f6nor f\u00f6r espresso Bam Bam - Lykke Kaffeg\u00e5rdar - Fika Paris","isPartOf":{"@id":"https:\/\/fika.paris\/sv\/#website"},"primaryImageOfPage":{"@id":"https:\/\/fika.paris\/sv\/produit\/espressokaffe-bam-bam-lykke-kaffegardar\/#primaryimage"},"image":{"@id":"https:\/\/fika.paris\/sv\/produit\/espressokaffe-bam-bam-lykke-kaffegardar\/#primaryimage"},"thumbnailUrl":"https:\/\/fika.paris\/wp-content\/uploads\/2025\/10\/bambam-scaled.jpg","datePublished":"2025-12-12T13:48:21+00:00","dateModified":"2026-03-30T17:35:33+00:00","breadcrumb":{"@id":"https:\/\/fika.paris\/sv\/produit\/espressokaffe-bam-bam-lykke-kaffegardar\/#breadcrumb"},"inLanguage":"sv-SE","potentialAction":[{"@type":"ReadAction","target":["https:\/\/fika.paris\/sv\/produit\/espressokaffe-bam-bam-lykke-kaffegardar\/"]}]},{"@type":"ImageObject","inLanguage":"sv-SE","@id":"https:\/\/fika.paris\/sv\/produit\/espressokaffe-bam-bam-lykke-kaffegardar\/#primaryimage","url":"https:\/\/fika.paris\/wp-content\/uploads\/2025\/10\/bambam-scaled.jpg","contentUrl":"https:\/\/fika.paris\/wp-content\/uploads\/2025\/10\/bambam-scaled.jpg","width":1707,"height":2560},{"@type":"BreadcrumbList","@id":"https:\/\/fika.paris\/sv\/produit\/espressokaffe-bam-bam-lykke-kaffegardar\/#breadcrumb","itemListElement":[{"@type":"ListItem","position":1,"name":"Accueil","item":"https:\/\/fika.paris\/sv\/en-liten-smak-av-sverige-i-paris\/"},{"@type":"ListItem","position":2,"name":"Butik","item":"https:\/\/fika.paris\/sv\/butik\/"},{"@type":"ListItem","position":3,"name":"Kaffeb\u00f6nor f\u00f6r espresso Bam Bam &#8211; Lykke Kaffeg\u00e5rdar"}]},{"@type":"WebSite","@id":"https:\/\/fika.paris\/sv\/#website","url":"https:\/\/fika.paris\/sv\/","name":"Fika Paris","description":"Un petit g\u00f4ut de Su\u00e8de \u00e0 Paris","publisher":{"@id":"https:\/\/fika.paris\/sv\/#organization"},"potentialAction":[{"@type":"SearchAction","target":{"@type":"EntryPoint","urlTemplate":"https:\/\/fika.paris\/sv\/?s={search_term_string}"},"query-input":{"@type":"PropertyValueSpecification","valueRequired":true,"valueName":"search_term_string"}}],"inLanguage":"sv-SE"},{"@type":"Organization","@id":"https:\/\/fika.paris\/sv\/#organization","name":"Fika Paris","url":"https:\/\/fika.paris\/sv\/","logo":{"@type":"ImageObject","inLanguage":"sv-SE","@id":"https:\/\/fika.paris\/sv\/#\/schema\/logo\/image\/","url":"https:\/\/fika.paris\/wp-content\/uploads\/2025\/09\/cropped-logofika_detoure-scaled-1.png","contentUrl":"https:\/\/fika.paris\/wp-content\/uploads\/2025\/09\/cropped-logofika_detoure-scaled-1.png","width":2273,"height":953,"caption":"Fika Paris"},"image":{"@id":"https:\/\/fika.paris\/sv\/#\/schema\/logo\/image\/"}}]}},"_links":{"self":[{"href":"https:\/\/fika.paris\/sv\/wp-json\/wp\/v2\/product\/1383","targetHints":{"allow":["GET"]}}],"collection":[{"href":"https:\/\/fika.paris\/sv\/wp-json\/wp\/v2\/product"}],"about":[{"href":"https:\/\/fika.paris\/sv\/wp-json\/wp\/v2\/types\/product"}],"wp:featuredmedia":[{"embeddable":true,"href":"https:\/\/fika.paris\/sv\/wp-json\/wp\/v2\/media\/1384"}],"wp:attachment":[{"href":"https:\/\/fika.paris\/sv\/wp-json\/wp\/v2\/media?parent=1383"}],"wp:term":[{"taxonomy":"product_brand","embeddable":true,"href":"https:\/\/fika.paris\/sv\/wp-json\/wp\/v2\/product_brand?post=1383"},{"taxonomy":"product_cat","embeddable":true,"href":"https:\/\/fika.paris\/sv\/wp-json\/wp\/v2\/product_cat?post=1383"},{"taxonomy":"product_tag","embeddable":true,"href":"https:\/\/fika.paris\/sv\/wp-json\/wp\/v2\/product_tag?post=1383"}],"curies":[{"name":"wp","href":"https:\/\/api.w.org\/{rel}","templated":true}]}}