{"id":1275,"date":"2025-12-15T14:48:18","date_gmt":"2025-12-15T13:48:18","guid":{"rendered":"https:\/\/fika.paris\/produit\/granskottolja-hogtorp-gard\/"},"modified":"2026-02-26T16:27:11","modified_gmt":"2026-02-26T15:27:11","slug":"granskottolja-hogtorp-gard","status":"publish","type":"product","link":"https:\/\/fika.paris\/sv\/produit\/granskottolja-hogtorp-gard\/","title":{"rendered":"Granskottolja &#8211; H\u00f6gtorp G\u00e5rd"},"content":{"rendered":"<p>Granskottsolja \u00e4r en stors\u00e4ljare fr\u00e5n H\u00f6gtorp G\u00e5rd. Den ger en smak av skog till alla era anr\u00e4ttningar och typiska nordiska r\u00e5varor som vilt, r\u00f6kt fisk, ost, b\u00e4r och svamp. <\/p>\n<p>Serverades vid Nobelbanketten 2019. Ett m\u00e5ste! <\/p>\n<p>Anv\u00e4nds kall som smaks\u00e4ttare. Ekologisk, rapsolja, granskott, 100 ml. <\/p>\n<p><strong><em>H\u00f6gtorp G\u00e5rd<\/em><\/strong>, bel\u00e4get i S\u00f6rmland, \u00e4r en ekologiskt certifierad g\u00e5rd d\u00e4r vilda v\u00e4xter och svampar sk\u00f6rdas och f\u00f6r\u00e4dlas direkt p\u00e5 \u00e4gorna. Genom en unik kombination av vetenskaplig kunskap och respekt f\u00f6r naturen skapas rena produkter med rika smaker. <\/p>\n<p>&nbsp;<\/p>\n","protected":false},"excerpt":{"rendered":"<p><strong>H\u00f6gtorp G\u00e5rd<\/strong>, bel\u00e4get i S\u00f6rmland, \u00e4r en KRAV-certifierad g\u00e5rd d\u00e4r vilda v\u00e4xter och svampar sk\u00f6rdas och f\u00f6r\u00e4dlas p\u00e5 g\u00e5rdens marker. Genom en unik kombination av vetenskaplig kunskap och respekt f\u00f6r naturen skapas rena och smakrika produkter. <\/p>\n","protected":false},"featured_media":1278,"template":"","meta":[],"product_brand":[96],"product_cat":[75,74],"product_tag":[],"class_list":{"0":"post-1275","1":"product","2":"type-product","3":"status-publish","4":"has-post-thumbnail","6":"product_brand-hogtorp-gard","7":"product_cat-oljor-marinader-siraper","8":"product_cat-skafferi","10":"first","11":"instock","12":"taxable","13":"shipping-taxable","14":"purchasable","15":"product-type-simple"},"yoast_head":"<!-- This site is optimized with the Yoast SEO plugin v27.2 - https:\/\/yoast.com\/product\/yoast-seo-wordpress\/ -->\n<title>Granskottolja - H\u00f6gtorp G\u00e5rd - Fika Paris<\/title>\n<meta name=\"robots\" content=\"index, follow, max-snippet:-1, max-image-preview:large, max-video-preview:-1\" \/>\n<link rel=\"canonical\" href=\"https:\/\/fika.paris\/sv\/produit\/granskottolja-hogtorp-gard\/\" \/>\n<meta property=\"og:locale\" content=\"sv_SE\" \/>\n<meta property=\"og:type\" content=\"article\" \/>\n<meta property=\"og:title\" content=\"Granskottolja - H\u00f6gtorp G\u00e5rd - Fika Paris\" \/>\n<meta property=\"og:description\" content=\"H\u00f6gtorp G\u00e5rd, bel\u00e4get i S\u00f6rmland, \u00e4r en KRAV-certifierad g\u00e5rd d\u00e4r vilda v\u00e4xter och svampar sk\u00f6rdas och f\u00f6r\u00e4dlas p\u00e5 g\u00e5rdens marker. Genom en unik kombination av vetenskaplig kunskap och respekt f\u00f6r naturen skapas rena och smakrika produkter.\" \/>\n<meta property=\"og:url\" content=\"https:\/\/fika.paris\/sv\/produit\/granskottolja-hogtorp-gard\/\" \/>\n<meta property=\"og:site_name\" content=\"Fika Paris\" \/>\n<meta property=\"article:modified_time\" content=\"2026-02-26T15:27:11+00:00\" \/>\n<meta property=\"og:image\" content=\"https:\/\/fika.paris\/wp-content\/uploads\/2025\/10\/granskottsolja-scaled.jpg\" \/>\n\t<meta property=\"og:image:width\" content=\"1707\" \/>\n\t<meta property=\"og:image:height\" content=\"2560\" \/>\n\t<meta property=\"og:image:type\" content=\"image\/jpeg\" \/>\n<meta name=\"twitter:card\" content=\"summary_large_image\" \/>\n<meta name=\"twitter:label1\" content=\"Ber\u00e4knad l\u00e4stid\" \/>\n\t<meta name=\"twitter:data1\" content=\"1 minut\" \/>\n<script type=\"application\/ld+json\" class=\"yoast-schema-graph\">{\"@context\":\"https:\/\/schema.org\",\"@graph\":[{\"@type\":\"WebPage\",\"@id\":\"https:\/\/fika.paris\/sv\/produit\/granskottolja-hogtorp-gard\/\",\"url\":\"https:\/\/fika.paris\/sv\/produit\/granskottolja-hogtorp-gard\/\",\"name\":\"Granskottolja - H\u00f6gtorp G\u00e5rd - Fika Paris\",\"isPartOf\":{\"@id\":\"https:\/\/fika.paris\/sv\/#website\"},\"primaryImageOfPage\":{\"@id\":\"https:\/\/fika.paris\/sv\/produit\/granskottolja-hogtorp-gard\/#primaryimage\"},\"image\":{\"@id\":\"https:\/\/fika.paris\/sv\/produit\/granskottolja-hogtorp-gard\/#primaryimage\"},\"thumbnailUrl\":\"https:\/\/fika.paris\/wp-content\/uploads\/2025\/10\/granskottsolja-scaled.jpg\",\"datePublished\":\"2025-12-15T13:48:18+00:00\",\"dateModified\":\"2026-02-26T15:27:11+00:00\",\"breadcrumb\":{\"@id\":\"https:\/\/fika.paris\/sv\/produit\/granskottolja-hogtorp-gard\/#breadcrumb\"},\"inLanguage\":\"sv-SE\",\"potentialAction\":[{\"@type\":\"ReadAction\",\"target\":[\"https:\/\/fika.paris\/sv\/produit\/granskottolja-hogtorp-gard\/\"]}]},{\"@type\":\"ImageObject\",\"inLanguage\":\"sv-SE\",\"@id\":\"https:\/\/fika.paris\/sv\/produit\/granskottolja-hogtorp-gard\/#primaryimage\",\"url\":\"https:\/\/fika.paris\/wp-content\/uploads\/2025\/10\/granskottsolja-scaled.jpg\",\"contentUrl\":\"https:\/\/fika.paris\/wp-content\/uploads\/2025\/10\/granskottsolja-scaled.jpg\",\"width\":1707,\"height\":2560},{\"@type\":\"BreadcrumbList\",\"@id\":\"https:\/\/fika.paris\/sv\/produit\/granskottolja-hogtorp-gard\/#breadcrumb\",\"itemListElement\":[{\"@type\":\"ListItem\",\"position\":1,\"name\":\"Accueil\",\"item\":\"https:\/\/fika.paris\/sv\/en-liten-smak-av-sverige-i-paris\/\"},{\"@type\":\"ListItem\",\"position\":2,\"name\":\"Butik\",\"item\":\"https:\/\/fika.paris\/sv\/butik\/\"},{\"@type\":\"ListItem\",\"position\":3,\"name\":\"Granskottolja &#8211; H\u00f6gtorp G\u00e5rd\"}]},{\"@type\":\"WebSite\",\"@id\":\"https:\/\/fika.paris\/sv\/#website\",\"url\":\"https:\/\/fika.paris\/sv\/\",\"name\":\"Fika Paris\",\"description\":\"Un petit g\u00f4ut de Su\u00e8de \u00e0 Paris\",\"publisher\":{\"@id\":\"https:\/\/fika.paris\/sv\/#organization\"},\"potentialAction\":[{\"@type\":\"SearchAction\",\"target\":{\"@type\":\"EntryPoint\",\"urlTemplate\":\"https:\/\/fika.paris\/sv\/?s={search_term_string}\"},\"query-input\":{\"@type\":\"PropertyValueSpecification\",\"valueRequired\":true,\"valueName\":\"search_term_string\"}}],\"inLanguage\":\"sv-SE\"},{\"@type\":\"Organization\",\"@id\":\"https:\/\/fika.paris\/sv\/#organization\",\"name\":\"Fika Paris\",\"url\":\"https:\/\/fika.paris\/sv\/\",\"logo\":{\"@type\":\"ImageObject\",\"inLanguage\":\"sv-SE\",\"@id\":\"https:\/\/fika.paris\/sv\/#\/schema\/logo\/image\/\",\"url\":\"https:\/\/fika.paris\/wp-content\/uploads\/2025\/09\/cropped-logofika_detoure-scaled-1.png\",\"contentUrl\":\"https:\/\/fika.paris\/wp-content\/uploads\/2025\/09\/cropped-logofika_detoure-scaled-1.png\",\"width\":2273,\"height\":953,\"caption\":\"Fika Paris\"},\"image\":{\"@id\":\"https:\/\/fika.paris\/sv\/#\/schema\/logo\/image\/\"}}]}<\/script>\n<!-- \/ Yoast SEO plugin. -->","yoast_head_json":{"title":"Granskottolja - H\u00f6gtorp G\u00e5rd - Fika Paris","robots":{"index":"index","follow":"follow","max-snippet":"max-snippet:-1","max-image-preview":"max-image-preview:large","max-video-preview":"max-video-preview:-1"},"canonical":"https:\/\/fika.paris\/sv\/produit\/granskottolja-hogtorp-gard\/","og_locale":"sv_SE","og_type":"article","og_title":"Granskottolja - H\u00f6gtorp G\u00e5rd - Fika Paris","og_description":"H\u00f6gtorp G\u00e5rd, bel\u00e4get i S\u00f6rmland, \u00e4r en KRAV-certifierad g\u00e5rd d\u00e4r vilda v\u00e4xter och svampar sk\u00f6rdas och f\u00f6r\u00e4dlas p\u00e5 g\u00e5rdens marker. Genom en unik kombination av vetenskaplig kunskap och respekt f\u00f6r naturen skapas rena och smakrika produkter.","og_url":"https:\/\/fika.paris\/sv\/produit\/granskottolja-hogtorp-gard\/","og_site_name":"Fika Paris","article_modified_time":"2026-02-26T15:27:11+00:00","og_image":[{"width":1707,"height":2560,"url":"https:\/\/fika.paris\/wp-content\/uploads\/2025\/10\/granskottsolja-scaled.jpg","type":"image\/jpeg"}],"twitter_card":"summary_large_image","twitter_misc":{"Ber\u00e4knad l\u00e4stid":"1 minut"},"schema":{"@context":"https:\/\/schema.org","@graph":[{"@type":"WebPage","@id":"https:\/\/fika.paris\/sv\/produit\/granskottolja-hogtorp-gard\/","url":"https:\/\/fika.paris\/sv\/produit\/granskottolja-hogtorp-gard\/","name":"Granskottolja - H\u00f6gtorp G\u00e5rd - Fika Paris","isPartOf":{"@id":"https:\/\/fika.paris\/sv\/#website"},"primaryImageOfPage":{"@id":"https:\/\/fika.paris\/sv\/produit\/granskottolja-hogtorp-gard\/#primaryimage"},"image":{"@id":"https:\/\/fika.paris\/sv\/produit\/granskottolja-hogtorp-gard\/#primaryimage"},"thumbnailUrl":"https:\/\/fika.paris\/wp-content\/uploads\/2025\/10\/granskottsolja-scaled.jpg","datePublished":"2025-12-15T13:48:18+00:00","dateModified":"2026-02-26T15:27:11+00:00","breadcrumb":{"@id":"https:\/\/fika.paris\/sv\/produit\/granskottolja-hogtorp-gard\/#breadcrumb"},"inLanguage":"sv-SE","potentialAction":[{"@type":"ReadAction","target":["https:\/\/fika.paris\/sv\/produit\/granskottolja-hogtorp-gard\/"]}]},{"@type":"ImageObject","inLanguage":"sv-SE","@id":"https:\/\/fika.paris\/sv\/produit\/granskottolja-hogtorp-gard\/#primaryimage","url":"https:\/\/fika.paris\/wp-content\/uploads\/2025\/10\/granskottsolja-scaled.jpg","contentUrl":"https:\/\/fika.paris\/wp-content\/uploads\/2025\/10\/granskottsolja-scaled.jpg","width":1707,"height":2560},{"@type":"BreadcrumbList","@id":"https:\/\/fika.paris\/sv\/produit\/granskottolja-hogtorp-gard\/#breadcrumb","itemListElement":[{"@type":"ListItem","position":1,"name":"Accueil","item":"https:\/\/fika.paris\/sv\/en-liten-smak-av-sverige-i-paris\/"},{"@type":"ListItem","position":2,"name":"Butik","item":"https:\/\/fika.paris\/sv\/butik\/"},{"@type":"ListItem","position":3,"name":"Granskottolja &#8211; H\u00f6gtorp G\u00e5rd"}]},{"@type":"WebSite","@id":"https:\/\/fika.paris\/sv\/#website","url":"https:\/\/fika.paris\/sv\/","name":"Fika Paris","description":"Un petit g\u00f4ut de Su\u00e8de \u00e0 Paris","publisher":{"@id":"https:\/\/fika.paris\/sv\/#organization"},"potentialAction":[{"@type":"SearchAction","target":{"@type":"EntryPoint","urlTemplate":"https:\/\/fika.paris\/sv\/?s={search_term_string}"},"query-input":{"@type":"PropertyValueSpecification","valueRequired":true,"valueName":"search_term_string"}}],"inLanguage":"sv-SE"},{"@type":"Organization","@id":"https:\/\/fika.paris\/sv\/#organization","name":"Fika Paris","url":"https:\/\/fika.paris\/sv\/","logo":{"@type":"ImageObject","inLanguage":"sv-SE","@id":"https:\/\/fika.paris\/sv\/#\/schema\/logo\/image\/","url":"https:\/\/fika.paris\/wp-content\/uploads\/2025\/09\/cropped-logofika_detoure-scaled-1.png","contentUrl":"https:\/\/fika.paris\/wp-content\/uploads\/2025\/09\/cropped-logofika_detoure-scaled-1.png","width":2273,"height":953,"caption":"Fika Paris"},"image":{"@id":"https:\/\/fika.paris\/sv\/#\/schema\/logo\/image\/"}}]}},"_links":{"self":[{"href":"https:\/\/fika.paris\/sv\/wp-json\/wp\/v2\/product\/1275","targetHints":{"allow":["GET"]}}],"collection":[{"href":"https:\/\/fika.paris\/sv\/wp-json\/wp\/v2\/product"}],"about":[{"href":"https:\/\/fika.paris\/sv\/wp-json\/wp\/v2\/types\/product"}],"wp:featuredmedia":[{"embeddable":true,"href":"https:\/\/fika.paris\/sv\/wp-json\/wp\/v2\/media\/1278"}],"wp:attachment":[{"href":"https:\/\/fika.paris\/sv\/wp-json\/wp\/v2\/media?parent=1275"}],"wp:term":[{"taxonomy":"product_brand","embeddable":true,"href":"https:\/\/fika.paris\/sv\/wp-json\/wp\/v2\/product_brand?post=1275"},{"taxonomy":"product_cat","embeddable":true,"href":"https:\/\/fika.paris\/sv\/wp-json\/wp\/v2\/product_cat?post=1275"},{"taxonomy":"product_tag","embeddable":true,"href":"https:\/\/fika.paris\/sv\/wp-json\/wp\/v2\/product_tag?post=1275"}],"curies":[{"name":"wp","href":"https:\/\/api.w.org\/{rel}","templated":true}]}}