{"id":1267,"date":"2025-12-30T13:38:58","date_gmt":"2025-12-30T12:38:58","guid":{"rendered":"https:\/\/fika.paris\/produit\/slanbar-inlagda-hogtorp-gard\/"},"modified":"2026-02-26T16:13:43","modified_gmt":"2026-02-26T15:13:43","slug":"slanbar-inlagda-hogtorp-gard","status":"publish","type":"product","link":"https:\/\/fika.paris\/sv\/produit\/slanbar-inlagda-hogtorp-gard\/","title":{"rendered":"Pruneller &#8211; H\u00f6gtorp G\u00e5rd"},"content":{"rendered":"<p>Ekologiska sl\u00e5nb\u00e4r fr\u00e5n L\u00e9nas skog l\u00e4ggs i lag precis som oliver. Dessa sm\u00e5 gr\u00f6na, k\u00e4rnfria plommon har sedan dess blivit v\u00e5ra \u201dsvenska oliver\u201d. <br data-start=\"181\" data-end=\"184\">Fermenterade och marinerade, med en balans mellan s\u00e4lta, syra och s\u00f6tma. Idealiska till svenska charkuterier, ostar och nordiska smaker. Perfekta \u00e4ven i drinkar och cocktails.  <\/p>\n<p>Burken inneh\u00e5ller 120 g.<\/p>\n<p><strong><em>H\u00f6gtorp G\u00e5rd<\/em><\/strong>, bel\u00e4get i S\u00f6rmland, \u00e4r en ekologiskt certifierad g\u00e5rd d\u00e4r vilda v\u00e4xter och svampar sk\u00f6rdas och f\u00f6r\u00e4dlas direkt p\u00e5 \u00e4gorna. Genom en unik kombination av vetenskaplig kunskap och respekt f\u00f6r naturen skapas rena produkter med rika smaker. <\/p>\n<p>&nbsp;<\/p>\n","protected":false},"excerpt":{"rendered":"<p>Ekologiska sl\u00e5nb\u00e4r fr\u00e5n L\u00e9nas skog l\u00e4ggs i lag precis som oliver. Dessa sm\u00e5 gr\u00f6na, k\u00e4rnfria plommon har sedan dess blivit v\u00e5ra \u201dsvenska oliver\u201d. Fermenterade och marinerade, med en balans mellan s\u00e4lta, syra och s\u00f6tma. Idealiska till svenska charkuterier, ostar och nordiska smaker. Perfekta \u00e4ven i drinkar och cocktails. Burken inneh\u00e5ller 120 g. H\u00f6gtorp G\u00e5rd, bel\u00e4get [&hellip;]<\/p>\n","protected":false},"featured_media":1268,"template":"","meta":[],"product_brand":[96],"product_cat":[75,74],"product_tag":[],"class_list":{"0":"post-1267","1":"product","2":"type-product","3":"status-publish","4":"has-post-thumbnail","6":"product_brand-hogtorp-gard","7":"product_cat-oljor-marinader-siraper","8":"product_cat-skafferi","10":"first","11":"instock","12":"taxable","13":"shipping-taxable","14":"purchasable","15":"product-type-simple"},"yoast_head":"<!-- This site is optimized with the Yoast SEO plugin v27.2 - https:\/\/yoast.com\/product\/yoast-seo-wordpress\/ -->\n<title>Pruneller - H\u00f6gtorp G\u00e5rd - Fika Paris<\/title>\n<meta name=\"robots\" content=\"index, follow, max-snippet:-1, max-image-preview:large, max-video-preview:-1\" \/>\n<link rel=\"canonical\" href=\"https:\/\/fika.paris\/sv\/produit\/slanbar-inlagda-hogtorp-gard\/\" \/>\n<meta property=\"og:locale\" content=\"sv_SE\" \/>\n<meta property=\"og:type\" content=\"article\" \/>\n<meta property=\"og:title\" content=\"Pruneller - H\u00f6gtorp G\u00e5rd - Fika Paris\" \/>\n<meta property=\"og:description\" content=\"Ekologiska sl\u00e5nb\u00e4r fr\u00e5n L\u00e9nas skog l\u00e4ggs i lag precis som oliver. Dessa sm\u00e5 gr\u00f6na, k\u00e4rnfria plommon har sedan dess blivit v\u00e5ra \u201dsvenska oliver\u201d. Fermenterade och marinerade, med en balans mellan s\u00e4lta, syra och s\u00f6tma. Idealiska till svenska charkuterier, ostar och nordiska smaker. Perfekta \u00e4ven i drinkar och cocktails. Burken inneh\u00e5ller 120 g. H\u00f6gtorp G\u00e5rd, bel\u00e4get [&hellip;]\" \/>\n<meta property=\"og:url\" content=\"https:\/\/fika.paris\/sv\/produit\/slanbar-inlagda-hogtorp-gard\/\" \/>\n<meta property=\"og:site_name\" content=\"Fika Paris\" \/>\n<meta property=\"article:modified_time\" content=\"2026-02-26T15:13:43+00:00\" \/>\n<meta property=\"og:image\" content=\"https:\/\/fika.paris\/wp-content\/uploads\/2025\/09\/pruneller-scaled.jpeg\" \/>\n\t<meta property=\"og:image:width\" content=\"1707\" \/>\n\t<meta property=\"og:image:height\" content=\"2560\" \/>\n\t<meta property=\"og:image:type\" content=\"image\/jpeg\" \/>\n<meta name=\"twitter:card\" content=\"summary_large_image\" \/>\n<meta name=\"twitter:label1\" content=\"Ber\u00e4knad l\u00e4stid\" \/>\n\t<meta name=\"twitter:data1\" content=\"1 minut\" \/>\n<script type=\"application\/ld+json\" class=\"yoast-schema-graph\">{\"@context\":\"https:\/\/schema.org\",\"@graph\":[{\"@type\":\"WebPage\",\"@id\":\"https:\/\/fika.paris\/sv\/produit\/slanbar-inlagda-hogtorp-gard\/\",\"url\":\"https:\/\/fika.paris\/sv\/produit\/slanbar-inlagda-hogtorp-gard\/\",\"name\":\"Pruneller - H\u00f6gtorp G\u00e5rd - Fika Paris\",\"isPartOf\":{\"@id\":\"https:\/\/fika.paris\/sv\/#website\"},\"primaryImageOfPage\":{\"@id\":\"https:\/\/fika.paris\/sv\/produit\/slanbar-inlagda-hogtorp-gard\/#primaryimage\"},\"image\":{\"@id\":\"https:\/\/fika.paris\/sv\/produit\/slanbar-inlagda-hogtorp-gard\/#primaryimage\"},\"thumbnailUrl\":\"https:\/\/fika.paris\/wp-content\/uploads\/2025\/09\/pruneller-scaled.jpeg\",\"datePublished\":\"2025-12-30T12:38:58+00:00\",\"dateModified\":\"2026-02-26T15:13:43+00:00\",\"breadcrumb\":{\"@id\":\"https:\/\/fika.paris\/sv\/produit\/slanbar-inlagda-hogtorp-gard\/#breadcrumb\"},\"inLanguage\":\"sv-SE\",\"potentialAction\":[{\"@type\":\"ReadAction\",\"target\":[\"https:\/\/fika.paris\/sv\/produit\/slanbar-inlagda-hogtorp-gard\/\"]}]},{\"@type\":\"ImageObject\",\"inLanguage\":\"sv-SE\",\"@id\":\"https:\/\/fika.paris\/sv\/produit\/slanbar-inlagda-hogtorp-gard\/#primaryimage\",\"url\":\"https:\/\/fika.paris\/wp-content\/uploads\/2025\/09\/pruneller-scaled.jpeg\",\"contentUrl\":\"https:\/\/fika.paris\/wp-content\/uploads\/2025\/09\/pruneller-scaled.jpeg\",\"width\":1707,\"height\":2560},{\"@type\":\"BreadcrumbList\",\"@id\":\"https:\/\/fika.paris\/sv\/produit\/slanbar-inlagda-hogtorp-gard\/#breadcrumb\",\"itemListElement\":[{\"@type\":\"ListItem\",\"position\":1,\"name\":\"Accueil\",\"item\":\"https:\/\/fika.paris\/sv\/en-liten-smak-av-sverige-i-paris\/\"},{\"@type\":\"ListItem\",\"position\":2,\"name\":\"Butik\",\"item\":\"https:\/\/fika.paris\/sv\/butik\/\"},{\"@type\":\"ListItem\",\"position\":3,\"name\":\"Pruneller &#8211; H\u00f6gtorp G\u00e5rd\"}]},{\"@type\":\"WebSite\",\"@id\":\"https:\/\/fika.paris\/sv\/#website\",\"url\":\"https:\/\/fika.paris\/sv\/\",\"name\":\"Fika Paris\",\"description\":\"Un petit g\u00f4ut de Su\u00e8de \u00e0 Paris\",\"publisher\":{\"@id\":\"https:\/\/fika.paris\/sv\/#organization\"},\"potentialAction\":[{\"@type\":\"SearchAction\",\"target\":{\"@type\":\"EntryPoint\",\"urlTemplate\":\"https:\/\/fika.paris\/sv\/?s={search_term_string}\"},\"query-input\":{\"@type\":\"PropertyValueSpecification\",\"valueRequired\":true,\"valueName\":\"search_term_string\"}}],\"inLanguage\":\"sv-SE\"},{\"@type\":\"Organization\",\"@id\":\"https:\/\/fika.paris\/sv\/#organization\",\"name\":\"Fika Paris\",\"url\":\"https:\/\/fika.paris\/sv\/\",\"logo\":{\"@type\":\"ImageObject\",\"inLanguage\":\"sv-SE\",\"@id\":\"https:\/\/fika.paris\/sv\/#\/schema\/logo\/image\/\",\"url\":\"https:\/\/fika.paris\/wp-content\/uploads\/2025\/09\/cropped-logofika_detoure-scaled-1.png\",\"contentUrl\":\"https:\/\/fika.paris\/wp-content\/uploads\/2025\/09\/cropped-logofika_detoure-scaled-1.png\",\"width\":2273,\"height\":953,\"caption\":\"Fika Paris\"},\"image\":{\"@id\":\"https:\/\/fika.paris\/sv\/#\/schema\/logo\/image\/\"}}]}<\/script>\n<!-- \/ Yoast SEO plugin. -->","yoast_head_json":{"title":"Pruneller - H\u00f6gtorp G\u00e5rd - Fika Paris","robots":{"index":"index","follow":"follow","max-snippet":"max-snippet:-1","max-image-preview":"max-image-preview:large","max-video-preview":"max-video-preview:-1"},"canonical":"https:\/\/fika.paris\/sv\/produit\/slanbar-inlagda-hogtorp-gard\/","og_locale":"sv_SE","og_type":"article","og_title":"Pruneller - H\u00f6gtorp G\u00e5rd - Fika Paris","og_description":"Ekologiska sl\u00e5nb\u00e4r fr\u00e5n L\u00e9nas skog l\u00e4ggs i lag precis som oliver. Dessa sm\u00e5 gr\u00f6na, k\u00e4rnfria plommon har sedan dess blivit v\u00e5ra \u201dsvenska oliver\u201d. Fermenterade och marinerade, med en balans mellan s\u00e4lta, syra och s\u00f6tma. Idealiska till svenska charkuterier, ostar och nordiska smaker. Perfekta \u00e4ven i drinkar och cocktails. Burken inneh\u00e5ller 120 g. H\u00f6gtorp G\u00e5rd, bel\u00e4get [&hellip;]","og_url":"https:\/\/fika.paris\/sv\/produit\/slanbar-inlagda-hogtorp-gard\/","og_site_name":"Fika Paris","article_modified_time":"2026-02-26T15:13:43+00:00","og_image":[{"width":1707,"height":2560,"url":"https:\/\/fika.paris\/wp-content\/uploads\/2025\/09\/pruneller-scaled.jpeg","type":"image\/jpeg"}],"twitter_card":"summary_large_image","twitter_misc":{"Ber\u00e4knad l\u00e4stid":"1 minut"},"schema":{"@context":"https:\/\/schema.org","@graph":[{"@type":"WebPage","@id":"https:\/\/fika.paris\/sv\/produit\/slanbar-inlagda-hogtorp-gard\/","url":"https:\/\/fika.paris\/sv\/produit\/slanbar-inlagda-hogtorp-gard\/","name":"Pruneller - H\u00f6gtorp G\u00e5rd - Fika Paris","isPartOf":{"@id":"https:\/\/fika.paris\/sv\/#website"},"primaryImageOfPage":{"@id":"https:\/\/fika.paris\/sv\/produit\/slanbar-inlagda-hogtorp-gard\/#primaryimage"},"image":{"@id":"https:\/\/fika.paris\/sv\/produit\/slanbar-inlagda-hogtorp-gard\/#primaryimage"},"thumbnailUrl":"https:\/\/fika.paris\/wp-content\/uploads\/2025\/09\/pruneller-scaled.jpeg","datePublished":"2025-12-30T12:38:58+00:00","dateModified":"2026-02-26T15:13:43+00:00","breadcrumb":{"@id":"https:\/\/fika.paris\/sv\/produit\/slanbar-inlagda-hogtorp-gard\/#breadcrumb"},"inLanguage":"sv-SE","potentialAction":[{"@type":"ReadAction","target":["https:\/\/fika.paris\/sv\/produit\/slanbar-inlagda-hogtorp-gard\/"]}]},{"@type":"ImageObject","inLanguage":"sv-SE","@id":"https:\/\/fika.paris\/sv\/produit\/slanbar-inlagda-hogtorp-gard\/#primaryimage","url":"https:\/\/fika.paris\/wp-content\/uploads\/2025\/09\/pruneller-scaled.jpeg","contentUrl":"https:\/\/fika.paris\/wp-content\/uploads\/2025\/09\/pruneller-scaled.jpeg","width":1707,"height":2560},{"@type":"BreadcrumbList","@id":"https:\/\/fika.paris\/sv\/produit\/slanbar-inlagda-hogtorp-gard\/#breadcrumb","itemListElement":[{"@type":"ListItem","position":1,"name":"Accueil","item":"https:\/\/fika.paris\/sv\/en-liten-smak-av-sverige-i-paris\/"},{"@type":"ListItem","position":2,"name":"Butik","item":"https:\/\/fika.paris\/sv\/butik\/"},{"@type":"ListItem","position":3,"name":"Pruneller &#8211; H\u00f6gtorp G\u00e5rd"}]},{"@type":"WebSite","@id":"https:\/\/fika.paris\/sv\/#website","url":"https:\/\/fika.paris\/sv\/","name":"Fika Paris","description":"Un petit g\u00f4ut de Su\u00e8de \u00e0 Paris","publisher":{"@id":"https:\/\/fika.paris\/sv\/#organization"},"potentialAction":[{"@type":"SearchAction","target":{"@type":"EntryPoint","urlTemplate":"https:\/\/fika.paris\/sv\/?s={search_term_string}"},"query-input":{"@type":"PropertyValueSpecification","valueRequired":true,"valueName":"search_term_string"}}],"inLanguage":"sv-SE"},{"@type":"Organization","@id":"https:\/\/fika.paris\/sv\/#organization","name":"Fika Paris","url":"https:\/\/fika.paris\/sv\/","logo":{"@type":"ImageObject","inLanguage":"sv-SE","@id":"https:\/\/fika.paris\/sv\/#\/schema\/logo\/image\/","url":"https:\/\/fika.paris\/wp-content\/uploads\/2025\/09\/cropped-logofika_detoure-scaled-1.png","contentUrl":"https:\/\/fika.paris\/wp-content\/uploads\/2025\/09\/cropped-logofika_detoure-scaled-1.png","width":2273,"height":953,"caption":"Fika Paris"},"image":{"@id":"https:\/\/fika.paris\/sv\/#\/schema\/logo\/image\/"}}]}},"_links":{"self":[{"href":"https:\/\/fika.paris\/sv\/wp-json\/wp\/v2\/product\/1267","targetHints":{"allow":["GET"]}}],"collection":[{"href":"https:\/\/fika.paris\/sv\/wp-json\/wp\/v2\/product"}],"about":[{"href":"https:\/\/fika.paris\/sv\/wp-json\/wp\/v2\/types\/product"}],"wp:featuredmedia":[{"embeddable":true,"href":"https:\/\/fika.paris\/sv\/wp-json\/wp\/v2\/media\/1268"}],"wp:attachment":[{"href":"https:\/\/fika.paris\/sv\/wp-json\/wp\/v2\/media?parent=1267"}],"wp:term":[{"taxonomy":"product_brand","embeddable":true,"href":"https:\/\/fika.paris\/sv\/wp-json\/wp\/v2\/product_brand?post=1267"},{"taxonomy":"product_cat","embeddable":true,"href":"https:\/\/fika.paris\/sv\/wp-json\/wp\/v2\/product_cat?post=1267"},{"taxonomy":"product_tag","embeddable":true,"href":"https:\/\/fika.paris\/sv\/wp-json\/wp\/v2\/product_tag?post=1267"}],"curies":[{"name":"wp","href":"https:\/\/api.w.org\/{rel}","templated":true}]}}