{"id":1263,"date":"2025-12-30T12:44:39","date_gmt":"2025-12-30T11:44:39","guid":{"rendered":"https:\/\/fika.paris\/produit\/parlsocker-dansukker\/"},"modified":"2026-02-26T16:15:57","modified_gmt":"2026-02-26T15:15:57","slug":"parlsocker-dansukker","status":"publish","type":"product","link":"https:\/\/fika.paris\/sv\/produit\/parlsocker-dansukker\/","title":{"rendered":"P\u00e4rlsocker \u2013 Dansukker"},"content":{"rendered":"<p data-start=\"84\" data-end=\"326\">En klassiker i Sverige och en viktig ingrediens i m\u00e5nga traditionella bakverk. Detta p\u00e4rlsocker fr\u00e5n Dansukker ger ett krisp och en autentisk textur till kanelbullar, vetebr\u00f6d och andra svenska godsaker. <\/p>\n<p data-start=\"84\" data-end=\"326\">Till skillnad fr\u00e5n p\u00e4rlsocker som finns i Frankrike beh\u00e5ller detta sin vithet vid gr\u00e4ddning och blir inte genomskinligt.<\/p>\n<p data-start=\"84\" data-end=\"326\"><em><strong>Dansukker<\/strong><\/em> \u00e4r ett ledande nordiskt varum\u00e4rke med en l\u00e5ng historia inom sockerproduktion. De erbjuder ett brett sortiment av s\u00f6ta produkter, fr\u00e5n str\u00f6socker till sirap, med fokus p\u00e5 kvalitet och h\u00e5llbarhet. Dansukker samarbetar n\u00e4ra med svenska lantbrukare och erbjuder flera produkter m\u00e4rkta &#8221;Fr\u00e5n Sverige&#8221;.  <\/p>\n","protected":false},"excerpt":{"rendered":"<p>En klassiker i Sverige och en viktig ingrediens i m\u00e5nga traditionella bakverk. Detta p\u00e4rlsocker fr\u00e5n Dansukker ger ett krisp och en autentisk textur till kanelbullar, vetebr\u00f6d och andra svenska godsaker. Till skillnad fr\u00e5n p\u00e4rlsocker som finns i Frankrike beh\u00e5ller detta sin vithet vid gr\u00e4ddning och blir inte genomskinligt. Dansukker \u00e4r ett ledande nordiskt varum\u00e4rke med [&hellip;]<\/p>\n","protected":false},"featured_media":1264,"template":"","meta":[],"product_brand":[118],"product_cat":[74],"product_tag":[],"class_list":{"0":"post-1263","1":"product","2":"type-product","3":"status-publish","4":"has-post-thumbnail","6":"product_brand-dansukker","7":"product_cat-skafferi","9":"first","10":"instock","11":"taxable","12":"shipping-taxable","13":"purchasable","14":"product-type-simple"},"yoast_head":"<!-- This site is optimized with the Yoast SEO plugin v27.2 - https:\/\/yoast.com\/product\/yoast-seo-wordpress\/ -->\n<title>P\u00e4rlsocker \u2013 Dansukker - Fika Paris<\/title>\n<meta name=\"robots\" content=\"index, follow, max-snippet:-1, max-image-preview:large, max-video-preview:-1\" \/>\n<link rel=\"canonical\" href=\"https:\/\/fika.paris\/sv\/produit\/parlsocker-dansukker\/\" \/>\n<meta property=\"og:locale\" content=\"sv_SE\" \/>\n<meta property=\"og:type\" content=\"article\" \/>\n<meta property=\"og:title\" content=\"P\u00e4rlsocker \u2013 Dansukker - Fika Paris\" \/>\n<meta property=\"og:description\" content=\"En klassiker i Sverige och en viktig ingrediens i m\u00e5nga traditionella bakverk. Detta p\u00e4rlsocker fr\u00e5n Dansukker ger ett krisp och en autentisk textur till kanelbullar, vetebr\u00f6d och andra svenska godsaker. Till skillnad fr\u00e5n p\u00e4rlsocker som finns i Frankrike beh\u00e5ller detta sin vithet vid gr\u00e4ddning och blir inte genomskinligt. Dansukker \u00e4r ett ledande nordiskt varum\u00e4rke med [&hellip;]\" \/>\n<meta property=\"og:url\" content=\"https:\/\/fika.paris\/sv\/produit\/parlsocker-dansukker\/\" \/>\n<meta property=\"og:site_name\" content=\"Fika Paris\" \/>\n<meta property=\"article:modified_time\" content=\"2026-02-26T15:15:57+00:00\" \/>\n<meta property=\"og:image\" content=\"https:\/\/fika.paris\/wp-content\/uploads\/2025\/09\/parlsocker-scaled.jpeg\" \/>\n\t<meta property=\"og:image:width\" content=\"1707\" \/>\n\t<meta property=\"og:image:height\" content=\"2560\" \/>\n\t<meta property=\"og:image:type\" content=\"image\/jpeg\" \/>\n<meta name=\"twitter:card\" content=\"summary_large_image\" \/>\n<meta name=\"twitter:label1\" content=\"Ber\u00e4knad l\u00e4stid\" \/>\n\t<meta name=\"twitter:data1\" content=\"1 minut\" \/>\n<script type=\"application\/ld+json\" class=\"yoast-schema-graph\">{\"@context\":\"https:\/\/schema.org\",\"@graph\":[{\"@type\":\"WebPage\",\"@id\":\"https:\/\/fika.paris\/sv\/produit\/parlsocker-dansukker\/\",\"url\":\"https:\/\/fika.paris\/sv\/produit\/parlsocker-dansukker\/\",\"name\":\"P\u00e4rlsocker \u2013 Dansukker - Fika Paris\",\"isPartOf\":{\"@id\":\"https:\/\/fika.paris\/sv\/#website\"},\"primaryImageOfPage\":{\"@id\":\"https:\/\/fika.paris\/sv\/produit\/parlsocker-dansukker\/#primaryimage\"},\"image\":{\"@id\":\"https:\/\/fika.paris\/sv\/produit\/parlsocker-dansukker\/#primaryimage\"},\"thumbnailUrl\":\"https:\/\/fika.paris\/wp-content\/uploads\/2025\/09\/parlsocker-scaled.jpeg\",\"datePublished\":\"2025-12-30T11:44:39+00:00\",\"dateModified\":\"2026-02-26T15:15:57+00:00\",\"breadcrumb\":{\"@id\":\"https:\/\/fika.paris\/sv\/produit\/parlsocker-dansukker\/#breadcrumb\"},\"inLanguage\":\"sv-SE\",\"potentialAction\":[{\"@type\":\"ReadAction\",\"target\":[\"https:\/\/fika.paris\/sv\/produit\/parlsocker-dansukker\/\"]}]},{\"@type\":\"ImageObject\",\"inLanguage\":\"sv-SE\",\"@id\":\"https:\/\/fika.paris\/sv\/produit\/parlsocker-dansukker\/#primaryimage\",\"url\":\"https:\/\/fika.paris\/wp-content\/uploads\/2025\/09\/parlsocker-scaled.jpeg\",\"contentUrl\":\"https:\/\/fika.paris\/wp-content\/uploads\/2025\/09\/parlsocker-scaled.jpeg\",\"width\":1707,\"height\":2560},{\"@type\":\"BreadcrumbList\",\"@id\":\"https:\/\/fika.paris\/sv\/produit\/parlsocker-dansukker\/#breadcrumb\",\"itemListElement\":[{\"@type\":\"ListItem\",\"position\":1,\"name\":\"Accueil\",\"item\":\"https:\/\/fika.paris\/sv\/en-liten-smak-av-sverige-i-paris\/\"},{\"@type\":\"ListItem\",\"position\":2,\"name\":\"Butik\",\"item\":\"https:\/\/fika.paris\/sv\/butik\/\"},{\"@type\":\"ListItem\",\"position\":3,\"name\":\"P\u00e4rlsocker \u2013 Dansukker\"}]},{\"@type\":\"WebSite\",\"@id\":\"https:\/\/fika.paris\/sv\/#website\",\"url\":\"https:\/\/fika.paris\/sv\/\",\"name\":\"Fika Paris\",\"description\":\"Un petit g\u00f4ut de Su\u00e8de \u00e0 Paris\",\"publisher\":{\"@id\":\"https:\/\/fika.paris\/sv\/#organization\"},\"potentialAction\":[{\"@type\":\"SearchAction\",\"target\":{\"@type\":\"EntryPoint\",\"urlTemplate\":\"https:\/\/fika.paris\/sv\/?s={search_term_string}\"},\"query-input\":{\"@type\":\"PropertyValueSpecification\",\"valueRequired\":true,\"valueName\":\"search_term_string\"}}],\"inLanguage\":\"sv-SE\"},{\"@type\":\"Organization\",\"@id\":\"https:\/\/fika.paris\/sv\/#organization\",\"name\":\"Fika Paris\",\"url\":\"https:\/\/fika.paris\/sv\/\",\"logo\":{\"@type\":\"ImageObject\",\"inLanguage\":\"sv-SE\",\"@id\":\"https:\/\/fika.paris\/sv\/#\/schema\/logo\/image\/\",\"url\":\"https:\/\/fika.paris\/wp-content\/uploads\/2025\/09\/cropped-logofika_detoure-scaled-1.png\",\"contentUrl\":\"https:\/\/fika.paris\/wp-content\/uploads\/2025\/09\/cropped-logofika_detoure-scaled-1.png\",\"width\":2273,\"height\":953,\"caption\":\"Fika Paris\"},\"image\":{\"@id\":\"https:\/\/fika.paris\/sv\/#\/schema\/logo\/image\/\"}}]}<\/script>\n<!-- \/ Yoast SEO plugin. -->","yoast_head_json":{"title":"P\u00e4rlsocker \u2013 Dansukker - Fika Paris","robots":{"index":"index","follow":"follow","max-snippet":"max-snippet:-1","max-image-preview":"max-image-preview:large","max-video-preview":"max-video-preview:-1"},"canonical":"https:\/\/fika.paris\/sv\/produit\/parlsocker-dansukker\/","og_locale":"sv_SE","og_type":"article","og_title":"P\u00e4rlsocker \u2013 Dansukker - Fika Paris","og_description":"En klassiker i Sverige och en viktig ingrediens i m\u00e5nga traditionella bakverk. Detta p\u00e4rlsocker fr\u00e5n Dansukker ger ett krisp och en autentisk textur till kanelbullar, vetebr\u00f6d och andra svenska godsaker. Till skillnad fr\u00e5n p\u00e4rlsocker som finns i Frankrike beh\u00e5ller detta sin vithet vid gr\u00e4ddning och blir inte genomskinligt. Dansukker \u00e4r ett ledande nordiskt varum\u00e4rke med [&hellip;]","og_url":"https:\/\/fika.paris\/sv\/produit\/parlsocker-dansukker\/","og_site_name":"Fika Paris","article_modified_time":"2026-02-26T15:15:57+00:00","og_image":[{"width":1707,"height":2560,"url":"https:\/\/fika.paris\/wp-content\/uploads\/2025\/09\/parlsocker-scaled.jpeg","type":"image\/jpeg"}],"twitter_card":"summary_large_image","twitter_misc":{"Ber\u00e4knad l\u00e4stid":"1 minut"},"schema":{"@context":"https:\/\/schema.org","@graph":[{"@type":"WebPage","@id":"https:\/\/fika.paris\/sv\/produit\/parlsocker-dansukker\/","url":"https:\/\/fika.paris\/sv\/produit\/parlsocker-dansukker\/","name":"P\u00e4rlsocker \u2013 Dansukker - Fika Paris","isPartOf":{"@id":"https:\/\/fika.paris\/sv\/#website"},"primaryImageOfPage":{"@id":"https:\/\/fika.paris\/sv\/produit\/parlsocker-dansukker\/#primaryimage"},"image":{"@id":"https:\/\/fika.paris\/sv\/produit\/parlsocker-dansukker\/#primaryimage"},"thumbnailUrl":"https:\/\/fika.paris\/wp-content\/uploads\/2025\/09\/parlsocker-scaled.jpeg","datePublished":"2025-12-30T11:44:39+00:00","dateModified":"2026-02-26T15:15:57+00:00","breadcrumb":{"@id":"https:\/\/fika.paris\/sv\/produit\/parlsocker-dansukker\/#breadcrumb"},"inLanguage":"sv-SE","potentialAction":[{"@type":"ReadAction","target":["https:\/\/fika.paris\/sv\/produit\/parlsocker-dansukker\/"]}]},{"@type":"ImageObject","inLanguage":"sv-SE","@id":"https:\/\/fika.paris\/sv\/produit\/parlsocker-dansukker\/#primaryimage","url":"https:\/\/fika.paris\/wp-content\/uploads\/2025\/09\/parlsocker-scaled.jpeg","contentUrl":"https:\/\/fika.paris\/wp-content\/uploads\/2025\/09\/parlsocker-scaled.jpeg","width":1707,"height":2560},{"@type":"BreadcrumbList","@id":"https:\/\/fika.paris\/sv\/produit\/parlsocker-dansukker\/#breadcrumb","itemListElement":[{"@type":"ListItem","position":1,"name":"Accueil","item":"https:\/\/fika.paris\/sv\/en-liten-smak-av-sverige-i-paris\/"},{"@type":"ListItem","position":2,"name":"Butik","item":"https:\/\/fika.paris\/sv\/butik\/"},{"@type":"ListItem","position":3,"name":"P\u00e4rlsocker \u2013 Dansukker"}]},{"@type":"WebSite","@id":"https:\/\/fika.paris\/sv\/#website","url":"https:\/\/fika.paris\/sv\/","name":"Fika Paris","description":"Un petit g\u00f4ut de Su\u00e8de \u00e0 Paris","publisher":{"@id":"https:\/\/fika.paris\/sv\/#organization"},"potentialAction":[{"@type":"SearchAction","target":{"@type":"EntryPoint","urlTemplate":"https:\/\/fika.paris\/sv\/?s={search_term_string}"},"query-input":{"@type":"PropertyValueSpecification","valueRequired":true,"valueName":"search_term_string"}}],"inLanguage":"sv-SE"},{"@type":"Organization","@id":"https:\/\/fika.paris\/sv\/#organization","name":"Fika Paris","url":"https:\/\/fika.paris\/sv\/","logo":{"@type":"ImageObject","inLanguage":"sv-SE","@id":"https:\/\/fika.paris\/sv\/#\/schema\/logo\/image\/","url":"https:\/\/fika.paris\/wp-content\/uploads\/2025\/09\/cropped-logofika_detoure-scaled-1.png","contentUrl":"https:\/\/fika.paris\/wp-content\/uploads\/2025\/09\/cropped-logofika_detoure-scaled-1.png","width":2273,"height":953,"caption":"Fika Paris"},"image":{"@id":"https:\/\/fika.paris\/sv\/#\/schema\/logo\/image\/"}}]}},"_links":{"self":[{"href":"https:\/\/fika.paris\/sv\/wp-json\/wp\/v2\/product\/1263","targetHints":{"allow":["GET"]}}],"collection":[{"href":"https:\/\/fika.paris\/sv\/wp-json\/wp\/v2\/product"}],"about":[{"href":"https:\/\/fika.paris\/sv\/wp-json\/wp\/v2\/types\/product"}],"wp:featuredmedia":[{"embeddable":true,"href":"https:\/\/fika.paris\/sv\/wp-json\/wp\/v2\/media\/1264"}],"wp:attachment":[{"href":"https:\/\/fika.paris\/sv\/wp-json\/wp\/v2\/media?parent=1263"}],"wp:term":[{"taxonomy":"product_brand","embeddable":true,"href":"https:\/\/fika.paris\/sv\/wp-json\/wp\/v2\/product_brand?post=1263"},{"taxonomy":"product_cat","embeddable":true,"href":"https:\/\/fika.paris\/sv\/wp-json\/wp\/v2\/product_cat?post=1263"},{"taxonomy":"product_tag","embeddable":true,"href":"https:\/\/fika.paris\/sv\/wp-json\/wp\/v2\/product_tag?post=1263"}],"curies":[{"name":"wp","href":"https:\/\/api.w.org\/{rel}","templated":true}]}}