{"id":1248,"date":"2025-12-16T14:48:18","date_gmt":"2025-12-16T13:48:18","guid":{"rendered":"https:\/\/fika.paris\/produit\/fiskformade-godisar-torsken-kolsvart\/"},"modified":"2026-02-26T16:27:08","modified_gmt":"2026-02-26T15:27:08","slug":"fiskformade-godisar-torsken-kolsvart","status":"publish","type":"product","link":"https:\/\/fika.paris\/sv\/produit\/fiskformade-godisar-torsken-kolsvart\/","title":{"rendered":"Svartvinb\u00e4rs- och hallonkarameller &#8221;Torsken&#8221;, Kolsvart"},"content":{"rendered":"<p>En blandning av godis med smak av svartvinb\u00e4r och hallon i form av &#8221;torsken&#8221; (torsk).<\/p>\n<p><em><strong>Kolsvart<\/strong><\/em> \u00e4r ett svenskt konfektyrf\u00f6retag fr\u00e5n Malm\u00f6 som sedan 2012 skapar veganskt och glutenfritt godis med naturliga aromer. De \u00e4r k\u00e4nda f\u00f6r sina ikoniska lakritsfiskar och f\u00f6renar tradition med innovation genom originella smaker som ingef\u00e4ra, hallon eller choklad. Deras sortiment erbjuder b\u00e5de salt och s\u00f6tt godis i olika texturer och stilar.  <\/p>\n","protected":false},"excerpt":{"rendered":"<p>En blandning av godis med smak av svartvinb\u00e4r och hallon i form av &#8221;torsken&#8221; (torsk). Kolsvart \u00e4r ett svenskt konfektyrf\u00f6retag fr\u00e5n Malm\u00f6 som sedan 2012 skapar veganskt och glutenfritt godis med naturliga aromer. De \u00e4r k\u00e4nda f\u00f6r sina ikoniska lakritsfiskar och f\u00f6renar tradition med innovation genom originella smaker som ingef\u00e4ra, hallon eller choklad. Deras sortiment [&hellip;]<\/p>\n","protected":false},"featured_media":1249,"template":"","meta":[],"product_brand":[119],"product_cat":[90,74],"product_tag":[],"class_list":{"0":"post-1248","1":"product","2":"type-product","3":"status-publish","4":"has-post-thumbnail","6":"product_brand-kolsvart","7":"product_cat-godis","8":"product_cat-skafferi","10":"first","11":"instock","12":"taxable","13":"shipping-taxable","14":"purchasable","15":"product-type-simple"},"yoast_head":"<!-- This site is optimized with the Yoast SEO plugin v27.2 - https:\/\/yoast.com\/product\/yoast-seo-wordpress\/ -->\n<title>Svartvinb\u00e4rs- och hallonkarameller &quot;Torsken&quot;, Kolsvart - Fika Paris<\/title>\n<meta name=\"robots\" content=\"index, follow, max-snippet:-1, max-image-preview:large, max-video-preview:-1\" \/>\n<link rel=\"canonical\" href=\"https:\/\/fika.paris\/sv\/produit\/fiskformade-godisar-torsken-kolsvart\/\" \/>\n<meta property=\"og:locale\" content=\"sv_SE\" \/>\n<meta property=\"og:type\" content=\"article\" \/>\n<meta property=\"og:title\" content=\"Svartvinb\u00e4rs- och hallonkarameller &quot;Torsken&quot;, Kolsvart - Fika Paris\" \/>\n<meta property=\"og:description\" content=\"En blandning av godis med smak av svartvinb\u00e4r och hallon i form av &#8221;torsken&#8221; (torsk). Kolsvart \u00e4r ett svenskt konfektyrf\u00f6retag fr\u00e5n Malm\u00f6 som sedan 2012 skapar veganskt och glutenfritt godis med naturliga aromer. De \u00e4r k\u00e4nda f\u00f6r sina ikoniska lakritsfiskar och f\u00f6renar tradition med innovation genom originella smaker som ingef\u00e4ra, hallon eller choklad. Deras sortiment [&hellip;]\" \/>\n<meta property=\"og:url\" content=\"https:\/\/fika.paris\/sv\/produit\/fiskformade-godisar-torsken-kolsvart\/\" \/>\n<meta property=\"og:site_name\" content=\"Fika Paris\" \/>\n<meta property=\"article:modified_time\" content=\"2026-02-26T15:27:08+00:00\" \/>\n<meta property=\"og:image\" content=\"https:\/\/fika.paris\/wp-content\/uploads\/2025\/10\/torsken-scaled.jpg\" \/>\n\t<meta property=\"og:image:width\" content=\"1707\" \/>\n\t<meta property=\"og:image:height\" content=\"2560\" \/>\n\t<meta property=\"og:image:type\" content=\"image\/jpeg\" \/>\n<meta name=\"twitter:card\" content=\"summary_large_image\" \/>\n<script type=\"application\/ld+json\" class=\"yoast-schema-graph\">{\"@context\":\"https:\/\/schema.org\",\"@graph\":[{\"@type\":\"WebPage\",\"@id\":\"https:\/\/fika.paris\/sv\/produit\/fiskformade-godisar-torsken-kolsvart\/\",\"url\":\"https:\/\/fika.paris\/sv\/produit\/fiskformade-godisar-torsken-kolsvart\/\",\"name\":\"Svartvinb\u00e4rs- och hallonkarameller \\\"Torsken\\\", Kolsvart - Fika Paris\",\"isPartOf\":{\"@id\":\"https:\/\/fika.paris\/sv\/#website\"},\"primaryImageOfPage\":{\"@id\":\"https:\/\/fika.paris\/sv\/produit\/fiskformade-godisar-torsken-kolsvart\/#primaryimage\"},\"image\":{\"@id\":\"https:\/\/fika.paris\/sv\/produit\/fiskformade-godisar-torsken-kolsvart\/#primaryimage\"},\"thumbnailUrl\":\"https:\/\/fika.paris\/wp-content\/uploads\/2025\/10\/torsken-scaled.jpg\",\"datePublished\":\"2025-12-16T13:48:18+00:00\",\"dateModified\":\"2026-02-26T15:27:08+00:00\",\"breadcrumb\":{\"@id\":\"https:\/\/fika.paris\/sv\/produit\/fiskformade-godisar-torsken-kolsvart\/#breadcrumb\"},\"inLanguage\":\"sv-SE\",\"potentialAction\":[{\"@type\":\"ReadAction\",\"target\":[\"https:\/\/fika.paris\/sv\/produit\/fiskformade-godisar-torsken-kolsvart\/\"]}]},{\"@type\":\"ImageObject\",\"inLanguage\":\"sv-SE\",\"@id\":\"https:\/\/fika.paris\/sv\/produit\/fiskformade-godisar-torsken-kolsvart\/#primaryimage\",\"url\":\"https:\/\/fika.paris\/wp-content\/uploads\/2025\/10\/torsken-scaled.jpg\",\"contentUrl\":\"https:\/\/fika.paris\/wp-content\/uploads\/2025\/10\/torsken-scaled.jpg\",\"width\":1707,\"height\":2560},{\"@type\":\"BreadcrumbList\",\"@id\":\"https:\/\/fika.paris\/sv\/produit\/fiskformade-godisar-torsken-kolsvart\/#breadcrumb\",\"itemListElement\":[{\"@type\":\"ListItem\",\"position\":1,\"name\":\"Accueil\",\"item\":\"https:\/\/fika.paris\/sv\/en-liten-smak-av-sverige-i-paris\/\"},{\"@type\":\"ListItem\",\"position\":2,\"name\":\"Butik\",\"item\":\"https:\/\/fika.paris\/sv\/butik\/\"},{\"@type\":\"ListItem\",\"position\":3,\"name\":\"Svartvinb\u00e4rs- och hallonkarameller \u00ab\u00a0Torsken\u00a0\u00bb, Kolsvart\"}]},{\"@type\":\"WebSite\",\"@id\":\"https:\/\/fika.paris\/sv\/#website\",\"url\":\"https:\/\/fika.paris\/sv\/\",\"name\":\"Fika Paris\",\"description\":\"Un petit g\u00f4ut de Su\u00e8de \u00e0 Paris\",\"publisher\":{\"@id\":\"https:\/\/fika.paris\/sv\/#organization\"},\"potentialAction\":[{\"@type\":\"SearchAction\",\"target\":{\"@type\":\"EntryPoint\",\"urlTemplate\":\"https:\/\/fika.paris\/sv\/?s={search_term_string}\"},\"query-input\":{\"@type\":\"PropertyValueSpecification\",\"valueRequired\":true,\"valueName\":\"search_term_string\"}}],\"inLanguage\":\"sv-SE\"},{\"@type\":\"Organization\",\"@id\":\"https:\/\/fika.paris\/sv\/#organization\",\"name\":\"Fika Paris\",\"url\":\"https:\/\/fika.paris\/sv\/\",\"logo\":{\"@type\":\"ImageObject\",\"inLanguage\":\"sv-SE\",\"@id\":\"https:\/\/fika.paris\/sv\/#\/schema\/logo\/image\/\",\"url\":\"https:\/\/fika.paris\/wp-content\/uploads\/2025\/09\/cropped-logofika_detoure-scaled-1.png\",\"contentUrl\":\"https:\/\/fika.paris\/wp-content\/uploads\/2025\/09\/cropped-logofika_detoure-scaled-1.png\",\"width\":2273,\"height\":953,\"caption\":\"Fika Paris\"},\"image\":{\"@id\":\"https:\/\/fika.paris\/sv\/#\/schema\/logo\/image\/\"}}]}<\/script>\n<!-- \/ Yoast SEO plugin. -->","yoast_head_json":{"title":"Svartvinb\u00e4rs- och hallonkarameller \"Torsken\", Kolsvart - Fika Paris","robots":{"index":"index","follow":"follow","max-snippet":"max-snippet:-1","max-image-preview":"max-image-preview:large","max-video-preview":"max-video-preview:-1"},"canonical":"https:\/\/fika.paris\/sv\/produit\/fiskformade-godisar-torsken-kolsvart\/","og_locale":"sv_SE","og_type":"article","og_title":"Svartvinb\u00e4rs- och hallonkarameller \"Torsken\", Kolsvart - Fika Paris","og_description":"En blandning av godis med smak av svartvinb\u00e4r och hallon i form av &#8221;torsken&#8221; (torsk). Kolsvart \u00e4r ett svenskt konfektyrf\u00f6retag fr\u00e5n Malm\u00f6 som sedan 2012 skapar veganskt och glutenfritt godis med naturliga aromer. De \u00e4r k\u00e4nda f\u00f6r sina ikoniska lakritsfiskar och f\u00f6renar tradition med innovation genom originella smaker som ingef\u00e4ra, hallon eller choklad. Deras sortiment [&hellip;]","og_url":"https:\/\/fika.paris\/sv\/produit\/fiskformade-godisar-torsken-kolsvart\/","og_site_name":"Fika Paris","article_modified_time":"2026-02-26T15:27:08+00:00","og_image":[{"width":1707,"height":2560,"url":"https:\/\/fika.paris\/wp-content\/uploads\/2025\/10\/torsken-scaled.jpg","type":"image\/jpeg"}],"twitter_card":"summary_large_image","schema":{"@context":"https:\/\/schema.org","@graph":[{"@type":"WebPage","@id":"https:\/\/fika.paris\/sv\/produit\/fiskformade-godisar-torsken-kolsvart\/","url":"https:\/\/fika.paris\/sv\/produit\/fiskformade-godisar-torsken-kolsvart\/","name":"Svartvinb\u00e4rs- och hallonkarameller \"Torsken\", Kolsvart - Fika Paris","isPartOf":{"@id":"https:\/\/fika.paris\/sv\/#website"},"primaryImageOfPage":{"@id":"https:\/\/fika.paris\/sv\/produit\/fiskformade-godisar-torsken-kolsvart\/#primaryimage"},"image":{"@id":"https:\/\/fika.paris\/sv\/produit\/fiskformade-godisar-torsken-kolsvart\/#primaryimage"},"thumbnailUrl":"https:\/\/fika.paris\/wp-content\/uploads\/2025\/10\/torsken-scaled.jpg","datePublished":"2025-12-16T13:48:18+00:00","dateModified":"2026-02-26T15:27:08+00:00","breadcrumb":{"@id":"https:\/\/fika.paris\/sv\/produit\/fiskformade-godisar-torsken-kolsvart\/#breadcrumb"},"inLanguage":"sv-SE","potentialAction":[{"@type":"ReadAction","target":["https:\/\/fika.paris\/sv\/produit\/fiskformade-godisar-torsken-kolsvart\/"]}]},{"@type":"ImageObject","inLanguage":"sv-SE","@id":"https:\/\/fika.paris\/sv\/produit\/fiskformade-godisar-torsken-kolsvart\/#primaryimage","url":"https:\/\/fika.paris\/wp-content\/uploads\/2025\/10\/torsken-scaled.jpg","contentUrl":"https:\/\/fika.paris\/wp-content\/uploads\/2025\/10\/torsken-scaled.jpg","width":1707,"height":2560},{"@type":"BreadcrumbList","@id":"https:\/\/fika.paris\/sv\/produit\/fiskformade-godisar-torsken-kolsvart\/#breadcrumb","itemListElement":[{"@type":"ListItem","position":1,"name":"Accueil","item":"https:\/\/fika.paris\/sv\/en-liten-smak-av-sverige-i-paris\/"},{"@type":"ListItem","position":2,"name":"Butik","item":"https:\/\/fika.paris\/sv\/butik\/"},{"@type":"ListItem","position":3,"name":"Svartvinb\u00e4rs- och hallonkarameller \u00ab\u00a0Torsken\u00a0\u00bb, Kolsvart"}]},{"@type":"WebSite","@id":"https:\/\/fika.paris\/sv\/#website","url":"https:\/\/fika.paris\/sv\/","name":"Fika Paris","description":"Un petit g\u00f4ut de Su\u00e8de \u00e0 Paris","publisher":{"@id":"https:\/\/fika.paris\/sv\/#organization"},"potentialAction":[{"@type":"SearchAction","target":{"@type":"EntryPoint","urlTemplate":"https:\/\/fika.paris\/sv\/?s={search_term_string}"},"query-input":{"@type":"PropertyValueSpecification","valueRequired":true,"valueName":"search_term_string"}}],"inLanguage":"sv-SE"},{"@type":"Organization","@id":"https:\/\/fika.paris\/sv\/#organization","name":"Fika Paris","url":"https:\/\/fika.paris\/sv\/","logo":{"@type":"ImageObject","inLanguage":"sv-SE","@id":"https:\/\/fika.paris\/sv\/#\/schema\/logo\/image\/","url":"https:\/\/fika.paris\/wp-content\/uploads\/2025\/09\/cropped-logofika_detoure-scaled-1.png","contentUrl":"https:\/\/fika.paris\/wp-content\/uploads\/2025\/09\/cropped-logofika_detoure-scaled-1.png","width":2273,"height":953,"caption":"Fika Paris"},"image":{"@id":"https:\/\/fika.paris\/sv\/#\/schema\/logo\/image\/"}}]}},"_links":{"self":[{"href":"https:\/\/fika.paris\/sv\/wp-json\/wp\/v2\/product\/1248","targetHints":{"allow":["GET"]}}],"collection":[{"href":"https:\/\/fika.paris\/sv\/wp-json\/wp\/v2\/product"}],"about":[{"href":"https:\/\/fika.paris\/sv\/wp-json\/wp\/v2\/types\/product"}],"wp:featuredmedia":[{"embeddable":true,"href":"https:\/\/fika.paris\/sv\/wp-json\/wp\/v2\/media\/1249"}],"wp:attachment":[{"href":"https:\/\/fika.paris\/sv\/wp-json\/wp\/v2\/media?parent=1248"}],"wp:term":[{"taxonomy":"product_brand","embeddable":true,"href":"https:\/\/fika.paris\/sv\/wp-json\/wp\/v2\/product_brand?post=1248"},{"taxonomy":"product_cat","embeddable":true,"href":"https:\/\/fika.paris\/sv\/wp-json\/wp\/v2\/product_cat?post=1248"},{"taxonomy":"product_tag","embeddable":true,"href":"https:\/\/fika.paris\/sv\/wp-json\/wp\/v2\/product_tag?post=1248"}],"curies":[{"name":"wp","href":"https:\/\/api.w.org\/{rel}","templated":true}]}}