{"id":1213,"date":"2025-12-16T14:48:21","date_gmt":"2025-12-16T13:48:21","guid":{"rendered":"https:\/\/fika.paris\/produit\/rabarbercider-golden-cider-company\/"},"modified":"2026-02-26T16:15:56","modified_gmt":"2026-02-26T15:15:56","slug":"rabarbercider-golden-cider-company","status":"publish","type":"product","link":"https:\/\/fika.paris\/sv\/produit\/rabarbercider-golden-cider-company\/","title":{"rendered":"Alkoholfri rabarbercider &#8211; Golden Cider Company"},"content":{"rendered":"<p>Alkoholfri Rabarbercider<\/p>\n<p>En frisk och l\u00e4tt mousserande cider, kallpressad med handplockad rabarber fr\u00e5n Grudeholm och \u00e4pplen fr\u00e5n \u00d6stra S\u00f6nnarsl\u00f6vs g\u00e5rd. En ren och uppfriskande smak med en l\u00e4tt syra och v\u00e4lbalanserad s\u00f6tma. Utan tillsatser.  <\/p>\n<p>Serveras mellan 8 och 10 \u00b0C, perfekt som aperitif eller till sommarsallader och fiskr\u00e4tter.<\/p>\n<p>Golden Cider Company &#8211; 275 ml flaska<\/p>\n<p>&nbsp;<\/p>\n<p><em><strong>Golden Cider Company<\/strong><\/em> producerar kallpressad \u00e4ppelcider fr\u00e5n handplockade \u00e4pplen i Sk\u00e5ne, utan tillsatser. Deras sortiment inkluderar b\u00e5de alkoholhaltiga och alkoholfria alternativ, samt ekologisk \u00e4ppeljuice. F\u00f6retaget v\u00e4rdes\u00e4tter kvalitet och h\u00e5llbarhet i sin produktion.  <\/p>\n","protected":false},"excerpt":{"rendered":"<p>Alkoholfri Rabarbercider En frisk och l\u00e4tt mousserande cider, kallpressad med handplockad rabarber fr\u00e5n Grudeholm och \u00e4pplen fr\u00e5n \u00d6stra S\u00f6nnarsl\u00f6vs g\u00e5rd. En ren och uppfriskande smak med en l\u00e4tt syra och v\u00e4lbalanserad s\u00f6tma. Utan tillsatser. Serveras mellan 8 och 10 \u00b0C, perfekt som aperitif eller till sommarsallader och fiskr\u00e4tter. Golden Cider Company &#8211; 275 ml flaska [&hellip;]<\/p>\n","protected":false},"featured_media":1214,"template":"","meta":[],"product_brand":[100],"product_cat":[83],"product_tag":[],"class_list":{"0":"post-1213","1":"product","2":"type-product","3":"status-publish","4":"has-post-thumbnail","6":"product_brand-golden-cider-company","7":"product_cat-drycker","9":"first","10":"instock","11":"taxable","12":"shipping-taxable","13":"purchasable","14":"product-type-simple"},"yoast_head":"<!-- This site is optimized with the Yoast SEO plugin v27.2 - https:\/\/yoast.com\/product\/yoast-seo-wordpress\/ -->\n<title>Alkoholfri rabarbercider - Golden Cider Company - Fika Paris<\/title>\n<meta name=\"robots\" content=\"index, follow, max-snippet:-1, max-image-preview:large, max-video-preview:-1\" \/>\n<link rel=\"canonical\" href=\"https:\/\/fika.paris\/sv\/produit\/rabarbercider-golden-cider-company\/\" \/>\n<meta property=\"og:locale\" content=\"sv_SE\" \/>\n<meta property=\"og:type\" content=\"article\" \/>\n<meta property=\"og:title\" content=\"Alkoholfri rabarbercider - Golden Cider Company - Fika Paris\" \/>\n<meta property=\"og:description\" content=\"Alkoholfri Rabarbercider En frisk och l\u00e4tt mousserande cider, kallpressad med handplockad rabarber fr\u00e5n Grudeholm och \u00e4pplen fr\u00e5n \u00d6stra S\u00f6nnarsl\u00f6vs g\u00e5rd. En ren och uppfriskande smak med en l\u00e4tt syra och v\u00e4lbalanserad s\u00f6tma. Utan tillsatser. Serveras mellan 8 och 10 \u00b0C, perfekt som aperitif eller till sommarsallader och fiskr\u00e4tter. Golden Cider Company &#8211; 275 ml flaska [&hellip;]\" \/>\n<meta property=\"og:url\" content=\"https:\/\/fika.paris\/sv\/produit\/rabarbercider-golden-cider-company\/\" \/>\n<meta property=\"og:site_name\" content=\"Fika Paris\" \/>\n<meta property=\"article:modified_time\" content=\"2026-02-26T15:15:56+00:00\" \/>\n<meta property=\"og:image\" content=\"https:\/\/fika.paris\/wp-content\/uploads\/2025\/10\/rabarbercider2-scaled.jpg\" \/>\n\t<meta property=\"og:image:width\" content=\"1707\" \/>\n\t<meta property=\"og:image:height\" content=\"2560\" \/>\n\t<meta property=\"og:image:type\" content=\"image\/jpeg\" \/>\n<meta name=\"twitter:card\" content=\"summary_large_image\" \/>\n<meta name=\"twitter:label1\" content=\"Ber\u00e4knad l\u00e4stid\" \/>\n\t<meta name=\"twitter:data1\" content=\"1 minut\" \/>\n<script type=\"application\/ld+json\" class=\"yoast-schema-graph\">{\"@context\":\"https:\/\/schema.org\",\"@graph\":[{\"@type\":\"WebPage\",\"@id\":\"https:\/\/fika.paris\/sv\/produit\/rabarbercider-golden-cider-company\/\",\"url\":\"https:\/\/fika.paris\/sv\/produit\/rabarbercider-golden-cider-company\/\",\"name\":\"Alkoholfri rabarbercider - Golden Cider Company - Fika Paris\",\"isPartOf\":{\"@id\":\"https:\/\/fika.paris\/sv\/#website\"},\"primaryImageOfPage\":{\"@id\":\"https:\/\/fika.paris\/sv\/produit\/rabarbercider-golden-cider-company\/#primaryimage\"},\"image\":{\"@id\":\"https:\/\/fika.paris\/sv\/produit\/rabarbercider-golden-cider-company\/#primaryimage\"},\"thumbnailUrl\":\"https:\/\/fika.paris\/wp-content\/uploads\/2025\/10\/rabarbercider2-scaled.jpg\",\"datePublished\":\"2025-12-16T13:48:21+00:00\",\"dateModified\":\"2026-02-26T15:15:56+00:00\",\"breadcrumb\":{\"@id\":\"https:\/\/fika.paris\/sv\/produit\/rabarbercider-golden-cider-company\/#breadcrumb\"},\"inLanguage\":\"sv-SE\",\"potentialAction\":[{\"@type\":\"ReadAction\",\"target\":[\"https:\/\/fika.paris\/sv\/produit\/rabarbercider-golden-cider-company\/\"]}]},{\"@type\":\"ImageObject\",\"inLanguage\":\"sv-SE\",\"@id\":\"https:\/\/fika.paris\/sv\/produit\/rabarbercider-golden-cider-company\/#primaryimage\",\"url\":\"https:\/\/fika.paris\/wp-content\/uploads\/2025\/10\/rabarbercider2-scaled.jpg\",\"contentUrl\":\"https:\/\/fika.paris\/wp-content\/uploads\/2025\/10\/rabarbercider2-scaled.jpg\",\"width\":1707,\"height\":2560},{\"@type\":\"BreadcrumbList\",\"@id\":\"https:\/\/fika.paris\/sv\/produit\/rabarbercider-golden-cider-company\/#breadcrumb\",\"itemListElement\":[{\"@type\":\"ListItem\",\"position\":1,\"name\":\"Accueil\",\"item\":\"https:\/\/fika.paris\/sv\/en-liten-smak-av-sverige-i-paris\/\"},{\"@type\":\"ListItem\",\"position\":2,\"name\":\"Butik\",\"item\":\"https:\/\/fika.paris\/sv\/butik\/\"},{\"@type\":\"ListItem\",\"position\":3,\"name\":\"Alkoholfri rabarbercider &#8211; Golden Cider Company\"}]},{\"@type\":\"WebSite\",\"@id\":\"https:\/\/fika.paris\/sv\/#website\",\"url\":\"https:\/\/fika.paris\/sv\/\",\"name\":\"Fika Paris\",\"description\":\"Un petit g\u00f4ut de Su\u00e8de \u00e0 Paris\",\"publisher\":{\"@id\":\"https:\/\/fika.paris\/sv\/#organization\"},\"potentialAction\":[{\"@type\":\"SearchAction\",\"target\":{\"@type\":\"EntryPoint\",\"urlTemplate\":\"https:\/\/fika.paris\/sv\/?s={search_term_string}\"},\"query-input\":{\"@type\":\"PropertyValueSpecification\",\"valueRequired\":true,\"valueName\":\"search_term_string\"}}],\"inLanguage\":\"sv-SE\"},{\"@type\":\"Organization\",\"@id\":\"https:\/\/fika.paris\/sv\/#organization\",\"name\":\"Fika Paris\",\"url\":\"https:\/\/fika.paris\/sv\/\",\"logo\":{\"@type\":\"ImageObject\",\"inLanguage\":\"sv-SE\",\"@id\":\"https:\/\/fika.paris\/sv\/#\/schema\/logo\/image\/\",\"url\":\"https:\/\/fika.paris\/wp-content\/uploads\/2025\/09\/cropped-logofika_detoure-scaled-1.png\",\"contentUrl\":\"https:\/\/fika.paris\/wp-content\/uploads\/2025\/09\/cropped-logofika_detoure-scaled-1.png\",\"width\":2273,\"height\":953,\"caption\":\"Fika Paris\"},\"image\":{\"@id\":\"https:\/\/fika.paris\/sv\/#\/schema\/logo\/image\/\"}}]}<\/script>\n<!-- \/ Yoast SEO plugin. -->","yoast_head_json":{"title":"Alkoholfri rabarbercider - Golden Cider Company - Fika Paris","robots":{"index":"index","follow":"follow","max-snippet":"max-snippet:-1","max-image-preview":"max-image-preview:large","max-video-preview":"max-video-preview:-1"},"canonical":"https:\/\/fika.paris\/sv\/produit\/rabarbercider-golden-cider-company\/","og_locale":"sv_SE","og_type":"article","og_title":"Alkoholfri rabarbercider - Golden Cider Company - Fika Paris","og_description":"Alkoholfri Rabarbercider En frisk och l\u00e4tt mousserande cider, kallpressad med handplockad rabarber fr\u00e5n Grudeholm och \u00e4pplen fr\u00e5n \u00d6stra S\u00f6nnarsl\u00f6vs g\u00e5rd. En ren och uppfriskande smak med en l\u00e4tt syra och v\u00e4lbalanserad s\u00f6tma. Utan tillsatser. Serveras mellan 8 och 10 \u00b0C, perfekt som aperitif eller till sommarsallader och fiskr\u00e4tter. Golden Cider Company &#8211; 275 ml flaska [&hellip;]","og_url":"https:\/\/fika.paris\/sv\/produit\/rabarbercider-golden-cider-company\/","og_site_name":"Fika Paris","article_modified_time":"2026-02-26T15:15:56+00:00","og_image":[{"width":1707,"height":2560,"url":"https:\/\/fika.paris\/wp-content\/uploads\/2025\/10\/rabarbercider2-scaled.jpg","type":"image\/jpeg"}],"twitter_card":"summary_large_image","twitter_misc":{"Ber\u00e4knad l\u00e4stid":"1 minut"},"schema":{"@context":"https:\/\/schema.org","@graph":[{"@type":"WebPage","@id":"https:\/\/fika.paris\/sv\/produit\/rabarbercider-golden-cider-company\/","url":"https:\/\/fika.paris\/sv\/produit\/rabarbercider-golden-cider-company\/","name":"Alkoholfri rabarbercider - Golden Cider Company - Fika Paris","isPartOf":{"@id":"https:\/\/fika.paris\/sv\/#website"},"primaryImageOfPage":{"@id":"https:\/\/fika.paris\/sv\/produit\/rabarbercider-golden-cider-company\/#primaryimage"},"image":{"@id":"https:\/\/fika.paris\/sv\/produit\/rabarbercider-golden-cider-company\/#primaryimage"},"thumbnailUrl":"https:\/\/fika.paris\/wp-content\/uploads\/2025\/10\/rabarbercider2-scaled.jpg","datePublished":"2025-12-16T13:48:21+00:00","dateModified":"2026-02-26T15:15:56+00:00","breadcrumb":{"@id":"https:\/\/fika.paris\/sv\/produit\/rabarbercider-golden-cider-company\/#breadcrumb"},"inLanguage":"sv-SE","potentialAction":[{"@type":"ReadAction","target":["https:\/\/fika.paris\/sv\/produit\/rabarbercider-golden-cider-company\/"]}]},{"@type":"ImageObject","inLanguage":"sv-SE","@id":"https:\/\/fika.paris\/sv\/produit\/rabarbercider-golden-cider-company\/#primaryimage","url":"https:\/\/fika.paris\/wp-content\/uploads\/2025\/10\/rabarbercider2-scaled.jpg","contentUrl":"https:\/\/fika.paris\/wp-content\/uploads\/2025\/10\/rabarbercider2-scaled.jpg","width":1707,"height":2560},{"@type":"BreadcrumbList","@id":"https:\/\/fika.paris\/sv\/produit\/rabarbercider-golden-cider-company\/#breadcrumb","itemListElement":[{"@type":"ListItem","position":1,"name":"Accueil","item":"https:\/\/fika.paris\/sv\/en-liten-smak-av-sverige-i-paris\/"},{"@type":"ListItem","position":2,"name":"Butik","item":"https:\/\/fika.paris\/sv\/butik\/"},{"@type":"ListItem","position":3,"name":"Alkoholfri rabarbercider &#8211; Golden Cider Company"}]},{"@type":"WebSite","@id":"https:\/\/fika.paris\/sv\/#website","url":"https:\/\/fika.paris\/sv\/","name":"Fika Paris","description":"Un petit g\u00f4ut de Su\u00e8de \u00e0 Paris","publisher":{"@id":"https:\/\/fika.paris\/sv\/#organization"},"potentialAction":[{"@type":"SearchAction","target":{"@type":"EntryPoint","urlTemplate":"https:\/\/fika.paris\/sv\/?s={search_term_string}"},"query-input":{"@type":"PropertyValueSpecification","valueRequired":true,"valueName":"search_term_string"}}],"inLanguage":"sv-SE"},{"@type":"Organization","@id":"https:\/\/fika.paris\/sv\/#organization","name":"Fika Paris","url":"https:\/\/fika.paris\/sv\/","logo":{"@type":"ImageObject","inLanguage":"sv-SE","@id":"https:\/\/fika.paris\/sv\/#\/schema\/logo\/image\/","url":"https:\/\/fika.paris\/wp-content\/uploads\/2025\/09\/cropped-logofika_detoure-scaled-1.png","contentUrl":"https:\/\/fika.paris\/wp-content\/uploads\/2025\/09\/cropped-logofika_detoure-scaled-1.png","width":2273,"height":953,"caption":"Fika Paris"},"image":{"@id":"https:\/\/fika.paris\/sv\/#\/schema\/logo\/image\/"}}]}},"_links":{"self":[{"href":"https:\/\/fika.paris\/sv\/wp-json\/wp\/v2\/product\/1213","targetHints":{"allow":["GET"]}}],"collection":[{"href":"https:\/\/fika.paris\/sv\/wp-json\/wp\/v2\/product"}],"about":[{"href":"https:\/\/fika.paris\/sv\/wp-json\/wp\/v2\/types\/product"}],"wp:featuredmedia":[{"embeddable":true,"href":"https:\/\/fika.paris\/sv\/wp-json\/wp\/v2\/media\/1214"}],"wp:attachment":[{"href":"https:\/\/fika.paris\/sv\/wp-json\/wp\/v2\/media?parent=1213"}],"wp:term":[{"taxonomy":"product_brand","embeddable":true,"href":"https:\/\/fika.paris\/sv\/wp-json\/wp\/v2\/product_brand?post=1213"},{"taxonomy":"product_cat","embeddable":true,"href":"https:\/\/fika.paris\/sv\/wp-json\/wp\/v2\/product_cat?post=1213"},{"taxonomy":"product_tag","embeddable":true,"href":"https:\/\/fika.paris\/sv\/wp-json\/wp\/v2\/product_tag?post=1213"}],"curies":[{"name":"wp","href":"https:\/\/api.w.org\/{rel}","templated":true}]}}