{"id":1203,"date":"2025-10-16T14:48:21","date_gmt":"2025-10-16T12:48:21","guid":{"rendered":"https:\/\/fika.paris\/produit\/figvinager-attika\/"},"modified":"2026-02-26T16:27:30","modified_gmt":"2026-02-26T15:27:30","slug":"figvinager-attika","status":"publish","type":"product","link":"https:\/\/fika.paris\/sv\/produit\/figvinager-attika\/","title":{"rendered":"Fikon\u00e4ttika \u2013 \u00c4ttika"},"content":{"rendered":"<p>Svensk fikon\u00e4ttika \u2013 \u00c4ttika 200 ml<br \/>\nEn hantverksm\u00e4ssig vin\u00e4ger gjord p\u00e5 ekologiska fikon, utan tillsatser. Den \u00e4r l\u00e5ngsamt fermenterad och sedan lagrad p\u00e5 ekfat i en oisolerad byggnad, d\u00e4r det nordiska klimatet, tiden och \u00e5rstiderna deltar i dess utveckling. Denna naturliga process ger den en unik komplexitet, med djupa aromer av torkad frukt, kakao och tr\u00e4, samt en mjuk och balanserad syra.  <\/p>\n<p><em><strong>\u00c4ttika<\/strong><\/em> \u00e4r ett svenskt f\u00f6retag som skapar naturliga och h\u00e5llbara produkter med fokus p\u00e5 tradition, kvalitet och rena smaker. De anv\u00e4nder noggrant utvalda ingredienser och genomt\u00e4nkta metoder f\u00f6r att erbjuda produkter som \u00e4r b\u00e5de v\u00e4lsmakande och milj\u00f6v\u00e4nliga. \u00c4ttika vill g\u00f6ra det m\u00f6jligt f\u00f6r fler att uppt\u00e4cka autentiska smaker samtidigt som de respekterar naturen och m\u00e4nniskorna.  <\/p>\n","protected":false},"excerpt":{"rendered":"<p>\u00c4ttika \u00e4r ett litet svenskt f\u00f6retag som \u00e4r dedikerat till produktion av naturliga och hantverksm\u00e4ssiga vin\u00e4ger, skapade med t\u00e5lamod, noggrannhet och respekt f\u00f6r smaken.<\/p>\n","protected":false},"featured_media":1204,"template":"","meta":[],"product_brand":[117],"product_cat":[75,74],"product_tag":[],"class_list":{"0":"post-1203","1":"product","2":"type-product","3":"status-publish","4":"has-post-thumbnail","6":"product_brand-attika","7":"product_cat-oljor-marinader-siraper","8":"product_cat-skafferi","10":"first","11":"instock","12":"taxable","13":"shipping-taxable","14":"purchasable","15":"product-type-simple"},"yoast_head":"<!-- This site is optimized with the Yoast SEO plugin v27.2 - https:\/\/yoast.com\/product\/yoast-seo-wordpress\/ -->\n<title>Fikon\u00e4ttika \u2013 \u00c4ttika - Fika Paris<\/title>\n<meta name=\"robots\" content=\"index, follow, max-snippet:-1, max-image-preview:large, max-video-preview:-1\" \/>\n<link rel=\"canonical\" href=\"https:\/\/fika.paris\/sv\/produit\/figvinager-attika\/\" \/>\n<meta property=\"og:locale\" content=\"sv_SE\" \/>\n<meta property=\"og:type\" content=\"article\" \/>\n<meta property=\"og:title\" content=\"Fikon\u00e4ttika \u2013 \u00c4ttika - Fika Paris\" \/>\n<meta property=\"og:description\" content=\"\u00c4ttika \u00e4r ett litet svenskt f\u00f6retag som \u00e4r dedikerat till produktion av naturliga och hantverksm\u00e4ssiga vin\u00e4ger, skapade med t\u00e5lamod, noggrannhet och respekt f\u00f6r smaken.\" \/>\n<meta property=\"og:url\" content=\"https:\/\/fika.paris\/sv\/produit\/figvinager-attika\/\" \/>\n<meta property=\"og:site_name\" content=\"Fika Paris\" \/>\n<meta property=\"article:modified_time\" content=\"2026-02-26T15:27:30+00:00\" \/>\n<meta property=\"og:image\" content=\"https:\/\/fika.paris\/wp-content\/uploads\/2025\/10\/fikonattika-scaled.jpg\" \/>\n\t<meta property=\"og:image:width\" content=\"1707\" \/>\n\t<meta property=\"og:image:height\" content=\"2560\" \/>\n\t<meta property=\"og:image:type\" content=\"image\/jpeg\" \/>\n<meta name=\"twitter:card\" content=\"summary_large_image\" \/>\n<meta name=\"twitter:label1\" content=\"Ber\u00e4knad l\u00e4stid\" \/>\n\t<meta name=\"twitter:data1\" content=\"1 minut\" \/>\n<script type=\"application\/ld+json\" class=\"yoast-schema-graph\">{\"@context\":\"https:\/\/schema.org\",\"@graph\":[{\"@type\":\"WebPage\",\"@id\":\"https:\/\/fika.paris\/sv\/produit\/figvinager-attika\/\",\"url\":\"https:\/\/fika.paris\/sv\/produit\/figvinager-attika\/\",\"name\":\"Fikon\u00e4ttika \u2013 \u00c4ttika - Fika Paris\",\"isPartOf\":{\"@id\":\"https:\/\/fika.paris\/sv\/#website\"},\"primaryImageOfPage\":{\"@id\":\"https:\/\/fika.paris\/sv\/produit\/figvinager-attika\/#primaryimage\"},\"image\":{\"@id\":\"https:\/\/fika.paris\/sv\/produit\/figvinager-attika\/#primaryimage\"},\"thumbnailUrl\":\"https:\/\/fika.paris\/wp-content\/uploads\/2025\/10\/fikonattika-scaled.jpg\",\"datePublished\":\"2025-10-16T12:48:21+00:00\",\"dateModified\":\"2026-02-26T15:27:30+00:00\",\"breadcrumb\":{\"@id\":\"https:\/\/fika.paris\/sv\/produit\/figvinager-attika\/#breadcrumb\"},\"inLanguage\":\"sv-SE\",\"potentialAction\":[{\"@type\":\"ReadAction\",\"target\":[\"https:\/\/fika.paris\/sv\/produit\/figvinager-attika\/\"]}]},{\"@type\":\"ImageObject\",\"inLanguage\":\"sv-SE\",\"@id\":\"https:\/\/fika.paris\/sv\/produit\/figvinager-attika\/#primaryimage\",\"url\":\"https:\/\/fika.paris\/wp-content\/uploads\/2025\/10\/fikonattika-scaled.jpg\",\"contentUrl\":\"https:\/\/fika.paris\/wp-content\/uploads\/2025\/10\/fikonattika-scaled.jpg\",\"width\":1707,\"height\":2560},{\"@type\":\"BreadcrumbList\",\"@id\":\"https:\/\/fika.paris\/sv\/produit\/figvinager-attika\/#breadcrumb\",\"itemListElement\":[{\"@type\":\"ListItem\",\"position\":1,\"name\":\"Accueil\",\"item\":\"https:\/\/fika.paris\/sv\/en-liten-smak-av-sverige-i-paris\/\"},{\"@type\":\"ListItem\",\"position\":2,\"name\":\"Butik\",\"item\":\"https:\/\/fika.paris\/sv\/butik\/\"},{\"@type\":\"ListItem\",\"position\":3,\"name\":\"Fikon\u00e4ttika \u2013 \u00c4ttika\"}]},{\"@type\":\"WebSite\",\"@id\":\"https:\/\/fika.paris\/sv\/#website\",\"url\":\"https:\/\/fika.paris\/sv\/\",\"name\":\"Fika Paris\",\"description\":\"Un petit g\u00f4ut de Su\u00e8de \u00e0 Paris\",\"publisher\":{\"@id\":\"https:\/\/fika.paris\/sv\/#organization\"},\"potentialAction\":[{\"@type\":\"SearchAction\",\"target\":{\"@type\":\"EntryPoint\",\"urlTemplate\":\"https:\/\/fika.paris\/sv\/?s={search_term_string}\"},\"query-input\":{\"@type\":\"PropertyValueSpecification\",\"valueRequired\":true,\"valueName\":\"search_term_string\"}}],\"inLanguage\":\"sv-SE\"},{\"@type\":\"Organization\",\"@id\":\"https:\/\/fika.paris\/sv\/#organization\",\"name\":\"Fika Paris\",\"url\":\"https:\/\/fika.paris\/sv\/\",\"logo\":{\"@type\":\"ImageObject\",\"inLanguage\":\"sv-SE\",\"@id\":\"https:\/\/fika.paris\/sv\/#\/schema\/logo\/image\/\",\"url\":\"https:\/\/fika.paris\/wp-content\/uploads\/2025\/09\/cropped-logofika_detoure-scaled-1.png\",\"contentUrl\":\"https:\/\/fika.paris\/wp-content\/uploads\/2025\/09\/cropped-logofika_detoure-scaled-1.png\",\"width\":2273,\"height\":953,\"caption\":\"Fika Paris\"},\"image\":{\"@id\":\"https:\/\/fika.paris\/sv\/#\/schema\/logo\/image\/\"}}]}<\/script>\n<!-- \/ Yoast SEO plugin. -->","yoast_head_json":{"title":"Fikon\u00e4ttika \u2013 \u00c4ttika - Fika Paris","robots":{"index":"index","follow":"follow","max-snippet":"max-snippet:-1","max-image-preview":"max-image-preview:large","max-video-preview":"max-video-preview:-1"},"canonical":"https:\/\/fika.paris\/sv\/produit\/figvinager-attika\/","og_locale":"sv_SE","og_type":"article","og_title":"Fikon\u00e4ttika \u2013 \u00c4ttika - Fika Paris","og_description":"\u00c4ttika \u00e4r ett litet svenskt f\u00f6retag som \u00e4r dedikerat till produktion av naturliga och hantverksm\u00e4ssiga vin\u00e4ger, skapade med t\u00e5lamod, noggrannhet och respekt f\u00f6r smaken.","og_url":"https:\/\/fika.paris\/sv\/produit\/figvinager-attika\/","og_site_name":"Fika Paris","article_modified_time":"2026-02-26T15:27:30+00:00","og_image":[{"width":1707,"height":2560,"url":"https:\/\/fika.paris\/wp-content\/uploads\/2025\/10\/fikonattika-scaled.jpg","type":"image\/jpeg"}],"twitter_card":"summary_large_image","twitter_misc":{"Ber\u00e4knad l\u00e4stid":"1 minut"},"schema":{"@context":"https:\/\/schema.org","@graph":[{"@type":"WebPage","@id":"https:\/\/fika.paris\/sv\/produit\/figvinager-attika\/","url":"https:\/\/fika.paris\/sv\/produit\/figvinager-attika\/","name":"Fikon\u00e4ttika \u2013 \u00c4ttika - Fika Paris","isPartOf":{"@id":"https:\/\/fika.paris\/sv\/#website"},"primaryImageOfPage":{"@id":"https:\/\/fika.paris\/sv\/produit\/figvinager-attika\/#primaryimage"},"image":{"@id":"https:\/\/fika.paris\/sv\/produit\/figvinager-attika\/#primaryimage"},"thumbnailUrl":"https:\/\/fika.paris\/wp-content\/uploads\/2025\/10\/fikonattika-scaled.jpg","datePublished":"2025-10-16T12:48:21+00:00","dateModified":"2026-02-26T15:27:30+00:00","breadcrumb":{"@id":"https:\/\/fika.paris\/sv\/produit\/figvinager-attika\/#breadcrumb"},"inLanguage":"sv-SE","potentialAction":[{"@type":"ReadAction","target":["https:\/\/fika.paris\/sv\/produit\/figvinager-attika\/"]}]},{"@type":"ImageObject","inLanguage":"sv-SE","@id":"https:\/\/fika.paris\/sv\/produit\/figvinager-attika\/#primaryimage","url":"https:\/\/fika.paris\/wp-content\/uploads\/2025\/10\/fikonattika-scaled.jpg","contentUrl":"https:\/\/fika.paris\/wp-content\/uploads\/2025\/10\/fikonattika-scaled.jpg","width":1707,"height":2560},{"@type":"BreadcrumbList","@id":"https:\/\/fika.paris\/sv\/produit\/figvinager-attika\/#breadcrumb","itemListElement":[{"@type":"ListItem","position":1,"name":"Accueil","item":"https:\/\/fika.paris\/sv\/en-liten-smak-av-sverige-i-paris\/"},{"@type":"ListItem","position":2,"name":"Butik","item":"https:\/\/fika.paris\/sv\/butik\/"},{"@type":"ListItem","position":3,"name":"Fikon\u00e4ttika \u2013 \u00c4ttika"}]},{"@type":"WebSite","@id":"https:\/\/fika.paris\/sv\/#website","url":"https:\/\/fika.paris\/sv\/","name":"Fika Paris","description":"Un petit g\u00f4ut de Su\u00e8de \u00e0 Paris","publisher":{"@id":"https:\/\/fika.paris\/sv\/#organization"},"potentialAction":[{"@type":"SearchAction","target":{"@type":"EntryPoint","urlTemplate":"https:\/\/fika.paris\/sv\/?s={search_term_string}"},"query-input":{"@type":"PropertyValueSpecification","valueRequired":true,"valueName":"search_term_string"}}],"inLanguage":"sv-SE"},{"@type":"Organization","@id":"https:\/\/fika.paris\/sv\/#organization","name":"Fika Paris","url":"https:\/\/fika.paris\/sv\/","logo":{"@type":"ImageObject","inLanguage":"sv-SE","@id":"https:\/\/fika.paris\/sv\/#\/schema\/logo\/image\/","url":"https:\/\/fika.paris\/wp-content\/uploads\/2025\/09\/cropped-logofika_detoure-scaled-1.png","contentUrl":"https:\/\/fika.paris\/wp-content\/uploads\/2025\/09\/cropped-logofika_detoure-scaled-1.png","width":2273,"height":953,"caption":"Fika Paris"},"image":{"@id":"https:\/\/fika.paris\/sv\/#\/schema\/logo\/image\/"}}]}},"_links":{"self":[{"href":"https:\/\/fika.paris\/sv\/wp-json\/wp\/v2\/product\/1203","targetHints":{"allow":["GET"]}}],"collection":[{"href":"https:\/\/fika.paris\/sv\/wp-json\/wp\/v2\/product"}],"about":[{"href":"https:\/\/fika.paris\/sv\/wp-json\/wp\/v2\/types\/product"}],"wp:featuredmedia":[{"embeddable":true,"href":"https:\/\/fika.paris\/sv\/wp-json\/wp\/v2\/media\/1204"}],"wp:attachment":[{"href":"https:\/\/fika.paris\/sv\/wp-json\/wp\/v2\/media?parent=1203"}],"wp:term":[{"taxonomy":"product_brand","embeddable":true,"href":"https:\/\/fika.paris\/sv\/wp-json\/wp\/v2\/product_brand?post=1203"},{"taxonomy":"product_cat","embeddable":true,"href":"https:\/\/fika.paris\/sv\/wp-json\/wp\/v2\/product_cat?post=1203"},{"taxonomy":"product_tag","embeddable":true,"href":"https:\/\/fika.paris\/sv\/wp-json\/wp\/v2\/product_tag?post=1203"}],"curies":[{"name":"wp","href":"https:\/\/api.w.org\/{rel}","templated":true}]}}