{"id":1179,"date":"2025-12-13T14:11:35","date_gmt":"2025-12-13T13:11:35","guid":{"rendered":"https:\/\/fika.paris\/produit\/presentkort-20-e\/"},"modified":"2026-02-26T16:27:04","modified_gmt":"2026-02-26T15:27:04","slug":"presentkort-20-e","status":"publish","type":"product","link":"https:\/\/fika.paris\/sv\/produit\/presentkort-20-e\/","title":{"rendered":"Presentkort \u2013 20 \u20ac"},"content":{"rendered":"<p>Ge bort en h\u00e4rlig kaffepaus.<br data-start=\"133\" data-end=\"136\" data-is-only-node=\"\">Detta presentkort p\u00e5 <strong data-start=\"160\" data-end=\"168\">20 \u20ac<\/strong> g\u00e4ller <strong data-start=\"181\" data-end=\"193\">online<\/strong> eller <strong data-start=\"197\" data-end=\"210\">p\u00e5 plats<\/strong>, f\u00f6r att njuta av kaffe, s\u00f6tsaker och stunder av v\u00e4lbehag.<\/p>\n","protected":false},"excerpt":{"rendered":"<p>Ge bort en h\u00e4rlig kaffepaus.Detta presentkort p\u00e5 20 \u20ac g\u00e4ller online eller p\u00e5 plats, f\u00f6r att njuta av kaffe, s\u00f6tsaker och stunder av v\u00e4lbehag.<\/p>\n","protected":false},"featured_media":1180,"template":"","meta":[],"product_brand":[106],"product_cat":[70],"product_tag":[],"class_list":{"0":"post-1179","1":"product","2":"type-product","3":"status-publish","4":"has-post-thumbnail","6":"product_brand-fika","7":"product_cat-hantverk-gavor","9":"first","10":"instock","11":"virtual","12":"purchasable","13":"product-type-simple"},"yoast_head":"<!-- This site is optimized with the Yoast SEO plugin v27.2 - https:\/\/yoast.com\/product\/yoast-seo-wordpress\/ -->\n<title>Presentkort \u2013 20 \u20ac - Fika Paris<\/title>\n<meta name=\"robots\" content=\"index, follow, max-snippet:-1, max-image-preview:large, max-video-preview:-1\" \/>\n<link rel=\"canonical\" href=\"https:\/\/fika.paris\/sv\/produit\/presentkort-20-e\/\" \/>\n<meta property=\"og:locale\" content=\"sv_SE\" \/>\n<meta property=\"og:type\" content=\"article\" \/>\n<meta property=\"og:title\" content=\"Presentkort \u2013 20 \u20ac - Fika Paris\" \/>\n<meta property=\"og:description\" content=\"Ge bort en h\u00e4rlig kaffepaus.Detta presentkort p\u00e5 20 \u20ac g\u00e4ller online eller p\u00e5 plats, f\u00f6r att njuta av kaffe, s\u00f6tsaker och stunder av v\u00e4lbehag.\" \/>\n<meta property=\"og:url\" content=\"https:\/\/fika.paris\/sv\/produit\/presentkort-20-e\/\" \/>\n<meta property=\"og:site_name\" content=\"Fika Paris\" \/>\n<meta property=\"article:modified_time\" content=\"2026-02-26T15:27:04+00:00\" \/>\n<meta name=\"twitter:card\" content=\"summary_large_image\" \/>\n<script type=\"application\/ld+json\" class=\"yoast-schema-graph\">{\"@context\":\"https:\/\/schema.org\",\"@graph\":[{\"@type\":\"WebPage\",\"@id\":\"https:\/\/fika.paris\/sv\/produit\/presentkort-20-e\/\",\"url\":\"https:\/\/fika.paris\/sv\/produit\/presentkort-20-e\/\",\"name\":\"Presentkort \u2013 20 \u20ac - Fika Paris\",\"isPartOf\":{\"@id\":\"https:\/\/fika.paris\/sv\/#website\"},\"primaryImageOfPage\":{\"@id\":\"https:\/\/fika.paris\/sv\/produit\/presentkort-20-e\/#primaryimage\"},\"image\":{\"@id\":\"https:\/\/fika.paris\/sv\/produit\/presentkort-20-e\/#primaryimage\"},\"thumbnailUrl\":\"https:\/\/fika.paris\/wp-content\/uploads\/2026\/01\/CARTES_correspondance_FIKA-1-pdf.jpg\",\"datePublished\":\"2025-12-13T13:11:35+00:00\",\"dateModified\":\"2026-02-26T15:27:04+00:00\",\"breadcrumb\":{\"@id\":\"https:\/\/fika.paris\/sv\/produit\/presentkort-20-e\/#breadcrumb\"},\"inLanguage\":\"sv-SE\",\"potentialAction\":[{\"@type\":\"ReadAction\",\"target\":[\"https:\/\/fika.paris\/sv\/produit\/presentkort-20-e\/\"]}]},{\"@type\":\"ImageObject\",\"inLanguage\":\"sv-SE\",\"@id\":\"https:\/\/fika.paris\/sv\/produit\/presentkort-20-e\/#primaryimage\",\"url\":\"https:\/\/fika.paris\/wp-content\/uploads\/2026\/01\/CARTES_correspondance_FIKA-1-pdf.jpg\",\"contentUrl\":\"https:\/\/fika.paris\/wp-content\/uploads\/2026\/01\/CARTES_correspondance_FIKA-1-pdf.jpg\"},{\"@type\":\"BreadcrumbList\",\"@id\":\"https:\/\/fika.paris\/sv\/produit\/presentkort-20-e\/#breadcrumb\",\"itemListElement\":[{\"@type\":\"ListItem\",\"position\":1,\"name\":\"Accueil\",\"item\":\"https:\/\/fika.paris\/sv\/en-liten-smak-av-sverige-i-paris\/\"},{\"@type\":\"ListItem\",\"position\":2,\"name\":\"Butik\",\"item\":\"https:\/\/fika.paris\/sv\/butik\/\"},{\"@type\":\"ListItem\",\"position\":3,\"name\":\"Presentkort \u2013 20 \u20ac\"}]},{\"@type\":\"WebSite\",\"@id\":\"https:\/\/fika.paris\/sv\/#website\",\"url\":\"https:\/\/fika.paris\/sv\/\",\"name\":\"Fika Paris\",\"description\":\"Un petit g\u00f4ut de Su\u00e8de \u00e0 Paris\",\"publisher\":{\"@id\":\"https:\/\/fika.paris\/sv\/#organization\"},\"potentialAction\":[{\"@type\":\"SearchAction\",\"target\":{\"@type\":\"EntryPoint\",\"urlTemplate\":\"https:\/\/fika.paris\/sv\/?s={search_term_string}\"},\"query-input\":{\"@type\":\"PropertyValueSpecification\",\"valueRequired\":true,\"valueName\":\"search_term_string\"}}],\"inLanguage\":\"sv-SE\"},{\"@type\":\"Organization\",\"@id\":\"https:\/\/fika.paris\/sv\/#organization\",\"name\":\"Fika Paris\",\"url\":\"https:\/\/fika.paris\/sv\/\",\"logo\":{\"@type\":\"ImageObject\",\"inLanguage\":\"sv-SE\",\"@id\":\"https:\/\/fika.paris\/sv\/#\/schema\/logo\/image\/\",\"url\":\"https:\/\/fika.paris\/wp-content\/uploads\/2025\/09\/cropped-logofika_detoure-scaled-1.png\",\"contentUrl\":\"https:\/\/fika.paris\/wp-content\/uploads\/2025\/09\/cropped-logofika_detoure-scaled-1.png\",\"width\":2273,\"height\":953,\"caption\":\"Fika Paris\"},\"image\":{\"@id\":\"https:\/\/fika.paris\/sv\/#\/schema\/logo\/image\/\"}}]}<\/script>\n<!-- \/ Yoast SEO plugin. -->","yoast_head_json":{"title":"Presentkort \u2013 20 \u20ac - Fika Paris","robots":{"index":"index","follow":"follow","max-snippet":"max-snippet:-1","max-image-preview":"max-image-preview:large","max-video-preview":"max-video-preview:-1"},"canonical":"https:\/\/fika.paris\/sv\/produit\/presentkort-20-e\/","og_locale":"sv_SE","og_type":"article","og_title":"Presentkort \u2013 20 \u20ac - Fika Paris","og_description":"Ge bort en h\u00e4rlig kaffepaus.Detta presentkort p\u00e5 20 \u20ac g\u00e4ller online eller p\u00e5 plats, f\u00f6r att njuta av kaffe, s\u00f6tsaker och stunder av v\u00e4lbehag.","og_url":"https:\/\/fika.paris\/sv\/produit\/presentkort-20-e\/","og_site_name":"Fika Paris","article_modified_time":"2026-02-26T15:27:04+00:00","twitter_card":"summary_large_image","schema":{"@context":"https:\/\/schema.org","@graph":[{"@type":"WebPage","@id":"https:\/\/fika.paris\/sv\/produit\/presentkort-20-e\/","url":"https:\/\/fika.paris\/sv\/produit\/presentkort-20-e\/","name":"Presentkort \u2013 20 \u20ac - Fika Paris","isPartOf":{"@id":"https:\/\/fika.paris\/sv\/#website"},"primaryImageOfPage":{"@id":"https:\/\/fika.paris\/sv\/produit\/presentkort-20-e\/#primaryimage"},"image":{"@id":"https:\/\/fika.paris\/sv\/produit\/presentkort-20-e\/#primaryimage"},"thumbnailUrl":"https:\/\/fika.paris\/wp-content\/uploads\/2026\/01\/CARTES_correspondance_FIKA-1-pdf.jpg","datePublished":"2025-12-13T13:11:35+00:00","dateModified":"2026-02-26T15:27:04+00:00","breadcrumb":{"@id":"https:\/\/fika.paris\/sv\/produit\/presentkort-20-e\/#breadcrumb"},"inLanguage":"sv-SE","potentialAction":[{"@type":"ReadAction","target":["https:\/\/fika.paris\/sv\/produit\/presentkort-20-e\/"]}]},{"@type":"ImageObject","inLanguage":"sv-SE","@id":"https:\/\/fika.paris\/sv\/produit\/presentkort-20-e\/#primaryimage","url":"https:\/\/fika.paris\/wp-content\/uploads\/2026\/01\/CARTES_correspondance_FIKA-1-pdf.jpg","contentUrl":"https:\/\/fika.paris\/wp-content\/uploads\/2026\/01\/CARTES_correspondance_FIKA-1-pdf.jpg"},{"@type":"BreadcrumbList","@id":"https:\/\/fika.paris\/sv\/produit\/presentkort-20-e\/#breadcrumb","itemListElement":[{"@type":"ListItem","position":1,"name":"Accueil","item":"https:\/\/fika.paris\/sv\/en-liten-smak-av-sverige-i-paris\/"},{"@type":"ListItem","position":2,"name":"Butik","item":"https:\/\/fika.paris\/sv\/butik\/"},{"@type":"ListItem","position":3,"name":"Presentkort \u2013 20 \u20ac"}]},{"@type":"WebSite","@id":"https:\/\/fika.paris\/sv\/#website","url":"https:\/\/fika.paris\/sv\/","name":"Fika Paris","description":"Un petit g\u00f4ut de Su\u00e8de \u00e0 Paris","publisher":{"@id":"https:\/\/fika.paris\/sv\/#organization"},"potentialAction":[{"@type":"SearchAction","target":{"@type":"EntryPoint","urlTemplate":"https:\/\/fika.paris\/sv\/?s={search_term_string}"},"query-input":{"@type":"PropertyValueSpecification","valueRequired":true,"valueName":"search_term_string"}}],"inLanguage":"sv-SE"},{"@type":"Organization","@id":"https:\/\/fika.paris\/sv\/#organization","name":"Fika Paris","url":"https:\/\/fika.paris\/sv\/","logo":{"@type":"ImageObject","inLanguage":"sv-SE","@id":"https:\/\/fika.paris\/sv\/#\/schema\/logo\/image\/","url":"https:\/\/fika.paris\/wp-content\/uploads\/2025\/09\/cropped-logofika_detoure-scaled-1.png","contentUrl":"https:\/\/fika.paris\/wp-content\/uploads\/2025\/09\/cropped-logofika_detoure-scaled-1.png","width":2273,"height":953,"caption":"Fika Paris"},"image":{"@id":"https:\/\/fika.paris\/sv\/#\/schema\/logo\/image\/"}}]}},"_links":{"self":[{"href":"https:\/\/fika.paris\/sv\/wp-json\/wp\/v2\/product\/1179","targetHints":{"allow":["GET"]}}],"collection":[{"href":"https:\/\/fika.paris\/sv\/wp-json\/wp\/v2\/product"}],"about":[{"href":"https:\/\/fika.paris\/sv\/wp-json\/wp\/v2\/types\/product"}],"wp:featuredmedia":[{"embeddable":true,"href":"https:\/\/fika.paris\/sv\/wp-json\/wp\/v2\/media\/1180"}],"wp:attachment":[{"href":"https:\/\/fika.paris\/sv\/wp-json\/wp\/v2\/media?parent=1179"}],"wp:term":[{"taxonomy":"product_brand","embeddable":true,"href":"https:\/\/fika.paris\/sv\/wp-json\/wp\/v2\/product_brand?post=1179"},{"taxonomy":"product_cat","embeddable":true,"href":"https:\/\/fika.paris\/sv\/wp-json\/wp\/v2\/product_cat?post=1179"},{"taxonomy":"product_tag","embeddable":true,"href":"https:\/\/fika.paris\/sv\/wp-json\/wp\/v2\/product_tag?post=1179"}],"curies":[{"name":"wp","href":"https:\/\/api.w.org\/{rel}","templated":true}]}}