{"id":1119,"date":"2025-11-25T13:58:08","date_gmt":"2025-11-25T12:58:08","guid":{"rendered":"https:\/\/fika.paris\/?post_type=product&#038;p=1119"},"modified":"2026-03-17T10:52:25","modified_gmt":"2026-03-17T09:52:25","slug":"kalles-kaviar","status":"publish","type":"product","link":"https:\/\/fika.paris\/sv\/produit\/kalles-kaviar\/","title":{"rendered":"Kalles Kaviar"},"content":{"rendered":"<p>Kalles Kaviar \u00e4r ett klassiskt svenskt p\u00e5l\u00e4gg gjort p\u00e5 torskrom, smaksatt med salt och r\u00f6karomer. Dess kr\u00e4miga konsistens \u00e5tf\u00f6ljs av en utpr\u00e4glad s\u00e4lta och en l\u00e4tt r\u00f6kt ton, vilket ger den dess karakteristiska intensiva smak. Produkten konsumeras fr\u00e4mst p\u00e5 br\u00f6d, ofta tillsammans med \u00e4gg, och \u00e4r en av de viktigaste delarna av den svenska frukosten.<\/p>\n","protected":false},"excerpt":{"rendered":"<p>Kalles Kaviar \u00e4r ett klassiskt svenskt p\u00e5l\u00e4gg gjort p\u00e5 torskrom, smaksatt med salt och r\u00f6karomer. Dess kr\u00e4miga konsistens \u00e5tf\u00f6ljs av en utpr\u00e4glad s\u00e4lta och en l\u00e4tt r\u00f6kt ton, vilket ger den dess karakteristiska intensiva smak. Produkten konsumeras fr\u00e4mst p\u00e5 br\u00f6d, ofta tillsammans med \u00e4gg, och \u00e4r en av de viktigaste delarna av den svenska frukosten.<\/p>\n","protected":false},"featured_media":0,"template":"","meta":[],"product_brand":[108],"product_cat":[79,75,74],"product_tag":[],"class_list":{"0":"post-1119","1":"product","2":"type-product","3":"status-publish","5":"product_brand-kalles","6":"product_cat-jul","7":"product_cat-oljor-marinader-siraper","8":"product_cat-skafferi","10":"first","11":"instock","12":"taxable","13":"shipping-taxable","14":"purchasable","15":"product-type-simple"},"yoast_head":"<!-- This site is optimized with the Yoast SEO plugin v27.2 - https:\/\/yoast.com\/product\/yoast-seo-wordpress\/ -->\n<title>Kalles Kaviar - Fika Paris<\/title>\n<meta name=\"robots\" content=\"index, follow, max-snippet:-1, max-image-preview:large, max-video-preview:-1\" \/>\n<link rel=\"canonical\" href=\"https:\/\/fika.paris\/sv\/produit\/kalles-kaviar\/\" \/>\n<meta property=\"og:locale\" content=\"sv_SE\" \/>\n<meta property=\"og:type\" content=\"article\" \/>\n<meta property=\"og:title\" content=\"Kalles Kaviar - Fika Paris\" \/>\n<meta property=\"og:description\" content=\"Kalles Kaviar \u00e4r ett klassiskt svenskt p\u00e5l\u00e4gg gjort p\u00e5 torskrom, smaksatt med salt och r\u00f6karomer. Dess kr\u00e4miga konsistens \u00e5tf\u00f6ljs av en utpr\u00e4glad s\u00e4lta och en l\u00e4tt r\u00f6kt ton, vilket ger den dess karakteristiska intensiva smak. Produkten konsumeras fr\u00e4mst p\u00e5 br\u00f6d, ofta tillsammans med \u00e4gg, och \u00e4r en av de viktigaste delarna av den svenska frukosten.\" \/>\n<meta property=\"og:url\" content=\"https:\/\/fika.paris\/sv\/produit\/kalles-kaviar\/\" \/>\n<meta property=\"og:site_name\" content=\"Fika Paris\" \/>\n<meta property=\"article:modified_time\" content=\"2026-03-17T09:52:25+00:00\" \/>\n<meta name=\"twitter:card\" content=\"summary_large_image\" \/>\n<script type=\"application\/ld+json\" class=\"yoast-schema-graph\">{\"@context\":\"https:\/\/schema.org\",\"@graph\":[{\"@type\":\"WebPage\",\"@id\":\"https:\/\/fika.paris\/sv\/produit\/kalles-kaviar\/\",\"url\":\"https:\/\/fika.paris\/sv\/produit\/kalles-kaviar\/\",\"name\":\"Kalles Kaviar - Fika Paris\",\"isPartOf\":{\"@id\":\"https:\/\/fika.paris\/sv\/#website\"},\"datePublished\":\"2025-11-25T12:58:08+00:00\",\"dateModified\":\"2026-03-17T09:52:25+00:00\",\"breadcrumb\":{\"@id\":\"https:\/\/fika.paris\/sv\/produit\/kalles-kaviar\/#breadcrumb\"},\"inLanguage\":\"sv-SE\",\"potentialAction\":[{\"@type\":\"ReadAction\",\"target\":[\"https:\/\/fika.paris\/sv\/produit\/kalles-kaviar\/\"]}]},{\"@type\":\"BreadcrumbList\",\"@id\":\"https:\/\/fika.paris\/sv\/produit\/kalles-kaviar\/#breadcrumb\",\"itemListElement\":[{\"@type\":\"ListItem\",\"position\":1,\"name\":\"Accueil\",\"item\":\"https:\/\/fika.paris\/sv\/en-liten-smak-av-sverige-i-paris\/\"},{\"@type\":\"ListItem\",\"position\":2,\"name\":\"Butik\",\"item\":\"https:\/\/fika.paris\/sv\/butik\/\"},{\"@type\":\"ListItem\",\"position\":3,\"name\":\"Kalles Kaviar\"}]},{\"@type\":\"WebSite\",\"@id\":\"https:\/\/fika.paris\/sv\/#website\",\"url\":\"https:\/\/fika.paris\/sv\/\",\"name\":\"Fika Paris\",\"description\":\"Un petit g\u00f4ut de Su\u00e8de \u00e0 Paris\",\"publisher\":{\"@id\":\"https:\/\/fika.paris\/sv\/#organization\"},\"potentialAction\":[{\"@type\":\"SearchAction\",\"target\":{\"@type\":\"EntryPoint\",\"urlTemplate\":\"https:\/\/fika.paris\/sv\/?s={search_term_string}\"},\"query-input\":{\"@type\":\"PropertyValueSpecification\",\"valueRequired\":true,\"valueName\":\"search_term_string\"}}],\"inLanguage\":\"sv-SE\"},{\"@type\":\"Organization\",\"@id\":\"https:\/\/fika.paris\/sv\/#organization\",\"name\":\"Fika Paris\",\"url\":\"https:\/\/fika.paris\/sv\/\",\"logo\":{\"@type\":\"ImageObject\",\"inLanguage\":\"sv-SE\",\"@id\":\"https:\/\/fika.paris\/sv\/#\/schema\/logo\/image\/\",\"url\":\"https:\/\/fika.paris\/wp-content\/uploads\/2025\/09\/cropped-logofika_detoure-scaled-1.png\",\"contentUrl\":\"https:\/\/fika.paris\/wp-content\/uploads\/2025\/09\/cropped-logofika_detoure-scaled-1.png\",\"width\":2273,\"height\":953,\"caption\":\"Fika Paris\"},\"image\":{\"@id\":\"https:\/\/fika.paris\/sv\/#\/schema\/logo\/image\/\"}}]}<\/script>\n<!-- \/ Yoast SEO plugin. -->","yoast_head_json":{"title":"Kalles Kaviar - Fika Paris","robots":{"index":"index","follow":"follow","max-snippet":"max-snippet:-1","max-image-preview":"max-image-preview:large","max-video-preview":"max-video-preview:-1"},"canonical":"https:\/\/fika.paris\/sv\/produit\/kalles-kaviar\/","og_locale":"sv_SE","og_type":"article","og_title":"Kalles Kaviar - Fika Paris","og_description":"Kalles Kaviar \u00e4r ett klassiskt svenskt p\u00e5l\u00e4gg gjort p\u00e5 torskrom, smaksatt med salt och r\u00f6karomer. Dess kr\u00e4miga konsistens \u00e5tf\u00f6ljs av en utpr\u00e4glad s\u00e4lta och en l\u00e4tt r\u00f6kt ton, vilket ger den dess karakteristiska intensiva smak. Produkten konsumeras fr\u00e4mst p\u00e5 br\u00f6d, ofta tillsammans med \u00e4gg, och \u00e4r en av de viktigaste delarna av den svenska frukosten.","og_url":"https:\/\/fika.paris\/sv\/produit\/kalles-kaviar\/","og_site_name":"Fika Paris","article_modified_time":"2026-03-17T09:52:25+00:00","twitter_card":"summary_large_image","schema":{"@context":"https:\/\/schema.org","@graph":[{"@type":"WebPage","@id":"https:\/\/fika.paris\/sv\/produit\/kalles-kaviar\/","url":"https:\/\/fika.paris\/sv\/produit\/kalles-kaviar\/","name":"Kalles Kaviar - Fika Paris","isPartOf":{"@id":"https:\/\/fika.paris\/sv\/#website"},"datePublished":"2025-11-25T12:58:08+00:00","dateModified":"2026-03-17T09:52:25+00:00","breadcrumb":{"@id":"https:\/\/fika.paris\/sv\/produit\/kalles-kaviar\/#breadcrumb"},"inLanguage":"sv-SE","potentialAction":[{"@type":"ReadAction","target":["https:\/\/fika.paris\/sv\/produit\/kalles-kaviar\/"]}]},{"@type":"BreadcrumbList","@id":"https:\/\/fika.paris\/sv\/produit\/kalles-kaviar\/#breadcrumb","itemListElement":[{"@type":"ListItem","position":1,"name":"Accueil","item":"https:\/\/fika.paris\/sv\/en-liten-smak-av-sverige-i-paris\/"},{"@type":"ListItem","position":2,"name":"Butik","item":"https:\/\/fika.paris\/sv\/butik\/"},{"@type":"ListItem","position":3,"name":"Kalles Kaviar"}]},{"@type":"WebSite","@id":"https:\/\/fika.paris\/sv\/#website","url":"https:\/\/fika.paris\/sv\/","name":"Fika Paris","description":"Un petit g\u00f4ut de Su\u00e8de \u00e0 Paris","publisher":{"@id":"https:\/\/fika.paris\/sv\/#organization"},"potentialAction":[{"@type":"SearchAction","target":{"@type":"EntryPoint","urlTemplate":"https:\/\/fika.paris\/sv\/?s={search_term_string}"},"query-input":{"@type":"PropertyValueSpecification","valueRequired":true,"valueName":"search_term_string"}}],"inLanguage":"sv-SE"},{"@type":"Organization","@id":"https:\/\/fika.paris\/sv\/#organization","name":"Fika Paris","url":"https:\/\/fika.paris\/sv\/","logo":{"@type":"ImageObject","inLanguage":"sv-SE","@id":"https:\/\/fika.paris\/sv\/#\/schema\/logo\/image\/","url":"https:\/\/fika.paris\/wp-content\/uploads\/2025\/09\/cropped-logofika_detoure-scaled-1.png","contentUrl":"https:\/\/fika.paris\/wp-content\/uploads\/2025\/09\/cropped-logofika_detoure-scaled-1.png","width":2273,"height":953,"caption":"Fika Paris"},"image":{"@id":"https:\/\/fika.paris\/sv\/#\/schema\/logo\/image\/"}}]}},"_links":{"self":[{"href":"https:\/\/fika.paris\/sv\/wp-json\/wp\/v2\/product\/1119","targetHints":{"allow":["GET"]}}],"collection":[{"href":"https:\/\/fika.paris\/sv\/wp-json\/wp\/v2\/product"}],"about":[{"href":"https:\/\/fika.paris\/sv\/wp-json\/wp\/v2\/types\/product"}],"wp:attachment":[{"href":"https:\/\/fika.paris\/sv\/wp-json\/wp\/v2\/media?parent=1119"}],"wp:term":[{"taxonomy":"product_brand","embeddable":true,"href":"https:\/\/fika.paris\/sv\/wp-json\/wp\/v2\/product_brand?post=1119"},{"taxonomy":"product_cat","embeddable":true,"href":"https:\/\/fika.paris\/sv\/wp-json\/wp\/v2\/product_cat?post=1119"},{"taxonomy":"product_tag","embeddable":true,"href":"https:\/\/fika.paris\/sv\/wp-json\/wp\/v2\/product_tag?post=1119"}],"curies":[{"name":"wp","href":"https:\/\/api.w.org\/{rel}","templated":true}]}}