{"id":1871,"date":"2026-02-04T11:59:56","date_gmt":"2026-02-04T10:59:56","guid":{"rendered":"https:\/\/fika.paris\/privatuthyrning\/"},"modified":"2026-03-17T16:46:54","modified_gmt":"2026-03-17T15:46:54","slug":"privatuthyrning","status":"publish","type":"page","link":"https:\/\/fika.paris\/sv\/privatuthyrning\/","title":{"rendered":"Privatuthyrning"},"content":{"rendered":"\t\t<div data-elementor-type=\"wp-page\" data-elementor-id=\"1871\" class=\"elementor elementor-1871 elementor-1617\" data-elementor-post-type=\"page\">\n\t\t\t\t<div class=\"elementor-element elementor-element-bcab4e2 e-con-full e-flex e-con e-parent\" data-id=\"bcab4e2\" data-element_type=\"container\" data-e-type=\"container\" data-settings=\"{&quot;background_background&quot;:&quot;classic&quot;}\">\n\t\t<div class=\"elementor-element elementor-element-94de66c e-con-full e-flex e-con e-child\" data-id=\"94de66c\" data-element_type=\"container\" data-e-type=\"container\">\n\t\t<div class=\"elementor-element elementor-element-cbb2e1d e-con-full e-transform e-flex e-con e-child\" data-id=\"cbb2e1d\" data-element_type=\"container\" data-e-type=\"container\" data-settings=\"{&quot;_transform_translateX_effect&quot;:{&quot;unit&quot;:&quot;px&quot;,&quot;size&quot;:0,&quot;sizes&quot;:[]},&quot;_transform_translateX_effect_tablet&quot;:{&quot;unit&quot;:&quot;px&quot;,&quot;size&quot;:&quot;&quot;,&quot;sizes&quot;:[]},&quot;_transform_translateX_effect_mobile&quot;:{&quot;unit&quot;:&quot;px&quot;,&quot;size&quot;:&quot;&quot;,&quot;sizes&quot;:[]},&quot;_transform_translateY_effect&quot;:{&quot;unit&quot;:&quot;px&quot;,&quot;size&quot;:&quot;&quot;,&quot;sizes&quot;:[]},&quot;_transform_translateY_effect_tablet&quot;:{&quot;unit&quot;:&quot;px&quot;,&quot;size&quot;:&quot;&quot;,&quot;sizes&quot;:[]},&quot;_transform_translateY_effect_mobile&quot;:{&quot;unit&quot;:&quot;px&quot;,&quot;size&quot;:&quot;&quot;,&quot;sizes&quot;:[]}}\">\n\t\t\t\t<div class=\"elementor-element elementor-element-9770a17 elementor-widget elementor-widget-image\" data-id=\"9770a17\" data-element_type=\"widget\" data-e-type=\"widget\" data-widget_type=\"image.default\">\n\t\t\t\t\t\t\t\t\t\t\t\t\t\t\t<img decoding=\"async\" src=\"https:\/\/fika.paris\/wp-content\/uploads\/2025\/11\/FIKA_logo.svg\" title=\"FIKA_logo\" alt=\"FIKA_logo\" loading=\"lazy\" \/>\t\t\t\t\t\t\t\t\t\t\t\t\t\t\t<\/div>\n\t\t\t\t<div class=\"elementor-element elementor-element-be8d2b0 elementor-widget elementor-widget-heading\" data-id=\"be8d2b0\" data-element_type=\"widget\" data-e-type=\"widget\" data-widget_type=\"heading.default\">\n\t\t\t\t\t<h1 class=\"elementor-heading-title elementor-size-default\">Privatuthyrning<\/h1>\t\t\t\t<\/div>\n\t\t\t\t<div class=\"elementor-element elementor-element-e4d58aa elementor-widget elementor-widget-spacer\" data-id=\"e4d58aa\" data-element_type=\"widget\" data-e-type=\"widget\" data-widget_type=\"spacer.default\">\n\t\t\t\t\t\t\t<div class=\"elementor-spacer\">\n\t\t\t<div class=\"elementor-spacer-inner\"><\/div>\n\t\t<\/div>\n\t\t\t\t\t\t<\/div>\n\t\t\t\t<div class=\"elementor-element elementor-element-a94094e elementor-widget elementor-widget-text-editor\" data-id=\"a94094e\" data-element_type=\"widget\" data-e-type=\"widget\" data-widget_type=\"text-editor.default\">\n\t\t\t\t\t\t\t\t\t<div>Det \u00e4r m\u00f6jligt att hyra <strong><span class=\"il\">FIKA<\/span><\/strong> privat fr\u00e5n 8:30 till 21:00 p\u00e5 m\u00e5ndagar och fr\u00e5n 19:00 till 21:00 p\u00e5 tisdagar, onsdagar, fredagar, l\u00f6rdagar och s\u00f6ndagar. <\/div><div> <\/div><div>F\u00f6r alla f\u00f6rfr\u00e5gningar, v\u00e4nligen ber\u00e4tta mer genom att klicka p\u00e5 knappen nedan<\/div>\t\t\t\t\t\t\t\t<\/div>\n\t\t\t\t<div class=\"elementor-element elementor-element-99af423 bs-booking-button elementor-widget elementor-widget-button\" data-id=\"99af423\" data-element_type=\"widget\" data-e-type=\"widget\" data-widget_type=\"button.default\">\n\t\t\t\t\t\t\t\t\t\t<a class=\"elementor-button elementor-button-link elementor-size-sm\" href=\"#\">\n\t\t\t\t\t\t<span class=\"elementor-button-content-wrapper\">\n\t\t\t\t\t\t\t\t\t<span class=\"elementor-button-text\">G\u00f6r en f\u00f6rfr\u00e5gan om privatuthyrning<\/span>\n\t\t\t\t\t<\/span>\n\t\t\t\t\t<\/a>\n\t\t\t\t\t\t\t\t<\/div>\n\t\t\t\t<\/div>\n\t\t\t\t<\/div>\n\t\t<div class=\"elementor-element elementor-element-7dac0c7 e-con-full e-flex e-con e-child\" data-id=\"7dac0c7\" data-element_type=\"container\" data-e-type=\"container\" data-settings=\"{&quot;background_background&quot;:&quot;video&quot;,&quot;background_video_link&quot;:&quot;https:\\\/\\\/fika.paris\\\/wp-content\\\/uploads\\\/2025\\\/11\\\/Les-Editions-Delicieuses_Diner-Institut-Suedois-14-Mai-2025-2-2-2.mp4&quot;}\">\n\t\t<div class=\"elementor-background-video-container elementor-hidden-mobile\">\n\t\t\t\t\t\t\t<video class=\"elementor-background-video-hosted\" role=\"presentation\" autoplay muted playsinline loop><\/video>\n\t\t\t\t\t<\/div>\t\t<\/div>\n\t\t\t\t<\/div>\n\t\t<div class=\"elementor-element elementor-element-386ad33 e-flex e-con-boxed e-con e-parent\" data-id=\"386ad33\" data-element_type=\"container\" data-e-type=\"container\" data-settings=\"{&quot;background_background&quot;:&quot;classic&quot;}\">\n\t\t\t\t\t<div class=\"e-con-inner\">\n\t\t<div class=\"elementor-element elementor-element-4ca1c13 e-con-full e-flex e-con e-child\" data-id=\"4ca1c13\" data-element_type=\"container\" data-e-type=\"container\">\n\t\t\t\t<div class=\"elementor-element elementor-element-349067a elementor-widget elementor-widget-image\" data-id=\"349067a\" data-element_type=\"widget\" data-e-type=\"widget\" data-widget_type=\"image.default\">\n\t\t\t\t\t\t\t\t\t\t\t\t\t\t\t<img fetchpriority=\"high\" decoding=\"async\" width=\"800\" height=\"1000\" src=\"https:\/\/fika.paris\/wp-content\/uploads\/2026\/02\/05.23_fika_20-819x1024.jpg\" class=\"attachment-large size-large wp-image-1873\" alt=\"\" srcset=\"https:\/\/fika.paris\/wp-content\/uploads\/2026\/02\/05.23_fika_20-819x1024.jpg 819w, https:\/\/fika.paris\/wp-content\/uploads\/2026\/02\/05.23_fika_20-480x600.jpg 480w, https:\/\/fika.paris\/wp-content\/uploads\/2026\/02\/05.23_fika_20-768x960.jpg 768w, https:\/\/fika.paris\/wp-content\/uploads\/2026\/02\/05.23_fika_20-1229x1536.jpg 1229w, https:\/\/fika.paris\/wp-content\/uploads\/2026\/02\/05.23_fika_20-1639x2048.jpg 1639w, https:\/\/fika.paris\/wp-content\/uploads\/2026\/02\/05.23_fika_20-600x750.jpg 600w, https:\/\/fika.paris\/wp-content\/uploads\/2026\/02\/05.23_fika_20-scaled.jpg 2048w\" sizes=\"(max-width: 800px) 100vw, 800px\" \/>\t\t\t\t\t\t\t\t\t\t\t\t\t\t\t<\/div>\n\t\t\t\t<div class=\"elementor-element elementor-element-449d478 elementor-widget elementor-widget-text-editor\" data-id=\"449d478\" data-element_type=\"widget\" data-e-type=\"widget\" data-widget_type=\"text-editor.default\">\n\t\t\t\t\t\t\t\t\t<p dir=\"ltr\"><strong>En t\u00e4ckt terrass<\/strong><br>40 sittplatser &#8211; 50 st\u00e5platser<\/p>\t\t\t\t\t\t\t\t<\/div>\n\t\t\t\t<\/div>\n\t\t<div class=\"elementor-element elementor-element-715db5a e-con-full e-flex e-con e-child\" data-id=\"715db5a\" data-element_type=\"container\" data-e-type=\"container\">\n\t\t\t\t<div class=\"elementor-element elementor-element-8754c9d elementor-widget elementor-widget-image\" data-id=\"8754c9d\" data-element_type=\"widget\" data-e-type=\"widget\" data-widget_type=\"image.default\">\n\t\t\t\t\t\t\t\t\t\t\t\t\t\t\t<img decoding=\"async\" width=\"800\" height=\"534\" src=\"https:\/\/fika.paris\/wp-content\/uploads\/2026\/02\/DSC02167-1024x683.jpg\" class=\"attachment-large size-large wp-image-1874\" alt=\"\" srcset=\"https:\/\/fika.paris\/wp-content\/uploads\/2026\/02\/DSC02167-1024x683.jpg 1024w, https:\/\/fika.paris\/wp-content\/uploads\/2026\/02\/DSC02167-600x400.jpg 600w, https:\/\/fika.paris\/wp-content\/uploads\/2026\/02\/DSC02167-768x512.jpg 768w, https:\/\/fika.paris\/wp-content\/uploads\/2026\/02\/DSC02167-1536x1024.jpg 1536w, https:\/\/fika.paris\/wp-content\/uploads\/2026\/02\/DSC02167-2048x1365.jpg 2048w\" sizes=\"(max-width: 800px) 100vw, 800px\" \/>\t\t\t\t\t\t\t\t\t\t\t\t\t\t\t<\/div>\n\t\t\t\t<div class=\"elementor-element elementor-element-90ae68b elementor-widget elementor-widget-text-editor\" data-id=\"90ae68b\" data-element_type=\"widget\" data-e-type=\"widget\" data-widget_type=\"text-editor.default\">\n\t\t\t\t\t\t\t\t\t<p dir=\"ltr\"><strong>En trivsam lokal<\/strong><br>30 sittplatser &#8211; 50 st\u00e5platser<\/p>\t\t\t\t\t\t\t\t<\/div>\n\t\t\t\t<\/div>\n\t\t\t\t\t<\/div>\n\t\t\t\t<\/div>\n\t\t<div class=\"elementor-element elementor-element-2c3a5a1 e-flex e-con-boxed e-con e-parent\" data-id=\"2c3a5a1\" data-element_type=\"container\" data-e-type=\"container\" data-settings=\"{&quot;background_background&quot;:&quot;classic&quot;}\">\n\t\t\t\t\t<div class=\"e-con-inner\">\n\t\t\t\t<div class=\"elementor-element elementor-element-3d7cfff elementor-widget elementor-widget-text-editor\" data-id=\"3d7cfff\" data-element_type=\"widget\" data-e-type=\"widget\" data-widget_type=\"text-editor.default\">\n\t\t\t\t\t\t\t\t\t<p dir=\"ltr\">FIKA \u00e4r kaf\u00e9et p\u00e5 Svenska Institutet, bel\u00e4get p\u00e5 innerg\u00e5rden till det prestigefyllda H\u00f4tel de Marle, uppf\u00f6rt 1560 och f\u00f6rv\u00e4rvat av Sverige 1969 f\u00f6r att bli det enda svenska kulturcentret i v\u00e4rlden. I hj\u00e4rtat av Marais ligger FIKA 5 minuter fr\u00e5n tunnelbanestation Saint Paul.  <\/p>\t\t\t\t\t\t\t\t<\/div>\n\t\t\t\t\t<\/div>\n\t\t\t\t<\/div>\n\t\t<div class=\"elementor-element elementor-element-bf54b8c e-flex e-con-boxed e-con e-parent\" data-id=\"bf54b8c\" data-element_type=\"container\" data-e-type=\"container\" data-settings=\"{&quot;background_background&quot;:&quot;classic&quot;}\">\n\t\t\t\t\t<div class=\"e-con-inner\">\n\t\t\t\t<div class=\"elementor-element elementor-element-a9dff36 elementor-widget elementor-widget-gallery\" data-id=\"a9dff36\" data-element_type=\"widget\" data-e-type=\"widget\" data-settings=\"{&quot;gallery_layout&quot;:&quot;masonry&quot;,&quot;columns&quot;:3,&quot;gap&quot;:{&quot;unit&quot;:&quot;px&quot;,&quot;size&quot;:20,&quot;sizes&quot;:[]},&quot;lazyload&quot;:&quot;yes&quot;,&quot;columns_tablet&quot;:2,&quot;columns_mobile&quot;:1,&quot;gap_tablet&quot;:{&quot;unit&quot;:&quot;px&quot;,&quot;size&quot;:10,&quot;sizes&quot;:[]},&quot;gap_mobile&quot;:{&quot;unit&quot;:&quot;px&quot;,&quot;size&quot;:10,&quot;sizes&quot;:[]},&quot;overlay_background&quot;:&quot;yes&quot;,&quot;content_hover_animation&quot;:&quot;fade-in&quot;}\" data-widget_type=\"gallery.default\">\n\t\t\t\t\t\t\t<div class=\"elementor-gallery__container\">\n\t\t\t\t\t\t\t<div class=\"e-gallery-item elementor-gallery-item elementor-animated-content\">\n\t\t\t\t\t<div class=\"e-gallery-image elementor-gallery-item__image\" data-thumbnail=\"https:\/\/fika.paris\/wp-content\/uploads\/2026\/02\/DSC02167-600x400.jpg\" data-width=\"600\" data-height=\"400\" aria-label=\"\" role=\"img\" ><\/div>\n\t\t\t\t\t\t\t\t\t\t\t<div class=\"elementor-gallery-item__overlay\"><\/div>\n\t\t\t\t\t\t\t\t\t\t\t\t\t\t<\/div>\n\t\t\t\t\t\t\t<div class=\"e-gallery-item elementor-gallery-item elementor-animated-content\">\n\t\t\t\t\t<div class=\"e-gallery-image elementor-gallery-item__image\" data-thumbnail=\"https:\/\/fika.paris\/wp-content\/uploads\/2026\/02\/DSC02131-400x600.jpg\" data-width=\"400\" data-height=\"600\" aria-label=\"\" role=\"img\" ><\/div>\n\t\t\t\t\t\t\t\t\t\t\t<div class=\"elementor-gallery-item__overlay\"><\/div>\n\t\t\t\t\t\t\t\t\t\t\t\t\t\t<\/div>\n\t\t\t\t\t\t\t<div class=\"e-gallery-item elementor-gallery-item elementor-animated-content\">\n\t\t\t\t\t<div class=\"e-gallery-image elementor-gallery-item__image\" data-thumbnail=\"https:\/\/fika.paris\/wp-content\/uploads\/2026\/02\/05.23_fika_20-480x600.jpg\" data-width=\"480\" data-height=\"600\" aria-label=\"\" role=\"img\" ><\/div>\n\t\t\t\t\t\t\t\t\t\t\t<div class=\"elementor-gallery-item__overlay\"><\/div>\n\t\t\t\t\t\t\t\t\t\t\t\t\t\t<\/div>\n\t\t\t\t\t\t\t<div class=\"e-gallery-item elementor-gallery-item elementor-animated-content\">\n\t\t\t\t\t<div class=\"e-gallery-image elementor-gallery-item__image\" data-thumbnail=\"https:\/\/fika.paris\/wp-content\/uploads\/2026\/01\/Screenshot-2026-01-13-at-11.40.04-398x600.png\" data-width=\"398\" data-height=\"600\" aria-label=\"\" role=\"img\" ><\/div>\n\t\t\t\t\t\t\t\t\t\t\t<div class=\"elementor-gallery-item__overlay\"><\/div>\n\t\t\t\t\t\t\t\t\t\t\t\t\t\t<\/div>\n\t\t\t\t\t\t\t<div class=\"e-gallery-item elementor-gallery-item elementor-animated-content\">\n\t\t\t\t\t<div class=\"e-gallery-image elementor-gallery-item__image\" data-thumbnail=\"https:\/\/fika.paris\/wp-content\/uploads\/2026\/02\/linnealund4.heic\" data-width=\"1\" data-height=\"1\" aria-label=\"\" role=\"img\" ><\/div>\n\t\t\t\t\t\t\t\t\t\t\t<div class=\"elementor-gallery-item__overlay\"><\/div>\n\t\t\t\t\t\t\t\t\t\t\t\t\t\t<\/div>\n\t\t\t\t\t\t\t<div class=\"e-gallery-item elementor-gallery-item elementor-animated-content\">\n\t\t\t\t\t<div class=\"e-gallery-image elementor-gallery-item__image\" data-thumbnail=\"https:\/\/fika.paris\/wp-content\/uploads\/2025\/11\/interieur-1-400x600.jpg\" data-width=\"400\" data-height=\"600\" aria-label=\"\" role=\"img\" ><\/div>\n\t\t\t\t\t\t\t\t\t\t\t<div class=\"elementor-gallery-item__overlay\"><\/div>\n\t\t\t\t\t\t\t\t\t\t\t\t\t\t<\/div>\n\t\t\t\t\t\t\t<div class=\"e-gallery-item elementor-gallery-item elementor-animated-content\">\n\t\t\t\t\t<div class=\"e-gallery-image elementor-gallery-item__image\" data-thumbnail=\"https:\/\/fika.paris\/wp-content\/uploads\/2026\/02\/IMG_2842-450x600.jpg\" data-width=\"450\" data-height=\"600\" aria-label=\"\" role=\"img\" ><\/div>\n\t\t\t\t\t\t\t\t\t\t\t<div class=\"elementor-gallery-item__overlay\"><\/div>\n\t\t\t\t\t\t\t\t\t\t\t\t\t\t<\/div>\n\t\t\t\t\t<\/div>\n\t\t\t\t\t<\/div>\n\t\t\t\t\t<\/div>\n\t\t\t\t<\/div>\n\t\t\t\t<\/div>\n\t\t","protected":false},"excerpt":{"rendered":"<p>Privatuthyrning Det \u00e4r m\u00f6jligt att hyra FIKA privat fr\u00e5n 8:30 till 21:00 p\u00e5 m\u00e5ndagar och fr\u00e5n 19:00 till 21:00 p\u00e5 tisdagar, onsdagar, fredagar, l\u00f6rdagar och s\u00f6ndagar. F\u00f6r alla f\u00f6rfr\u00e5gningar, v\u00e4nligen ber\u00e4tta mer genom att klicka p\u00e5 knappen nedan G\u00f6r en f\u00f6rfr\u00e5gan om privatuthyrning En t\u00e4ckt terrass40 sittplatser &#8211; 50 st\u00e5platser En trivsam lokal30 sittplatser &#8211; [&hellip;]<\/p>\n","protected":false},"author":1,"featured_media":0,"parent":0,"menu_order":0,"comment_status":"closed","ping_status":"closed","template":"","meta":{"footnotes":""},"class_list":["post-1871","page","type-page","status-publish","hentry"],"yoast_head":"<!-- This site is optimized with the Yoast SEO plugin v27.2 - https:\/\/yoast.com\/product\/yoast-seo-wordpress\/ -->\n<title>Privatuthyrning - Fika Paris<\/title>\n<meta name=\"robots\" content=\"index, follow, max-snippet:-1, max-image-preview:large, max-video-preview:-1\" \/>\n<link rel=\"canonical\" href=\"https:\/\/fika.paris\/sv\/privatuthyrning\/\" \/>\n<meta property=\"og:locale\" content=\"sv_SE\" \/>\n<meta property=\"og:type\" content=\"article\" \/>\n<meta property=\"og:title\" content=\"Privatuthyrning - Fika Paris\" \/>\n<meta property=\"og:description\" content=\"Privatuthyrning Det \u00e4r m\u00f6jligt att hyra FIKA privat fr\u00e5n 8:30 till 21:00 p\u00e5 m\u00e5ndagar och fr\u00e5n 19:00 till 21:00 p\u00e5 tisdagar, onsdagar, fredagar, l\u00f6rdagar och s\u00f6ndagar. F\u00f6r alla f\u00f6rfr\u00e5gningar, v\u00e4nligen ber\u00e4tta mer genom att klicka p\u00e5 knappen nedan G\u00f6r en f\u00f6rfr\u00e5gan om privatuthyrning En t\u00e4ckt terrass40 sittplatser &#8211; 50 st\u00e5platser En trivsam lokal30 sittplatser &#8211; [&hellip;]\" \/>\n<meta property=\"og:url\" content=\"https:\/\/fika.paris\/sv\/privatuthyrning\/\" \/>\n<meta property=\"og:site_name\" content=\"Fika Paris\" \/>\n<meta property=\"article:modified_time\" content=\"2026-03-17T15:46:54+00:00\" \/>\n<meta property=\"og:image\" content=\"https:\/\/fika.paris\/wp-content\/uploads\/2025\/11\/FIKA_logo.svg\" \/>\n<meta name=\"twitter:card\" content=\"summary_large_image\" \/>\n<meta name=\"twitter:label1\" content=\"Ber\u00e4knad l\u00e4stid\" \/>\n\t<meta name=\"twitter:data1\" content=\"1 minut\" \/>\n<script type=\"application\/ld+json\" class=\"yoast-schema-graph\">{\"@context\":\"https:\/\/schema.org\",\"@graph\":[{\"@type\":\"WebPage\",\"@id\":\"https:\/\/fika.paris\/sv\/privatuthyrning\/\",\"url\":\"https:\/\/fika.paris\/sv\/privatuthyrning\/\",\"name\":\"Privatuthyrning - Fika Paris\",\"isPartOf\":{\"@id\":\"https:\/\/fika.paris\/sv\/#website\"},\"primaryImageOfPage\":{\"@id\":\"https:\/\/fika.paris\/sv\/privatuthyrning\/#primaryimage\"},\"image\":{\"@id\":\"https:\/\/fika.paris\/sv\/privatuthyrning\/#primaryimage\"},\"thumbnailUrl\":\"https:\/\/fika.paris\/wp-content\/uploads\/2025\/11\/FIKA_logo.svg\",\"datePublished\":\"2026-02-04T10:59:56+00:00\",\"dateModified\":\"2026-03-17T15:46:54+00:00\",\"breadcrumb\":{\"@id\":\"https:\/\/fika.paris\/sv\/privatuthyrning\/#breadcrumb\"},\"inLanguage\":\"sv-SE\",\"potentialAction\":[{\"@type\":\"ReadAction\",\"target\":[\"https:\/\/fika.paris\/sv\/privatuthyrning\/\"]}]},{\"@type\":\"ImageObject\",\"inLanguage\":\"sv-SE\",\"@id\":\"https:\/\/fika.paris\/sv\/privatuthyrning\/#primaryimage\",\"url\":\"https:\/\/fika.paris\/wp-content\/uploads\/2025\/11\/FIKA_logo.svg\",\"contentUrl\":\"https:\/\/fika.paris\/wp-content\/uploads\/2025\/11\/FIKA_logo.svg\"},{\"@type\":\"BreadcrumbList\",\"@id\":\"https:\/\/fika.paris\/sv\/privatuthyrning\/#breadcrumb\",\"itemListElement\":[{\"@type\":\"ListItem\",\"position\":1,\"name\":\"Accueil\",\"item\":\"https:\/\/fika.paris\/sv\/en-liten-smak-av-sverige-i-paris\/\"},{\"@type\":\"ListItem\",\"position\":2,\"name\":\"Privatuthyrning\"}]},{\"@type\":\"WebSite\",\"@id\":\"https:\/\/fika.paris\/sv\/#website\",\"url\":\"https:\/\/fika.paris\/sv\/\",\"name\":\"Fika Paris\",\"description\":\"Un petit g\u00f4ut de Su\u00e8de \u00e0 Paris\",\"publisher\":{\"@id\":\"https:\/\/fika.paris\/sv\/#organization\"},\"potentialAction\":[{\"@type\":\"SearchAction\",\"target\":{\"@type\":\"EntryPoint\",\"urlTemplate\":\"https:\/\/fika.paris\/sv\/?s={search_term_string}\"},\"query-input\":{\"@type\":\"PropertyValueSpecification\",\"valueRequired\":true,\"valueName\":\"search_term_string\"}}],\"inLanguage\":\"sv-SE\"},{\"@type\":\"Organization\",\"@id\":\"https:\/\/fika.paris\/sv\/#organization\",\"name\":\"Fika Paris\",\"url\":\"https:\/\/fika.paris\/sv\/\",\"logo\":{\"@type\":\"ImageObject\",\"inLanguage\":\"sv-SE\",\"@id\":\"https:\/\/fika.paris\/sv\/#\/schema\/logo\/image\/\",\"url\":\"https:\/\/fika.paris\/wp-content\/uploads\/2025\/09\/cropped-logofika_detoure-scaled-1.png\",\"contentUrl\":\"https:\/\/fika.paris\/wp-content\/uploads\/2025\/09\/cropped-logofika_detoure-scaled-1.png\",\"width\":2273,\"height\":953,\"caption\":\"Fika Paris\"},\"image\":{\"@id\":\"https:\/\/fika.paris\/sv\/#\/schema\/logo\/image\/\"}}]}<\/script>\n<!-- \/ Yoast SEO plugin. -->","yoast_head_json":{"title":"Privatuthyrning - Fika Paris","robots":{"index":"index","follow":"follow","max-snippet":"max-snippet:-1","max-image-preview":"max-image-preview:large","max-video-preview":"max-video-preview:-1"},"canonical":"https:\/\/fika.paris\/sv\/privatuthyrning\/","og_locale":"sv_SE","og_type":"article","og_title":"Privatuthyrning - Fika Paris","og_description":"Privatuthyrning Det \u00e4r m\u00f6jligt att hyra FIKA privat fr\u00e5n 8:30 till 21:00 p\u00e5 m\u00e5ndagar och fr\u00e5n 19:00 till 21:00 p\u00e5 tisdagar, onsdagar, fredagar, l\u00f6rdagar och s\u00f6ndagar. F\u00f6r alla f\u00f6rfr\u00e5gningar, v\u00e4nligen ber\u00e4tta mer genom att klicka p\u00e5 knappen nedan G\u00f6r en f\u00f6rfr\u00e5gan om privatuthyrning En t\u00e4ckt terrass40 sittplatser &#8211; 50 st\u00e5platser En trivsam lokal30 sittplatser &#8211; [&hellip;]","og_url":"https:\/\/fika.paris\/sv\/privatuthyrning\/","og_site_name":"Fika Paris","article_modified_time":"2026-03-17T15:46:54+00:00","og_image":[{"url":"https:\/\/fika.paris\/wp-content\/uploads\/2025\/11\/FIKA_logo.svg","type":"","width":"","height":""}],"twitter_card":"summary_large_image","twitter_misc":{"Ber\u00e4knad l\u00e4stid":"1 minut"},"schema":{"@context":"https:\/\/schema.org","@graph":[{"@type":"WebPage","@id":"https:\/\/fika.paris\/sv\/privatuthyrning\/","url":"https:\/\/fika.paris\/sv\/privatuthyrning\/","name":"Privatuthyrning - Fika Paris","isPartOf":{"@id":"https:\/\/fika.paris\/sv\/#website"},"primaryImageOfPage":{"@id":"https:\/\/fika.paris\/sv\/privatuthyrning\/#primaryimage"},"image":{"@id":"https:\/\/fika.paris\/sv\/privatuthyrning\/#primaryimage"},"thumbnailUrl":"https:\/\/fika.paris\/wp-content\/uploads\/2025\/11\/FIKA_logo.svg","datePublished":"2026-02-04T10:59:56+00:00","dateModified":"2026-03-17T15:46:54+00:00","breadcrumb":{"@id":"https:\/\/fika.paris\/sv\/privatuthyrning\/#breadcrumb"},"inLanguage":"sv-SE","potentialAction":[{"@type":"ReadAction","target":["https:\/\/fika.paris\/sv\/privatuthyrning\/"]}]},{"@type":"ImageObject","inLanguage":"sv-SE","@id":"https:\/\/fika.paris\/sv\/privatuthyrning\/#primaryimage","url":"https:\/\/fika.paris\/wp-content\/uploads\/2025\/11\/FIKA_logo.svg","contentUrl":"https:\/\/fika.paris\/wp-content\/uploads\/2025\/11\/FIKA_logo.svg"},{"@type":"BreadcrumbList","@id":"https:\/\/fika.paris\/sv\/privatuthyrning\/#breadcrumb","itemListElement":[{"@type":"ListItem","position":1,"name":"Accueil","item":"https:\/\/fika.paris\/sv\/en-liten-smak-av-sverige-i-paris\/"},{"@type":"ListItem","position":2,"name":"Privatuthyrning"}]},{"@type":"WebSite","@id":"https:\/\/fika.paris\/sv\/#website","url":"https:\/\/fika.paris\/sv\/","name":"Fika Paris","description":"Un petit g\u00f4ut de Su\u00e8de \u00e0 Paris","publisher":{"@id":"https:\/\/fika.paris\/sv\/#organization"},"potentialAction":[{"@type":"SearchAction","target":{"@type":"EntryPoint","urlTemplate":"https:\/\/fika.paris\/sv\/?s={search_term_string}"},"query-input":{"@type":"PropertyValueSpecification","valueRequired":true,"valueName":"search_term_string"}}],"inLanguage":"sv-SE"},{"@type":"Organization","@id":"https:\/\/fika.paris\/sv\/#organization","name":"Fika Paris","url":"https:\/\/fika.paris\/sv\/","logo":{"@type":"ImageObject","inLanguage":"sv-SE","@id":"https:\/\/fika.paris\/sv\/#\/schema\/logo\/image\/","url":"https:\/\/fika.paris\/wp-content\/uploads\/2025\/09\/cropped-logofika_detoure-scaled-1.png","contentUrl":"https:\/\/fika.paris\/wp-content\/uploads\/2025\/09\/cropped-logofika_detoure-scaled-1.png","width":2273,"height":953,"caption":"Fika Paris"},"image":{"@id":"https:\/\/fika.paris\/sv\/#\/schema\/logo\/image\/"}}]}},"_links":{"self":[{"href":"https:\/\/fika.paris\/sv\/wp-json\/wp\/v2\/pages\/1871","targetHints":{"allow":["GET"]}}],"collection":[{"href":"https:\/\/fika.paris\/sv\/wp-json\/wp\/v2\/pages"}],"about":[{"href":"https:\/\/fika.paris\/sv\/wp-json\/wp\/v2\/types\/page"}],"author":[{"embeddable":true,"href":"https:\/\/fika.paris\/sv\/wp-json\/wp\/v2\/users\/1"}],"replies":[{"embeddable":true,"href":"https:\/\/fika.paris\/sv\/wp-json\/wp\/v2\/comments?post=1871"}],"version-history":[{"count":2,"href":"https:\/\/fika.paris\/sv\/wp-json\/wp\/v2\/pages\/1871\/revisions"}],"predecessor-version":[{"id":2098,"href":"https:\/\/fika.paris\/sv\/wp-json\/wp\/v2\/pages\/1871\/revisions\/2098"}],"wp:attachment":[{"href":"https:\/\/fika.paris\/sv\/wp-json\/wp\/v2\/media?parent=1871"}],"curies":[{"name":"wp","href":"https:\/\/api.w.org\/{rel}","templated":true}]}}