{"id":1129,"date":"2026-01-13T12:35:18","date_gmt":"2026-01-13T11:35:18","guid":{"rendered":"https:\/\/fika.paris\/policy-for-aterbetalningar-och-returer\/"},"modified":"2026-01-21T11:28:49","modified_gmt":"2026-01-21T10:28:49","slug":"policy-for-aterbetalningar-och-returer","status":"publish","type":"page","link":"https:\/\/fika.paris\/sv\/policy-for-aterbetalningar-och-returer\/","title":{"rendered":"Policy f\u00f6r \u00e5terbetalningar och returer"},"content":{"rendered":"\n<p><b>Det h\u00e4r \u00e4r en exempelsida.<\/b><\/p>\n\n<h2 class=\"wp-block-heading\">\u00d6versikt<\/h2>\n\n<p>V\u00e5r policy f\u00f6r \u00e5terbetalning och retur g\u00e4ller i 30 dagar. Om det har g\u00e5tt 30 dagar sedan ditt k\u00f6p kan vi inte erbjuda dig en full \u00e5terbetalning eller ett byte. <\/p>\n\n<p>F\u00f6r att vara ber\u00e4ttigad till en retur m\u00e5ste varan vara oanv\u00e4nd och i samma skick som du fick den. Den m\u00e5ste ocks\u00e5 vara i originalf\u00f6rpackningen. <\/p>\n\n<p>Vissa typer av varor \u00e4r undantagna fr\u00e5n att returneras. F\u00e4rskvaror som livsmedel, blommor, tidningar eller tidskrifter kan inte returneras. Vi accepterar inte heller produkter som \u00e4r intimvaror eller hygienartiklar, farliga material eller brandfarliga v\u00e4tskor eller gaser.  <\/p>\n\n<p>Ytterligare varor som inte kan returneras:<\/p>\n\n<ul class=\"wp-block-list\">\n<li>Presentkort<\/li>\n<li>Nedladdningsbara programvaror<\/li>\n<li>Vissa h\u00e4lso- och personv\u00e5rdsartiklar<\/li>\n<\/ul>\n\n<p>F\u00f6r att slutf\u00f6ra din retur beh\u00f6ver vi ett kvitto eller ett bevis p\u00e5 k\u00f6pet.<\/p>\n\n<p>V\u00e4nligen skicka inte tillbaka ditt k\u00f6p till tillverkaren.<\/p>\n\n<p>Det finns vissa situationer d\u00e4r endast partiella \u00e5terbetalningar beviljas:<\/p>\n\n<ul class=\"wp-block-list\">\n<li>Bok med tydliga tecken p\u00e5 anv\u00e4ndning<\/li>\n<li>CD, DVD, VHS-band, programvara, videospel, kassettband eller vinylskiva som har \u00f6ppnats.<\/li>\n<li>Varje vara som inte \u00e4r i sitt ursprungliga skick, \u00e4r skadad eller saknar delar av sk\u00e4l som inte beror p\u00e5 v\u00e5rt fel.<\/li>\n<li>Varje vara som returneras mer \u00e4n 30 dagar efter leverans<\/li>\n<\/ul>\n\n<h2 class=\"wp-block-heading\">\u00c5terbetalningar<\/h2>\n\n<p>N\u00e4r din retur har mottagits och inspekterats skickar vi ett e-postmeddelande f\u00f6r att meddela dig att vi har mottagit din returnerade vara. Vi kommer ocks\u00e5 att meddela dig om godk\u00e4nnande eller avslag av din \u00e5terbetalning. <\/p>\n\n<p>Om du blir godk\u00e4nd kommer din \u00e5terbetalning att behandlas och en kredit kommer automatiskt att till\u00e4mpas p\u00e5 ditt kreditkort eller din ursprungliga betalningsmetod inom ett visst antal dagar.<\/p>\n\n<h3 class=\"wp-block-heading\">Sena eller saknade \u00e5terbetalningar<\/h3>\n\n<p>Om du inte har f\u00e5tt n\u00e5gon \u00e5terbetalning \u00e4nnu, kontrollera f\u00f6rst ditt bankkonto igen.<\/p>\n\n<p>Kontakta sedan ditt kreditkortsf\u00f6retag, det kan ta lite tid innan din \u00e5terbetalning bokf\u00f6rs officiellt.<\/p>\n\n<p>Kontakta d\u00e4refter din bank. Det tar ofta lite behandlingstid innan en \u00e5terbetalning bokf\u00f6rs. <\/p>\n\n<p>Om du har gjort allt detta och du fortfarande inte har f\u00e5tt din \u00e5terbetalning, v\u00e4nligen kontakta oss p\u00e5 {email address}.<\/p>\n\n<h3 class=\"wp-block-heading\">Reavaror<\/h3>\n\n<p>Endast varor till ordinarie pris kan \u00e5terbetalas. Reavaror kan inte \u00e5terbetalas. <\/p>\n\n<h2 class=\"wp-block-heading\">Byten<\/h2>\n\n<p>Vi ers\u00e4tter endast varor om de \u00e4r defekta eller skadade. Om du beh\u00f6ver byta den mot samma vara, skicka ett e-postmeddelande till {email address} och skicka din vara till: {physical address}. <\/p>\n\n<h2 class=\"wp-block-heading\">G\u00e5vor<\/h2>\n\n<p>Om varan var markerad som en g\u00e5va n\u00e4r den k\u00f6ptes och skickades direkt till dig, f\u00e5r du en presentkredit f\u00f6r v\u00e4rdet av din retur. N\u00e4r den returnerade varan har tagits emot skickas ett presentkort till dig. <\/p>\n\n<p>Om varan inte var markerad som en g\u00e5va n\u00e4r den k\u00f6ptes, eller om g\u00e5vogivaren fick best\u00e4llningen skickad till sig sj\u00e4lv f\u00f6r att ge till dig senare, skickar vi en \u00e5terbetalning till g\u00e5vogivaren och de kommer att f\u00e5 reda p\u00e5 din retur.<\/p>\n\n<h2 class=\"wp-block-heading\">Returer av frakt<\/h2>\n\n<p>F\u00f6r att returnera din produkt ska du skicka din produkt till: {physical address}.<\/p>\n\n<p>Du kommer att vara ansvarig f\u00f6r att betala dina egna fraktkostnader f\u00f6r att returnera din vara. Fraktkostnader \u00e5terbetalas inte. Om du f\u00e5r en \u00e5terbetalning kommer kostnaden f\u00f6r returfrakt att dras av fr\u00e5n din \u00e5terbetalning.  <\/p>\n\n<p>Beroende p\u00e5 var du bor kan tiden det tar f\u00f6r din utbytta produkt att n\u00e5 dig variera.<\/p>\n\n<p>Om du returnerar dyrare varor kan du \u00f6verv\u00e4ga att anv\u00e4nda en sp\u00e5rbar frakttj\u00e4nst eller k\u00f6pa en fraktf\u00f6rs\u00e4kring. Vi garanterar inte att vi kommer att f\u00e5 din returnerade vara. <\/p>\n\n<h2 class=\"wp-block-heading\">Beh\u00f6ver du hj\u00e4lp?<\/h2>\n\n<p>Kontakta oss p\u00e5 {email} f\u00f6r fr\u00e5gor relaterade till \u00e5terbetalningar och returer.<\/p>\n","protected":false},"excerpt":{"rendered":"<p>Det h\u00e4r \u00e4r en exempelsida. \u00d6versikt V\u00e5r policy f\u00f6r \u00e5terbetalning och retur g\u00e4ller i 30 dagar. Om det har g\u00e5tt 30 dagar sedan ditt k\u00f6p kan vi inte erbjuda dig en full \u00e5terbetalning eller ett byte. F\u00f6r att vara ber\u00e4ttigad till en retur m\u00e5ste varan vara oanv\u00e4nd och i samma skick som du fick den. [&hellip;]<\/p>\n","protected":false},"author":1,"featured_media":0,"parent":0,"menu_order":0,"comment_status":"closed","ping_status":"closed","template":"","meta":{"footnotes":""},"class_list":["post-1129","page","type-page","status-publish","hentry"],"yoast_head":"<!-- This site is optimized with the Yoast SEO plugin v27.4 - https:\/\/yoast.com\/product\/yoast-seo-wordpress\/ -->\n<title>Policy f\u00f6r \u00e5terbetalningar och returer - Fika Paris<\/title>\n<meta name=\"robots\" content=\"index, follow, max-snippet:-1, max-image-preview:large, max-video-preview:-1\" \/>\n<link rel=\"canonical\" href=\"https:\/\/fika.paris\/sv\/policy-for-aterbetalningar-och-returer\/\" \/>\n<meta property=\"og:locale\" content=\"sv_SE\" \/>\n<meta property=\"og:type\" content=\"article\" \/>\n<meta property=\"og:title\" content=\"Policy f\u00f6r \u00e5terbetalningar och returer - Fika Paris\" \/>\n<meta property=\"og:description\" content=\"Det h\u00e4r \u00e4r en exempelsida. \u00d6versikt V\u00e5r policy f\u00f6r \u00e5terbetalning och retur g\u00e4ller i 30 dagar. Om det har g\u00e5tt 30 dagar sedan ditt k\u00f6p kan vi inte erbjuda dig en full \u00e5terbetalning eller ett byte. F\u00f6r att vara ber\u00e4ttigad till en retur m\u00e5ste varan vara oanv\u00e4nd och i samma skick som du fick den. [&hellip;]\" \/>\n<meta property=\"og:url\" content=\"https:\/\/fika.paris\/sv\/policy-for-aterbetalningar-och-returer\/\" \/>\n<meta property=\"og:site_name\" content=\"Fika Paris\" \/>\n<meta property=\"article:modified_time\" content=\"2026-01-21T10:28:49+00:00\" \/>\n<meta name=\"twitter:card\" content=\"summary_large_image\" \/>\n<meta name=\"twitter:label1\" content=\"Ber\u00e4knad l\u00e4stid\" \/>\n\t<meta name=\"twitter:data1\" content=\"3 minuter\" \/>\n<script type=\"application\/ld+json\" class=\"yoast-schema-graph\">{\"@context\":\"https:\\\/\\\/schema.org\",\"@graph\":[{\"@type\":\"WebPage\",\"@id\":\"https:\\\/\\\/fika.paris\\\/sv\\\/policy-for-aterbetalningar-och-returer\\\/\",\"url\":\"https:\\\/\\\/fika.paris\\\/sv\\\/policy-for-aterbetalningar-och-returer\\\/\",\"name\":\"Policy f\u00f6r \u00e5terbetalningar och returer - Fika Paris\",\"isPartOf\":{\"@id\":\"https:\\\/\\\/fika.paris\\\/sv\\\/#website\"},\"datePublished\":\"2026-01-13T11:35:18+00:00\",\"dateModified\":\"2026-01-21T10:28:49+00:00\",\"breadcrumb\":{\"@id\":\"https:\\\/\\\/fika.paris\\\/sv\\\/policy-for-aterbetalningar-och-returer\\\/#breadcrumb\"},\"inLanguage\":\"sv-SE\",\"potentialAction\":[{\"@type\":\"ReadAction\",\"target\":[\"https:\\\/\\\/fika.paris\\\/sv\\\/policy-for-aterbetalningar-och-returer\\\/\"]}]},{\"@type\":\"BreadcrumbList\",\"@id\":\"https:\\\/\\\/fika.paris\\\/sv\\\/policy-for-aterbetalningar-och-returer\\\/#breadcrumb\",\"itemListElement\":[{\"@type\":\"ListItem\",\"position\":1,\"name\":\"Accueil\",\"item\":\"https:\\\/\\\/fika.paris\\\/sv\\\/en-liten-smak-av-sverige-i-paris\\\/\"},{\"@type\":\"ListItem\",\"position\":2,\"name\":\"Policy f\u00f6r \u00e5terbetalningar och returer\"}]},{\"@type\":\"WebSite\",\"@id\":\"https:\\\/\\\/fika.paris\\\/sv\\\/#website\",\"url\":\"https:\\\/\\\/fika.paris\\\/sv\\\/\",\"name\":\"Fika Paris\",\"description\":\"Un petit g\u00f4ut de Su\u00e8de \u00e0 Paris\",\"publisher\":{\"@id\":\"https:\\\/\\\/fika.paris\\\/sv\\\/#organization\"},\"potentialAction\":[{\"@type\":\"SearchAction\",\"target\":{\"@type\":\"EntryPoint\",\"urlTemplate\":\"https:\\\/\\\/fika.paris\\\/sv\\\/?s={search_term_string}\"},\"query-input\":{\"@type\":\"PropertyValueSpecification\",\"valueRequired\":true,\"valueName\":\"search_term_string\"}}],\"inLanguage\":\"sv-SE\"},{\"@type\":\"Organization\",\"@id\":\"https:\\\/\\\/fika.paris\\\/sv\\\/#organization\",\"name\":\"Fika Paris\",\"url\":\"https:\\\/\\\/fika.paris\\\/sv\\\/\",\"logo\":{\"@type\":\"ImageObject\",\"inLanguage\":\"sv-SE\",\"@id\":\"https:\\\/\\\/fika.paris\\\/sv\\\/#\\\/schema\\\/logo\\\/image\\\/\",\"url\":\"https:\\\/\\\/fika.paris\\\/wp-content\\\/uploads\\\/2025\\\/09\\\/cropped-logofika_detoure-scaled-1.png\",\"contentUrl\":\"https:\\\/\\\/fika.paris\\\/wp-content\\\/uploads\\\/2025\\\/09\\\/cropped-logofika_detoure-scaled-1.png\",\"width\":2273,\"height\":953,\"caption\":\"Fika Paris\"},\"image\":{\"@id\":\"https:\\\/\\\/fika.paris\\\/sv\\\/#\\\/schema\\\/logo\\\/image\\\/\"}}]}<\/script>\n<!-- \/ Yoast SEO plugin. -->","yoast_head_json":{"title":"Policy f\u00f6r \u00e5terbetalningar och returer - Fika Paris","robots":{"index":"index","follow":"follow","max-snippet":"max-snippet:-1","max-image-preview":"max-image-preview:large","max-video-preview":"max-video-preview:-1"},"canonical":"https:\/\/fika.paris\/sv\/policy-for-aterbetalningar-och-returer\/","og_locale":"sv_SE","og_type":"article","og_title":"Policy f\u00f6r \u00e5terbetalningar och returer - Fika Paris","og_description":"Det h\u00e4r \u00e4r en exempelsida. \u00d6versikt V\u00e5r policy f\u00f6r \u00e5terbetalning och retur g\u00e4ller i 30 dagar. Om det har g\u00e5tt 30 dagar sedan ditt k\u00f6p kan vi inte erbjuda dig en full \u00e5terbetalning eller ett byte. F\u00f6r att vara ber\u00e4ttigad till en retur m\u00e5ste varan vara oanv\u00e4nd och i samma skick som du fick den. [&hellip;]","og_url":"https:\/\/fika.paris\/sv\/policy-for-aterbetalningar-och-returer\/","og_site_name":"Fika Paris","article_modified_time":"2026-01-21T10:28:49+00:00","twitter_card":"summary_large_image","twitter_misc":{"Ber\u00e4knad l\u00e4stid":"3 minuter"},"schema":{"@context":"https:\/\/schema.org","@graph":[{"@type":"WebPage","@id":"https:\/\/fika.paris\/sv\/policy-for-aterbetalningar-och-returer\/","url":"https:\/\/fika.paris\/sv\/policy-for-aterbetalningar-och-returer\/","name":"Policy f\u00f6r \u00e5terbetalningar och returer - Fika Paris","isPartOf":{"@id":"https:\/\/fika.paris\/sv\/#website"},"datePublished":"2026-01-13T11:35:18+00:00","dateModified":"2026-01-21T10:28:49+00:00","breadcrumb":{"@id":"https:\/\/fika.paris\/sv\/policy-for-aterbetalningar-och-returer\/#breadcrumb"},"inLanguage":"sv-SE","potentialAction":[{"@type":"ReadAction","target":["https:\/\/fika.paris\/sv\/policy-for-aterbetalningar-och-returer\/"]}]},{"@type":"BreadcrumbList","@id":"https:\/\/fika.paris\/sv\/policy-for-aterbetalningar-och-returer\/#breadcrumb","itemListElement":[{"@type":"ListItem","position":1,"name":"Accueil","item":"https:\/\/fika.paris\/sv\/en-liten-smak-av-sverige-i-paris\/"},{"@type":"ListItem","position":2,"name":"Policy f\u00f6r \u00e5terbetalningar och returer"}]},{"@type":"WebSite","@id":"https:\/\/fika.paris\/sv\/#website","url":"https:\/\/fika.paris\/sv\/","name":"Fika Paris","description":"Un petit g\u00f4ut de Su\u00e8de \u00e0 Paris","publisher":{"@id":"https:\/\/fika.paris\/sv\/#organization"},"potentialAction":[{"@type":"SearchAction","target":{"@type":"EntryPoint","urlTemplate":"https:\/\/fika.paris\/sv\/?s={search_term_string}"},"query-input":{"@type":"PropertyValueSpecification","valueRequired":true,"valueName":"search_term_string"}}],"inLanguage":"sv-SE"},{"@type":"Organization","@id":"https:\/\/fika.paris\/sv\/#organization","name":"Fika Paris","url":"https:\/\/fika.paris\/sv\/","logo":{"@type":"ImageObject","inLanguage":"sv-SE","@id":"https:\/\/fika.paris\/sv\/#\/schema\/logo\/image\/","url":"https:\/\/fika.paris\/wp-content\/uploads\/2025\/09\/cropped-logofika_detoure-scaled-1.png","contentUrl":"https:\/\/fika.paris\/wp-content\/uploads\/2025\/09\/cropped-logofika_detoure-scaled-1.png","width":2273,"height":953,"caption":"Fika Paris"},"image":{"@id":"https:\/\/fika.paris\/sv\/#\/schema\/logo\/image\/"}}]}},"_links":{"self":[{"href":"https:\/\/fika.paris\/sv\/wp-json\/wp\/v2\/pages\/1129","targetHints":{"allow":["GET"]}}],"collection":[{"href":"https:\/\/fika.paris\/sv\/wp-json\/wp\/v2\/pages"}],"about":[{"href":"https:\/\/fika.paris\/sv\/wp-json\/wp\/v2\/types\/page"}],"author":[{"embeddable":true,"href":"https:\/\/fika.paris\/sv\/wp-json\/wp\/v2\/users\/1"}],"replies":[{"embeddable":true,"href":"https:\/\/fika.paris\/sv\/wp-json\/wp\/v2\/comments?post=1129"}],"version-history":[{"count":1,"href":"https:\/\/fika.paris\/sv\/wp-json\/wp\/v2\/pages\/1129\/revisions"}],"predecessor-version":[{"id":1130,"href":"https:\/\/fika.paris\/sv\/wp-json\/wp\/v2\/pages\/1129\/revisions\/1130"}],"wp:attachment":[{"href":"https:\/\/fika.paris\/sv\/wp-json\/wp\/v2\/media?parent=1129"}],"curies":[{"name":"wp","href":"https:\/\/api.w.org\/{rel}","templated":true}]}}