{"id":1066,"date":"2026-01-13T11:50:51","date_gmt":"2026-01-13T10:50:51","guid":{"rendered":"https:\/\/fika.paris\/partners\/"},"modified":"2026-03-17T16:42:19","modified_gmt":"2026-03-17T15:42:19","slug":"partners","status":"publish","type":"page","link":"https:\/\/fika.paris\/sv\/partners\/","title":{"rendered":"Partners"},"content":{"rendered":"\t\t<div data-elementor-type=\"wp-page\" data-elementor-id=\"1066\" class=\"elementor elementor-1066 elementor-823\" data-elementor-post-type=\"page\">\n\t\t\t\t<div class=\"elementor-element elementor-element-02e3464 e-con-full e-flex e-con e-parent\" data-id=\"02e3464\" data-element_type=\"container\" data-e-type=\"container\" data-settings=\"{&quot;background_background&quot;:&quot;classic&quot;}\">\n\t\t<div class=\"elementor-element elementor-element-cc0b274 e-con-full e-flex e-con e-child\" data-id=\"cc0b274\" data-element_type=\"container\" data-e-type=\"container\">\n\t\t<div class=\"elementor-element elementor-element-ff72cd3 e-con-full e-transform e-flex e-con e-child\" data-id=\"ff72cd3\" data-element_type=\"container\" data-e-type=\"container\" data-settings=\"{&quot;_transform_translateX_effect&quot;:{&quot;unit&quot;:&quot;px&quot;,&quot;size&quot;:0,&quot;sizes&quot;:[]},&quot;_transform_translateX_effect_tablet&quot;:{&quot;unit&quot;:&quot;px&quot;,&quot;size&quot;:&quot;&quot;,&quot;sizes&quot;:[]},&quot;_transform_translateX_effect_mobile&quot;:{&quot;unit&quot;:&quot;px&quot;,&quot;size&quot;:&quot;&quot;,&quot;sizes&quot;:[]},&quot;_transform_translateY_effect&quot;:{&quot;unit&quot;:&quot;px&quot;,&quot;size&quot;:&quot;&quot;,&quot;sizes&quot;:[]},&quot;_transform_translateY_effect_tablet&quot;:{&quot;unit&quot;:&quot;px&quot;,&quot;size&quot;:&quot;&quot;,&quot;sizes&quot;:[]},&quot;_transform_translateY_effect_mobile&quot;:{&quot;unit&quot;:&quot;px&quot;,&quot;size&quot;:&quot;&quot;,&quot;sizes&quot;:[]}}\">\n\t\t\t\t<div class=\"elementor-element elementor-element-e942df6 elementor-widget elementor-widget-heading\" data-id=\"e942df6\" data-element_type=\"widget\" data-e-type=\"widget\" data-widget_type=\"heading.default\">\n\t\t\t\t\t<h1 class=\"elementor-heading-title elementor-size-default\">En koncentration av talanger och hantverkare fr\u00e5n S\u00f6rmland och andra platser\n<\/h1>\t\t\t\t<\/div>\n\t\t\t\t<div class=\"elementor-element elementor-element-d4aeeb1 elementor-widget elementor-widget-spacer\" data-id=\"d4aeeb1\" data-element_type=\"widget\" data-e-type=\"widget\" data-widget_type=\"spacer.default\">\n\t\t\t\t\t\t\t<div class=\"elementor-spacer\">\n\t\t\t<div class=\"elementor-spacer-inner\"><\/div>\n\t\t<\/div>\n\t\t\t\t\t\t<\/div>\n\t\t\t\t<div class=\"elementor-element elementor-element-a380493 elementor-widget elementor-widget-text-editor\" data-id=\"a380493\" data-element_type=\"widget\" data-e-type=\"widget\" data-widget_type=\"text-editor.default\">\n\t\t\t\t\t\t\t\t\t<p>F\u00e4rskhet och naturlighet \u00e4r ledorden f\u00f6r menyn som best\u00e5r av hantverksprodukter, majoriteten ekologiska och specifika f\u00f6r den svenska gastronomiska kulturen.<\/p><p>Dessa produkter kommer huvudsakligen fr\u00e5n S\u00f6rmland. Denna jordbruksregion s\u00f6der om Stockholm \u00e4r k\u00e4nd f\u00f6r sina hisnande landskap och sagoslott. H\u00e4r \u00e4r portr\u00e4tten av dem som inspirerar Fika, genom sitt arbete och engagemang f\u00f6r<br>en h\u00e5llbar livsmedelsf\u00f6rs\u00f6rjning.  <\/p>\t\t\t\t\t\t\t\t<\/div>\n\t\t\t\t<\/div>\n\t\t\t\t<\/div>\n\t\t<div class=\"elementor-element elementor-element-34317d8 e-con-full e-flex e-con e-child\" data-id=\"34317d8\" data-element_type=\"container\" data-e-type=\"container\" data-settings=\"{&quot;background_background&quot;:&quot;slideshow&quot;,&quot;background_slideshow_gallery&quot;:[{&quot;id&quot;:1900,&quot;url&quot;:&quot;https:\\\/\\\/fika.paris\\\/wp-content\\\/uploads\\\/2026\\\/02\\\/erik-olsson-for-FIKA22A1190-ok-scaled.jpg&quot;},{&quot;id&quot;:1901,&quot;url&quot;:&quot;https:\\\/\\\/fika.paris\\\/wp-content\\\/uploads\\\/2026\\\/02\\\/erik-olsson-for-FIKA-22A5997-ok--scaled.jpg&quot;},{&quot;id&quot;:1902,&quot;url&quot;:&quot;https:\\\/\\\/fika.paris\\\/wp-content\\\/uploads\\\/2026\\\/02\\\/22A1154-ok.jpg&quot;},{&quot;id&quot;:1903,&quot;url&quot;:&quot;https:\\\/\\\/fika.paris\\\/wp-content\\\/uploads\\\/2026\\\/02\\\/erik-olsson-for-FIKA-22A4382-ok-scaled.jpg&quot;},{&quot;id&quot;:1904,&quot;url&quot;:&quot;https:\\\/\\\/fika.paris\\\/wp-content\\\/uploads\\\/2026\\\/02\\\/skiss-fika-22A4274.jpg&quot;},{&quot;id&quot;:1905,&quot;url&quot;:&quot;https:\\\/\\\/fika.paris\\\/wp-content\\\/uploads\\\/2026\\\/02\\\/J0A1894.jpg&quot;},{&quot;id&quot;:1906,&quot;url&quot;:&quot;https:\\\/\\\/fika.paris\\\/wp-content\\\/uploads\\\/2026\\\/02\\\/Y7A8509.jpg&quot;}],&quot;background_slideshow_loop&quot;:&quot;yes&quot;,&quot;background_slideshow_slide_duration&quot;:5000,&quot;background_slideshow_slide_transition&quot;:&quot;fade&quot;,&quot;background_slideshow_transition_duration&quot;:500}\">\n\t\t\t\t<\/div>\n\t\t\t\t<\/div>\n\t\t<div class=\"elementor-element elementor-element-51e463a e-flex e-con-boxed e-con e-parent\" data-id=\"51e463a\" data-element_type=\"container\" data-e-type=\"container\" data-settings=\"{&quot;background_background&quot;:&quot;classic&quot;}\">\n\t\t\t\t\t<div class=\"e-con-inner\">\n\t\t\t\t<div class=\"elementor-element elementor-element-344cba4 elementor-absolute elementor-widget__width-initial elementor-widget elementor-widget-image\" data-id=\"344cba4\" data-element_type=\"widget\" data-e-type=\"widget\" data-settings=\"{&quot;_position&quot;:&quot;absolute&quot;}\" data-widget_type=\"image.default\">\n\t\t\t\t\t\t\t\t\t\t\t\t\t\t\t<img decoding=\"async\" src=\"https:\/\/fika.paris\/wp-content\/uploads\/2026\/01\/Cerise.svg\" class=\"attachment-full size-full wp-image-1067\" alt=\"\" \/>\t\t\t\t\t\t\t\t\t\t\t\t\t\t\t<\/div>\n\t\t<div class=\"elementor-element elementor-element-3ac00c5 e-con-full e-flex e-con e-child\" data-id=\"3ac00c5\" data-element_type=\"container\" data-e-type=\"container\">\n\t\t\t\t<div class=\"elementor-element elementor-element-d42af22 elementor-widget elementor-widget-image\" data-id=\"d42af22\" data-element_type=\"widget\" data-e-type=\"widget\" data-widget_type=\"image.default\">\n\t\t\t\t\t\t\t\t\t\t\t\t\t\t\t<img decoding=\"async\" src=\"https:\/\/fika.paris\/wp-content\/uploads\/elementor\/thumbs\/Mariaprintz-rhlajk36zvo5mt4tempb1f3lukzkmv2ao7gab4v5gw.png\" title=\"Mariaprintz\" alt=\"Mariaprintz\" loading=\"lazy\" \/>\t\t\t\t\t\t\t\t\t\t\t\t\t\t\t<\/div>\n\t\t\t\t<div class=\"elementor-element elementor-element-b8d28ee elementor-widget elementor-widget-heading\" data-id=\"b8d28ee\" data-element_type=\"widget\" data-e-type=\"widget\" data-widget_type=\"heading.default\">\n\t\t\t\t\t<h2 class=\"elementor-heading-title elementor-size-default\">MARIA PRINTZ EMOND<br>K\u00f6ksm\u00e4staren<\/h2>\t\t\t\t<\/div>\n\t\t\t\t<div class=\"elementor-element elementor-element-5172584 elementor-widget elementor-widget-text-editor\" data-id=\"5172584\" data-element_type=\"widget\" data-e-type=\"widget\" data-widget_type=\"text-editor.default\">\n\t\t\t\t\t\t\t\t\t<p>Denna outtr\u00f6ttliga kreat\u00f6r har arbetat i \u00f6ver 25 \u00e5r som k\u00f6ksm\u00e4stare i Sverige (hennes hemland). Hon \u00e4r en oumb\u00e4rlig gestalt p\u00e5 den svenska kulinariska scenen och har<br>drivit flera v\u00e4lk\u00e4nda etablissemang samt \u00e4r mycket aktiv i organisationer som fr\u00e4mjar lokal gastronomi. <\/p><p>Det \u00e4r hon som utformar r\u00e4tterna p\u00e5 menyn med h\u00e4nsyn till produkternas s\u00e4songsm\u00e4ssighet och svenska h\u00f6gtider. Hon utbildar teamen i kulinariska tekniker och ansvarar f\u00f6r kontakterna med lokala hantverkare och producenter. Hon definierar sig sj\u00e4lv som en \u201dkulinarisk \u00f6vers\u00e4ttare\u201d och anpassar d\u00e4rmed svenska r\u00e4tter till parisiska smaker.  <\/p>\t\t\t\t\t\t\t\t<\/div>\n\t\t\t\t<div class=\"elementor-element elementor-element-1be2aa0 elementor-widget elementor-widget-image\" data-id=\"1be2aa0\" data-element_type=\"widget\" data-e-type=\"widget\" data-widget_type=\"image.default\">\n\t\t\t\t\t\t\t\t\t\t\t\t\t\t\t<img decoding=\"async\" src=\"https:\/\/fika.paris\/wp-content\/uploads\/elementor\/thumbs\/annalindellfika-e1768381049770-rhmx8yfp7wr5k3ayn5ps73zgcobd7n3xwk3x1zb3hs.jpg\" title=\"annalindellfika\" alt=\"annalindellfika\" loading=\"lazy\" \/>\t\t\t\t\t\t\t\t\t\t\t\t\t\t\t<\/div>\n\t\t\t\t<div class=\"elementor-element elementor-element-2f44f8a elementor-widget elementor-widget-heading\" data-id=\"2f44f8a\" data-element_type=\"widget\" data-e-type=\"widget\" data-widget_type=\"heading.default\">\n\t\t\t\t\t<h2 class=\"elementor-heading-title elementor-size-default\">ANNA LINDELL<br>Keramikern<\/h2>\t\t\t\t<\/div>\n\t\t\t\t<div class=\"elementor-element elementor-element-15efce1 elementor-widget elementor-widget-text-editor\" data-id=\"15efce1\" data-element_type=\"widget\" data-e-type=\"widget\" data-widget_type=\"text-editor.default\">\n\t\t\t\t\t\t\t\t\t<p>Fr\u00e5n byn J\u00f6n\u00e5ker designar Anna i sin atelj\u00e9, som hon sj\u00e4lv har byggt, servisgods i stengods och porslin inspirerat av naturen och den svenska hantverkstraditionen.<\/p><p>Varje del \u00e4r unik och personlig, vilket g\u00f6r henne till en av de mest<br>efterfr\u00e5gade keramikerna bland svenska restaurang\u00e4gare.<\/p>\t\t\t\t\t\t\t\t<\/div>\n\t\t\t\t<\/div>\n\t\t<div class=\"elementor-element elementor-element-1fdefca e-con-full e-flex e-con e-child\" data-id=\"1fdefca\" data-element_type=\"container\" data-e-type=\"container\">\n\t\t\t\t<div class=\"elementor-element elementor-element-0078a08 elementor-widget elementor-widget-image\" data-id=\"0078a08\" data-element_type=\"widget\" data-e-type=\"widget\" data-widget_type=\"image.default\">\n\t\t\t\t\t\t\t\t\t\t\t\t\t\t\t<img decoding=\"async\" src=\"https:\/\/fika.paris\/wp-content\/uploads\/elementor\/thumbs\/Lena-rhlajeg5uvgfp5d0bk9jmgiua9rdcofwnfjdfh3ii8.jpg\" title=\"Lena\" alt=\"Lena\" loading=\"lazy\" \/>\t\t\t\t\t\t\t\t\t\t\t\t\t\t\t<\/div>\n\t\t\t\t<div class=\"elementor-element elementor-element-ea0af4e elementor-widget elementor-widget-heading\" data-id=\"ea0af4e\" data-element_type=\"widget\" data-e-type=\"widget\" data-widget_type=\"heading.default\">\n\t\t\t\t\t<h2 class=\"elementor-heading-title elementor-size-default\">LENA ENGELMARK - H\u00d6GTORP G\u00c5RD <br>Naturkemisten<\/h2>\t\t\t\t<\/div>\n\t\t\t\t<div class=\"elementor-element elementor-element-1eb4000 elementor-widget elementor-widget-text-editor\" data-id=\"1eb4000\" data-element_type=\"widget\" data-e-type=\"widget\" data-widget_type=\"text-editor.default\">\n\t\t\t\t\t\t\t\t\t<p>Lena, utbildad kemiingenj\u00f6r, hittar det b\u00e4sta naturen har att erbjuda och f\u00f6rvandlar det till olja, marinader, sirap och andra preparat. Hon plockar sina vilda v\u00e4xter och svampar p\u00e5 sina egna marker och f\u00f6rvandlar dessa v\u00e4xter till innovativa preparat, vilket har gett henne flera priser och en plats p\u00e5 v\u00e4rldens stora bord. <\/p>\t\t\t\t\t\t\t\t<\/div>\n\t\t\t\t<div class=\"elementor-element elementor-element-eb1f142 elementor-widget elementor-widget-image\" data-id=\"eb1f142\" data-element_type=\"widget\" data-e-type=\"widget\" data-widget_type=\"image.default\">\n\t\t\t\t\t\t\t\t\t\t\t\t\t\t\t<img decoding=\"async\" src=\"https:\/\/fika.paris\/wp-content\/uploads\/elementor\/thumbs\/lykke-kaffegardar-scaled-rinnna403i81fogn595o9tjgqaswf8x0hzis4cxpww.jpg\" title=\"lykke kaffeg\u00e5rdar\" alt=\"lykke kaffeg\u00e5rdar\" loading=\"lazy\" \/>\t\t\t\t\t\t\t\t\t\t\t\t\t\t\t<\/div>\n\t\t\t\t<div class=\"elementor-element elementor-element-cede390 elementor-widget elementor-widget-heading\" data-id=\"cede390\" data-element_type=\"widget\" data-e-type=\"widget\" data-widget_type=\"heading.default\">\n\t\t\t\t\t<h2 class=\"elementor-heading-title elementor-size-default\">LYKKE KAFFEG\u00c5RDAR <br>Den ansvarsfulla kaffepartnern<\/h2>\t\t\t\t<\/div>\n\t\t\t\t<div class=\"elementor-element elementor-element-f1eb7fd elementor-widget elementor-widget-text-editor\" data-id=\"f1eb7fd\" data-element_type=\"widget\" data-e-type=\"widget\" data-widget_type=\"text-editor.default\">\n\t\t\t\t\t\t\t\t\t<p>Som namnet antyder, &#8221;Lykke&#8221; som betyder lycka, engagerar sig detta f\u00f6retag f\u00f6r att respektera sina arbetare och planeten. Lykke Kaffeg\u00e5rdar \u00e4r b\u00e5de kaffeodlare, k\u00f6pare och rosteri och antar ett h\u00e5llbart tillv\u00e4gag\u00e5ngss\u00e4tt i linje med Fikas v\u00e4rderingar. <\/p>\t\t\t\t\t\t\t\t<\/div>\n\t\t\t\t<\/div>\n\t\t<div class=\"elementor-element elementor-element-407b1a4 e-con-full e-flex e-con e-child\" data-id=\"407b1a4\" data-element_type=\"container\" data-e-type=\"container\">\n\t\t\t\t<div class=\"elementor-element elementor-element-60435a9 elementor-widget elementor-widget-image\" data-id=\"60435a9\" data-element_type=\"widget\" data-e-type=\"widget\" data-widget_type=\"image.default\">\n\t\t\t\t\t\t\t\t\t\t\t\t\t\t\t<img decoding=\"async\" src=\"https:\/\/fika.paris\/wp-content\/uploads\/elementor\/thumbs\/Si-ri9tm2fdb8hccxn85r46ep0wc7m3go6kgmaq3mrd68.jpg\" title=\"Ja\" alt=\"Ja\" loading=\"lazy\" \/>\t\t\t\t\t\t\t\t\t\t\t\t\t\t\t<\/div>\n\t\t\t\t<div class=\"elementor-element elementor-element-7839f74 elementor-widget elementor-widget-heading\" data-id=\"7839f74\" data-element_type=\"widget\" data-e-type=\"widget\" data-widget_type=\"heading.default\">\n\t\t\t\t\t<h2 class=\"elementor-heading-title elementor-size-default\">SVENSKA INSTITUTET<\/h2>\t\t\t\t<\/div>\n\t\t\t\t<div class=\"elementor-element elementor-element-0340bf9 elementor-widget elementor-widget-text-editor\" data-id=\"0340bf9\" data-element_type=\"widget\" data-e-type=\"widget\" data-widget_type=\"text-editor.default\">\n\t\t\t\t\t\t\t\t\t<p><span style=\"font-family: NotoSans,sans-serif;\"><span data-olk-copy-source=\"MessageBody\">Svenska institutet \u00e4r Sveriges enda kulturinstitut utomlands. Det arbetar f\u00f6r kulturellt och konstn\u00e4rligt utbyte mellan Frankrike och Sverige genom sin programverksamhet, men ocks\u00e5 <\/span><\/span>sina residens f\u00f6r konstn\u00e4rer och forskare bosatta i Sverige, samt sina svenskkurser.<\/p>\t\t\t\t\t\t\t\t<\/div>\n\t\t\t\t<div class=\"elementor-element elementor-element-27fdca3 elementor-widget elementor-widget-image\" data-id=\"27fdca3\" data-element_type=\"widget\" data-e-type=\"widget\" data-widget_type=\"image.default\">\n\t\t\t\t\t\t\t\t\t\t\t\t\t\t\t<img fetchpriority=\"high\" decoding=\"async\" width=\"2560\" height=\"2560\" src=\"https:\/\/fika.paris\/wp-content\/uploads\/2026\/02\/LogoVF-fondrose-scaled.png\" class=\"attachment-full size-full wp-image-1899\" alt=\"\" srcset=\"https:\/\/fika.paris\/wp-content\/uploads\/2026\/02\/LogoVF-fondrose-scaled.png 2560w, https:\/\/fika.paris\/wp-content\/uploads\/2026\/02\/LogoVF-fondrose-600x600.png 600w, https:\/\/fika.paris\/wp-content\/uploads\/2026\/02\/LogoVF-fondrose-1024x1024.png 1024w, https:\/\/fika.paris\/wp-content\/uploads\/2026\/02\/LogoVF-fondrose-500x500.png 500w, https:\/\/fika.paris\/wp-content\/uploads\/2026\/02\/LogoVF-fondrose-768x768.png 768w, https:\/\/fika.paris\/wp-content\/uploads\/2026\/02\/LogoVF-fondrose-1536x1536.png 1536w, https:\/\/fika.paris\/wp-content\/uploads\/2026\/02\/LogoVF-fondrose-2048x2048.png 2048w, https:\/\/fika.paris\/wp-content\/uploads\/2026\/02\/LogoVF-fondrose-300x300.png 300w, https:\/\/fika.paris\/wp-content\/uploads\/2026\/02\/LogoVF-fondrose-100x100.png 100w\" sizes=\"(max-width: 2560px) 100vw, 2560px\" \/>\t\t\t\t\t\t\t\t\t\t\t\t\t\t\t<\/div>\n\t\t\t\t<div class=\"elementor-element elementor-element-7bc5c6b elementor-widget elementor-widget-heading\" data-id=\"7bc5c6b\" data-element_type=\"widget\" data-e-type=\"widget\" data-widget_type=\"heading.default\">\n\t\t\t\t\t<h2 class=\"elementor-heading-title elementor-size-default\">LES \u00c9DITIONS D\u00c9LICIEUSES <br>Talangutvecklare<\/h2>\t\t\t\t<\/div>\n\t\t\t\t<div class=\"elementor-element elementor-element-df3928e elementor-widget elementor-widget-text-editor\" data-id=\"df3928e\" data-element_type=\"widget\" data-e-type=\"widget\" data-widget_type=\"text-editor.default\">\n\t\t\t\t\t\t\t\t\t<p>Fika \u00e4r en m\u00f6tesplats mellan alla dessa hantverkare och \u00e4r ytterligare en historia som Caroline och Damien Nobile ville ber\u00e4tta, f\u00f6dd ur fantasin hos parisiska gourmeter som f\u00f6r\u00e4lskat sig i Sverige och pausen &#8221;fika&#8221; som \u00e4r s\u00e5 v\u00e4l anpassad till den parisiska rytmen.<\/p><p>Caroline och Damien har skapat Editions d\u00e9licieuses, en cateringfirma f\u00f6r evenemang sedan 2006.<\/p><p>Som partner till parisiska museer och ett stort antal institutioner \u00e4r de m\u00e5na om att erbjuda skr\u00e4ddarsydda tj\u00e4nster med f\u00e4rska, lokala och s\u00e4songsbetonade produkter.<\/p>\t\t\t\t\t\t\t\t<\/div>\n\t\t\t\t<\/div>\n\t\t\t\t\t<\/div>\n\t\t\t\t<\/div>\n\t\t\t\t<\/div>\n\t\t","protected":false},"excerpt":{"rendered":"<p>En koncentration av talanger och hantverkare fr\u00e5n S\u00f6rmland och andra platser F\u00e4rskhet och naturlighet \u00e4r ledorden f\u00f6r menyn som best\u00e5r av hantverksprodukter, majoriteten ekologiska och specifika f\u00f6r den svenska gastronomiska kulturen. Dessa produkter kommer huvudsakligen fr\u00e5n S\u00f6rmland. Denna jordbruksregion s\u00f6der om Stockholm \u00e4r k\u00e4nd f\u00f6r sina hisnande landskap och sagoslott. H\u00e4r \u00e4r portr\u00e4tten av dem [&hellip;]<\/p>\n","protected":false},"author":1,"featured_media":0,"parent":0,"menu_order":0,"comment_status":"closed","ping_status":"closed","template":"","meta":{"footnotes":""},"class_list":["post-1066","page","type-page","status-publish","hentry"],"yoast_head":"<!-- This site is optimized with the Yoast SEO plugin v27.2 - https:\/\/yoast.com\/product\/yoast-seo-wordpress\/ -->\n<title>Partners - Fika Paris<\/title>\n<meta name=\"robots\" content=\"index, follow, max-snippet:-1, max-image-preview:large, max-video-preview:-1\" \/>\n<link rel=\"canonical\" href=\"https:\/\/fika.paris\/sv\/partners\/\" \/>\n<meta property=\"og:locale\" content=\"sv_SE\" \/>\n<meta property=\"og:type\" content=\"article\" \/>\n<meta property=\"og:title\" content=\"Partners - Fika Paris\" \/>\n<meta property=\"og:description\" content=\"En koncentration av talanger och hantverkare fr\u00e5n S\u00f6rmland och andra platser F\u00e4rskhet och naturlighet \u00e4r ledorden f\u00f6r menyn som best\u00e5r av hantverksprodukter, majoriteten ekologiska och specifika f\u00f6r den svenska gastronomiska kulturen. Dessa produkter kommer huvudsakligen fr\u00e5n S\u00f6rmland. Denna jordbruksregion s\u00f6der om Stockholm \u00e4r k\u00e4nd f\u00f6r sina hisnande landskap och sagoslott. H\u00e4r \u00e4r portr\u00e4tten av dem [&hellip;]\" \/>\n<meta property=\"og:url\" content=\"https:\/\/fika.paris\/sv\/partners\/\" \/>\n<meta property=\"og:site_name\" content=\"Fika Paris\" \/>\n<meta property=\"article:modified_time\" content=\"2026-03-17T15:42:19+00:00\" \/>\n<meta name=\"twitter:card\" content=\"summary_large_image\" \/>\n<meta name=\"twitter:label1\" content=\"Ber\u00e4knad l\u00e4stid\" \/>\n\t<meta name=\"twitter:data1\" content=\"3 minuter\" \/>\n<script type=\"application\/ld+json\" class=\"yoast-schema-graph\">{\"@context\":\"https:\/\/schema.org\",\"@graph\":[{\"@type\":\"WebPage\",\"@id\":\"https:\/\/fika.paris\/sv\/partners\/\",\"url\":\"https:\/\/fika.paris\/sv\/partners\/\",\"name\":\"Partners - Fika Paris\",\"isPartOf\":{\"@id\":\"https:\/\/fika.paris\/sv\/#website\"},\"primaryImageOfPage\":{\"@id\":\"https:\/\/fika.paris\/sv\/partners\/#primaryimage\"},\"image\":{\"@id\":\"https:\/\/fika.paris\/sv\/partners\/#primaryimage\"},\"thumbnailUrl\":\"https:\/\/fika.paris\/wp-content\/uploads\/2026\/01\/Cerise.svg\",\"datePublished\":\"2026-01-13T10:50:51+00:00\",\"dateModified\":\"2026-03-17T15:42:19+00:00\",\"breadcrumb\":{\"@id\":\"https:\/\/fika.paris\/sv\/partners\/#breadcrumb\"},\"inLanguage\":\"sv-SE\",\"potentialAction\":[{\"@type\":\"ReadAction\",\"target\":[\"https:\/\/fika.paris\/sv\/partners\/\"]}]},{\"@type\":\"ImageObject\",\"inLanguage\":\"sv-SE\",\"@id\":\"https:\/\/fika.paris\/sv\/partners\/#primaryimage\",\"url\":\"https:\/\/fika.paris\/wp-content\/uploads\/2026\/01\/Cerise.svg\",\"contentUrl\":\"https:\/\/fika.paris\/wp-content\/uploads\/2026\/01\/Cerise.svg\"},{\"@type\":\"BreadcrumbList\",\"@id\":\"https:\/\/fika.paris\/sv\/partners\/#breadcrumb\",\"itemListElement\":[{\"@type\":\"ListItem\",\"position\":1,\"name\":\"Accueil\",\"item\":\"https:\/\/fika.paris\/sv\/en-liten-smak-av-sverige-i-paris\/\"},{\"@type\":\"ListItem\",\"position\":2,\"name\":\"Partners\"}]},{\"@type\":\"WebSite\",\"@id\":\"https:\/\/fika.paris\/sv\/#website\",\"url\":\"https:\/\/fika.paris\/sv\/\",\"name\":\"Fika Paris\",\"description\":\"Un petit g\u00f4ut de Su\u00e8de \u00e0 Paris\",\"publisher\":{\"@id\":\"https:\/\/fika.paris\/sv\/#organization\"},\"potentialAction\":[{\"@type\":\"SearchAction\",\"target\":{\"@type\":\"EntryPoint\",\"urlTemplate\":\"https:\/\/fika.paris\/sv\/?s={search_term_string}\"},\"query-input\":{\"@type\":\"PropertyValueSpecification\",\"valueRequired\":true,\"valueName\":\"search_term_string\"}}],\"inLanguage\":\"sv-SE\"},{\"@type\":\"Organization\",\"@id\":\"https:\/\/fika.paris\/sv\/#organization\",\"name\":\"Fika Paris\",\"url\":\"https:\/\/fika.paris\/sv\/\",\"logo\":{\"@type\":\"ImageObject\",\"inLanguage\":\"sv-SE\",\"@id\":\"https:\/\/fika.paris\/sv\/#\/schema\/logo\/image\/\",\"url\":\"https:\/\/fika.paris\/wp-content\/uploads\/2025\/09\/cropped-logofika_detoure-scaled-1.png\",\"contentUrl\":\"https:\/\/fika.paris\/wp-content\/uploads\/2025\/09\/cropped-logofika_detoure-scaled-1.png\",\"width\":2273,\"height\":953,\"caption\":\"Fika Paris\"},\"image\":{\"@id\":\"https:\/\/fika.paris\/sv\/#\/schema\/logo\/image\/\"}}]}<\/script>\n<!-- \/ Yoast SEO plugin. -->","yoast_head_json":{"title":"Partners - Fika Paris","robots":{"index":"index","follow":"follow","max-snippet":"max-snippet:-1","max-image-preview":"max-image-preview:large","max-video-preview":"max-video-preview:-1"},"canonical":"https:\/\/fika.paris\/sv\/partners\/","og_locale":"sv_SE","og_type":"article","og_title":"Partners - Fika Paris","og_description":"En koncentration av talanger och hantverkare fr\u00e5n S\u00f6rmland och andra platser F\u00e4rskhet och naturlighet \u00e4r ledorden f\u00f6r menyn som best\u00e5r av hantverksprodukter, majoriteten ekologiska och specifika f\u00f6r den svenska gastronomiska kulturen. Dessa produkter kommer huvudsakligen fr\u00e5n S\u00f6rmland. Denna jordbruksregion s\u00f6der om Stockholm \u00e4r k\u00e4nd f\u00f6r sina hisnande landskap och sagoslott. H\u00e4r \u00e4r portr\u00e4tten av dem [&hellip;]","og_url":"https:\/\/fika.paris\/sv\/partners\/","og_site_name":"Fika Paris","article_modified_time":"2026-03-17T15:42:19+00:00","twitter_card":"summary_large_image","twitter_misc":{"Ber\u00e4knad l\u00e4stid":"3 minuter"},"schema":{"@context":"https:\/\/schema.org","@graph":[{"@type":"WebPage","@id":"https:\/\/fika.paris\/sv\/partners\/","url":"https:\/\/fika.paris\/sv\/partners\/","name":"Partners - Fika Paris","isPartOf":{"@id":"https:\/\/fika.paris\/sv\/#website"},"primaryImageOfPage":{"@id":"https:\/\/fika.paris\/sv\/partners\/#primaryimage"},"image":{"@id":"https:\/\/fika.paris\/sv\/partners\/#primaryimage"},"thumbnailUrl":"https:\/\/fika.paris\/wp-content\/uploads\/2026\/01\/Cerise.svg","datePublished":"2026-01-13T10:50:51+00:00","dateModified":"2026-03-17T15:42:19+00:00","breadcrumb":{"@id":"https:\/\/fika.paris\/sv\/partners\/#breadcrumb"},"inLanguage":"sv-SE","potentialAction":[{"@type":"ReadAction","target":["https:\/\/fika.paris\/sv\/partners\/"]}]},{"@type":"ImageObject","inLanguage":"sv-SE","@id":"https:\/\/fika.paris\/sv\/partners\/#primaryimage","url":"https:\/\/fika.paris\/wp-content\/uploads\/2026\/01\/Cerise.svg","contentUrl":"https:\/\/fika.paris\/wp-content\/uploads\/2026\/01\/Cerise.svg"},{"@type":"BreadcrumbList","@id":"https:\/\/fika.paris\/sv\/partners\/#breadcrumb","itemListElement":[{"@type":"ListItem","position":1,"name":"Accueil","item":"https:\/\/fika.paris\/sv\/en-liten-smak-av-sverige-i-paris\/"},{"@type":"ListItem","position":2,"name":"Partners"}]},{"@type":"WebSite","@id":"https:\/\/fika.paris\/sv\/#website","url":"https:\/\/fika.paris\/sv\/","name":"Fika Paris","description":"Un petit g\u00f4ut de Su\u00e8de \u00e0 Paris","publisher":{"@id":"https:\/\/fika.paris\/sv\/#organization"},"potentialAction":[{"@type":"SearchAction","target":{"@type":"EntryPoint","urlTemplate":"https:\/\/fika.paris\/sv\/?s={search_term_string}"},"query-input":{"@type":"PropertyValueSpecification","valueRequired":true,"valueName":"search_term_string"}}],"inLanguage":"sv-SE"},{"@type":"Organization","@id":"https:\/\/fika.paris\/sv\/#organization","name":"Fika Paris","url":"https:\/\/fika.paris\/sv\/","logo":{"@type":"ImageObject","inLanguage":"sv-SE","@id":"https:\/\/fika.paris\/sv\/#\/schema\/logo\/image\/","url":"https:\/\/fika.paris\/wp-content\/uploads\/2025\/09\/cropped-logofika_detoure-scaled-1.png","contentUrl":"https:\/\/fika.paris\/wp-content\/uploads\/2025\/09\/cropped-logofika_detoure-scaled-1.png","width":2273,"height":953,"caption":"Fika Paris"},"image":{"@id":"https:\/\/fika.paris\/sv\/#\/schema\/logo\/image\/"}}]}},"_links":{"self":[{"href":"https:\/\/fika.paris\/sv\/wp-json\/wp\/v2\/pages\/1066","targetHints":{"allow":["GET"]}}],"collection":[{"href":"https:\/\/fika.paris\/sv\/wp-json\/wp\/v2\/pages"}],"about":[{"href":"https:\/\/fika.paris\/sv\/wp-json\/wp\/v2\/types\/page"}],"author":[{"embeddable":true,"href":"https:\/\/fika.paris\/sv\/wp-json\/wp\/v2\/users\/1"}],"replies":[{"embeddable":true,"href":"https:\/\/fika.paris\/sv\/wp-json\/wp\/v2\/comments?post=1066"}],"version-history":[{"count":3,"href":"https:\/\/fika.paris\/sv\/wp-json\/wp\/v2\/pages\/1066\/revisions"}],"predecessor-version":[{"id":2087,"href":"https:\/\/fika.paris\/sv\/wp-json\/wp\/v2\/pages\/1066\/revisions\/2087"}],"wp:attachment":[{"href":"https:\/\/fika.paris\/sv\/wp-json\/wp\/v2\/media?parent=1066"}],"curies":[{"name":"wp","href":"https:\/\/api.w.org\/{rel}","templated":true}]}}