{"id":980,"date":"2025-12-16T14:48:21","date_gmt":"2025-12-16T13:48:21","guid":{"rendered":"https:\/\/fika.paris\/produit\/handcrafted-wooden-butter-spreader\/"},"modified":"2026-03-30T19:39:21","modified_gmt":"2026-03-30T17:39:21","slug":"handcrafted-wooden-butter-spreader","status":"publish","type":"product","link":"https:\/\/fika.paris\/en\/produit\/handcrafted-wooden-butter-spreader\/","title":{"rendered":"Handcrafted Wooden Butter Knife"},"content":{"rendered":"<p>Handcrafted wooden butter knife from Sm\u00e5land.<br \/>\nIf one object defines Swedish table culture, it\u2019s the small wooden butter knife. Every meal starts with various breads and butter, which this knife lets you enjoy while waiting for the main course. <\/p>\n","protected":false},"excerpt":{"rendered":"<p>Handcrafted wooden butter knife from Sm\u00e5land. If one object defines Swedish table culture, it\u2019s the small wooden butter knife. Every meal starts with various breads and butter, which this knife lets you enjoy while waiting for the main course.<\/p>\n","protected":false},"featured_media":1408,"template":"","meta":[],"product_brand":[],"product_cat":[71],"product_tag":[],"class_list":{"0":"post-980","1":"product","2":"type-product","3":"status-publish","4":"has-post-thumbnail","6":"product_cat-crafts-gifts","8":"first","9":"instock","10":"taxable","11":"shipping-taxable","12":"purchasable","13":"product-type-simple"},"yoast_head":"<!-- This site is optimized with the Yoast SEO plugin v27.2 - https:\/\/yoast.com\/product\/yoast-seo-wordpress\/ -->\n<title>Handcrafted Wooden Butter Knife - Fika Paris<\/title>\n<meta name=\"robots\" content=\"index, follow, max-snippet:-1, max-image-preview:large, max-video-preview:-1\" \/>\n<link rel=\"canonical\" href=\"https:\/\/fika.paris\/en\/produit\/handcrafted-wooden-butter-spreader\/\" \/>\n<meta property=\"og:locale\" content=\"en_US\" \/>\n<meta property=\"og:type\" content=\"article\" \/>\n<meta property=\"og:title\" content=\"Handcrafted Wooden Butter Knife - Fika Paris\" \/>\n<meta property=\"og:description\" content=\"Handcrafted wooden butter knife from Sm\u00e5land. If one object defines Swedish table culture, it\u2019s the small wooden butter knife. Every meal starts with various breads and butter, which this knife lets you enjoy while waiting for the main course.\" \/>\n<meta property=\"og:url\" content=\"https:\/\/fika.paris\/en\/produit\/handcrafted-wooden-butter-spreader\/\" \/>\n<meta property=\"og:site_name\" content=\"Fika Paris\" \/>\n<meta property=\"article:modified_time\" content=\"2026-03-30T17:39:21+00:00\" \/>\n<meta property=\"og:image\" content=\"https:\/\/fika.paris\/wp-content\/uploads\/2025\/10\/smorkniv-scaled.jpg\" \/>\n\t<meta property=\"og:image:width\" content=\"1707\" \/>\n\t<meta property=\"og:image:height\" content=\"2560\" \/>\n\t<meta property=\"og:image:type\" content=\"image\/jpeg\" \/>\n<meta name=\"twitter:card\" content=\"summary_large_image\" \/>\n<script type=\"application\/ld+json\" class=\"yoast-schema-graph\">{\"@context\":\"https:\/\/schema.org\",\"@graph\":[{\"@type\":\"WebPage\",\"@id\":\"https:\/\/fika.paris\/en\/produit\/handcrafted-wooden-butter-spreader\/\",\"url\":\"https:\/\/fika.paris\/en\/produit\/handcrafted-wooden-butter-spreader\/\",\"name\":\"Handcrafted Wooden Butter Knife - Fika Paris\",\"isPartOf\":{\"@id\":\"https:\/\/fika.paris\/en\/#website\"},\"primaryImageOfPage\":{\"@id\":\"https:\/\/fika.paris\/en\/produit\/handcrafted-wooden-butter-spreader\/#primaryimage\"},\"image\":{\"@id\":\"https:\/\/fika.paris\/en\/produit\/handcrafted-wooden-butter-spreader\/#primaryimage\"},\"thumbnailUrl\":\"https:\/\/fika.paris\/wp-content\/uploads\/2025\/10\/smorkniv-scaled.jpg\",\"datePublished\":\"2025-12-16T13:48:21+00:00\",\"dateModified\":\"2026-03-30T17:39:21+00:00\",\"breadcrumb\":{\"@id\":\"https:\/\/fika.paris\/en\/produit\/handcrafted-wooden-butter-spreader\/#breadcrumb\"},\"inLanguage\":\"en-US\",\"potentialAction\":[{\"@type\":\"ReadAction\",\"target\":[\"https:\/\/fika.paris\/en\/produit\/handcrafted-wooden-butter-spreader\/\"]}]},{\"@type\":\"ImageObject\",\"inLanguage\":\"en-US\",\"@id\":\"https:\/\/fika.paris\/en\/produit\/handcrafted-wooden-butter-spreader\/#primaryimage\",\"url\":\"https:\/\/fika.paris\/wp-content\/uploads\/2025\/10\/smorkniv-scaled.jpg\",\"contentUrl\":\"https:\/\/fika.paris\/wp-content\/uploads\/2025\/10\/smorkniv-scaled.jpg\",\"width\":1707,\"height\":2560},{\"@type\":\"BreadcrumbList\",\"@id\":\"https:\/\/fika.paris\/en\/produit\/handcrafted-wooden-butter-spreader\/#breadcrumb\",\"itemListElement\":[{\"@type\":\"ListItem\",\"position\":1,\"name\":\"Accueil\",\"item\":\"https:\/\/fika.paris\/en\/\"},{\"@type\":\"ListItem\",\"position\":2,\"name\":\"Shop\",\"item\":\"https:\/\/fika.paris\/en\/shop\/\"},{\"@type\":\"ListItem\",\"position\":3,\"name\":\"Handcrafted Wooden Butter Knife\"}]},{\"@type\":\"WebSite\",\"@id\":\"https:\/\/fika.paris\/en\/#website\",\"url\":\"https:\/\/fika.paris\/en\/\",\"name\":\"Fika Paris\",\"description\":\"Un petit g\u00f4ut de Su\u00e8de \u00e0 Paris\",\"publisher\":{\"@id\":\"https:\/\/fika.paris\/en\/#organization\"},\"potentialAction\":[{\"@type\":\"SearchAction\",\"target\":{\"@type\":\"EntryPoint\",\"urlTemplate\":\"https:\/\/fika.paris\/en\/?s={search_term_string}\"},\"query-input\":{\"@type\":\"PropertyValueSpecification\",\"valueRequired\":true,\"valueName\":\"search_term_string\"}}],\"inLanguage\":\"en-US\"},{\"@type\":\"Organization\",\"@id\":\"https:\/\/fika.paris\/en\/#organization\",\"name\":\"Fika Paris\",\"url\":\"https:\/\/fika.paris\/en\/\",\"logo\":{\"@type\":\"ImageObject\",\"inLanguage\":\"en-US\",\"@id\":\"https:\/\/fika.paris\/en\/#\/schema\/logo\/image\/\",\"url\":\"https:\/\/fika.paris\/wp-content\/uploads\/2025\/09\/cropped-logofika_detoure-scaled-1.png\",\"contentUrl\":\"https:\/\/fika.paris\/wp-content\/uploads\/2025\/09\/cropped-logofika_detoure-scaled-1.png\",\"width\":2273,\"height\":953,\"caption\":\"Fika Paris\"},\"image\":{\"@id\":\"https:\/\/fika.paris\/en\/#\/schema\/logo\/image\/\"}}]}<\/script>\n<!-- \/ Yoast SEO plugin. -->","yoast_head_json":{"title":"Handcrafted Wooden Butter Knife - Fika Paris","robots":{"index":"index","follow":"follow","max-snippet":"max-snippet:-1","max-image-preview":"max-image-preview:large","max-video-preview":"max-video-preview:-1"},"canonical":"https:\/\/fika.paris\/en\/produit\/handcrafted-wooden-butter-spreader\/","og_locale":"en_US","og_type":"article","og_title":"Handcrafted Wooden Butter Knife - Fika Paris","og_description":"Handcrafted wooden butter knife from Sm\u00e5land. If one object defines Swedish table culture, it\u2019s the small wooden butter knife. Every meal starts with various breads and butter, which this knife lets you enjoy while waiting for the main course.","og_url":"https:\/\/fika.paris\/en\/produit\/handcrafted-wooden-butter-spreader\/","og_site_name":"Fika Paris","article_modified_time":"2026-03-30T17:39:21+00:00","og_image":[{"width":1707,"height":2560,"url":"https:\/\/fika.paris\/wp-content\/uploads\/2025\/10\/smorkniv-scaled.jpg","type":"image\/jpeg"}],"twitter_card":"summary_large_image","schema":{"@context":"https:\/\/schema.org","@graph":[{"@type":"WebPage","@id":"https:\/\/fika.paris\/en\/produit\/handcrafted-wooden-butter-spreader\/","url":"https:\/\/fika.paris\/en\/produit\/handcrafted-wooden-butter-spreader\/","name":"Handcrafted Wooden Butter Knife - Fika Paris","isPartOf":{"@id":"https:\/\/fika.paris\/en\/#website"},"primaryImageOfPage":{"@id":"https:\/\/fika.paris\/en\/produit\/handcrafted-wooden-butter-spreader\/#primaryimage"},"image":{"@id":"https:\/\/fika.paris\/en\/produit\/handcrafted-wooden-butter-spreader\/#primaryimage"},"thumbnailUrl":"https:\/\/fika.paris\/wp-content\/uploads\/2025\/10\/smorkniv-scaled.jpg","datePublished":"2025-12-16T13:48:21+00:00","dateModified":"2026-03-30T17:39:21+00:00","breadcrumb":{"@id":"https:\/\/fika.paris\/en\/produit\/handcrafted-wooden-butter-spreader\/#breadcrumb"},"inLanguage":"en-US","potentialAction":[{"@type":"ReadAction","target":["https:\/\/fika.paris\/en\/produit\/handcrafted-wooden-butter-spreader\/"]}]},{"@type":"ImageObject","inLanguage":"en-US","@id":"https:\/\/fika.paris\/en\/produit\/handcrafted-wooden-butter-spreader\/#primaryimage","url":"https:\/\/fika.paris\/wp-content\/uploads\/2025\/10\/smorkniv-scaled.jpg","contentUrl":"https:\/\/fika.paris\/wp-content\/uploads\/2025\/10\/smorkniv-scaled.jpg","width":1707,"height":2560},{"@type":"BreadcrumbList","@id":"https:\/\/fika.paris\/en\/produit\/handcrafted-wooden-butter-spreader\/#breadcrumb","itemListElement":[{"@type":"ListItem","position":1,"name":"Accueil","item":"https:\/\/fika.paris\/en\/"},{"@type":"ListItem","position":2,"name":"Shop","item":"https:\/\/fika.paris\/en\/shop\/"},{"@type":"ListItem","position":3,"name":"Handcrafted Wooden Butter Knife"}]},{"@type":"WebSite","@id":"https:\/\/fika.paris\/en\/#website","url":"https:\/\/fika.paris\/en\/","name":"Fika Paris","description":"Un petit g\u00f4ut de Su\u00e8de \u00e0 Paris","publisher":{"@id":"https:\/\/fika.paris\/en\/#organization"},"potentialAction":[{"@type":"SearchAction","target":{"@type":"EntryPoint","urlTemplate":"https:\/\/fika.paris\/en\/?s={search_term_string}"},"query-input":{"@type":"PropertyValueSpecification","valueRequired":true,"valueName":"search_term_string"}}],"inLanguage":"en-US"},{"@type":"Organization","@id":"https:\/\/fika.paris\/en\/#organization","name":"Fika Paris","url":"https:\/\/fika.paris\/en\/","logo":{"@type":"ImageObject","inLanguage":"en-US","@id":"https:\/\/fika.paris\/en\/#\/schema\/logo\/image\/","url":"https:\/\/fika.paris\/wp-content\/uploads\/2025\/09\/cropped-logofika_detoure-scaled-1.png","contentUrl":"https:\/\/fika.paris\/wp-content\/uploads\/2025\/09\/cropped-logofika_detoure-scaled-1.png","width":2273,"height":953,"caption":"Fika Paris"},"image":{"@id":"https:\/\/fika.paris\/en\/#\/schema\/logo\/image\/"}}]}},"_links":{"self":[{"href":"https:\/\/fika.paris\/en\/wp-json\/wp\/v2\/product\/980","targetHints":{"allow":["GET"]}}],"collection":[{"href":"https:\/\/fika.paris\/en\/wp-json\/wp\/v2\/product"}],"about":[{"href":"https:\/\/fika.paris\/en\/wp-json\/wp\/v2\/types\/product"}],"wp:featuredmedia":[{"embeddable":true,"href":"https:\/\/fika.paris\/en\/wp-json\/wp\/v2\/media\/1408"}],"wp:attachment":[{"href":"https:\/\/fika.paris\/en\/wp-json\/wp\/v2\/media?parent=980"}],"wp:term":[{"taxonomy":"product_brand","embeddable":true,"href":"https:\/\/fika.paris\/en\/wp-json\/wp\/v2\/product_brand?post=980"},{"taxonomy":"product_cat","embeddable":true,"href":"https:\/\/fika.paris\/en\/wp-json\/wp\/v2\/product_cat?post=980"},{"taxonomy":"product_tag","embeddable":true,"href":"https:\/\/fika.paris\/en\/wp-json\/wp\/v2\/product_tag?post=980"}],"curies":[{"name":"wp","href":"https:\/\/api.w.org\/{rel}","templated":true}]}}