{"id":964,"date":"2025-12-16T14:48:21","date_gmt":"2025-12-16T13:48:21","guid":{"rendered":"https:\/\/fika.paris\/produit\/fika-cup-rosendals-krukmakeri\/"},"modified":"2026-02-26T16:15:04","modified_gmt":"2026-02-26T15:15:04","slug":"fika-cup-rosendals-krukmakeri","status":"publish","type":"product","link":"https:\/\/fika.paris\/en\/produit\/fika-cup-rosendals-krukmakeri\/","title":{"rendered":"&#8220;FIKA&#8221; Cup &#8211; Rosendals Krukmakeri"},"content":{"rendered":"<p>A unique ceramic cup, carefully wheel-thrown by Anna Lindell in her studio at Rosendals Krukmakeri in Sweden. Made from mixed clay, it&#8217;s glazed in green. It brings together the color palette dear to FIKA: the iconic Falun red and the deep green of the forests. Each cup is stamped with the FIKA logo.   <\/p>\n","protected":false},"excerpt":{"rendered":"<p><strong>Rosendals Krukmakeri <\/strong><br \/>\nFrom the village of J\u00f6n\u00e5ker, Anna Lindell creates stoneware and porcelain tableware in her self-built workshop. Her work is inspired by nature and Swedish craft traditions. Each piece is unique and personal, making her one of the most sought-after ceramists by Swedish restaurants.<\/p>\n","protected":false},"featured_media":1540,"template":"","meta":[],"product_brand":[105],"product_cat":[71],"product_tag":[],"class_list":{"0":"post-964","1":"product","2":"type-product","3":"status-publish","4":"has-post-thumbnail","6":"product_brand-rosendals-krukmakeri","7":"product_cat-crafts-gifts","9":"first","10":"instock","11":"taxable","12":"shipping-taxable","13":"purchasable","14":"product-type-simple"},"yoast_head":"<!-- This site is optimized with the Yoast SEO plugin v27.2 - https:\/\/yoast.com\/product\/yoast-seo-wordpress\/ -->\n<title>&quot;FIKA&quot; Cup - Rosendals Krukmakeri - Fika Paris<\/title>\n<meta name=\"robots\" content=\"index, follow, max-snippet:-1, max-image-preview:large, max-video-preview:-1\" \/>\n<link rel=\"canonical\" href=\"https:\/\/fika.paris\/en\/produit\/fika-cup-rosendals-krukmakeri\/\" \/>\n<meta property=\"og:locale\" content=\"en_US\" \/>\n<meta property=\"og:type\" content=\"article\" \/>\n<meta property=\"og:title\" content=\"&quot;FIKA&quot; Cup - Rosendals Krukmakeri - Fika Paris\" \/>\n<meta property=\"og:description\" content=\"Rosendals Krukmakeri From the village of J\u00f6n\u00e5ker, Anna Lindell creates stoneware and porcelain tableware in her self-built workshop. Her work is inspired by nature and Swedish craft traditions. Each piece is unique and personal, making her one of the most sought-after ceramists by Swedish restaurants.\" \/>\n<meta property=\"og:url\" content=\"https:\/\/fika.paris\/en\/produit\/fika-cup-rosendals-krukmakeri\/\" \/>\n<meta property=\"og:site_name\" content=\"Fika Paris\" \/>\n<meta property=\"article:modified_time\" content=\"2026-02-26T15:15:04+00:00\" \/>\n<meta property=\"og:image\" content=\"https:\/\/fika.paris\/wp-content\/uploads\/2025\/10\/fikamugg5-scaled.jpg\" \/>\n\t<meta property=\"og:image:width\" content=\"1707\" \/>\n\t<meta property=\"og:image:height\" content=\"2560\" \/>\n\t<meta property=\"og:image:type\" content=\"image\/jpeg\" \/>\n<meta name=\"twitter:card\" content=\"summary_large_image\" \/>\n<script type=\"application\/ld+json\" class=\"yoast-schema-graph\">{\"@context\":\"https:\/\/schema.org\",\"@graph\":[{\"@type\":\"WebPage\",\"@id\":\"https:\/\/fika.paris\/en\/produit\/fika-cup-rosendals-krukmakeri\/\",\"url\":\"https:\/\/fika.paris\/en\/produit\/fika-cup-rosendals-krukmakeri\/\",\"name\":\"\\\"FIKA\\\" Cup - Rosendals Krukmakeri - Fika Paris\",\"isPartOf\":{\"@id\":\"https:\/\/fika.paris\/en\/#website\"},\"primaryImageOfPage\":{\"@id\":\"https:\/\/fika.paris\/en\/produit\/fika-cup-rosendals-krukmakeri\/#primaryimage\"},\"image\":{\"@id\":\"https:\/\/fika.paris\/en\/produit\/fika-cup-rosendals-krukmakeri\/#primaryimage\"},\"thumbnailUrl\":\"https:\/\/fika.paris\/wp-content\/uploads\/2025\/10\/fikamugg5-scaled.jpg\",\"datePublished\":\"2025-12-16T13:48:21+00:00\",\"dateModified\":\"2026-02-26T15:15:04+00:00\",\"breadcrumb\":{\"@id\":\"https:\/\/fika.paris\/en\/produit\/fika-cup-rosendals-krukmakeri\/#breadcrumb\"},\"inLanguage\":\"en-US\",\"potentialAction\":[{\"@type\":\"ReadAction\",\"target\":[\"https:\/\/fika.paris\/en\/produit\/fika-cup-rosendals-krukmakeri\/\"]}]},{\"@type\":\"ImageObject\",\"inLanguage\":\"en-US\",\"@id\":\"https:\/\/fika.paris\/en\/produit\/fika-cup-rosendals-krukmakeri\/#primaryimage\",\"url\":\"https:\/\/fika.paris\/wp-content\/uploads\/2025\/10\/fikamugg5-scaled.jpg\",\"contentUrl\":\"https:\/\/fika.paris\/wp-content\/uploads\/2025\/10\/fikamugg5-scaled.jpg\",\"width\":1707,\"height\":2560},{\"@type\":\"BreadcrumbList\",\"@id\":\"https:\/\/fika.paris\/en\/produit\/fika-cup-rosendals-krukmakeri\/#breadcrumb\",\"itemListElement\":[{\"@type\":\"ListItem\",\"position\":1,\"name\":\"Accueil\",\"item\":\"https:\/\/fika.paris\/en\/\"},{\"@type\":\"ListItem\",\"position\":2,\"name\":\"Shop\",\"item\":\"https:\/\/fika.paris\/en\/shop\/\"},{\"@type\":\"ListItem\",\"position\":3,\"name\":\"\u00ab\u00a0FIKA\u00a0\u00bb Cup &#8211; Rosendals Krukmakeri\"}]},{\"@type\":\"WebSite\",\"@id\":\"https:\/\/fika.paris\/en\/#website\",\"url\":\"https:\/\/fika.paris\/en\/\",\"name\":\"Fika Paris\",\"description\":\"Un petit g\u00f4ut de Su\u00e8de \u00e0 Paris\",\"publisher\":{\"@id\":\"https:\/\/fika.paris\/en\/#organization\"},\"potentialAction\":[{\"@type\":\"SearchAction\",\"target\":{\"@type\":\"EntryPoint\",\"urlTemplate\":\"https:\/\/fika.paris\/en\/?s={search_term_string}\"},\"query-input\":{\"@type\":\"PropertyValueSpecification\",\"valueRequired\":true,\"valueName\":\"search_term_string\"}}],\"inLanguage\":\"en-US\"},{\"@type\":\"Organization\",\"@id\":\"https:\/\/fika.paris\/en\/#organization\",\"name\":\"Fika Paris\",\"url\":\"https:\/\/fika.paris\/en\/\",\"logo\":{\"@type\":\"ImageObject\",\"inLanguage\":\"en-US\",\"@id\":\"https:\/\/fika.paris\/en\/#\/schema\/logo\/image\/\",\"url\":\"https:\/\/fika.paris\/wp-content\/uploads\/2025\/09\/cropped-logofika_detoure-scaled-1.png\",\"contentUrl\":\"https:\/\/fika.paris\/wp-content\/uploads\/2025\/09\/cropped-logofika_detoure-scaled-1.png\",\"width\":2273,\"height\":953,\"caption\":\"Fika Paris\"},\"image\":{\"@id\":\"https:\/\/fika.paris\/en\/#\/schema\/logo\/image\/\"}}]}<\/script>\n<!-- \/ Yoast SEO plugin. -->","yoast_head_json":{"title":"\"FIKA\" Cup - Rosendals Krukmakeri - Fika Paris","robots":{"index":"index","follow":"follow","max-snippet":"max-snippet:-1","max-image-preview":"max-image-preview:large","max-video-preview":"max-video-preview:-1"},"canonical":"https:\/\/fika.paris\/en\/produit\/fika-cup-rosendals-krukmakeri\/","og_locale":"en_US","og_type":"article","og_title":"\"FIKA\" Cup - Rosendals Krukmakeri - Fika Paris","og_description":"Rosendals Krukmakeri From the village of J\u00f6n\u00e5ker, Anna Lindell creates stoneware and porcelain tableware in her self-built workshop. Her work is inspired by nature and Swedish craft traditions. Each piece is unique and personal, making her one of the most sought-after ceramists by Swedish restaurants.","og_url":"https:\/\/fika.paris\/en\/produit\/fika-cup-rosendals-krukmakeri\/","og_site_name":"Fika Paris","article_modified_time":"2026-02-26T15:15:04+00:00","og_image":[{"width":1707,"height":2560,"url":"https:\/\/fika.paris\/wp-content\/uploads\/2025\/10\/fikamugg5-scaled.jpg","type":"image\/jpeg"}],"twitter_card":"summary_large_image","schema":{"@context":"https:\/\/schema.org","@graph":[{"@type":"WebPage","@id":"https:\/\/fika.paris\/en\/produit\/fika-cup-rosendals-krukmakeri\/","url":"https:\/\/fika.paris\/en\/produit\/fika-cup-rosendals-krukmakeri\/","name":"\"FIKA\" Cup - Rosendals Krukmakeri - Fika Paris","isPartOf":{"@id":"https:\/\/fika.paris\/en\/#website"},"primaryImageOfPage":{"@id":"https:\/\/fika.paris\/en\/produit\/fika-cup-rosendals-krukmakeri\/#primaryimage"},"image":{"@id":"https:\/\/fika.paris\/en\/produit\/fika-cup-rosendals-krukmakeri\/#primaryimage"},"thumbnailUrl":"https:\/\/fika.paris\/wp-content\/uploads\/2025\/10\/fikamugg5-scaled.jpg","datePublished":"2025-12-16T13:48:21+00:00","dateModified":"2026-02-26T15:15:04+00:00","breadcrumb":{"@id":"https:\/\/fika.paris\/en\/produit\/fika-cup-rosendals-krukmakeri\/#breadcrumb"},"inLanguage":"en-US","potentialAction":[{"@type":"ReadAction","target":["https:\/\/fika.paris\/en\/produit\/fika-cup-rosendals-krukmakeri\/"]}]},{"@type":"ImageObject","inLanguage":"en-US","@id":"https:\/\/fika.paris\/en\/produit\/fika-cup-rosendals-krukmakeri\/#primaryimage","url":"https:\/\/fika.paris\/wp-content\/uploads\/2025\/10\/fikamugg5-scaled.jpg","contentUrl":"https:\/\/fika.paris\/wp-content\/uploads\/2025\/10\/fikamugg5-scaled.jpg","width":1707,"height":2560},{"@type":"BreadcrumbList","@id":"https:\/\/fika.paris\/en\/produit\/fika-cup-rosendals-krukmakeri\/#breadcrumb","itemListElement":[{"@type":"ListItem","position":1,"name":"Accueil","item":"https:\/\/fika.paris\/en\/"},{"@type":"ListItem","position":2,"name":"Shop","item":"https:\/\/fika.paris\/en\/shop\/"},{"@type":"ListItem","position":3,"name":"\u00ab\u00a0FIKA\u00a0\u00bb Cup &#8211; Rosendals Krukmakeri"}]},{"@type":"WebSite","@id":"https:\/\/fika.paris\/en\/#website","url":"https:\/\/fika.paris\/en\/","name":"Fika Paris","description":"Un petit g\u00f4ut de Su\u00e8de \u00e0 Paris","publisher":{"@id":"https:\/\/fika.paris\/en\/#organization"},"potentialAction":[{"@type":"SearchAction","target":{"@type":"EntryPoint","urlTemplate":"https:\/\/fika.paris\/en\/?s={search_term_string}"},"query-input":{"@type":"PropertyValueSpecification","valueRequired":true,"valueName":"search_term_string"}}],"inLanguage":"en-US"},{"@type":"Organization","@id":"https:\/\/fika.paris\/en\/#organization","name":"Fika Paris","url":"https:\/\/fika.paris\/en\/","logo":{"@type":"ImageObject","inLanguage":"en-US","@id":"https:\/\/fika.paris\/en\/#\/schema\/logo\/image\/","url":"https:\/\/fika.paris\/wp-content\/uploads\/2025\/09\/cropped-logofika_detoure-scaled-1.png","contentUrl":"https:\/\/fika.paris\/wp-content\/uploads\/2025\/09\/cropped-logofika_detoure-scaled-1.png","width":2273,"height":953,"caption":"Fika Paris"},"image":{"@id":"https:\/\/fika.paris\/en\/#\/schema\/logo\/image\/"}}]}},"_links":{"self":[{"href":"https:\/\/fika.paris\/en\/wp-json\/wp\/v2\/product\/964","targetHints":{"allow":["GET"]}}],"collection":[{"href":"https:\/\/fika.paris\/en\/wp-json\/wp\/v2\/product"}],"about":[{"href":"https:\/\/fika.paris\/en\/wp-json\/wp\/v2\/types\/product"}],"wp:featuredmedia":[{"embeddable":true,"href":"https:\/\/fika.paris\/en\/wp-json\/wp\/v2\/media\/1540"}],"wp:attachment":[{"href":"https:\/\/fika.paris\/en\/wp-json\/wp\/v2\/media?parent=964"}],"wp:term":[{"taxonomy":"product_brand","embeddable":true,"href":"https:\/\/fika.paris\/en\/wp-json\/wp\/v2\/product_brand?post=964"},{"taxonomy":"product_cat","embeddable":true,"href":"https:\/\/fika.paris\/en\/wp-json\/wp\/v2\/product_cat?post=964"},{"taxonomy":"product_tag","embeddable":true,"href":"https:\/\/fika.paris\/en\/wp-json\/wp\/v2\/product_tag?post=964"}],"curies":[{"name":"wp","href":"https:\/\/api.w.org\/{rel}","templated":true}]}}