{"id":1363,"date":"2026-02-18T14:48:18","date_gmt":"2026-02-18T13:48:18","guid":{"rendered":"https:\/\/fika.paris\/produit\/knackebrod-homemade-swedish-crispbread\/"},"modified":"2026-03-30T19:33:49","modified_gmt":"2026-03-30T17:33:49","slug":"knackebrod-homemade-swedish-crispbread","status":"publish","type":"product","link":"https:\/\/fika.paris\/en\/produit\/knackebrod-homemade-swedish-crispbread\/","title":{"rendered":"Kn\u00e4ckebr\u00f6d, crispbread with fennel and caraway seeds"},"content":{"rendered":"<p>Crispy, flavorful and fragrant with caraway and fennel seeds, our Swedish crispbread is made following a classic recipe. Perfect with cheese or pea hummus, for breakfast or as a gourmet gift. <\/p>\n<p>The package contains approximately 200 grams.<\/p>\n<p>Allergens: Contains gluten.<\/p>\n","protected":false},"excerpt":{"rendered":"<p>Crispy, flavorful and fragrant with caraway and fennel seeds, our Swedish crispbread is made following a classic recipe. Perfect with cheese or pea hummus, for breakfast or as a gourmet gift. The package contains approximately 200 grams. Allergens: Contains gluten.<\/p>\n","protected":false},"featured_media":1364,"template":"","meta":[],"product_brand":[107],"product_cat":[71,81,135,72],"product_tag":[],"class_list":{"0":"post-1363","1":"product","2":"type-product","3":"status-publish","4":"has-post-thumbnail","6":"product_brand-fika","7":"product_cat-crafts-gifts","8":"product_cat-fresh-breads-pastries","9":"product_cat-fresh-breads-pastries-2","10":"product_cat-pantry","11":"product_shipping_class-fresh","13":"first","14":"instock","15":"taxable","16":"shipping-taxable","17":"purchasable","18":"product-type-simple"},"yoast_head":"<!-- This site is optimized with the Yoast SEO plugin v27.2 - https:\/\/yoast.com\/product\/yoast-seo-wordpress\/ -->\n<title>Kn\u00e4ckebr\u00f6d, crispbread with fennel and caraway seeds - Fika Paris<\/title>\n<meta name=\"robots\" content=\"index, follow, max-snippet:-1, max-image-preview:large, max-video-preview:-1\" \/>\n<link rel=\"canonical\" href=\"https:\/\/fika.paris\/en\/produit\/knackebrod-homemade-swedish-crispbread\/\" \/>\n<meta property=\"og:locale\" content=\"en_US\" \/>\n<meta property=\"og:type\" content=\"article\" \/>\n<meta property=\"og:title\" content=\"Kn\u00e4ckebr\u00f6d, crispbread with fennel and caraway seeds - Fika Paris\" \/>\n<meta property=\"og:description\" content=\"Crispy, flavorful and fragrant with caraway and fennel seeds, our Swedish crispbread is made following a classic recipe. Perfect with cheese or pea hummus, for breakfast or as a gourmet gift. The package contains approximately 200 grams. Allergens: Contains gluten.\" \/>\n<meta property=\"og:url\" content=\"https:\/\/fika.paris\/en\/produit\/knackebrod-homemade-swedish-crispbread\/\" \/>\n<meta property=\"og:site_name\" content=\"Fika Paris\" \/>\n<meta property=\"article:modified_time\" content=\"2026-03-30T17:33:49+00:00\" \/>\n<meta property=\"og:image\" content=\"https:\/\/fika.paris\/wp-content\/uploads\/2025\/12\/Knackebrod-1-scaled.png\" \/>\n\t<meta property=\"og:image:width\" content=\"576\" \/>\n\t<meta property=\"og:image:height\" content=\"1024\" \/>\n\t<meta property=\"og:image:type\" content=\"image\/png\" \/>\n<meta name=\"twitter:card\" content=\"summary_large_image\" \/>\n<script type=\"application\/ld+json\" class=\"yoast-schema-graph\">{\"@context\":\"https:\/\/schema.org\",\"@graph\":[{\"@type\":\"WebPage\",\"@id\":\"https:\/\/fika.paris\/en\/produit\/knackebrod-homemade-swedish-crispbread\/\",\"url\":\"https:\/\/fika.paris\/en\/produit\/knackebrod-homemade-swedish-crispbread\/\",\"name\":\"Kn\u00e4ckebr\u00f6d, crispbread with fennel and caraway seeds - Fika Paris\",\"isPartOf\":{\"@id\":\"https:\/\/fika.paris\/en\/#website\"},\"primaryImageOfPage\":{\"@id\":\"https:\/\/fika.paris\/en\/produit\/knackebrod-homemade-swedish-crispbread\/#primaryimage\"},\"image\":{\"@id\":\"https:\/\/fika.paris\/en\/produit\/knackebrod-homemade-swedish-crispbread\/#primaryimage\"},\"thumbnailUrl\":\"https:\/\/fika.paris\/wp-content\/uploads\/2025\/12\/Knackebrod-1-scaled.png\",\"datePublished\":\"2026-02-18T13:48:18+00:00\",\"dateModified\":\"2026-03-30T17:33:49+00:00\",\"breadcrumb\":{\"@id\":\"https:\/\/fika.paris\/en\/produit\/knackebrod-homemade-swedish-crispbread\/#breadcrumb\"},\"inLanguage\":\"en-US\",\"potentialAction\":[{\"@type\":\"ReadAction\",\"target\":[\"https:\/\/fika.paris\/en\/produit\/knackebrod-homemade-swedish-crispbread\/\"]}]},{\"@type\":\"ImageObject\",\"inLanguage\":\"en-US\",\"@id\":\"https:\/\/fika.paris\/en\/produit\/knackebrod-homemade-swedish-crispbread\/#primaryimage\",\"url\":\"https:\/\/fika.paris\/wp-content\/uploads\/2025\/12\/Knackebrod-1-scaled.png\",\"contentUrl\":\"https:\/\/fika.paris\/wp-content\/uploads\/2025\/12\/Knackebrod-1-scaled.png\",\"width\":1440,\"height\":2560},{\"@type\":\"BreadcrumbList\",\"@id\":\"https:\/\/fika.paris\/en\/produit\/knackebrod-homemade-swedish-crispbread\/#breadcrumb\",\"itemListElement\":[{\"@type\":\"ListItem\",\"position\":1,\"name\":\"Accueil\",\"item\":\"https:\/\/fika.paris\/en\/\"},{\"@type\":\"ListItem\",\"position\":2,\"name\":\"Shop\",\"item\":\"https:\/\/fika.paris\/en\/shop\/\"},{\"@type\":\"ListItem\",\"position\":3,\"name\":\"Kn\u00e4ckebr\u00f6d, crispbread with fennel and caraway seeds\"}]},{\"@type\":\"WebSite\",\"@id\":\"https:\/\/fika.paris\/en\/#website\",\"url\":\"https:\/\/fika.paris\/en\/\",\"name\":\"Fika Paris\",\"description\":\"Un petit g\u00f4ut de Su\u00e8de \u00e0 Paris\",\"publisher\":{\"@id\":\"https:\/\/fika.paris\/en\/#organization\"},\"potentialAction\":[{\"@type\":\"SearchAction\",\"target\":{\"@type\":\"EntryPoint\",\"urlTemplate\":\"https:\/\/fika.paris\/en\/?s={search_term_string}\"},\"query-input\":{\"@type\":\"PropertyValueSpecification\",\"valueRequired\":true,\"valueName\":\"search_term_string\"}}],\"inLanguage\":\"en-US\"},{\"@type\":\"Organization\",\"@id\":\"https:\/\/fika.paris\/en\/#organization\",\"name\":\"Fika Paris\",\"url\":\"https:\/\/fika.paris\/en\/\",\"logo\":{\"@type\":\"ImageObject\",\"inLanguage\":\"en-US\",\"@id\":\"https:\/\/fika.paris\/en\/#\/schema\/logo\/image\/\",\"url\":\"https:\/\/fika.paris\/wp-content\/uploads\/2025\/09\/cropped-logofika_detoure-scaled-1.png\",\"contentUrl\":\"https:\/\/fika.paris\/wp-content\/uploads\/2025\/09\/cropped-logofika_detoure-scaled-1.png\",\"width\":2273,\"height\":953,\"caption\":\"Fika Paris\"},\"image\":{\"@id\":\"https:\/\/fika.paris\/en\/#\/schema\/logo\/image\/\"}}]}<\/script>\n<!-- \/ Yoast SEO plugin. -->","yoast_head_json":{"title":"Kn\u00e4ckebr\u00f6d, crispbread with fennel and caraway seeds - Fika Paris","robots":{"index":"index","follow":"follow","max-snippet":"max-snippet:-1","max-image-preview":"max-image-preview:large","max-video-preview":"max-video-preview:-1"},"canonical":"https:\/\/fika.paris\/en\/produit\/knackebrod-homemade-swedish-crispbread\/","og_locale":"en_US","og_type":"article","og_title":"Kn\u00e4ckebr\u00f6d, crispbread with fennel and caraway seeds - Fika Paris","og_description":"Crispy, flavorful and fragrant with caraway and fennel seeds, our Swedish crispbread is made following a classic recipe. Perfect with cheese or pea hummus, for breakfast or as a gourmet gift. The package contains approximately 200 grams. Allergens: Contains gluten.","og_url":"https:\/\/fika.paris\/en\/produit\/knackebrod-homemade-swedish-crispbread\/","og_site_name":"Fika Paris","article_modified_time":"2026-03-30T17:33:49+00:00","og_image":[{"url":"https:\/\/fika.paris\/wp-content\/uploads\/2025\/12\/Knackebrod-1-scaled.png","width":576,"height":1024,"type":"image\/png"}],"twitter_card":"summary_large_image","schema":{"@context":"https:\/\/schema.org","@graph":[{"@type":"WebPage","@id":"https:\/\/fika.paris\/en\/produit\/knackebrod-homemade-swedish-crispbread\/","url":"https:\/\/fika.paris\/en\/produit\/knackebrod-homemade-swedish-crispbread\/","name":"Kn\u00e4ckebr\u00f6d, crispbread with fennel and caraway seeds - Fika Paris","isPartOf":{"@id":"https:\/\/fika.paris\/en\/#website"},"primaryImageOfPage":{"@id":"https:\/\/fika.paris\/en\/produit\/knackebrod-homemade-swedish-crispbread\/#primaryimage"},"image":{"@id":"https:\/\/fika.paris\/en\/produit\/knackebrod-homemade-swedish-crispbread\/#primaryimage"},"thumbnailUrl":"https:\/\/fika.paris\/wp-content\/uploads\/2025\/12\/Knackebrod-1-scaled.png","datePublished":"2026-02-18T13:48:18+00:00","dateModified":"2026-03-30T17:33:49+00:00","breadcrumb":{"@id":"https:\/\/fika.paris\/en\/produit\/knackebrod-homemade-swedish-crispbread\/#breadcrumb"},"inLanguage":"en-US","potentialAction":[{"@type":"ReadAction","target":["https:\/\/fika.paris\/en\/produit\/knackebrod-homemade-swedish-crispbread\/"]}]},{"@type":"ImageObject","inLanguage":"en-US","@id":"https:\/\/fika.paris\/en\/produit\/knackebrod-homemade-swedish-crispbread\/#primaryimage","url":"https:\/\/fika.paris\/wp-content\/uploads\/2025\/12\/Knackebrod-1-scaled.png","contentUrl":"https:\/\/fika.paris\/wp-content\/uploads\/2025\/12\/Knackebrod-1-scaled.png","width":1440,"height":2560},{"@type":"BreadcrumbList","@id":"https:\/\/fika.paris\/en\/produit\/knackebrod-homemade-swedish-crispbread\/#breadcrumb","itemListElement":[{"@type":"ListItem","position":1,"name":"Accueil","item":"https:\/\/fika.paris\/en\/"},{"@type":"ListItem","position":2,"name":"Shop","item":"https:\/\/fika.paris\/en\/shop\/"},{"@type":"ListItem","position":3,"name":"Kn\u00e4ckebr\u00f6d, crispbread with fennel and caraway seeds"}]},{"@type":"WebSite","@id":"https:\/\/fika.paris\/en\/#website","url":"https:\/\/fika.paris\/en\/","name":"Fika Paris","description":"Un petit g\u00f4ut de Su\u00e8de \u00e0 Paris","publisher":{"@id":"https:\/\/fika.paris\/en\/#organization"},"potentialAction":[{"@type":"SearchAction","target":{"@type":"EntryPoint","urlTemplate":"https:\/\/fika.paris\/en\/?s={search_term_string}"},"query-input":{"@type":"PropertyValueSpecification","valueRequired":true,"valueName":"search_term_string"}}],"inLanguage":"en-US"},{"@type":"Organization","@id":"https:\/\/fika.paris\/en\/#organization","name":"Fika Paris","url":"https:\/\/fika.paris\/en\/","logo":{"@type":"ImageObject","inLanguage":"en-US","@id":"https:\/\/fika.paris\/en\/#\/schema\/logo\/image\/","url":"https:\/\/fika.paris\/wp-content\/uploads\/2025\/09\/cropped-logofika_detoure-scaled-1.png","contentUrl":"https:\/\/fika.paris\/wp-content\/uploads\/2025\/09\/cropped-logofika_detoure-scaled-1.png","width":2273,"height":953,"caption":"Fika Paris"},"image":{"@id":"https:\/\/fika.paris\/en\/#\/schema\/logo\/image\/"}}]}},"_links":{"self":[{"href":"https:\/\/fika.paris\/en\/wp-json\/wp\/v2\/product\/1363","targetHints":{"allow":["GET"]}}],"collection":[{"href":"https:\/\/fika.paris\/en\/wp-json\/wp\/v2\/product"}],"about":[{"href":"https:\/\/fika.paris\/en\/wp-json\/wp\/v2\/types\/product"}],"wp:featuredmedia":[{"embeddable":true,"href":"https:\/\/fika.paris\/en\/wp-json\/wp\/v2\/media\/1364"}],"wp:attachment":[{"href":"https:\/\/fika.paris\/en\/wp-json\/wp\/v2\/media?parent=1363"}],"wp:term":[{"taxonomy":"product_brand","embeddable":true,"href":"https:\/\/fika.paris\/en\/wp-json\/wp\/v2\/product_brand?post=1363"},{"taxonomy":"product_cat","embeddable":true,"href":"https:\/\/fika.paris\/en\/wp-json\/wp\/v2\/product_cat?post=1363"},{"taxonomy":"product_tag","embeddable":true,"href":"https:\/\/fika.paris\/en\/wp-json\/wp\/v2\/product_tag?post=1363"}],"curies":[{"name":"wp","href":"https:\/\/api.w.org\/{rel}","templated":true}]}}