{"id":1318,"date":"2025-12-16T14:48:21","date_gmt":"2025-12-16T13:48:21","guid":{"rendered":"https:\/\/fika.paris\/produit\/organic-apple-juice-golden-cider-company\/"},"modified":"2026-02-26T16:15:06","modified_gmt":"2026-02-26T15:15:06","slug":"organic-apple-juice-golden-cider-company","status":"publish","type":"product","link":"https:\/\/fika.paris\/en\/produit\/organic-apple-juice-golden-cider-company\/","title":{"rendered":"Organic Apple Juice &#8211; Golden Cider Company"},"content":{"rendered":"<p><span data-sheets-root=\"1\">Organic apple juice.<\/span><\/p>\n<p><span data-sheets-root=\"1\">Authentic organic apple juice from southern Sweden! Made from 100% freshly squeezed juice, obtained through traditional cold-pressing of hand-picked Swedish apples. Unfiltered to preserve the full aroma and richness of the fruit. No additives. Serve chilled, between 8 and 10\u00b0C, for a natural and refreshing drink.    <\/span><\/p>\n<p>Golden Cider Company &#8211; <span data-sheets-root=\"1\">275 ml bottle.<\/span><\/p>\n<p>&nbsp;<\/p>\n<p><em><strong>Golden Cider Company<\/strong><\/em> produces cold-pressed apple ciders from hand-picked apples in Sk\u00e5ne, with no additives. Their range includes alcoholic and non-alcoholic options, as well as organic apple juice. The company prides itself on the quality and sustainability of its production.  <\/p>\n","protected":false},"excerpt":{"rendered":"<p>Golden Cider Company produces cold-pressed apple cider from hand-picked apples in Sk\u00e5ne with no additives. Their range includes alcoholic and non-alcoholic options, as well as organic apple juice. The company prioritizes quality and sustainability in its production.<\/p>\n","protected":false},"featured_media":1319,"template":"","meta":[],"product_brand":[101],"product_cat":[73],"product_tag":[],"class_list":{"0":"post-1318","1":"product","2":"type-product","3":"status-publish","4":"has-post-thumbnail","6":"product_brand-golden-cider-company","7":"product_cat-drinks","9":"first","10":"instock","11":"taxable","12":"shipping-taxable","13":"purchasable","14":"product-type-simple"},"yoast_head":"<!-- This site is optimized with the Yoast SEO plugin v27.2 - https:\/\/yoast.com\/product\/yoast-seo-wordpress\/ -->\n<title>Organic Apple Juice - Golden Cider Company - Fika Paris<\/title>\n<meta name=\"robots\" content=\"index, follow, max-snippet:-1, max-image-preview:large, max-video-preview:-1\" \/>\n<link rel=\"canonical\" href=\"https:\/\/fika.paris\/en\/produit\/organic-apple-juice-golden-cider-company\/\" \/>\n<meta property=\"og:locale\" content=\"en_US\" \/>\n<meta property=\"og:type\" content=\"article\" \/>\n<meta property=\"og:title\" content=\"Organic Apple Juice - Golden Cider Company - Fika Paris\" \/>\n<meta property=\"og:description\" content=\"Golden Cider Company produces cold-pressed apple cider from hand-picked apples in Sk\u00e5ne with no additives. Their range includes alcoholic and non-alcoholic options, as well as organic apple juice. The company prioritizes quality and sustainability in its production.\" \/>\n<meta property=\"og:url\" content=\"https:\/\/fika.paris\/en\/produit\/organic-apple-juice-golden-cider-company\/\" \/>\n<meta property=\"og:site_name\" content=\"Fika Paris\" \/>\n<meta property=\"article:modified_time\" content=\"2026-02-26T15:15:06+00:00\" \/>\n<meta property=\"og:image\" content=\"https:\/\/fika.paris\/wp-content\/uploads\/2025\/10\/appelmust-scaled.jpg\" \/>\n\t<meta property=\"og:image:width\" content=\"1707\" \/>\n\t<meta property=\"og:image:height\" content=\"2560\" \/>\n\t<meta property=\"og:image:type\" content=\"image\/jpeg\" \/>\n<meta name=\"twitter:card\" content=\"summary_large_image\" \/>\n<script type=\"application\/ld+json\" class=\"yoast-schema-graph\">{\"@context\":\"https:\/\/schema.org\",\"@graph\":[{\"@type\":\"WebPage\",\"@id\":\"https:\/\/fika.paris\/en\/produit\/organic-apple-juice-golden-cider-company\/\",\"url\":\"https:\/\/fika.paris\/en\/produit\/organic-apple-juice-golden-cider-company\/\",\"name\":\"Organic Apple Juice - Golden Cider Company - Fika Paris\",\"isPartOf\":{\"@id\":\"https:\/\/fika.paris\/en\/#website\"},\"primaryImageOfPage\":{\"@id\":\"https:\/\/fika.paris\/en\/produit\/organic-apple-juice-golden-cider-company\/#primaryimage\"},\"image\":{\"@id\":\"https:\/\/fika.paris\/en\/produit\/organic-apple-juice-golden-cider-company\/#primaryimage\"},\"thumbnailUrl\":\"https:\/\/fika.paris\/wp-content\/uploads\/2025\/10\/appelmust-scaled.jpg\",\"datePublished\":\"2025-12-16T13:48:21+00:00\",\"dateModified\":\"2026-02-26T15:15:06+00:00\",\"breadcrumb\":{\"@id\":\"https:\/\/fika.paris\/en\/produit\/organic-apple-juice-golden-cider-company\/#breadcrumb\"},\"inLanguage\":\"en-US\",\"potentialAction\":[{\"@type\":\"ReadAction\",\"target\":[\"https:\/\/fika.paris\/en\/produit\/organic-apple-juice-golden-cider-company\/\"]}]},{\"@type\":\"ImageObject\",\"inLanguage\":\"en-US\",\"@id\":\"https:\/\/fika.paris\/en\/produit\/organic-apple-juice-golden-cider-company\/#primaryimage\",\"url\":\"https:\/\/fika.paris\/wp-content\/uploads\/2025\/10\/appelmust-scaled.jpg\",\"contentUrl\":\"https:\/\/fika.paris\/wp-content\/uploads\/2025\/10\/appelmust-scaled.jpg\",\"width\":1707,\"height\":2560},{\"@type\":\"BreadcrumbList\",\"@id\":\"https:\/\/fika.paris\/en\/produit\/organic-apple-juice-golden-cider-company\/#breadcrumb\",\"itemListElement\":[{\"@type\":\"ListItem\",\"position\":1,\"name\":\"Accueil\",\"item\":\"https:\/\/fika.paris\/en\/\"},{\"@type\":\"ListItem\",\"position\":2,\"name\":\"Shop\",\"item\":\"https:\/\/fika.paris\/en\/shop\/\"},{\"@type\":\"ListItem\",\"position\":3,\"name\":\"Organic Apple Juice &#8211; Golden Cider Company\"}]},{\"@type\":\"WebSite\",\"@id\":\"https:\/\/fika.paris\/en\/#website\",\"url\":\"https:\/\/fika.paris\/en\/\",\"name\":\"Fika Paris\",\"description\":\"Un petit g\u00f4ut de Su\u00e8de \u00e0 Paris\",\"publisher\":{\"@id\":\"https:\/\/fika.paris\/en\/#organization\"},\"potentialAction\":[{\"@type\":\"SearchAction\",\"target\":{\"@type\":\"EntryPoint\",\"urlTemplate\":\"https:\/\/fika.paris\/en\/?s={search_term_string}\"},\"query-input\":{\"@type\":\"PropertyValueSpecification\",\"valueRequired\":true,\"valueName\":\"search_term_string\"}}],\"inLanguage\":\"en-US\"},{\"@type\":\"Organization\",\"@id\":\"https:\/\/fika.paris\/en\/#organization\",\"name\":\"Fika Paris\",\"url\":\"https:\/\/fika.paris\/en\/\",\"logo\":{\"@type\":\"ImageObject\",\"inLanguage\":\"en-US\",\"@id\":\"https:\/\/fika.paris\/en\/#\/schema\/logo\/image\/\",\"url\":\"https:\/\/fika.paris\/wp-content\/uploads\/2025\/09\/cropped-logofika_detoure-scaled-1.png\",\"contentUrl\":\"https:\/\/fika.paris\/wp-content\/uploads\/2025\/09\/cropped-logofika_detoure-scaled-1.png\",\"width\":2273,\"height\":953,\"caption\":\"Fika Paris\"},\"image\":{\"@id\":\"https:\/\/fika.paris\/en\/#\/schema\/logo\/image\/\"}}]}<\/script>\n<!-- \/ Yoast SEO plugin. -->","yoast_head_json":{"title":"Organic Apple Juice - Golden Cider Company - Fika Paris","robots":{"index":"index","follow":"follow","max-snippet":"max-snippet:-1","max-image-preview":"max-image-preview:large","max-video-preview":"max-video-preview:-1"},"canonical":"https:\/\/fika.paris\/en\/produit\/organic-apple-juice-golden-cider-company\/","og_locale":"en_US","og_type":"article","og_title":"Organic Apple Juice - Golden Cider Company - Fika Paris","og_description":"Golden Cider Company produces cold-pressed apple cider from hand-picked apples in Sk\u00e5ne with no additives. Their range includes alcoholic and non-alcoholic options, as well as organic apple juice. The company prioritizes quality and sustainability in its production.","og_url":"https:\/\/fika.paris\/en\/produit\/organic-apple-juice-golden-cider-company\/","og_site_name":"Fika Paris","article_modified_time":"2026-02-26T15:15:06+00:00","og_image":[{"width":1707,"height":2560,"url":"https:\/\/fika.paris\/wp-content\/uploads\/2025\/10\/appelmust-scaled.jpg","type":"image\/jpeg"}],"twitter_card":"summary_large_image","schema":{"@context":"https:\/\/schema.org","@graph":[{"@type":"WebPage","@id":"https:\/\/fika.paris\/en\/produit\/organic-apple-juice-golden-cider-company\/","url":"https:\/\/fika.paris\/en\/produit\/organic-apple-juice-golden-cider-company\/","name":"Organic Apple Juice - Golden Cider Company - Fika Paris","isPartOf":{"@id":"https:\/\/fika.paris\/en\/#website"},"primaryImageOfPage":{"@id":"https:\/\/fika.paris\/en\/produit\/organic-apple-juice-golden-cider-company\/#primaryimage"},"image":{"@id":"https:\/\/fika.paris\/en\/produit\/organic-apple-juice-golden-cider-company\/#primaryimage"},"thumbnailUrl":"https:\/\/fika.paris\/wp-content\/uploads\/2025\/10\/appelmust-scaled.jpg","datePublished":"2025-12-16T13:48:21+00:00","dateModified":"2026-02-26T15:15:06+00:00","breadcrumb":{"@id":"https:\/\/fika.paris\/en\/produit\/organic-apple-juice-golden-cider-company\/#breadcrumb"},"inLanguage":"en-US","potentialAction":[{"@type":"ReadAction","target":["https:\/\/fika.paris\/en\/produit\/organic-apple-juice-golden-cider-company\/"]}]},{"@type":"ImageObject","inLanguage":"en-US","@id":"https:\/\/fika.paris\/en\/produit\/organic-apple-juice-golden-cider-company\/#primaryimage","url":"https:\/\/fika.paris\/wp-content\/uploads\/2025\/10\/appelmust-scaled.jpg","contentUrl":"https:\/\/fika.paris\/wp-content\/uploads\/2025\/10\/appelmust-scaled.jpg","width":1707,"height":2560},{"@type":"BreadcrumbList","@id":"https:\/\/fika.paris\/en\/produit\/organic-apple-juice-golden-cider-company\/#breadcrumb","itemListElement":[{"@type":"ListItem","position":1,"name":"Accueil","item":"https:\/\/fika.paris\/en\/"},{"@type":"ListItem","position":2,"name":"Shop","item":"https:\/\/fika.paris\/en\/shop\/"},{"@type":"ListItem","position":3,"name":"Organic Apple Juice &#8211; Golden Cider Company"}]},{"@type":"WebSite","@id":"https:\/\/fika.paris\/en\/#website","url":"https:\/\/fika.paris\/en\/","name":"Fika Paris","description":"Un petit g\u00f4ut de Su\u00e8de \u00e0 Paris","publisher":{"@id":"https:\/\/fika.paris\/en\/#organization"},"potentialAction":[{"@type":"SearchAction","target":{"@type":"EntryPoint","urlTemplate":"https:\/\/fika.paris\/en\/?s={search_term_string}"},"query-input":{"@type":"PropertyValueSpecification","valueRequired":true,"valueName":"search_term_string"}}],"inLanguage":"en-US"},{"@type":"Organization","@id":"https:\/\/fika.paris\/en\/#organization","name":"Fika Paris","url":"https:\/\/fika.paris\/en\/","logo":{"@type":"ImageObject","inLanguage":"en-US","@id":"https:\/\/fika.paris\/en\/#\/schema\/logo\/image\/","url":"https:\/\/fika.paris\/wp-content\/uploads\/2025\/09\/cropped-logofika_detoure-scaled-1.png","contentUrl":"https:\/\/fika.paris\/wp-content\/uploads\/2025\/09\/cropped-logofika_detoure-scaled-1.png","width":2273,"height":953,"caption":"Fika Paris"},"image":{"@id":"https:\/\/fika.paris\/en\/#\/schema\/logo\/image\/"}}]}},"_links":{"self":[{"href":"https:\/\/fika.paris\/en\/wp-json\/wp\/v2\/product\/1318","targetHints":{"allow":["GET"]}}],"collection":[{"href":"https:\/\/fika.paris\/en\/wp-json\/wp\/v2\/product"}],"about":[{"href":"https:\/\/fika.paris\/en\/wp-json\/wp\/v2\/types\/product"}],"wp:featuredmedia":[{"embeddable":true,"href":"https:\/\/fika.paris\/en\/wp-json\/wp\/v2\/media\/1319"}],"wp:attachment":[{"href":"https:\/\/fika.paris\/en\/wp-json\/wp\/v2\/media?parent=1318"}],"wp:term":[{"taxonomy":"product_brand","embeddable":true,"href":"https:\/\/fika.paris\/en\/wp-json\/wp\/v2\/product_brand?post=1318"},{"taxonomy":"product_cat","embeddable":true,"href":"https:\/\/fika.paris\/en\/wp-json\/wp\/v2\/product_cat?post=1318"},{"taxonomy":"product_tag","embeddable":true,"href":"https:\/\/fika.paris\/en\/wp-json\/wp\/v2\/product_tag?post=1318"}],"curies":[{"name":"wp","href":"https:\/\/api.w.org\/{rel}","templated":true}]}}