{"id":1313,"date":"2025-12-16T14:48:21","date_gmt":"2025-12-16T13:48:21","guid":{"rendered":"https:\/\/fika.paris\/produit\/happiness-filter-coffee-lykke-kaffegardar\/"},"modified":"2026-03-30T19:34:55","modified_gmt":"2026-03-30T17:34:55","slug":"happiness-filter-coffee-lykke-kaffegardar","status":"publish","type":"product","link":"https:\/\/fika.paris\/en\/produit\/happiness-filter-coffee-lykke-kaffegardar\/","title":{"rendered":"Happiness Filter Coffee &#8211; Lykke Kaffeg\u00e5rdar"},"content":{"rendered":"<p>Happiness is the filter coffee for every moment.<br \/>\nA smooth, rounded profile with notes of nougat, caramel, pear, and a juicy finish. A great coffee we serve freely at FIKA\u2014simple, delicious, and just right. <\/p>\n<p><em><strong>Lykke Kaffeg\u00e5rdar<\/strong><\/em> was founded in 2020 with the goal of producing organic and sustainable coffee and tea. Lykke grows, selects, and roasts its own products, actively committing to the environment, equality, and social responsibility in line with the UN Global Goals. All their products are certified organic and the packaging is biodegradable. Lykke combines high quality with respect for both people and the planet.   <\/p>\n","protected":false},"excerpt":{"rendered":"<p><strong>Lykke Kaffeg\u00e5rdar<\/strong> was founded in 2020 with the goal of producing organic and sustainable coffee and tea. Lykke cultivates, selects, and roasts its products itself, actively committing to the environment, equality, and social responsibility in line with the UN&#8217;s global goals. All their products are organic certified, and the packaging is biodegradable. Lykke combines high quality with respect for both people and the planet.   <\/p>\n","protected":false},"featured_media":1314,"template":"","meta":[],"product_brand":[103],"product_cat":[73],"product_tag":[],"class_list":{"0":"post-1313","1":"product","2":"type-product","3":"status-publish","4":"has-post-thumbnail","6":"product_brand-lykke-kaffegardar","7":"product_cat-drinks","9":"first","10":"instock","11":"taxable","12":"shipping-taxable","13":"purchasable","14":"product-type-simple"},"yoast_head":"<!-- This site is optimized with the Yoast SEO plugin v27.2 - https:\/\/yoast.com\/product\/yoast-seo-wordpress\/ -->\n<title>Happiness Filter Coffee - Lykke Kaffeg\u00e5rdar - Fika Paris<\/title>\n<meta name=\"robots\" content=\"index, follow, max-snippet:-1, max-image-preview:large, max-video-preview:-1\" \/>\n<link rel=\"canonical\" href=\"https:\/\/fika.paris\/en\/produit\/happiness-filter-coffee-lykke-kaffegardar\/\" \/>\n<meta property=\"og:locale\" content=\"en_US\" \/>\n<meta property=\"og:type\" content=\"article\" \/>\n<meta property=\"og:title\" content=\"Happiness Filter Coffee - Lykke Kaffeg\u00e5rdar - Fika Paris\" \/>\n<meta property=\"og:description\" content=\"Lykke Kaffeg\u00e5rdar was founded in 2020 with the goal of producing organic and sustainable coffee and tea. Lykke cultivates, selects, and roasts its products itself, actively committing to the environment, equality, and social responsibility in line with the UN&#039;s global goals. All their products are organic certified, and the packaging is biodegradable. Lykke combines high quality with respect for both people and the planet.\" \/>\n<meta property=\"og:url\" content=\"https:\/\/fika.paris\/en\/produit\/happiness-filter-coffee-lykke-kaffegardar\/\" \/>\n<meta property=\"og:site_name\" content=\"Fika Paris\" \/>\n<meta property=\"article:modified_time\" content=\"2026-03-30T17:34:55+00:00\" \/>\n<meta property=\"og:image\" content=\"https:\/\/fika.paris\/wp-content\/uploads\/2025\/10\/happiness1-scaled-e1768381210681.jpg\" \/>\n\t<meta property=\"og:image:width\" content=\"1536\" \/>\n\t<meta property=\"og:image:height\" content=\"2480\" \/>\n\t<meta property=\"og:image:type\" content=\"image\/jpeg\" \/>\n<meta name=\"twitter:card\" content=\"summary_large_image\" \/>\n<script type=\"application\/ld+json\" class=\"yoast-schema-graph\">{\"@context\":\"https:\/\/schema.org\",\"@graph\":[{\"@type\":\"WebPage\",\"@id\":\"https:\/\/fika.paris\/en\/produit\/happiness-filter-coffee-lykke-kaffegardar\/\",\"url\":\"https:\/\/fika.paris\/en\/produit\/happiness-filter-coffee-lykke-kaffegardar\/\",\"name\":\"Happiness Filter Coffee - Lykke Kaffeg\u00e5rdar - Fika Paris\",\"isPartOf\":{\"@id\":\"https:\/\/fika.paris\/en\/#website\"},\"primaryImageOfPage\":{\"@id\":\"https:\/\/fika.paris\/en\/produit\/happiness-filter-coffee-lykke-kaffegardar\/#primaryimage\"},\"image\":{\"@id\":\"https:\/\/fika.paris\/en\/produit\/happiness-filter-coffee-lykke-kaffegardar\/#primaryimage\"},\"thumbnailUrl\":\"https:\/\/fika.paris\/wp-content\/uploads\/2025\/10\/happiness1-scaled-e1768381210681.jpg\",\"datePublished\":\"2025-12-16T13:48:21+00:00\",\"dateModified\":\"2026-03-30T17:34:55+00:00\",\"breadcrumb\":{\"@id\":\"https:\/\/fika.paris\/en\/produit\/happiness-filter-coffee-lykke-kaffegardar\/#breadcrumb\"},\"inLanguage\":\"en-US\",\"potentialAction\":[{\"@type\":\"ReadAction\",\"target\":[\"https:\/\/fika.paris\/en\/produit\/happiness-filter-coffee-lykke-kaffegardar\/\"]}]},{\"@type\":\"ImageObject\",\"inLanguage\":\"en-US\",\"@id\":\"https:\/\/fika.paris\/en\/produit\/happiness-filter-coffee-lykke-kaffegardar\/#primaryimage\",\"url\":\"https:\/\/fika.paris\/wp-content\/uploads\/2025\/10\/happiness1-scaled-e1768381210681.jpg\",\"contentUrl\":\"https:\/\/fika.paris\/wp-content\/uploads\/2025\/10\/happiness1-scaled-e1768381210681.jpg\",\"width\":1536,\"height\":2480},{\"@type\":\"BreadcrumbList\",\"@id\":\"https:\/\/fika.paris\/en\/produit\/happiness-filter-coffee-lykke-kaffegardar\/#breadcrumb\",\"itemListElement\":[{\"@type\":\"ListItem\",\"position\":1,\"name\":\"Accueil\",\"item\":\"https:\/\/fika.paris\/en\/\"},{\"@type\":\"ListItem\",\"position\":2,\"name\":\"Shop\",\"item\":\"https:\/\/fika.paris\/en\/shop\/\"},{\"@type\":\"ListItem\",\"position\":3,\"name\":\"Happiness Filter Coffee &#8211; Lykke Kaffeg\u00e5rdar\"}]},{\"@type\":\"WebSite\",\"@id\":\"https:\/\/fika.paris\/en\/#website\",\"url\":\"https:\/\/fika.paris\/en\/\",\"name\":\"Fika Paris\",\"description\":\"Un petit g\u00f4ut de Su\u00e8de \u00e0 Paris\",\"publisher\":{\"@id\":\"https:\/\/fika.paris\/en\/#organization\"},\"potentialAction\":[{\"@type\":\"SearchAction\",\"target\":{\"@type\":\"EntryPoint\",\"urlTemplate\":\"https:\/\/fika.paris\/en\/?s={search_term_string}\"},\"query-input\":{\"@type\":\"PropertyValueSpecification\",\"valueRequired\":true,\"valueName\":\"search_term_string\"}}],\"inLanguage\":\"en-US\"},{\"@type\":\"Organization\",\"@id\":\"https:\/\/fika.paris\/en\/#organization\",\"name\":\"Fika Paris\",\"url\":\"https:\/\/fika.paris\/en\/\",\"logo\":{\"@type\":\"ImageObject\",\"inLanguage\":\"en-US\",\"@id\":\"https:\/\/fika.paris\/en\/#\/schema\/logo\/image\/\",\"url\":\"https:\/\/fika.paris\/wp-content\/uploads\/2025\/09\/cropped-logofika_detoure-scaled-1.png\",\"contentUrl\":\"https:\/\/fika.paris\/wp-content\/uploads\/2025\/09\/cropped-logofika_detoure-scaled-1.png\",\"width\":2273,\"height\":953,\"caption\":\"Fika Paris\"},\"image\":{\"@id\":\"https:\/\/fika.paris\/en\/#\/schema\/logo\/image\/\"}}]}<\/script>\n<!-- \/ Yoast SEO plugin. -->","yoast_head_json":{"title":"Happiness Filter Coffee - Lykke Kaffeg\u00e5rdar - Fika Paris","robots":{"index":"index","follow":"follow","max-snippet":"max-snippet:-1","max-image-preview":"max-image-preview:large","max-video-preview":"max-video-preview:-1"},"canonical":"https:\/\/fika.paris\/en\/produit\/happiness-filter-coffee-lykke-kaffegardar\/","og_locale":"en_US","og_type":"article","og_title":"Happiness Filter Coffee - Lykke Kaffeg\u00e5rdar - Fika Paris","og_description":"Lykke Kaffeg\u00e5rdar was founded in 2020 with the goal of producing organic and sustainable coffee and tea. Lykke cultivates, selects, and roasts its products itself, actively committing to the environment, equality, and social responsibility in line with the UN's global goals. All their products are organic certified, and the packaging is biodegradable. Lykke combines high quality with respect for both people and the planet.","og_url":"https:\/\/fika.paris\/en\/produit\/happiness-filter-coffee-lykke-kaffegardar\/","og_site_name":"Fika Paris","article_modified_time":"2026-03-30T17:34:55+00:00","og_image":[{"width":1536,"height":2480,"url":"https:\/\/fika.paris\/wp-content\/uploads\/2025\/10\/happiness1-scaled-e1768381210681.jpg","type":"image\/jpeg"}],"twitter_card":"summary_large_image","schema":{"@context":"https:\/\/schema.org","@graph":[{"@type":"WebPage","@id":"https:\/\/fika.paris\/en\/produit\/happiness-filter-coffee-lykke-kaffegardar\/","url":"https:\/\/fika.paris\/en\/produit\/happiness-filter-coffee-lykke-kaffegardar\/","name":"Happiness Filter Coffee - Lykke Kaffeg\u00e5rdar - Fika Paris","isPartOf":{"@id":"https:\/\/fika.paris\/en\/#website"},"primaryImageOfPage":{"@id":"https:\/\/fika.paris\/en\/produit\/happiness-filter-coffee-lykke-kaffegardar\/#primaryimage"},"image":{"@id":"https:\/\/fika.paris\/en\/produit\/happiness-filter-coffee-lykke-kaffegardar\/#primaryimage"},"thumbnailUrl":"https:\/\/fika.paris\/wp-content\/uploads\/2025\/10\/happiness1-scaled-e1768381210681.jpg","datePublished":"2025-12-16T13:48:21+00:00","dateModified":"2026-03-30T17:34:55+00:00","breadcrumb":{"@id":"https:\/\/fika.paris\/en\/produit\/happiness-filter-coffee-lykke-kaffegardar\/#breadcrumb"},"inLanguage":"en-US","potentialAction":[{"@type":"ReadAction","target":["https:\/\/fika.paris\/en\/produit\/happiness-filter-coffee-lykke-kaffegardar\/"]}]},{"@type":"ImageObject","inLanguage":"en-US","@id":"https:\/\/fika.paris\/en\/produit\/happiness-filter-coffee-lykke-kaffegardar\/#primaryimage","url":"https:\/\/fika.paris\/wp-content\/uploads\/2025\/10\/happiness1-scaled-e1768381210681.jpg","contentUrl":"https:\/\/fika.paris\/wp-content\/uploads\/2025\/10\/happiness1-scaled-e1768381210681.jpg","width":1536,"height":2480},{"@type":"BreadcrumbList","@id":"https:\/\/fika.paris\/en\/produit\/happiness-filter-coffee-lykke-kaffegardar\/#breadcrumb","itemListElement":[{"@type":"ListItem","position":1,"name":"Accueil","item":"https:\/\/fika.paris\/en\/"},{"@type":"ListItem","position":2,"name":"Shop","item":"https:\/\/fika.paris\/en\/shop\/"},{"@type":"ListItem","position":3,"name":"Happiness Filter Coffee &#8211; Lykke Kaffeg\u00e5rdar"}]},{"@type":"WebSite","@id":"https:\/\/fika.paris\/en\/#website","url":"https:\/\/fika.paris\/en\/","name":"Fika Paris","description":"Un petit g\u00f4ut de Su\u00e8de \u00e0 Paris","publisher":{"@id":"https:\/\/fika.paris\/en\/#organization"},"potentialAction":[{"@type":"SearchAction","target":{"@type":"EntryPoint","urlTemplate":"https:\/\/fika.paris\/en\/?s={search_term_string}"},"query-input":{"@type":"PropertyValueSpecification","valueRequired":true,"valueName":"search_term_string"}}],"inLanguage":"en-US"},{"@type":"Organization","@id":"https:\/\/fika.paris\/en\/#organization","name":"Fika Paris","url":"https:\/\/fika.paris\/en\/","logo":{"@type":"ImageObject","inLanguage":"en-US","@id":"https:\/\/fika.paris\/en\/#\/schema\/logo\/image\/","url":"https:\/\/fika.paris\/wp-content\/uploads\/2025\/09\/cropped-logofika_detoure-scaled-1.png","contentUrl":"https:\/\/fika.paris\/wp-content\/uploads\/2025\/09\/cropped-logofika_detoure-scaled-1.png","width":2273,"height":953,"caption":"Fika Paris"},"image":{"@id":"https:\/\/fika.paris\/en\/#\/schema\/logo\/image\/"}}]}},"_links":{"self":[{"href":"https:\/\/fika.paris\/en\/wp-json\/wp\/v2\/product\/1313","targetHints":{"allow":["GET"]}}],"collection":[{"href":"https:\/\/fika.paris\/en\/wp-json\/wp\/v2\/product"}],"about":[{"href":"https:\/\/fika.paris\/en\/wp-json\/wp\/v2\/types\/product"}],"wp:featuredmedia":[{"embeddable":true,"href":"https:\/\/fika.paris\/en\/wp-json\/wp\/v2\/media\/1314"}],"wp:attachment":[{"href":"https:\/\/fika.paris\/en\/wp-json\/wp\/v2\/media?parent=1313"}],"wp:term":[{"taxonomy":"product_brand","embeddable":true,"href":"https:\/\/fika.paris\/en\/wp-json\/wp\/v2\/product_brand?post=1313"},{"taxonomy":"product_cat","embeddable":true,"href":"https:\/\/fika.paris\/en\/wp-json\/wp\/v2\/product_cat?post=1313"},{"taxonomy":"product_tag","embeddable":true,"href":"https:\/\/fika.paris\/en\/wp-json\/wp\/v2\/product_tag?post=1313"}],"curies":[{"name":"wp","href":"https:\/\/api.w.org\/{rel}","templated":true}]}}