{"id":1297,"date":"2025-12-30T12:44:39","date_gmt":"2025-12-30T11:44:39","guid":{"rendered":"https:\/\/fika.paris\/produit\/pearl-sugar-dansukker\/"},"modified":"2026-02-26T16:13:49","modified_gmt":"2026-02-26T15:13:49","slug":"pearl-sugar-dansukker","status":"publish","type":"product","link":"https:\/\/fika.paris\/en\/produit\/pearl-sugar-dansukker\/","title":{"rendered":"Pearl Sugar &#8211; Dansukker"},"content":{"rendered":"<p data-start=\"84\" data-end=\"326\">A Swedish classic and an essential ingredient in many traditional pastries. This Dansukker pearl sugar adds a delightful crunch and authentic texture to kanelbullar, brioches, and other Swedish treats. <\/p>\n<p data-start=\"84\" data-end=\"326\">Unlike the pearl sugar found in France, this one stays white during baking and doesn&#8217;t turn translucent.<\/p>\n<p data-start=\"84\" data-end=\"326\"><em><strong>Dansukker<\/strong><\/em> is a leading Nordic brand with a long history in sugar production. They offer a wide range of sugar products, from granulated sugar to syrup, with a focus on quality and sustainability. Dansukker works closely with Swedish farmers and offers several products labeled &#8220;Fr\u00e5n Sverige&#8221; (From Sweden).  <\/p>\n","protected":false},"excerpt":{"rendered":"<p>A Swedish classic and an essential ingredient in many traditional pastries. This Dansukker pearl sugar adds a delightful crunch and authentic texture to kanelbullar, brioches, and other Swedish treats. Unlike the pearl sugar found in France, this one stays white during baking and doesn&#8217;t turn translucent. Dansukker is a leading Nordic brand with a long [&hellip;]<\/p>\n","protected":false},"featured_media":1298,"template":"","meta":[],"product_brand":[122],"product_cat":[72],"product_tag":[],"class_list":{"0":"post-1297","1":"product","2":"type-product","3":"status-publish","4":"has-post-thumbnail","6":"product_brand-dansukker","7":"product_cat-pantry","9":"first","10":"instock","11":"taxable","12":"shipping-taxable","13":"purchasable","14":"product-type-simple"},"yoast_head":"<!-- This site is optimized with the Yoast SEO plugin v27.2 - https:\/\/yoast.com\/product\/yoast-seo-wordpress\/ -->\n<title>Pearl Sugar - Dansukker - Fika Paris<\/title>\n<meta name=\"robots\" content=\"index, follow, max-snippet:-1, max-image-preview:large, max-video-preview:-1\" \/>\n<link rel=\"canonical\" href=\"https:\/\/fika.paris\/en\/produit\/pearl-sugar-dansukker\/\" \/>\n<meta property=\"og:locale\" content=\"en_US\" \/>\n<meta property=\"og:type\" content=\"article\" \/>\n<meta property=\"og:title\" content=\"Pearl Sugar - Dansukker - Fika Paris\" \/>\n<meta property=\"og:description\" content=\"A Swedish classic and an essential ingredient in many traditional pastries. This Dansukker pearl sugar adds a delightful crunch and authentic texture to kanelbullar, brioches, and other Swedish treats. Unlike the pearl sugar found in France, this one stays white during baking and doesn&#8217;t turn translucent. Dansukker is a leading Nordic brand with a long [&hellip;]\" \/>\n<meta property=\"og:url\" content=\"https:\/\/fika.paris\/en\/produit\/pearl-sugar-dansukker\/\" \/>\n<meta property=\"og:site_name\" content=\"Fika Paris\" \/>\n<meta property=\"article:modified_time\" content=\"2026-02-26T15:13:49+00:00\" \/>\n<meta property=\"og:image\" content=\"https:\/\/fika.paris\/wp-content\/uploads\/2025\/09\/parlsocker-scaled.jpeg\" \/>\n\t<meta property=\"og:image:width\" content=\"1707\" \/>\n\t<meta property=\"og:image:height\" content=\"2560\" \/>\n\t<meta property=\"og:image:type\" content=\"image\/jpeg\" \/>\n<meta name=\"twitter:card\" content=\"summary_large_image\" \/>\n<script type=\"application\/ld+json\" class=\"yoast-schema-graph\">{\"@context\":\"https:\/\/schema.org\",\"@graph\":[{\"@type\":\"WebPage\",\"@id\":\"https:\/\/fika.paris\/en\/produit\/pearl-sugar-dansukker\/\",\"url\":\"https:\/\/fika.paris\/en\/produit\/pearl-sugar-dansukker\/\",\"name\":\"Pearl Sugar - Dansukker - Fika Paris\",\"isPartOf\":{\"@id\":\"https:\/\/fika.paris\/en\/#website\"},\"primaryImageOfPage\":{\"@id\":\"https:\/\/fika.paris\/en\/produit\/pearl-sugar-dansukker\/#primaryimage\"},\"image\":{\"@id\":\"https:\/\/fika.paris\/en\/produit\/pearl-sugar-dansukker\/#primaryimage\"},\"thumbnailUrl\":\"https:\/\/fika.paris\/wp-content\/uploads\/2025\/09\/parlsocker-scaled.jpeg\",\"datePublished\":\"2025-12-30T11:44:39+00:00\",\"dateModified\":\"2026-02-26T15:13:49+00:00\",\"breadcrumb\":{\"@id\":\"https:\/\/fika.paris\/en\/produit\/pearl-sugar-dansukker\/#breadcrumb\"},\"inLanguage\":\"en-US\",\"potentialAction\":[{\"@type\":\"ReadAction\",\"target\":[\"https:\/\/fika.paris\/en\/produit\/pearl-sugar-dansukker\/\"]}]},{\"@type\":\"ImageObject\",\"inLanguage\":\"en-US\",\"@id\":\"https:\/\/fika.paris\/en\/produit\/pearl-sugar-dansukker\/#primaryimage\",\"url\":\"https:\/\/fika.paris\/wp-content\/uploads\/2025\/09\/parlsocker-scaled.jpeg\",\"contentUrl\":\"https:\/\/fika.paris\/wp-content\/uploads\/2025\/09\/parlsocker-scaled.jpeg\",\"width\":1707,\"height\":2560},{\"@type\":\"BreadcrumbList\",\"@id\":\"https:\/\/fika.paris\/en\/produit\/pearl-sugar-dansukker\/#breadcrumb\",\"itemListElement\":[{\"@type\":\"ListItem\",\"position\":1,\"name\":\"Accueil\",\"item\":\"https:\/\/fika.paris\/en\/\"},{\"@type\":\"ListItem\",\"position\":2,\"name\":\"Shop\",\"item\":\"https:\/\/fika.paris\/en\/shop\/\"},{\"@type\":\"ListItem\",\"position\":3,\"name\":\"Pearl Sugar &#8211; Dansukker\"}]},{\"@type\":\"WebSite\",\"@id\":\"https:\/\/fika.paris\/en\/#website\",\"url\":\"https:\/\/fika.paris\/en\/\",\"name\":\"Fika Paris\",\"description\":\"Un petit g\u00f4ut de Su\u00e8de \u00e0 Paris\",\"publisher\":{\"@id\":\"https:\/\/fika.paris\/en\/#organization\"},\"potentialAction\":[{\"@type\":\"SearchAction\",\"target\":{\"@type\":\"EntryPoint\",\"urlTemplate\":\"https:\/\/fika.paris\/en\/?s={search_term_string}\"},\"query-input\":{\"@type\":\"PropertyValueSpecification\",\"valueRequired\":true,\"valueName\":\"search_term_string\"}}],\"inLanguage\":\"en-US\"},{\"@type\":\"Organization\",\"@id\":\"https:\/\/fika.paris\/en\/#organization\",\"name\":\"Fika Paris\",\"url\":\"https:\/\/fika.paris\/en\/\",\"logo\":{\"@type\":\"ImageObject\",\"inLanguage\":\"en-US\",\"@id\":\"https:\/\/fika.paris\/en\/#\/schema\/logo\/image\/\",\"url\":\"https:\/\/fika.paris\/wp-content\/uploads\/2025\/09\/cropped-logofika_detoure-scaled-1.png\",\"contentUrl\":\"https:\/\/fika.paris\/wp-content\/uploads\/2025\/09\/cropped-logofika_detoure-scaled-1.png\",\"width\":2273,\"height\":953,\"caption\":\"Fika Paris\"},\"image\":{\"@id\":\"https:\/\/fika.paris\/en\/#\/schema\/logo\/image\/\"}}]}<\/script>\n<!-- \/ Yoast SEO plugin. -->","yoast_head_json":{"title":"Pearl Sugar - Dansukker - Fika Paris","robots":{"index":"index","follow":"follow","max-snippet":"max-snippet:-1","max-image-preview":"max-image-preview:large","max-video-preview":"max-video-preview:-1"},"canonical":"https:\/\/fika.paris\/en\/produit\/pearl-sugar-dansukker\/","og_locale":"en_US","og_type":"article","og_title":"Pearl Sugar - Dansukker - Fika Paris","og_description":"A Swedish classic and an essential ingredient in many traditional pastries. This Dansukker pearl sugar adds a delightful crunch and authentic texture to kanelbullar, brioches, and other Swedish treats. Unlike the pearl sugar found in France, this one stays white during baking and doesn&#8217;t turn translucent. Dansukker is a leading Nordic brand with a long [&hellip;]","og_url":"https:\/\/fika.paris\/en\/produit\/pearl-sugar-dansukker\/","og_site_name":"Fika Paris","article_modified_time":"2026-02-26T15:13:49+00:00","og_image":[{"width":1707,"height":2560,"url":"https:\/\/fika.paris\/wp-content\/uploads\/2025\/09\/parlsocker-scaled.jpeg","type":"image\/jpeg"}],"twitter_card":"summary_large_image","schema":{"@context":"https:\/\/schema.org","@graph":[{"@type":"WebPage","@id":"https:\/\/fika.paris\/en\/produit\/pearl-sugar-dansukker\/","url":"https:\/\/fika.paris\/en\/produit\/pearl-sugar-dansukker\/","name":"Pearl Sugar - Dansukker - Fika Paris","isPartOf":{"@id":"https:\/\/fika.paris\/en\/#website"},"primaryImageOfPage":{"@id":"https:\/\/fika.paris\/en\/produit\/pearl-sugar-dansukker\/#primaryimage"},"image":{"@id":"https:\/\/fika.paris\/en\/produit\/pearl-sugar-dansukker\/#primaryimage"},"thumbnailUrl":"https:\/\/fika.paris\/wp-content\/uploads\/2025\/09\/parlsocker-scaled.jpeg","datePublished":"2025-12-30T11:44:39+00:00","dateModified":"2026-02-26T15:13:49+00:00","breadcrumb":{"@id":"https:\/\/fika.paris\/en\/produit\/pearl-sugar-dansukker\/#breadcrumb"},"inLanguage":"en-US","potentialAction":[{"@type":"ReadAction","target":["https:\/\/fika.paris\/en\/produit\/pearl-sugar-dansukker\/"]}]},{"@type":"ImageObject","inLanguage":"en-US","@id":"https:\/\/fika.paris\/en\/produit\/pearl-sugar-dansukker\/#primaryimage","url":"https:\/\/fika.paris\/wp-content\/uploads\/2025\/09\/parlsocker-scaled.jpeg","contentUrl":"https:\/\/fika.paris\/wp-content\/uploads\/2025\/09\/parlsocker-scaled.jpeg","width":1707,"height":2560},{"@type":"BreadcrumbList","@id":"https:\/\/fika.paris\/en\/produit\/pearl-sugar-dansukker\/#breadcrumb","itemListElement":[{"@type":"ListItem","position":1,"name":"Accueil","item":"https:\/\/fika.paris\/en\/"},{"@type":"ListItem","position":2,"name":"Shop","item":"https:\/\/fika.paris\/en\/shop\/"},{"@type":"ListItem","position":3,"name":"Pearl Sugar &#8211; Dansukker"}]},{"@type":"WebSite","@id":"https:\/\/fika.paris\/en\/#website","url":"https:\/\/fika.paris\/en\/","name":"Fika Paris","description":"Un petit g\u00f4ut de Su\u00e8de \u00e0 Paris","publisher":{"@id":"https:\/\/fika.paris\/en\/#organization"},"potentialAction":[{"@type":"SearchAction","target":{"@type":"EntryPoint","urlTemplate":"https:\/\/fika.paris\/en\/?s={search_term_string}"},"query-input":{"@type":"PropertyValueSpecification","valueRequired":true,"valueName":"search_term_string"}}],"inLanguage":"en-US"},{"@type":"Organization","@id":"https:\/\/fika.paris\/en\/#organization","name":"Fika Paris","url":"https:\/\/fika.paris\/en\/","logo":{"@type":"ImageObject","inLanguage":"en-US","@id":"https:\/\/fika.paris\/en\/#\/schema\/logo\/image\/","url":"https:\/\/fika.paris\/wp-content\/uploads\/2025\/09\/cropped-logofika_detoure-scaled-1.png","contentUrl":"https:\/\/fika.paris\/wp-content\/uploads\/2025\/09\/cropped-logofika_detoure-scaled-1.png","width":2273,"height":953,"caption":"Fika Paris"},"image":{"@id":"https:\/\/fika.paris\/en\/#\/schema\/logo\/image\/"}}]}},"_links":{"self":[{"href":"https:\/\/fika.paris\/en\/wp-json\/wp\/v2\/product\/1297","targetHints":{"allow":["GET"]}}],"collection":[{"href":"https:\/\/fika.paris\/en\/wp-json\/wp\/v2\/product"}],"about":[{"href":"https:\/\/fika.paris\/en\/wp-json\/wp\/v2\/types\/product"}],"wp:featuredmedia":[{"embeddable":true,"href":"https:\/\/fika.paris\/en\/wp-json\/wp\/v2\/media\/1298"}],"wp:attachment":[{"href":"https:\/\/fika.paris\/en\/wp-json\/wp\/v2\/media?parent=1297"}],"wp:term":[{"taxonomy":"product_brand","embeddable":true,"href":"https:\/\/fika.paris\/en\/wp-json\/wp\/v2\/product_brand?post=1297"},{"taxonomy":"product_cat","embeddable":true,"href":"https:\/\/fika.paris\/en\/wp-json\/wp\/v2\/product_cat?post=1297"},{"taxonomy":"product_tag","embeddable":true,"href":"https:\/\/fika.paris\/en\/wp-json\/wp\/v2\/product_tag?post=1297"}],"curies":[{"name":"wp","href":"https:\/\/api.w.org\/{rel}","templated":true}]}}