{"id":1279,"date":"2025-12-16T14:48:18","date_gmt":"2025-12-16T13:48:18","guid":{"rendered":"https:\/\/fika.paris\/produit\/swedish-fish-candies-torsken-kolsvart\/"},"modified":"2026-02-26T16:28:27","modified_gmt":"2026-02-26T15:28:27","slug":"swedish-fish-candies-torsken-kolsvart","status":"publish","type":"product","link":"https:\/\/fika.paris\/en\/produit\/swedish-fish-candies-torsken-kolsvart\/","title":{"rendered":"Blackcurrant and Raspberry &#8220;Torsken&#8221; Candy, Kolsvart"},"content":{"rendered":"<p>An assortment of blackcurrant and raspberry flavored candies shaped like &#8220;torsken&#8221; (cod).<\/p>\n<p><em><strong>Kolsvart<\/strong><\/em> is a Swedish confectionery brand from Malm\u00f6 that has been creating vegan and gluten-free treats with natural flavors since 2012. Known for its iconic licorice fish, the brand combines tradition and innovation with original flavors like ginger, raspberry, and chocolate. Its range includes sweet and savory candies with various textures and styles.  <\/p>\n","protected":false},"excerpt":{"rendered":"<p>An assortment of blackcurrant and raspberry flavored candies shaped like &#8220;torsken&#8221; (cod). Kolsvart is a Swedish confectionery brand from Malm\u00f6 that has been creating vegan and gluten-free treats with natural flavors since 2012. Known for its iconic licorice fish, the brand combines tradition and innovation with original flavors like ginger, raspberry, and chocolate. Its range [&hellip;]<\/p>\n","protected":false},"featured_media":1280,"template":"","meta":[],"product_brand":[121],"product_cat":[89,72],"product_tag":[],"class_list":{"0":"post-1279","1":"product","2":"type-product","3":"status-publish","4":"has-post-thumbnail","6":"product_brand-kolsvart","7":"product_cat-candies","8":"product_cat-pantry","10":"first","11":"instock","12":"taxable","13":"shipping-taxable","14":"purchasable","15":"product-type-simple"},"yoast_head":"<!-- This site is optimized with the Yoast SEO plugin v27.2 - https:\/\/yoast.com\/product\/yoast-seo-wordpress\/ -->\n<title>Blackcurrant and Raspberry &quot;Torsken&quot; Candy, Kolsvart - Fika Paris<\/title>\n<meta name=\"robots\" content=\"index, follow, max-snippet:-1, max-image-preview:large, max-video-preview:-1\" \/>\n<link rel=\"canonical\" href=\"https:\/\/fika.paris\/en\/produit\/swedish-fish-candies-torsken-kolsvart\/\" \/>\n<meta property=\"og:locale\" content=\"en_US\" \/>\n<meta property=\"og:type\" content=\"article\" \/>\n<meta property=\"og:title\" content=\"Blackcurrant and Raspberry &quot;Torsken&quot; Candy, Kolsvart - Fika Paris\" \/>\n<meta property=\"og:description\" content=\"An assortment of blackcurrant and raspberry flavored candies shaped like &#8220;torsken&#8221; (cod). Kolsvart is a Swedish confectionery brand from Malm\u00f6 that has been creating vegan and gluten-free treats with natural flavors since 2012. Known for its iconic licorice fish, the brand combines tradition and innovation with original flavors like ginger, raspberry, and chocolate. Its range [&hellip;]\" \/>\n<meta property=\"og:url\" content=\"https:\/\/fika.paris\/en\/produit\/swedish-fish-candies-torsken-kolsvart\/\" \/>\n<meta property=\"og:site_name\" content=\"Fika Paris\" \/>\n<meta property=\"article:modified_time\" content=\"2026-02-26T15:28:27+00:00\" \/>\n<meta property=\"og:image\" content=\"https:\/\/fika.paris\/wp-content\/uploads\/2025\/10\/torsken-scaled.jpg\" \/>\n\t<meta property=\"og:image:width\" content=\"1707\" \/>\n\t<meta property=\"og:image:height\" content=\"2560\" \/>\n\t<meta property=\"og:image:type\" content=\"image\/jpeg\" \/>\n<meta name=\"twitter:card\" content=\"summary_large_image\" \/>\n<script type=\"application\/ld+json\" class=\"yoast-schema-graph\">{\"@context\":\"https:\/\/schema.org\",\"@graph\":[{\"@type\":\"WebPage\",\"@id\":\"https:\/\/fika.paris\/en\/produit\/swedish-fish-candies-torsken-kolsvart\/\",\"url\":\"https:\/\/fika.paris\/en\/produit\/swedish-fish-candies-torsken-kolsvart\/\",\"name\":\"Blackcurrant and Raspberry \\\"Torsken\\\" Candy, Kolsvart - Fika Paris\",\"isPartOf\":{\"@id\":\"https:\/\/fika.paris\/en\/#website\"},\"primaryImageOfPage\":{\"@id\":\"https:\/\/fika.paris\/en\/produit\/swedish-fish-candies-torsken-kolsvart\/#primaryimage\"},\"image\":{\"@id\":\"https:\/\/fika.paris\/en\/produit\/swedish-fish-candies-torsken-kolsvart\/#primaryimage\"},\"thumbnailUrl\":\"https:\/\/fika.paris\/wp-content\/uploads\/2025\/10\/torsken-scaled.jpg\",\"datePublished\":\"2025-12-16T13:48:18+00:00\",\"dateModified\":\"2026-02-26T15:28:27+00:00\",\"breadcrumb\":{\"@id\":\"https:\/\/fika.paris\/en\/produit\/swedish-fish-candies-torsken-kolsvart\/#breadcrumb\"},\"inLanguage\":\"en-US\",\"potentialAction\":[{\"@type\":\"ReadAction\",\"target\":[\"https:\/\/fika.paris\/en\/produit\/swedish-fish-candies-torsken-kolsvart\/\"]}]},{\"@type\":\"ImageObject\",\"inLanguage\":\"en-US\",\"@id\":\"https:\/\/fika.paris\/en\/produit\/swedish-fish-candies-torsken-kolsvart\/#primaryimage\",\"url\":\"https:\/\/fika.paris\/wp-content\/uploads\/2025\/10\/torsken-scaled.jpg\",\"contentUrl\":\"https:\/\/fika.paris\/wp-content\/uploads\/2025\/10\/torsken-scaled.jpg\",\"width\":1707,\"height\":2560},{\"@type\":\"BreadcrumbList\",\"@id\":\"https:\/\/fika.paris\/en\/produit\/swedish-fish-candies-torsken-kolsvart\/#breadcrumb\",\"itemListElement\":[{\"@type\":\"ListItem\",\"position\":1,\"name\":\"Accueil\",\"item\":\"https:\/\/fika.paris\/en\/\"},{\"@type\":\"ListItem\",\"position\":2,\"name\":\"Shop\",\"item\":\"https:\/\/fika.paris\/en\/shop\/\"},{\"@type\":\"ListItem\",\"position\":3,\"name\":\"Blackcurrant and Raspberry \u00ab\u00a0Torsken\u00a0\u00bb Candy, Kolsvart\"}]},{\"@type\":\"WebSite\",\"@id\":\"https:\/\/fika.paris\/en\/#website\",\"url\":\"https:\/\/fika.paris\/en\/\",\"name\":\"Fika Paris\",\"description\":\"Un petit g\u00f4ut de Su\u00e8de \u00e0 Paris\",\"publisher\":{\"@id\":\"https:\/\/fika.paris\/en\/#organization\"},\"potentialAction\":[{\"@type\":\"SearchAction\",\"target\":{\"@type\":\"EntryPoint\",\"urlTemplate\":\"https:\/\/fika.paris\/en\/?s={search_term_string}\"},\"query-input\":{\"@type\":\"PropertyValueSpecification\",\"valueRequired\":true,\"valueName\":\"search_term_string\"}}],\"inLanguage\":\"en-US\"},{\"@type\":\"Organization\",\"@id\":\"https:\/\/fika.paris\/en\/#organization\",\"name\":\"Fika Paris\",\"url\":\"https:\/\/fika.paris\/en\/\",\"logo\":{\"@type\":\"ImageObject\",\"inLanguage\":\"en-US\",\"@id\":\"https:\/\/fika.paris\/en\/#\/schema\/logo\/image\/\",\"url\":\"https:\/\/fika.paris\/wp-content\/uploads\/2025\/09\/cropped-logofika_detoure-scaled-1.png\",\"contentUrl\":\"https:\/\/fika.paris\/wp-content\/uploads\/2025\/09\/cropped-logofika_detoure-scaled-1.png\",\"width\":2273,\"height\":953,\"caption\":\"Fika Paris\"},\"image\":{\"@id\":\"https:\/\/fika.paris\/en\/#\/schema\/logo\/image\/\"}}]}<\/script>\n<!-- \/ Yoast SEO plugin. -->","yoast_head_json":{"title":"Blackcurrant and Raspberry \"Torsken\" Candy, Kolsvart - Fika Paris","robots":{"index":"index","follow":"follow","max-snippet":"max-snippet:-1","max-image-preview":"max-image-preview:large","max-video-preview":"max-video-preview:-1"},"canonical":"https:\/\/fika.paris\/en\/produit\/swedish-fish-candies-torsken-kolsvart\/","og_locale":"en_US","og_type":"article","og_title":"Blackcurrant and Raspberry \"Torsken\" Candy, Kolsvart - Fika Paris","og_description":"An assortment of blackcurrant and raspberry flavored candies shaped like &#8220;torsken&#8221; (cod). Kolsvart is a Swedish confectionery brand from Malm\u00f6 that has been creating vegan and gluten-free treats with natural flavors since 2012. Known for its iconic licorice fish, the brand combines tradition and innovation with original flavors like ginger, raspberry, and chocolate. Its range [&hellip;]","og_url":"https:\/\/fika.paris\/en\/produit\/swedish-fish-candies-torsken-kolsvart\/","og_site_name":"Fika Paris","article_modified_time":"2026-02-26T15:28:27+00:00","og_image":[{"width":1707,"height":2560,"url":"https:\/\/fika.paris\/wp-content\/uploads\/2025\/10\/torsken-scaled.jpg","type":"image\/jpeg"}],"twitter_card":"summary_large_image","schema":{"@context":"https:\/\/schema.org","@graph":[{"@type":"WebPage","@id":"https:\/\/fika.paris\/en\/produit\/swedish-fish-candies-torsken-kolsvart\/","url":"https:\/\/fika.paris\/en\/produit\/swedish-fish-candies-torsken-kolsvart\/","name":"Blackcurrant and Raspberry \"Torsken\" Candy, Kolsvart - Fika Paris","isPartOf":{"@id":"https:\/\/fika.paris\/en\/#website"},"primaryImageOfPage":{"@id":"https:\/\/fika.paris\/en\/produit\/swedish-fish-candies-torsken-kolsvart\/#primaryimage"},"image":{"@id":"https:\/\/fika.paris\/en\/produit\/swedish-fish-candies-torsken-kolsvart\/#primaryimage"},"thumbnailUrl":"https:\/\/fika.paris\/wp-content\/uploads\/2025\/10\/torsken-scaled.jpg","datePublished":"2025-12-16T13:48:18+00:00","dateModified":"2026-02-26T15:28:27+00:00","breadcrumb":{"@id":"https:\/\/fika.paris\/en\/produit\/swedish-fish-candies-torsken-kolsvart\/#breadcrumb"},"inLanguage":"en-US","potentialAction":[{"@type":"ReadAction","target":["https:\/\/fika.paris\/en\/produit\/swedish-fish-candies-torsken-kolsvart\/"]}]},{"@type":"ImageObject","inLanguage":"en-US","@id":"https:\/\/fika.paris\/en\/produit\/swedish-fish-candies-torsken-kolsvart\/#primaryimage","url":"https:\/\/fika.paris\/wp-content\/uploads\/2025\/10\/torsken-scaled.jpg","contentUrl":"https:\/\/fika.paris\/wp-content\/uploads\/2025\/10\/torsken-scaled.jpg","width":1707,"height":2560},{"@type":"BreadcrumbList","@id":"https:\/\/fika.paris\/en\/produit\/swedish-fish-candies-torsken-kolsvart\/#breadcrumb","itemListElement":[{"@type":"ListItem","position":1,"name":"Accueil","item":"https:\/\/fika.paris\/en\/"},{"@type":"ListItem","position":2,"name":"Shop","item":"https:\/\/fika.paris\/en\/shop\/"},{"@type":"ListItem","position":3,"name":"Blackcurrant and Raspberry \u00ab\u00a0Torsken\u00a0\u00bb Candy, Kolsvart"}]},{"@type":"WebSite","@id":"https:\/\/fika.paris\/en\/#website","url":"https:\/\/fika.paris\/en\/","name":"Fika Paris","description":"Un petit g\u00f4ut de Su\u00e8de \u00e0 Paris","publisher":{"@id":"https:\/\/fika.paris\/en\/#organization"},"potentialAction":[{"@type":"SearchAction","target":{"@type":"EntryPoint","urlTemplate":"https:\/\/fika.paris\/en\/?s={search_term_string}"},"query-input":{"@type":"PropertyValueSpecification","valueRequired":true,"valueName":"search_term_string"}}],"inLanguage":"en-US"},{"@type":"Organization","@id":"https:\/\/fika.paris\/en\/#organization","name":"Fika Paris","url":"https:\/\/fika.paris\/en\/","logo":{"@type":"ImageObject","inLanguage":"en-US","@id":"https:\/\/fika.paris\/en\/#\/schema\/logo\/image\/","url":"https:\/\/fika.paris\/wp-content\/uploads\/2025\/09\/cropped-logofika_detoure-scaled-1.png","contentUrl":"https:\/\/fika.paris\/wp-content\/uploads\/2025\/09\/cropped-logofika_detoure-scaled-1.png","width":2273,"height":953,"caption":"Fika Paris"},"image":{"@id":"https:\/\/fika.paris\/en\/#\/schema\/logo\/image\/"}}]}},"_links":{"self":[{"href":"https:\/\/fika.paris\/en\/wp-json\/wp\/v2\/product\/1279","targetHints":{"allow":["GET"]}}],"collection":[{"href":"https:\/\/fika.paris\/en\/wp-json\/wp\/v2\/product"}],"about":[{"href":"https:\/\/fika.paris\/en\/wp-json\/wp\/v2\/types\/product"}],"wp:featuredmedia":[{"embeddable":true,"href":"https:\/\/fika.paris\/en\/wp-json\/wp\/v2\/media\/1280"}],"wp:attachment":[{"href":"https:\/\/fika.paris\/en\/wp-json\/wp\/v2\/media?parent=1279"}],"wp:term":[{"taxonomy":"product_brand","embeddable":true,"href":"https:\/\/fika.paris\/en\/wp-json\/wp\/v2\/product_brand?post=1279"},{"taxonomy":"product_cat","embeddable":true,"href":"https:\/\/fika.paris\/en\/wp-json\/wp\/v2\/product_cat?post=1279"},{"taxonomy":"product_tag","embeddable":true,"href":"https:\/\/fika.paris\/en\/wp-json\/wp\/v2\/product_tag?post=1279"}],"curies":[{"name":"wp","href":"https:\/\/api.w.org\/{rel}","templated":true}]}}