{"id":1271,"date":"2025-12-30T13:38:58","date_gmt":"2025-12-30T12:38:58","guid":{"rendered":"https:\/\/fika.paris\/produit\/pickled-sloe-berries-hogtorp-gard\/"},"modified":"2026-02-26T16:13:45","modified_gmt":"2026-02-26T15:13:45","slug":"pickled-sloe-berries-hogtorp-gard","status":"publish","type":"product","link":"https:\/\/fika.paris\/en\/produit\/pickled-sloe-berries-hogtorp-gard\/","title":{"rendered":"Pruneller &#8211; H\u00f6gtorp G\u00e5rd"},"content":{"rendered":"<p>Organic sloe berries from Lena&#8217;s forest are brined like olives. These small green plums, pitted, have become our &#8220;Swedish olives&#8221;. <br data-start=\"181\" data-end=\"184\">Fermented and marinated, with a balance of salty, sour and sweet. Ideal with Swedish charcuterie, cheeses and Nordic flavors. Perfect in drinks and cocktails too.  <\/p>\n<p>The jar contains 120g.<\/p>\n<p><strong><em>H\u00f6gtorp G\u00e5rd<\/em><\/strong>, located in S\u00f6rmland, is a certified organic farm where wild plants and mushrooms are harvested and processed on the farm&#8217;s own land. Through a unique combination of scientific knowledge and respect for nature, they create pure, flavor-rich products. <\/p>\n<p>&nbsp;<\/p>\n","protected":false},"excerpt":{"rendered":"<p>Organic sloe berries from Lena&#8217;s forest are brined like olives. These small green plums, pitted, have become our &#8220;Swedish olives&#8221;. Fermented and marinated, with a balance of salty, sour and sweet. Ideal with Swedish charcuterie, cheeses and Nordic flavors. Perfect in drinks and cocktails too. The jar contains 120g. H\u00f6gtorp G\u00e5rd, located in S\u00f6rmland, is [&hellip;]<\/p>\n","protected":false},"featured_media":1272,"template":"","meta":[],"product_brand":[97],"product_cat":[86,72],"product_tag":[],"class_list":{"0":"post-1271","1":"product","2":"type-product","3":"status-publish","4":"has-post-thumbnail","6":"product_brand-hogtorp-gard","7":"product_cat-oils-marinades-syrups","8":"product_cat-pantry","10":"first","11":"instock","12":"taxable","13":"shipping-taxable","14":"purchasable","15":"product-type-simple"},"yoast_head":"<!-- This site is optimized with the Yoast SEO plugin v27.2 - https:\/\/yoast.com\/product\/yoast-seo-wordpress\/ -->\n<title>Pruneller - H\u00f6gtorp G\u00e5rd - Fika Paris<\/title>\n<meta name=\"robots\" content=\"index, follow, max-snippet:-1, max-image-preview:large, max-video-preview:-1\" \/>\n<link rel=\"canonical\" href=\"https:\/\/fika.paris\/en\/produit\/pickled-sloe-berries-hogtorp-gard\/\" \/>\n<meta property=\"og:locale\" content=\"en_US\" \/>\n<meta property=\"og:type\" content=\"article\" \/>\n<meta property=\"og:title\" content=\"Pruneller - H\u00f6gtorp G\u00e5rd - Fika Paris\" \/>\n<meta property=\"og:description\" content=\"Organic sloe berries from Lena&#8217;s forest are brined like olives. These small green plums, pitted, have become our &#8220;Swedish olives&#8221;. Fermented and marinated, with a balance of salty, sour and sweet. Ideal with Swedish charcuterie, cheeses and Nordic flavors. Perfect in drinks and cocktails too. The jar contains 120g. H\u00f6gtorp G\u00e5rd, located in S\u00f6rmland, is [&hellip;]\" \/>\n<meta property=\"og:url\" content=\"https:\/\/fika.paris\/en\/produit\/pickled-sloe-berries-hogtorp-gard\/\" \/>\n<meta property=\"og:site_name\" content=\"Fika Paris\" \/>\n<meta property=\"article:modified_time\" content=\"2026-02-26T15:13:45+00:00\" \/>\n<meta property=\"og:image\" content=\"https:\/\/fika.paris\/wp-content\/uploads\/2025\/09\/pruneller-scaled.jpeg\" \/>\n\t<meta property=\"og:image:width\" content=\"1707\" \/>\n\t<meta property=\"og:image:height\" content=\"2560\" \/>\n\t<meta property=\"og:image:type\" content=\"image\/jpeg\" \/>\n<meta name=\"twitter:card\" content=\"summary_large_image\" \/>\n<script type=\"application\/ld+json\" class=\"yoast-schema-graph\">{\"@context\":\"https:\/\/schema.org\",\"@graph\":[{\"@type\":\"WebPage\",\"@id\":\"https:\/\/fika.paris\/en\/produit\/pickled-sloe-berries-hogtorp-gard\/\",\"url\":\"https:\/\/fika.paris\/en\/produit\/pickled-sloe-berries-hogtorp-gard\/\",\"name\":\"Pruneller - H\u00f6gtorp G\u00e5rd - Fika Paris\",\"isPartOf\":{\"@id\":\"https:\/\/fika.paris\/en\/#website\"},\"primaryImageOfPage\":{\"@id\":\"https:\/\/fika.paris\/en\/produit\/pickled-sloe-berries-hogtorp-gard\/#primaryimage\"},\"image\":{\"@id\":\"https:\/\/fika.paris\/en\/produit\/pickled-sloe-berries-hogtorp-gard\/#primaryimage\"},\"thumbnailUrl\":\"https:\/\/fika.paris\/wp-content\/uploads\/2025\/09\/pruneller-scaled.jpeg\",\"datePublished\":\"2025-12-30T12:38:58+00:00\",\"dateModified\":\"2026-02-26T15:13:45+00:00\",\"breadcrumb\":{\"@id\":\"https:\/\/fika.paris\/en\/produit\/pickled-sloe-berries-hogtorp-gard\/#breadcrumb\"},\"inLanguage\":\"en-US\",\"potentialAction\":[{\"@type\":\"ReadAction\",\"target\":[\"https:\/\/fika.paris\/en\/produit\/pickled-sloe-berries-hogtorp-gard\/\"]}]},{\"@type\":\"ImageObject\",\"inLanguage\":\"en-US\",\"@id\":\"https:\/\/fika.paris\/en\/produit\/pickled-sloe-berries-hogtorp-gard\/#primaryimage\",\"url\":\"https:\/\/fika.paris\/wp-content\/uploads\/2025\/09\/pruneller-scaled.jpeg\",\"contentUrl\":\"https:\/\/fika.paris\/wp-content\/uploads\/2025\/09\/pruneller-scaled.jpeg\",\"width\":1707,\"height\":2560},{\"@type\":\"BreadcrumbList\",\"@id\":\"https:\/\/fika.paris\/en\/produit\/pickled-sloe-berries-hogtorp-gard\/#breadcrumb\",\"itemListElement\":[{\"@type\":\"ListItem\",\"position\":1,\"name\":\"Accueil\",\"item\":\"https:\/\/fika.paris\/en\/\"},{\"@type\":\"ListItem\",\"position\":2,\"name\":\"Shop\",\"item\":\"https:\/\/fika.paris\/en\/shop\/\"},{\"@type\":\"ListItem\",\"position\":3,\"name\":\"Pruneller &#8211; H\u00f6gtorp G\u00e5rd\"}]},{\"@type\":\"WebSite\",\"@id\":\"https:\/\/fika.paris\/en\/#website\",\"url\":\"https:\/\/fika.paris\/en\/\",\"name\":\"Fika Paris\",\"description\":\"Un petit g\u00f4ut de Su\u00e8de \u00e0 Paris\",\"publisher\":{\"@id\":\"https:\/\/fika.paris\/en\/#organization\"},\"potentialAction\":[{\"@type\":\"SearchAction\",\"target\":{\"@type\":\"EntryPoint\",\"urlTemplate\":\"https:\/\/fika.paris\/en\/?s={search_term_string}\"},\"query-input\":{\"@type\":\"PropertyValueSpecification\",\"valueRequired\":true,\"valueName\":\"search_term_string\"}}],\"inLanguage\":\"en-US\"},{\"@type\":\"Organization\",\"@id\":\"https:\/\/fika.paris\/en\/#organization\",\"name\":\"Fika Paris\",\"url\":\"https:\/\/fika.paris\/en\/\",\"logo\":{\"@type\":\"ImageObject\",\"inLanguage\":\"en-US\",\"@id\":\"https:\/\/fika.paris\/en\/#\/schema\/logo\/image\/\",\"url\":\"https:\/\/fika.paris\/wp-content\/uploads\/2025\/09\/cropped-logofika_detoure-scaled-1.png\",\"contentUrl\":\"https:\/\/fika.paris\/wp-content\/uploads\/2025\/09\/cropped-logofika_detoure-scaled-1.png\",\"width\":2273,\"height\":953,\"caption\":\"Fika Paris\"},\"image\":{\"@id\":\"https:\/\/fika.paris\/en\/#\/schema\/logo\/image\/\"}}]}<\/script>\n<!-- \/ Yoast SEO plugin. -->","yoast_head_json":{"title":"Pruneller - H\u00f6gtorp G\u00e5rd - Fika Paris","robots":{"index":"index","follow":"follow","max-snippet":"max-snippet:-1","max-image-preview":"max-image-preview:large","max-video-preview":"max-video-preview:-1"},"canonical":"https:\/\/fika.paris\/en\/produit\/pickled-sloe-berries-hogtorp-gard\/","og_locale":"en_US","og_type":"article","og_title":"Pruneller - H\u00f6gtorp G\u00e5rd - Fika Paris","og_description":"Organic sloe berries from Lena&#8217;s forest are brined like olives. These small green plums, pitted, have become our &#8220;Swedish olives&#8221;. Fermented and marinated, with a balance of salty, sour and sweet. Ideal with Swedish charcuterie, cheeses and Nordic flavors. Perfect in drinks and cocktails too. The jar contains 120g. H\u00f6gtorp G\u00e5rd, located in S\u00f6rmland, is [&hellip;]","og_url":"https:\/\/fika.paris\/en\/produit\/pickled-sloe-berries-hogtorp-gard\/","og_site_name":"Fika Paris","article_modified_time":"2026-02-26T15:13:45+00:00","og_image":[{"width":1707,"height":2560,"url":"https:\/\/fika.paris\/wp-content\/uploads\/2025\/09\/pruneller-scaled.jpeg","type":"image\/jpeg"}],"twitter_card":"summary_large_image","schema":{"@context":"https:\/\/schema.org","@graph":[{"@type":"WebPage","@id":"https:\/\/fika.paris\/en\/produit\/pickled-sloe-berries-hogtorp-gard\/","url":"https:\/\/fika.paris\/en\/produit\/pickled-sloe-berries-hogtorp-gard\/","name":"Pruneller - H\u00f6gtorp G\u00e5rd - Fika Paris","isPartOf":{"@id":"https:\/\/fika.paris\/en\/#website"},"primaryImageOfPage":{"@id":"https:\/\/fika.paris\/en\/produit\/pickled-sloe-berries-hogtorp-gard\/#primaryimage"},"image":{"@id":"https:\/\/fika.paris\/en\/produit\/pickled-sloe-berries-hogtorp-gard\/#primaryimage"},"thumbnailUrl":"https:\/\/fika.paris\/wp-content\/uploads\/2025\/09\/pruneller-scaled.jpeg","datePublished":"2025-12-30T12:38:58+00:00","dateModified":"2026-02-26T15:13:45+00:00","breadcrumb":{"@id":"https:\/\/fika.paris\/en\/produit\/pickled-sloe-berries-hogtorp-gard\/#breadcrumb"},"inLanguage":"en-US","potentialAction":[{"@type":"ReadAction","target":["https:\/\/fika.paris\/en\/produit\/pickled-sloe-berries-hogtorp-gard\/"]}]},{"@type":"ImageObject","inLanguage":"en-US","@id":"https:\/\/fika.paris\/en\/produit\/pickled-sloe-berries-hogtorp-gard\/#primaryimage","url":"https:\/\/fika.paris\/wp-content\/uploads\/2025\/09\/pruneller-scaled.jpeg","contentUrl":"https:\/\/fika.paris\/wp-content\/uploads\/2025\/09\/pruneller-scaled.jpeg","width":1707,"height":2560},{"@type":"BreadcrumbList","@id":"https:\/\/fika.paris\/en\/produit\/pickled-sloe-berries-hogtorp-gard\/#breadcrumb","itemListElement":[{"@type":"ListItem","position":1,"name":"Accueil","item":"https:\/\/fika.paris\/en\/"},{"@type":"ListItem","position":2,"name":"Shop","item":"https:\/\/fika.paris\/en\/shop\/"},{"@type":"ListItem","position":3,"name":"Pruneller &#8211; H\u00f6gtorp G\u00e5rd"}]},{"@type":"WebSite","@id":"https:\/\/fika.paris\/en\/#website","url":"https:\/\/fika.paris\/en\/","name":"Fika Paris","description":"Un petit g\u00f4ut de Su\u00e8de \u00e0 Paris","publisher":{"@id":"https:\/\/fika.paris\/en\/#organization"},"potentialAction":[{"@type":"SearchAction","target":{"@type":"EntryPoint","urlTemplate":"https:\/\/fika.paris\/en\/?s={search_term_string}"},"query-input":{"@type":"PropertyValueSpecification","valueRequired":true,"valueName":"search_term_string"}}],"inLanguage":"en-US"},{"@type":"Organization","@id":"https:\/\/fika.paris\/en\/#organization","name":"Fika Paris","url":"https:\/\/fika.paris\/en\/","logo":{"@type":"ImageObject","inLanguage":"en-US","@id":"https:\/\/fika.paris\/en\/#\/schema\/logo\/image\/","url":"https:\/\/fika.paris\/wp-content\/uploads\/2025\/09\/cropped-logofika_detoure-scaled-1.png","contentUrl":"https:\/\/fika.paris\/wp-content\/uploads\/2025\/09\/cropped-logofika_detoure-scaled-1.png","width":2273,"height":953,"caption":"Fika Paris"},"image":{"@id":"https:\/\/fika.paris\/en\/#\/schema\/logo\/image\/"}}]}},"_links":{"self":[{"href":"https:\/\/fika.paris\/en\/wp-json\/wp\/v2\/product\/1271","targetHints":{"allow":["GET"]}}],"collection":[{"href":"https:\/\/fika.paris\/en\/wp-json\/wp\/v2\/product"}],"about":[{"href":"https:\/\/fika.paris\/en\/wp-json\/wp\/v2\/types\/product"}],"wp:featuredmedia":[{"embeddable":true,"href":"https:\/\/fika.paris\/en\/wp-json\/wp\/v2\/media\/1272"}],"wp:attachment":[{"href":"https:\/\/fika.paris\/en\/wp-json\/wp\/v2\/media?parent=1271"}],"wp:term":[{"taxonomy":"product_brand","embeddable":true,"href":"https:\/\/fika.paris\/en\/wp-json\/wp\/v2\/product_brand?post=1271"},{"taxonomy":"product_cat","embeddable":true,"href":"https:\/\/fika.paris\/en\/wp-json\/wp\/v2\/product_cat?post=1271"},{"taxonomy":"product_tag","embeddable":true,"href":"https:\/\/fika.paris\/en\/wp-json\/wp\/v2\/product_tag?post=1271"}],"curies":[{"name":"wp","href":"https:\/\/api.w.org\/{rel}","templated":true}]}}