{"id":1019,"date":"2025-10-30T12:26:25","date_gmt":"2025-10-30T11:26:25","guid":{"rendered":"https:\/\/fika.paris\/produit\/swedish-pea-soy-sauce-liura\/"},"modified":"2026-02-26T16:28:00","modified_gmt":"2026-02-26T15:28:00","slug":"swedish-pea-soy-sauce-liura","status":"publish","type":"product","link":"https:\/\/fika.paris\/en\/produit\/swedish-pea-soy-sauce-liura\/","title":{"rendered":"Swedish pea soy sauce, &#8220;Svensk \u00e4rtsoja&#8221; &#8211; Liura"},"content":{"rendered":"<p><strong>Swedish Pea Soy Sauce<\/strong><\/p>\n<p>A clear seasoning crafted from rare Swedish peas, Japanese koji, and pure water from the Dalarna mountains.<\/p>\n<p>Perfect for elevating dishes inspired by Asian techniques or for experimenting with New Nordic cuisine.<\/p>\n<p>250 ml bottle.<\/p>\n<p><em><strong>Liura<\/strong><\/em> is a small-scale Swedish artisan producer, based in the wooded landscapes of the Dalarna region. It combines local ingredients with traditional techniques from around the world to create high-quality foods packed with flavor. <\/p>\n","protected":false},"excerpt":{"rendered":"<p>Swedish Pea Soy Sauce A clear seasoning crafted from rare Swedish peas, Japanese koji, and pure water from the Dalarna mountains. Perfect for elevating dishes inspired by Asian techniques or for experimenting with New Nordic cuisine. 250 ml bottle. Liura is a small-scale Swedish artisan producer, based in the wooded landscapes of the Dalarna region. [&hellip;]<\/p>\n","protected":false},"featured_media":1537,"template":"","meta":[],"product_brand":[115],"product_cat":[86,72],"product_tag":[],"class_list":{"0":"post-1019","1":"product","2":"type-product","3":"status-publish","4":"has-post-thumbnail","6":"product_brand-liura","7":"product_cat-oils-marinades-syrups","8":"product_cat-pantry","10":"first","11":"instock","12":"taxable","13":"shipping-taxable","14":"purchasable","15":"product-type-simple"},"yoast_head":"<!-- This site is optimized with the Yoast SEO plugin v27.2 - https:\/\/yoast.com\/product\/yoast-seo-wordpress\/ -->\n<title>Swedish pea soy sauce, &quot;Svensk \u00e4rtsoja&quot; - Liura - Fika Paris<\/title>\n<meta name=\"robots\" content=\"index, follow, max-snippet:-1, max-image-preview:large, max-video-preview:-1\" \/>\n<link rel=\"canonical\" href=\"https:\/\/fika.paris\/en\/produit\/swedish-pea-soy-sauce-liura\/\" \/>\n<meta property=\"og:locale\" content=\"en_US\" \/>\n<meta property=\"og:type\" content=\"article\" \/>\n<meta property=\"og:title\" content=\"Swedish pea soy sauce, &quot;Svensk \u00e4rtsoja&quot; - Liura - Fika Paris\" \/>\n<meta property=\"og:description\" content=\"Swedish Pea Soy Sauce A clear seasoning crafted from rare Swedish peas, Japanese koji, and pure water from the Dalarna mountains. Perfect for elevating dishes inspired by Asian techniques or for experimenting with New Nordic cuisine. 250 ml bottle. Liura is a small-scale Swedish artisan producer, based in the wooded landscapes of the Dalarna region. [&hellip;]\" \/>\n<meta property=\"og:url\" content=\"https:\/\/fika.paris\/en\/produit\/swedish-pea-soy-sauce-liura\/\" \/>\n<meta property=\"og:site_name\" content=\"Fika Paris\" \/>\n<meta property=\"article:modified_time\" content=\"2026-02-26T15:28:00+00:00\" \/>\n<meta property=\"og:image\" content=\"https:\/\/fika.paris\/wp-content\/uploads\/2025\/12\/svenskartsoja-scaled.jpg\" \/>\n\t<meta property=\"og:image:width\" content=\"1440\" \/>\n\t<meta property=\"og:image:height\" content=\"2560\" \/>\n\t<meta property=\"og:image:type\" content=\"image\/jpeg\" \/>\n<meta name=\"twitter:card\" content=\"summary_large_image\" \/>\n<script type=\"application\/ld+json\" class=\"yoast-schema-graph\">{\"@context\":\"https:\/\/schema.org\",\"@graph\":[{\"@type\":\"WebPage\",\"@id\":\"https:\/\/fika.paris\/en\/produit\/swedish-pea-soy-sauce-liura\/\",\"url\":\"https:\/\/fika.paris\/en\/produit\/swedish-pea-soy-sauce-liura\/\",\"name\":\"Swedish pea soy sauce, \\\"Svensk \u00e4rtsoja\\\" - Liura - Fika Paris\",\"isPartOf\":{\"@id\":\"https:\/\/fika.paris\/en\/#website\"},\"primaryImageOfPage\":{\"@id\":\"https:\/\/fika.paris\/en\/produit\/swedish-pea-soy-sauce-liura\/#primaryimage\"},\"image\":{\"@id\":\"https:\/\/fika.paris\/en\/produit\/swedish-pea-soy-sauce-liura\/#primaryimage\"},\"thumbnailUrl\":\"https:\/\/fika.paris\/wp-content\/uploads\/2025\/12\/svenskartsoja-scaled.jpg\",\"datePublished\":\"2025-10-30T11:26:25+00:00\",\"dateModified\":\"2026-02-26T15:28:00+00:00\",\"breadcrumb\":{\"@id\":\"https:\/\/fika.paris\/en\/produit\/swedish-pea-soy-sauce-liura\/#breadcrumb\"},\"inLanguage\":\"en-US\",\"potentialAction\":[{\"@type\":\"ReadAction\",\"target\":[\"https:\/\/fika.paris\/en\/produit\/swedish-pea-soy-sauce-liura\/\"]}]},{\"@type\":\"ImageObject\",\"inLanguage\":\"en-US\",\"@id\":\"https:\/\/fika.paris\/en\/produit\/swedish-pea-soy-sauce-liura\/#primaryimage\",\"url\":\"https:\/\/fika.paris\/wp-content\/uploads\/2025\/12\/svenskartsoja-scaled.jpg\",\"contentUrl\":\"https:\/\/fika.paris\/wp-content\/uploads\/2025\/12\/svenskartsoja-scaled.jpg\",\"width\":1440,\"height\":2560},{\"@type\":\"BreadcrumbList\",\"@id\":\"https:\/\/fika.paris\/en\/produit\/swedish-pea-soy-sauce-liura\/#breadcrumb\",\"itemListElement\":[{\"@type\":\"ListItem\",\"position\":1,\"name\":\"Accueil\",\"item\":\"https:\/\/fika.paris\/en\/\"},{\"@type\":\"ListItem\",\"position\":2,\"name\":\"Shop\",\"item\":\"https:\/\/fika.paris\/en\/shop\/\"},{\"@type\":\"ListItem\",\"position\":3,\"name\":\"Swedish pea soy sauce, \u00ab\u00a0Svensk \u00e4rtsoja\u00a0\u00bb &#8211; Liura\"}]},{\"@type\":\"WebSite\",\"@id\":\"https:\/\/fika.paris\/en\/#website\",\"url\":\"https:\/\/fika.paris\/en\/\",\"name\":\"Fika Paris\",\"description\":\"Un petit g\u00f4ut de Su\u00e8de \u00e0 Paris\",\"publisher\":{\"@id\":\"https:\/\/fika.paris\/en\/#organization\"},\"potentialAction\":[{\"@type\":\"SearchAction\",\"target\":{\"@type\":\"EntryPoint\",\"urlTemplate\":\"https:\/\/fika.paris\/en\/?s={search_term_string}\"},\"query-input\":{\"@type\":\"PropertyValueSpecification\",\"valueRequired\":true,\"valueName\":\"search_term_string\"}}],\"inLanguage\":\"en-US\"},{\"@type\":\"Organization\",\"@id\":\"https:\/\/fika.paris\/en\/#organization\",\"name\":\"Fika Paris\",\"url\":\"https:\/\/fika.paris\/en\/\",\"logo\":{\"@type\":\"ImageObject\",\"inLanguage\":\"en-US\",\"@id\":\"https:\/\/fika.paris\/en\/#\/schema\/logo\/image\/\",\"url\":\"https:\/\/fika.paris\/wp-content\/uploads\/2025\/09\/cropped-logofika_detoure-scaled-1.png\",\"contentUrl\":\"https:\/\/fika.paris\/wp-content\/uploads\/2025\/09\/cropped-logofika_detoure-scaled-1.png\",\"width\":2273,\"height\":953,\"caption\":\"Fika Paris\"},\"image\":{\"@id\":\"https:\/\/fika.paris\/en\/#\/schema\/logo\/image\/\"}}]}<\/script>\n<!-- \/ Yoast SEO plugin. -->","yoast_head_json":{"title":"Swedish pea soy sauce, \"Svensk \u00e4rtsoja\" - Liura - Fika Paris","robots":{"index":"index","follow":"follow","max-snippet":"max-snippet:-1","max-image-preview":"max-image-preview:large","max-video-preview":"max-video-preview:-1"},"canonical":"https:\/\/fika.paris\/en\/produit\/swedish-pea-soy-sauce-liura\/","og_locale":"en_US","og_type":"article","og_title":"Swedish pea soy sauce, \"Svensk \u00e4rtsoja\" - Liura - Fika Paris","og_description":"Swedish Pea Soy Sauce A clear seasoning crafted from rare Swedish peas, Japanese koji, and pure water from the Dalarna mountains. Perfect for elevating dishes inspired by Asian techniques or for experimenting with New Nordic cuisine. 250 ml bottle. Liura is a small-scale Swedish artisan producer, based in the wooded landscapes of the Dalarna region. [&hellip;]","og_url":"https:\/\/fika.paris\/en\/produit\/swedish-pea-soy-sauce-liura\/","og_site_name":"Fika Paris","article_modified_time":"2026-02-26T15:28:00+00:00","og_image":[{"width":1440,"height":2560,"url":"https:\/\/fika.paris\/wp-content\/uploads\/2025\/12\/svenskartsoja-scaled.jpg","type":"image\/jpeg"}],"twitter_card":"summary_large_image","schema":{"@context":"https:\/\/schema.org","@graph":[{"@type":"WebPage","@id":"https:\/\/fika.paris\/en\/produit\/swedish-pea-soy-sauce-liura\/","url":"https:\/\/fika.paris\/en\/produit\/swedish-pea-soy-sauce-liura\/","name":"Swedish pea soy sauce, \"Svensk \u00e4rtsoja\" - Liura - Fika Paris","isPartOf":{"@id":"https:\/\/fika.paris\/en\/#website"},"primaryImageOfPage":{"@id":"https:\/\/fika.paris\/en\/produit\/swedish-pea-soy-sauce-liura\/#primaryimage"},"image":{"@id":"https:\/\/fika.paris\/en\/produit\/swedish-pea-soy-sauce-liura\/#primaryimage"},"thumbnailUrl":"https:\/\/fika.paris\/wp-content\/uploads\/2025\/12\/svenskartsoja-scaled.jpg","datePublished":"2025-10-30T11:26:25+00:00","dateModified":"2026-02-26T15:28:00+00:00","breadcrumb":{"@id":"https:\/\/fika.paris\/en\/produit\/swedish-pea-soy-sauce-liura\/#breadcrumb"},"inLanguage":"en-US","potentialAction":[{"@type":"ReadAction","target":["https:\/\/fika.paris\/en\/produit\/swedish-pea-soy-sauce-liura\/"]}]},{"@type":"ImageObject","inLanguage":"en-US","@id":"https:\/\/fika.paris\/en\/produit\/swedish-pea-soy-sauce-liura\/#primaryimage","url":"https:\/\/fika.paris\/wp-content\/uploads\/2025\/12\/svenskartsoja-scaled.jpg","contentUrl":"https:\/\/fika.paris\/wp-content\/uploads\/2025\/12\/svenskartsoja-scaled.jpg","width":1440,"height":2560},{"@type":"BreadcrumbList","@id":"https:\/\/fika.paris\/en\/produit\/swedish-pea-soy-sauce-liura\/#breadcrumb","itemListElement":[{"@type":"ListItem","position":1,"name":"Accueil","item":"https:\/\/fika.paris\/en\/"},{"@type":"ListItem","position":2,"name":"Shop","item":"https:\/\/fika.paris\/en\/shop\/"},{"@type":"ListItem","position":3,"name":"Swedish pea soy sauce, \u00ab\u00a0Svensk \u00e4rtsoja\u00a0\u00bb &#8211; Liura"}]},{"@type":"WebSite","@id":"https:\/\/fika.paris\/en\/#website","url":"https:\/\/fika.paris\/en\/","name":"Fika Paris","description":"Un petit g\u00f4ut de Su\u00e8de \u00e0 Paris","publisher":{"@id":"https:\/\/fika.paris\/en\/#organization"},"potentialAction":[{"@type":"SearchAction","target":{"@type":"EntryPoint","urlTemplate":"https:\/\/fika.paris\/en\/?s={search_term_string}"},"query-input":{"@type":"PropertyValueSpecification","valueRequired":true,"valueName":"search_term_string"}}],"inLanguage":"en-US"},{"@type":"Organization","@id":"https:\/\/fika.paris\/en\/#organization","name":"Fika Paris","url":"https:\/\/fika.paris\/en\/","logo":{"@type":"ImageObject","inLanguage":"en-US","@id":"https:\/\/fika.paris\/en\/#\/schema\/logo\/image\/","url":"https:\/\/fika.paris\/wp-content\/uploads\/2025\/09\/cropped-logofika_detoure-scaled-1.png","contentUrl":"https:\/\/fika.paris\/wp-content\/uploads\/2025\/09\/cropped-logofika_detoure-scaled-1.png","width":2273,"height":953,"caption":"Fika Paris"},"image":{"@id":"https:\/\/fika.paris\/en\/#\/schema\/logo\/image\/"}}]}},"_links":{"self":[{"href":"https:\/\/fika.paris\/en\/wp-json\/wp\/v2\/product\/1019","targetHints":{"allow":["GET"]}}],"collection":[{"href":"https:\/\/fika.paris\/en\/wp-json\/wp\/v2\/product"}],"about":[{"href":"https:\/\/fika.paris\/en\/wp-json\/wp\/v2\/types\/product"}],"wp:featuredmedia":[{"embeddable":true,"href":"https:\/\/fika.paris\/en\/wp-json\/wp\/v2\/media\/1537"}],"wp:attachment":[{"href":"https:\/\/fika.paris\/en\/wp-json\/wp\/v2\/media?parent=1019"}],"wp:term":[{"taxonomy":"product_brand","embeddable":true,"href":"https:\/\/fika.paris\/en\/wp-json\/wp\/v2\/product_brand?post=1019"},{"taxonomy":"product_cat","embeddable":true,"href":"https:\/\/fika.paris\/en\/wp-json\/wp\/v2\/product_cat?post=1019"},{"taxonomy":"product_tag","embeddable":true,"href":"https:\/\/fika.paris\/en\/wp-json\/wp\/v2\/product_tag?post=1019"}],"curies":[{"name":"wp","href":"https:\/\/api.w.org\/{rel}","templated":true}]}}