{"id":1176,"date":"2025-09-30T09:51:58","date_gmt":"2025-09-30T07:51:58","guid":{"rendered":"https:\/\/fika.paris\/privacy-policy\/"},"modified":"2026-01-21T11:30:02","modified_gmt":"2026-01-21T10:30:02","slug":"privacy-policy","status":"publish","type":"page","link":"https:\/\/fika.paris\/en\/privacy-policy\/","title":{"rendered":"Privacy Policy"},"content":{"rendered":"\n<h2 class=\"wp-block-heading\">About Us<\/h2>\n\n<p><strong class=\"privacy-policy-tutorial\">Suggested text: <\/strong>Our site address is: https:\/\/fika.paris.<\/p>\n\n<h2 class=\"wp-block-heading\">Comments<\/h2>\n\n<p><strong class=\"privacy-policy-tutorial\">Suggested text: <\/strong>When you leave a comment on our site, the data entered in the comment form, as well as your IP address and browser user agent, are collected to help us detect unwanted comments.<\/p>\n\n<p>An anonymized string created from your email address (also called a hash) may be sent to the Gravatar service to check if you are using it. The Gravatar service&#8217;s privacy policy is available here: https:\/\/automattic.com\/privacy\/. After your comment is approved, your profile picture will be publicly visible next to your comment. <\/p>\n\n<h2 class=\"wp-block-heading\">Media<\/h2>\n\n<p><strong class=\"privacy-policy-tutorial\">Suggested text: <\/strong>If you upload images to the site, we advise you to avoid uploading images containing EXIF GPS location data. Visitors to your site can download and extract location data from these images. <\/p>\n\n<h2 class=\"wp-block-heading\">Cookies<\/h2>\n\n<p><strong class=\"privacy-policy-tutorial\">Suggested text: <\/strong>If you leave a comment on our site, you may opt-in to saving your name, email address, and website in cookies. This is for your convenience so that you do not have to fill in your details again when you leave another comment. These cookies will last for one year.  <\/p>\n\n<p>If you visit our login page, a temporary cookie will be set to determine if your browser accepts cookies. This cookie contains no personal data and is discarded when you close your browser. <\/p>\n\n<p>When you log in, we will set up several cookies to save your login information and your screen display choices. Login cookies last for two days, and screen options cookies last for a year. If you select &#8220;Remember Me&#8221;, your login will persist for two weeks. If you log out of your account, the login cookie will be removed.   <\/p>\n\n<p>If you edit or publish an article, an additional cookie will be saved in your browser. This cookie includes no personal data and simply indicates the post ID of the article you just edited. It expires after 1 day.   <\/p>\n\n<h2 class=\"wp-block-heading\">Embedded content from other websites<\/h2>\n\n<p><strong class=\"privacy-policy-tutorial\">Suggested text: <\/strong>Articles on this site may include embedded content (e.g., videos, images, articles, etc.). Embedded content from other websites behaves in the exact same way as if the visitor has visited the other website. <\/p>\n\n<p>These websites may collect data about you, use cookies, embed additional third-party tracking, and monitor your interaction with that embedded content, including tracking your interaction with the embedded content if you have an account and are logged in to that website.<\/p>\n\n<h2 class=\"wp-block-heading\">Use and transmission of your personal data<\/h2>\n\n<p><strong class=\"privacy-policy-tutorial\">Suggested text: <\/strong>If you request a password reset, your IP address will be included in the reset email.<\/p>\n\n<h2 class=\"wp-block-heading\">How long we retain your data<\/h2>\n\n<p><strong class=\"privacy-policy-tutorial\">Suggested text: <\/strong>If you leave a comment, the comment and its metadata are retained indefinitely. This is so we can recognize and approve any follow-up comments automatically instead of holding them in a moderation queue. <\/p>\n\n<p>For users who register on our website (if any), we also store the personal information they provide in their user profile. All users can see, edit, or delete their personal information at any time (except they cannot change their username). Website administrators can also see and edit that information.  <\/p>\n\n<h2 class=\"wp-block-heading\">What rights you have over your data<\/h2>\n\n<p><strong class=\"privacy-policy-tutorial\">Suggested text: <\/strong>If you have an account on this site, or have left comments, you can request to receive an exported file of the personal data we hold about you, including any data you have provided to us. You can also request that we erase any personal data we hold about you. This does not include any data we are obliged to keep for administrative, legal, or security purposes.  <\/p>\n\n<h2 class=\"wp-block-heading\">Where your data is sent<\/h2>\n\n<p><strong class=\"privacy-policy-tutorial\">Suggested text: <\/strong>Visitor comments may be checked through an automated spam detection service.<\/p>\n","protected":false},"excerpt":{"rendered":"<p>About Us Suggested text: Our site address is: https:\/\/fika.paris. Comments Suggested text: When you leave a comment on our site, the data entered in the comment form, as well as your IP address and browser user agent, are collected to help us detect unwanted comments. An anonymized string created from your email address (also called [&hellip;]<\/p>\n","protected":false},"author":1,"featured_media":0,"parent":0,"menu_order":0,"comment_status":"closed","ping_status":"open","template":"","meta":{"footnotes":""},"class_list":["post-1176","page","type-page","status-publish","hentry"],"yoast_head":"<!-- This site is optimized with the Yoast SEO plugin v27.4 - https:\/\/yoast.com\/product\/yoast-seo-wordpress\/ -->\n<title>Privacy Policy - Fika Paris<\/title>\n<meta name=\"robots\" content=\"index, follow, max-snippet:-1, max-image-preview:large, max-video-preview:-1\" \/>\n<link rel=\"canonical\" href=\"https:\/\/fika.paris\/en\/privacy-policy\/\" \/>\n<meta property=\"og:locale\" content=\"en_US\" \/>\n<meta property=\"og:type\" content=\"article\" \/>\n<meta property=\"og:title\" content=\"Privacy Policy - Fika Paris\" \/>\n<meta property=\"og:description\" content=\"About Us Suggested text: Our site address is: https:\/\/fika.paris. Comments Suggested text: When you leave a comment on our site, the data entered in the comment form, as well as your IP address and browser user agent, are collected to help us detect unwanted comments. An anonymized string created from your email address (also called [&hellip;]\" \/>\n<meta property=\"og:url\" content=\"https:\/\/fika.paris\/en\/privacy-policy\/\" \/>\n<meta property=\"og:site_name\" content=\"Fika Paris\" \/>\n<meta property=\"article:modified_time\" content=\"2026-01-21T10:30:02+00:00\" \/>\n<meta name=\"twitter:card\" content=\"summary_large_image\" \/>\n<meta name=\"twitter:label1\" content=\"Est. reading time\" \/>\n\t<meta name=\"twitter:data1\" content=\"3 minutes\" \/>\n<script type=\"application\/ld+json\" class=\"yoast-schema-graph\">{\"@context\":\"https:\\\/\\\/schema.org\",\"@graph\":[{\"@type\":\"WebPage\",\"@id\":\"https:\\\/\\\/fika.paris\\\/en\\\/privacy-policy\\\/\",\"url\":\"https:\\\/\\\/fika.paris\\\/en\\\/privacy-policy\\\/\",\"name\":\"Privacy Policy - Fika Paris\",\"isPartOf\":{\"@id\":\"https:\\\/\\\/fika.paris\\\/en\\\/#website\"},\"datePublished\":\"2025-09-30T07:51:58+00:00\",\"dateModified\":\"2026-01-21T10:30:02+00:00\",\"breadcrumb\":{\"@id\":\"https:\\\/\\\/fika.paris\\\/en\\\/privacy-policy\\\/#breadcrumb\"},\"inLanguage\":\"en-US\",\"potentialAction\":[{\"@type\":\"ReadAction\",\"target\":[\"https:\\\/\\\/fika.paris\\\/en\\\/privacy-policy\\\/\"]}]},{\"@type\":\"BreadcrumbList\",\"@id\":\"https:\\\/\\\/fika.paris\\\/en\\\/privacy-policy\\\/#breadcrumb\",\"itemListElement\":[{\"@type\":\"ListItem\",\"position\":1,\"name\":\"Accueil\",\"item\":\"https:\\\/\\\/fika.paris\\\/en\\\/\"},{\"@type\":\"ListItem\",\"position\":2,\"name\":\"Privacy Policy\"}]},{\"@type\":\"WebSite\",\"@id\":\"https:\\\/\\\/fika.paris\\\/en\\\/#website\",\"url\":\"https:\\\/\\\/fika.paris\\\/en\\\/\",\"name\":\"Fika Paris\",\"description\":\"Un petit g\u00f4ut de Su\u00e8de \u00e0 Paris\",\"publisher\":{\"@id\":\"https:\\\/\\\/fika.paris\\\/en\\\/#organization\"},\"potentialAction\":[{\"@type\":\"SearchAction\",\"target\":{\"@type\":\"EntryPoint\",\"urlTemplate\":\"https:\\\/\\\/fika.paris\\\/en\\\/?s={search_term_string}\"},\"query-input\":{\"@type\":\"PropertyValueSpecification\",\"valueRequired\":true,\"valueName\":\"search_term_string\"}}],\"inLanguage\":\"en-US\"},{\"@type\":\"Organization\",\"@id\":\"https:\\\/\\\/fika.paris\\\/en\\\/#organization\",\"name\":\"Fika Paris\",\"url\":\"https:\\\/\\\/fika.paris\\\/en\\\/\",\"logo\":{\"@type\":\"ImageObject\",\"inLanguage\":\"en-US\",\"@id\":\"https:\\\/\\\/fika.paris\\\/en\\\/#\\\/schema\\\/logo\\\/image\\\/\",\"url\":\"https:\\\/\\\/fika.paris\\\/wp-content\\\/uploads\\\/2025\\\/09\\\/cropped-logofika_detoure-scaled-1.png\",\"contentUrl\":\"https:\\\/\\\/fika.paris\\\/wp-content\\\/uploads\\\/2025\\\/09\\\/cropped-logofika_detoure-scaled-1.png\",\"width\":2273,\"height\":953,\"caption\":\"Fika Paris\"},\"image\":{\"@id\":\"https:\\\/\\\/fika.paris\\\/en\\\/#\\\/schema\\\/logo\\\/image\\\/\"}}]}<\/script>\n<!-- \/ Yoast SEO plugin. -->","yoast_head_json":{"title":"Privacy Policy - Fika Paris","robots":{"index":"index","follow":"follow","max-snippet":"max-snippet:-1","max-image-preview":"max-image-preview:large","max-video-preview":"max-video-preview:-1"},"canonical":"https:\/\/fika.paris\/en\/privacy-policy\/","og_locale":"en_US","og_type":"article","og_title":"Privacy Policy - Fika Paris","og_description":"About Us Suggested text: Our site address is: https:\/\/fika.paris. Comments Suggested text: When you leave a comment on our site, the data entered in the comment form, as well as your IP address and browser user agent, are collected to help us detect unwanted comments. An anonymized string created from your email address (also called [&hellip;]","og_url":"https:\/\/fika.paris\/en\/privacy-policy\/","og_site_name":"Fika Paris","article_modified_time":"2026-01-21T10:30:02+00:00","twitter_card":"summary_large_image","twitter_misc":{"Est. reading time":"3 minutes"},"schema":{"@context":"https:\/\/schema.org","@graph":[{"@type":"WebPage","@id":"https:\/\/fika.paris\/en\/privacy-policy\/","url":"https:\/\/fika.paris\/en\/privacy-policy\/","name":"Privacy Policy - Fika Paris","isPartOf":{"@id":"https:\/\/fika.paris\/en\/#website"},"datePublished":"2025-09-30T07:51:58+00:00","dateModified":"2026-01-21T10:30:02+00:00","breadcrumb":{"@id":"https:\/\/fika.paris\/en\/privacy-policy\/#breadcrumb"},"inLanguage":"en-US","potentialAction":[{"@type":"ReadAction","target":["https:\/\/fika.paris\/en\/privacy-policy\/"]}]},{"@type":"BreadcrumbList","@id":"https:\/\/fika.paris\/en\/privacy-policy\/#breadcrumb","itemListElement":[{"@type":"ListItem","position":1,"name":"Accueil","item":"https:\/\/fika.paris\/en\/"},{"@type":"ListItem","position":2,"name":"Privacy Policy"}]},{"@type":"WebSite","@id":"https:\/\/fika.paris\/en\/#website","url":"https:\/\/fika.paris\/en\/","name":"Fika Paris","description":"Un petit g\u00f4ut de Su\u00e8de \u00e0 Paris","publisher":{"@id":"https:\/\/fika.paris\/en\/#organization"},"potentialAction":[{"@type":"SearchAction","target":{"@type":"EntryPoint","urlTemplate":"https:\/\/fika.paris\/en\/?s={search_term_string}"},"query-input":{"@type":"PropertyValueSpecification","valueRequired":true,"valueName":"search_term_string"}}],"inLanguage":"en-US"},{"@type":"Organization","@id":"https:\/\/fika.paris\/en\/#organization","name":"Fika Paris","url":"https:\/\/fika.paris\/en\/","logo":{"@type":"ImageObject","inLanguage":"en-US","@id":"https:\/\/fika.paris\/en\/#\/schema\/logo\/image\/","url":"https:\/\/fika.paris\/wp-content\/uploads\/2025\/09\/cropped-logofika_detoure-scaled-1.png","contentUrl":"https:\/\/fika.paris\/wp-content\/uploads\/2025\/09\/cropped-logofika_detoure-scaled-1.png","width":2273,"height":953,"caption":"Fika Paris"},"image":{"@id":"https:\/\/fika.paris\/en\/#\/schema\/logo\/image\/"}}]}},"_links":{"self":[{"href":"https:\/\/fika.paris\/en\/wp-json\/wp\/v2\/pages\/1176","targetHints":{"allow":["GET"]}}],"collection":[{"href":"https:\/\/fika.paris\/en\/wp-json\/wp\/v2\/pages"}],"about":[{"href":"https:\/\/fika.paris\/en\/wp-json\/wp\/v2\/types\/page"}],"author":[{"embeddable":true,"href":"https:\/\/fika.paris\/en\/wp-json\/wp\/v2\/users\/1"}],"replies":[{"embeddable":true,"href":"https:\/\/fika.paris\/en\/wp-json\/wp\/v2\/comments?post=1176"}],"version-history":[{"count":1,"href":"https:\/\/fika.paris\/en\/wp-json\/wp\/v2\/pages\/1176\/revisions"}],"predecessor-version":[{"id":1177,"href":"https:\/\/fika.paris\/en\/wp-json\/wp\/v2\/pages\/1176\/revisions\/1177"}],"wp:attachment":[{"href":"https:\/\/fika.paris\/en\/wp-json\/wp\/v2\/media?parent=1176"}],"curies":[{"name":"wp","href":"https:\/\/api.w.org\/{rel}","templated":true}]}}