{"id":1073,"date":"2026-01-13T11:07:44","date_gmt":"2026-01-13T10:07:44","guid":{"rendered":"https:\/\/fika.paris\/menu\/"},"modified":"2026-03-17T16:41:39","modified_gmt":"2026-03-17T15:41:39","slug":"menu","status":"publish","type":"page","link":"https:\/\/fika.paris\/en\/menu\/","title":{"rendered":"Menu"},"content":{"rendered":"\t\t<div data-elementor-type=\"wp-page\" data-elementor-id=\"1073\" class=\"elementor elementor-1073 elementor-796\" data-elementor-post-type=\"page\">\n\t\t\t\t<div class=\"elementor-element elementor-element-3109258f e-con-full e-flex e-con e-parent\" data-id=\"3109258f\" data-element_type=\"container\" data-e-type=\"container\" data-settings=\"{&quot;background_background&quot;:&quot;classic&quot;}\">\n\t\t<div class=\"elementor-element elementor-element-5a3bd031 e-con-full e-flex e-con e-child\" data-id=\"5a3bd031\" data-element_type=\"container\" data-e-type=\"container\">\n\t\t<div class=\"elementor-element elementor-element-626bc230 e-con-full e-flex e-con e-child\" data-id=\"626bc230\" data-element_type=\"container\" data-e-type=\"container\">\n\t\t\t\t<div class=\"elementor-element elementor-element-75e3961 elementor-widget__width-initial elementor-widget elementor-widget-heading\" data-id=\"75e3961\" data-element_type=\"widget\" data-e-type=\"widget\" data-widget_type=\"heading.default\">\n\t\t\t\t\t<h2 class=\"elementor-heading-title elementor-size-default\">A gourmet journey through Sweden<\/h2>\t\t\t\t<\/div>\n\t\t\t\t<div class=\"elementor-element elementor-element-74f8d908 elementor-widget__width-initial elementor-widget elementor-widget-text-editor\" data-id=\"74f8d908\" data-element_type=\"widget\" data-e-type=\"widget\" data-widget_type=\"text-editor.default\">\n\t\t\t\t\t\t\t\t\t<p>FIKA offers a short, seasonal menu inspired by Swedish gastronomy and traditional dishes, with a selection of &#8220;iconic&#8221; pastries like the &#8220;kanelbulle&#8221;\u2014cinnamon or cardamom rolls\u2014as well as open-faced sandwiches and salads to enjoy in the caf\u00e9\u2019s cozy atmosphere or on the quiet, sunny terrace of the Swedish Institute.<\/p><p>Swedish gastronomy reflects the bounty of its wild nature. It is a forest-inspired cuisine where foraged, fished, and hunted ingredients take pride of place. This results in healthy, balanced, and delicious food, with dishes suited for every &#8220;fika&#8221; break of the day.  <\/p>\t\t\t\t\t\t\t\t<\/div>\n\t\t\t\t<\/div>\n\t\t\t\t<\/div>\n\t\t<div class=\"elementor-element elementor-element-16938513 e-con-full e-flex e-con e-child\" data-id=\"16938513\" data-element_type=\"container\" data-e-type=\"container\" data-settings=\"{&quot;background_background&quot;:&quot;slideshow&quot;,&quot;background_slideshow_gallery&quot;:[{&quot;id&quot;:1403,&quot;url&quot;:&quot;http:\\\/\\\/vdmtges.cluster100.hosting.ovh.net\\\/wp-content\\\/uploads\\\/2025\\\/11\\\/fikasign-scaled.jpg&quot;},{&quot;id&quot;:1934,&quot;url&quot;:&quot;http:\\\/\\\/vdmtges.cluster100.hosting.ovh.net\\\/wp-content\\\/uploads\\\/2025\\\/11\\\/sandwich-scaled.jpg&quot;},{&quot;id&quot;:1425,&quot;url&quot;:&quot;http:\\\/\\\/vdmtges.cluster100.hosting.ovh.net\\\/wp-content\\\/uploads\\\/2025\\\/11\\\/bullar-scaled.jpg&quot;},{&quot;id&quot;:1935,&quot;url&quot;:&quot;http:\\\/\\\/vdmtges.cluster100.hosting.ovh.net\\\/wp-content\\\/uploads\\\/2025\\\/11\\\/plats-scaled.jpg&quot;}],&quot;background_slideshow_loop&quot;:&quot;yes&quot;,&quot;background_slideshow_slide_duration&quot;:5000,&quot;background_slideshow_slide_transition&quot;:&quot;fade&quot;,&quot;background_slideshow_transition_duration&quot;:500}\">\n\t\t\t\t<div class=\"elementor-element elementor-element-75d7e6ed elementor-absolute elementor-hidden-tablet elementor-hidden-mobile elementor-view-default elementor-widget elementor-widget-icon\" data-id=\"75d7e6ed\" data-element_type=\"widget\" data-e-type=\"widget\" data-settings=\"{&quot;_position&quot;:&quot;absolute&quot;}\" data-widget_type=\"icon.default\">\n\t\t\t\t\t\t\t<div class=\"elementor-icon-wrapper\">\n\t\t\t<div class=\"elementor-icon\">\n\t\t\t<svg xmlns=\"http:\/\/www.w3.org\/2000\/svg\" xmlns:xlink=\"http:\/\/www.w3.org\/1999\/xlink\" id=\"Calque_1\" x=\"0px\" y=\"0px\" width=\"212.1px\" height=\"279.7px\" viewBox=\"0 0 212.1 279.7\" style=\"enable-background:new 0 0 212.1 279.7;\" xml:space=\"preserve\"><path id=\"Trac&#xE9;_7\" d=\"M148.8,57.4c0.8,0.5,1.5,1.1,2.3,1.6c1.3,0.6,2.5,1.3,3.6,2.2c0.7,0.6,0.8,1.7,1.2,2.6 c-0.8-0.1-1.7-0.2-2.5-0.5c-4.5-2.2-9-4.3-13.3-6.7c-8.6-4.7-17-9.7-25.5-14.5c-2-1.2-4.3-1.7-6.5-1.4c-2.9,0.2-5.8-1.3-8.8-1.9 c-1.5-0.4-3.2-1-4.7-0.8c-6.9,0.8-13.8,1.8-20.7,2.8c-5.1,0.7-10.2,1.4-15.2,2.2c-0.5,0.2-1,0.4-1.5,0.7l0,0.8 c15,3.1,30,6.3,45.1,9.4c15,3.1,30,6.2,45.1,9.3c-0.1,1.6-1.5,1.3-2.7,1.1c-5.9-0.9-11.8-1.8-17.6-2.9c-9.1-1.8-18.2-3.7-27.3-5.7 c-9.2-1.9-18.3-3.9-27.4-5.8c-5.8-1.2-11.5-2.3-17.3-3.5c-1.2-0.3-2.1-1.3-3.2-1.9c-0.4-0.3-0.8-0.5-1.2-0.6 c-5.7-0.3-11.4-0.6-17.1-0.9c-1.1-0.1-2.2-0.1-3.2,0c-0.6,0.1-1.1,0.6-1.6,0.9c0.3,0.4,0.6,1.2,1,1.3c2.6,0.7,2.7,2.6,3,5 c1,7.9,2.5,15.7,3.8,23.6c1.7,10.1,3.4,20.1,5.1,30.2c0.1,0.6,0.4,1.1,0.9,1.4c3.6-17.3,7.2-34.6,10.9-51.9l0.2,0 c-0.6,4.2-1,8.4-1.8,12.6c-1.7,8.9-3.8,17.7-5.5,26.5c-1.2,6.4-2.7,12.7-3.1,19.1c-0.2,4.5,1.4,9.1,2,13.7c0.3,2,0,4,0.3,6 c0.1,1,0.6,1.9,1.3,2.6c5,3.2,10.7,5.1,16.6,5.3c1.3,0,2.5,0.5,3.6,1.3c5.7,4.7,12.4,6.1,19.5,6.3c4.8,0.1,9.6,0.2,13.8-3 c1.7-1.3,3.5-2.3,3.8-4.7c0.1-0.4,0.3-1,0.6-1.1c2.7-0.8,2.5-3.2,3-5.2c2.4-10,4.9-20,7.3-30c1.6-6.9,2.8-13.8,4.3-20.7 c1.1-5.2,2.4-10.3,3.7-15.5c0.2-0.6,0.5-1.1,0.9-1.6l0.6,0.1c0,1,0,2-0.1,3c-2.6,11.7-5.2,23.5-7.9,35.2 c-2.5,10.8-5.2,21.6-7.7,32.4c-0.7,3-1.1,6-1.6,9.1c-0.2,1.5,0.4,2.4,1.9,3.1c7.2,3.4,14.1,2.2,20.7-1.5c1.3-0.7,2-2.9,2.5-4.6 c2.1-6.9,3.9-13.9,6.1-20.7c3.5-10.9,7.7-21.6,10.5-32.7c1.4-5.5,3.8-10.5,5.6-15.8c0.1-0.4,0.4-0.6,1.3-0.9c0.1,0.6,0.1,1.3,0,1.9 c-0.8,2.6-1.8,5.2-2.7,7.8c-0.2,0.8-0.3,1.5-0.3,2.3c0.8,0.1,1.7,0.1,2.5,0c6.8-1.4,12.8-4.6,18.3-8.6c2.6-2.1,6.2-2.5,9.2-1 c3.5,1.6,5.8,6.1,5.3,10.7c-0.7,6.1-3.5,11.2-7.1,15.9c-6.3,8.1-10.2,17.2-13.2,26.9c-1.8,6-3.9,12-6.4,17.8c-1.3,2.9-2.9,6-6.1,7.6 c-0.8,0.6-1.4,1.6-1.5,2.6c-0.4,1.4,0.6,2.3,1.8,1.6c2.1-1.1,4-2.6,5.7-4.2c8.4-8.6,14.6-18.9,21.2-28.8c5.1-7.7,9.8-15.6,14.1-23.7 c2.2-4.1,3.7-8.7,4.2-13.4c0.6-6.2-0.6-12.7-5.3-17.1c-3-2.9-7.6-4-11.5-5.9c-0.6-0.2-1.3-0.3-1.9-0.4c-4-1.3-7,0.2-9.9,2.9 c-2,1.9-4.1,3.6-6.3,5.2c-0.5,0.4-1.5,0.1-2.3,0.1c-0.1-0.9,0-1.7,0.2-2.5c1.6-3.8,3.4-7.5,5.1-11.3c0.9-1.9,2.2-3,4.3-2.5 c6.5,1.8,13.1,3.5,19.5,5.7c4.9,1.7,7.6,5.8,9.2,10.5c1.2,3.7,2,7.5,2.5,11.3c1,6.3-1.8,11.7-4.4,17.1 c-6.2,12.5-14.3,23.9-22.3,35.2c-2.8,4-5.3,8.2-8.3,12c-2.8,3.6-5.8,7-9.1,10.1c-1.9,1.6-4.1,2.7-6.5,3.3c-2.3,0.6-4.7-0.5-5.6-2.7 c-0.4-0.7-0.9-1.4-1.4-2c-1.8-2.4-0.9-4.9,2-5.8c0.5-0.2,1-0.2,1.5-0.2c5.9,0.8,8.4-3.2,10.1-7.7c3-8.2,5.6-16.5,8.5-24.7 c2.4-6.6,5.9-12.8,10.3-18.4c3.3-4.2,6-8.7,6.8-14.2c0.4-2.6-0.3-5.2-2-7.2c-2-2.6-6.3-2.8-9.5-0.4c-6,4.4-13,7.5-20.3,8.9 c-1.6,0.2-2.9,1.3-3.3,2.8c-1.2,3.5-2.3,7.1-3.5,10.6c-1.5,4.4-3.3,8.7-4.6,13.1c-3.3,10.9-6.4,22-9.8,32.9c-0.7,2.6-1.9,4.9-3.5,7 c-2.7,3-3.2,6.6-3.9,10.2c-0.8,4.4-1.4,8.9-2.1,13.4c0,0.3,0,0.5-0.1,0.7c-3.7,5-2.2,11-2.8,16.5c-0.9,8.8-1.2,17.7-1.9,26.5 c-0.9,11.2-1.9,22.5-2.8,33.7c-0.3,3.9-0.2,7.9-0.3,11.9c0,1.7-0.4,2.7-2.6,3c-11.3,1.4-22.6,0.7-34,0.1c-6.4-0.3-12.9-0.3-19.3-1.1 c-6.4-0.8-12.7-2.3-19.1-3.5c-0.4-0.1-0.8-0.3-1.1-0.5c-3.5-1.7-6.9-3.4-10.4-5.1c-4.7-2.3-9.4-4.5-14.1-6.8 c-2.6-0.9-5.5-4.3-2.1-6.6c-0.4,3.1,1.9,3.3,3.6,4c5.1,2.1,10.1,4.1,15.2,6.2c3.3,1.3,6.4-0.3,7.1-3.8c1.3-6.8,2.5-13.5,3.6-20.3 c0.9-5.1,1.6-10.3,2.4-15.4c0.1-0.5,0.3-1,0.6-1.5l0.7-0.1c0.2,1.1,0.8,2.3,0.7,3.3c-1,6.5-2.1,13.1-3.2,19.6 c-0.8,4.5-1.7,9-2.2,13.5c-0.1,2.3,0.1,4.6,0.7,6.8c0.1,0.5,1.1,1.2,1.8,1.3c7.1,1.4,14.2,2.8,21.3,3.9c4.4,0.6,8.9,1,13.4,1.1 c2.7,0.1,4.1-1.4,4.4-4c1.5-12.8,3-25.5,4.6-38.3c1.4-11,3-22,4.5-33c0.4-2.8,0.7-5.6,1-8.4c0.4-1.6-0.5-3.3-2-3.9 c-9.7-4.1-19.6-6.5-30-3.4c-2.2,0.6-3.2,0.2-4.2-1.6c-1.6-3-4.4-4.5-7.9-6.3c0.2,0.9,0.4,1.8,0.7,2.7c1.5,3,0.3,5.5-1.7,7.7 c-0.4,0.4-0.9,0.7-1.5,0.7c-2.4-0.3-5.4-0.1-7.2-1.4c-1.7-1.2-2.5-4-3.1-6.3c-0.2-0.6,1.5-1.7,2.5-2.3c0.6-2.4,0.6-2.4,3.5-3.7 c-3.6-1-7.2-2-10.8-2.9c-1.1-0.2-2.3-0.4-3.4-0.8c-0.7-0.4-1.2-1-1.3-1.8c-0.1-0.5,0.7-1.2,1.2-1.6c0.4-0.3,0.9-0.5,1.4-0.5 c2.2-0.4,2.6-1.7,2.8-3.9c0.4-6.9,0.7-13.9,3.6-20.4c1.3-2.9,2.8-5.1,6.8-5.1c-0.4-3.5-0.7-6.8-1.3-10.1c-2.7-14.7-5.3-29.4-8.2-44 c-1.5-7.5-3.6-14.8-5.5-22.2c-0.1-0.6-0.3-1.3-0.7-1.5c-2.1-1.3-1.5-3.2-1.2-5.1c0.3-2.2,1.3-2.7,3.4-2.6c6.1,0.5,12.3,1.4,18.4,1.2 c6.7-0.2,13.3-1.4,19.9-2.3c7.1-1,14.1-2.1,21.1-3.2c2-0.3,4-0.9,6-1.4c1.8-0.4,2.3-1.6,2.4-3.3c0.1-3,0.3-5.9,0.7-8.9 c0.3-3-0.8-5.5-2.4-7.9c-0.3-0.4-0.8-0.7-1-1.1c-0.5-1.1-1-2.2-1.4-3.3c1.1-0.6,2.3-1,3.5-1.3c7.6-0.7,15,0.7,22.3,2.9 c1.1,0.4,2.1,0.9,3.1,1.6c1.7,1.3,2,3.3,0.4,4.7c-3.4,3.1-6,6.9-7.6,11.2c-0.8,2.2-1.5,4.4-2,6.6c-0.3,1.1,0.1,1.6,1.5,2.1 c2.8,0.9,5.2,2.8,7.9,4.1c7.1,3.4,14,7.4,21.4,9.7c6.4,2,13.4,2,20.1,3c1.3,0.4,2.6,0.9,3.8,1.5c-0.8,2-2.5,0.8-3.7,0.8 c-3.3-0.2-6.6-0.7-9.9-0.8c-1.5,0.1-3,0.2-4.5,0.6L148.8,57.4 M84.7,256.5c-1.3,7.7-0.6,9.1,4.2,10.6c0.5,0.2,1.1,0.3,1.7,0.2 c4.8-0.2,9.6-0.3,14.4-0.6c2.3-0.1,4.6-0.5,6.8-1.1c1.6-0.4,2.2-1.5,2.2-3.4c0-4,0.3-8,0.7-11.9c1.1-9.1,2.1-18.2,2.3-27.4 c0.2-10,1-20,1.4-30c0.2-4.1,0.1-8.1-0.2-12.2c-0.1-1.3-1.1-3.2-2.1-3.6c-5.4-1.7-11.1-2.2-16.7-1.3c-2.1,0.3-4.2,1.1-4.6,3.8 c-1.4,10.2-2.9,20.3-4.3,30.5c-1.4,10.3-2.7,20.7-4,31C85.7,247,85.1,252.8,84.7,256.5 M122.8,152.3c-7.1,0.7-13-1-18.8-3.3 c-1.8-0.7-3.8-0.9-5.8-0.5c-9,1.9-18,1.5-26.3-2.3c-4.6-2.3-9.4-4-14.4-5.2c-4.5-0.9-8.8-3.3-13.1-5.2c-2-0.9-3.4-0.6-3.8,1.5 c-0.6,3.2-0.9,6.5-1.4,9.8c-0.6,3.4,0.1,6.2,3.2,8.1c0.6,0.4,1.1,1,1.4,1.7c1.2,2.6,3.5,3.8,6,4.9c3.3,1.5,6.4,3.5,8.4,6.8 c0.7,1.5,2.5,2.2,4,1.5c8.8-2.5,17.3-0.8,25.6,2.2c2.8,1,4.8,0.4,7.1-0.9c-2-0.4-3.9-0.4-5.9-0.6c-0.8-0.2-1.5-0.6-2.2-1.1 c0.7-0.5,1.5-1.3,2.2-1.4c2.4-0.1,4.8,0.2,7.2,0.3c7.4,0.3,14.8,0.4,22.1,0.9c2.4,0.2,3.3-0.7,3.6-2.9c0.3-2.6,0.8-5.1,1-7.6 C123.1,156.7,122.9,154.6,122.8,152.3 M108,12.5c-2.2-0.2-5.1-0.3-8-0.6c-1.9-0.2-2.4,0.7-1.7,2.2c2.1,4.3,1.4,8.6,0.7,13.1 c-1.2,7.4,0,8.5,7.2,9.4c2.2,0.2,3.4-0.4,4-2.6c1.8-6,3.4-12.1,8-16.9c1.6-1.7-0.4-2.2-1.5-2.6C114,13.8,111.3,13.3,108,12.5  M108.7,171.2l-0.1,0.6l11.7,2.1l0.2-1.1L108.7,171.2 M60.6,264.7l-0.1,0.9l13.8,1.4c0-0.3,0-0.6,0.1-0.8L60.6,264.7\"><\/path><\/svg>\t\t\t<\/div>\n\t\t<\/div>\n\t\t\t\t\t\t<\/div>\n\t\t\t\t<\/div>\n\t\t\t\t<\/div>\n\t\t<div class=\"elementor-element elementor-element-fddeb14 e-flex e-con-boxed e-con e-parent\" data-id=\"fddeb14\" data-element_type=\"container\" data-e-type=\"container\" data-settings=\"{&quot;background_background&quot;:&quot;classic&quot;}\">\n\t\t\t\t\t<div class=\"e-con-inner\">\n\t\t\t\t<div class=\"elementor-element elementor-element-c25b41a elementor-widget elementor-widget-gallery\" data-id=\"c25b41a\" data-element_type=\"widget\" data-e-type=\"widget\" data-settings=\"{&quot;gallery_layout&quot;:&quot;masonry&quot;,&quot;columns&quot;:2,&quot;gap&quot;:{&quot;unit&quot;:&quot;px&quot;,&quot;size&quot;:40,&quot;sizes&quot;:[]},&quot;columns_tablet&quot;:2,&quot;columns_mobile&quot;:1,&quot;gap_tablet&quot;:{&quot;unit&quot;:&quot;px&quot;,&quot;size&quot;:10,&quot;sizes&quot;:[]},&quot;gap_mobile&quot;:{&quot;unit&quot;:&quot;px&quot;,&quot;size&quot;:10,&quot;sizes&quot;:[]},&quot;content_hover_animation&quot;:&quot;fade-in&quot;}\" data-widget_type=\"gallery.default\">\n\t\t\t\t\t\t\t<div class=\"elementor-gallery__container\">\n\t\t\t\t\t\t\t<div class=\"e-gallery-item elementor-gallery-item elementor-animated-content\">\n\t\t\t\t\t<div class=\"e-gallery-image elementor-gallery-item__image\" data-thumbnail=\"https:\/\/fika.paris\/wp-content\/uploads\/2026\/01\/petit-dejenuer-scaled.jpg\" data-width=\"1163\" data-height=\"2560\" aria-label=\"\" role=\"img\" ><\/div>\n\t\t\t\t\t\t\t\t\t\t\t\t\t\t<\/div>\n\t\t\t\t\t\t\t<div class=\"e-gallery-item elementor-gallery-item elementor-animated-content\">\n\t\t\t\t\t<div class=\"e-gallery-image elementor-gallery-item__image\" data-thumbnail=\"https:\/\/fika.paris\/wp-content\/uploads\/2026\/01\/dejenuer-scaled.jpg\" data-width=\"1551\" data-height=\"2560\" aria-label=\"\" role=\"img\" ><\/div>\n\t\t\t\t\t\t\t\t\t\t\t\t\t\t<\/div>\n\t\t\t\t\t\t\t<div class=\"e-gallery-item elementor-gallery-item elementor-animated-content\">\n\t\t\t\t\t<div class=\"e-gallery-image elementor-gallery-item__image\" data-thumbnail=\"https:\/\/fika.paris\/wp-content\/uploads\/2026\/01\/sucre-1-scaled.jpg\" data-width=\"1379\" data-height=\"2560\" aria-label=\"\" role=\"img\" ><\/div>\n\t\t\t\t\t\t\t\t\t\t\t\t\t\t<\/div>\n\t\t\t\t\t\t\t<div class=\"e-gallery-item elementor-gallery-item elementor-animated-content\">\n\t\t\t\t\t<div class=\"e-gallery-image elementor-gallery-item__image\" data-thumbnail=\"https:\/\/fika.paris\/wp-content\/uploads\/2026\/01\/boissons-scaled.jpg\" data-width=\"1724\" data-height=\"2560\" aria-label=\"\" role=\"img\" ><\/div>\n\t\t\t\t\t\t\t\t\t\t\t\t\t\t<\/div>\n\t\t\t\t\t<\/div>\n\t\t\t\t\t<\/div>\n\t\t\t\t\t<\/div>\n\t\t\t\t<\/div>\n\t\t\t\t<\/div>\n\t\t","protected":false},"excerpt":{"rendered":"<p>A gourmet journey through Sweden FIKA offers a short, seasonal menu inspired by Swedish gastronomy and traditional dishes, with a selection of &#8220;iconic&#8221; pastries like the &#8220;kanelbulle&#8221;\u2014cinnamon or cardamom rolls\u2014as well as open-faced sandwiches and salads to enjoy in the caf\u00e9\u2019s cozy atmosphere or on the quiet, sunny terrace of the Swedish Institute. Swedish gastronomy [&hellip;]<\/p>\n","protected":false},"author":1,"featured_media":0,"parent":0,"menu_order":0,"comment_status":"closed","ping_status":"closed","template":"","meta":{"footnotes":""},"class_list":["post-1073","page","type-page","status-publish","hentry"],"yoast_head":"<!-- This site is optimized with the Yoast SEO plugin v27.2 - https:\/\/yoast.com\/product\/yoast-seo-wordpress\/ -->\n<title>Menu - Fika Paris<\/title>\n<meta name=\"robots\" content=\"index, follow, max-snippet:-1, max-image-preview:large, max-video-preview:-1\" \/>\n<link rel=\"canonical\" href=\"https:\/\/fika.paris\/en\/menu\/\" \/>\n<meta property=\"og:locale\" content=\"en_US\" \/>\n<meta property=\"og:type\" content=\"article\" \/>\n<meta property=\"og:title\" content=\"Menu - Fika Paris\" \/>\n<meta property=\"og:description\" content=\"A gourmet journey through Sweden FIKA offers a short, seasonal menu inspired by Swedish gastronomy and traditional dishes, with a selection of &#8220;iconic&#8221; pastries like the &#8220;kanelbulle&#8221;\u2014cinnamon or cardamom rolls\u2014as well as open-faced sandwiches and salads to enjoy in the caf\u00e9\u2019s cozy atmosphere or on the quiet, sunny terrace of the Swedish Institute. Swedish gastronomy [&hellip;]\" \/>\n<meta property=\"og:url\" content=\"https:\/\/fika.paris\/en\/menu\/\" \/>\n<meta property=\"og:site_name\" content=\"Fika Paris\" \/>\n<meta property=\"article:modified_time\" content=\"2026-03-17T15:41:39+00:00\" \/>\n<meta name=\"twitter:card\" content=\"summary_large_image\" \/>\n<script type=\"application\/ld+json\" class=\"yoast-schema-graph\">{\"@context\":\"https:\/\/schema.org\",\"@graph\":[{\"@type\":\"WebPage\",\"@id\":\"https:\/\/fika.paris\/en\/menu\/\",\"url\":\"https:\/\/fika.paris\/en\/menu\/\",\"name\":\"Menu - Fika Paris\",\"isPartOf\":{\"@id\":\"https:\/\/fika.paris\/en\/#website\"},\"datePublished\":\"2026-01-13T10:07:44+00:00\",\"dateModified\":\"2026-03-17T15:41:39+00:00\",\"breadcrumb\":{\"@id\":\"https:\/\/fika.paris\/en\/menu\/#breadcrumb\"},\"inLanguage\":\"en-US\",\"potentialAction\":[{\"@type\":\"ReadAction\",\"target\":[\"https:\/\/fika.paris\/en\/menu\/\"]}]},{\"@type\":\"BreadcrumbList\",\"@id\":\"https:\/\/fika.paris\/en\/menu\/#breadcrumb\",\"itemListElement\":[{\"@type\":\"ListItem\",\"position\":1,\"name\":\"Accueil\",\"item\":\"https:\/\/fika.paris\/en\/\"},{\"@type\":\"ListItem\",\"position\":2,\"name\":\"Menu\"}]},{\"@type\":\"WebSite\",\"@id\":\"https:\/\/fika.paris\/en\/#website\",\"url\":\"https:\/\/fika.paris\/en\/\",\"name\":\"Fika Paris\",\"description\":\"Un petit g\u00f4ut de Su\u00e8de \u00e0 Paris\",\"publisher\":{\"@id\":\"https:\/\/fika.paris\/en\/#organization\"},\"potentialAction\":[{\"@type\":\"SearchAction\",\"target\":{\"@type\":\"EntryPoint\",\"urlTemplate\":\"https:\/\/fika.paris\/en\/?s={search_term_string}\"},\"query-input\":{\"@type\":\"PropertyValueSpecification\",\"valueRequired\":true,\"valueName\":\"search_term_string\"}}],\"inLanguage\":\"en-US\"},{\"@type\":\"Organization\",\"@id\":\"https:\/\/fika.paris\/en\/#organization\",\"name\":\"Fika Paris\",\"url\":\"https:\/\/fika.paris\/en\/\",\"logo\":{\"@type\":\"ImageObject\",\"inLanguage\":\"en-US\",\"@id\":\"https:\/\/fika.paris\/en\/#\/schema\/logo\/image\/\",\"url\":\"https:\/\/fika.paris\/wp-content\/uploads\/2025\/09\/cropped-logofika_detoure-scaled-1.png\",\"contentUrl\":\"https:\/\/fika.paris\/wp-content\/uploads\/2025\/09\/cropped-logofika_detoure-scaled-1.png\",\"width\":2273,\"height\":953,\"caption\":\"Fika Paris\"},\"image\":{\"@id\":\"https:\/\/fika.paris\/en\/#\/schema\/logo\/image\/\"}}]}<\/script>\n<!-- \/ Yoast SEO plugin. -->","yoast_head_json":{"title":"Menu - Fika Paris","robots":{"index":"index","follow":"follow","max-snippet":"max-snippet:-1","max-image-preview":"max-image-preview:large","max-video-preview":"max-video-preview:-1"},"canonical":"https:\/\/fika.paris\/en\/menu\/","og_locale":"en_US","og_type":"article","og_title":"Menu - Fika Paris","og_description":"A gourmet journey through Sweden FIKA offers a short, seasonal menu inspired by Swedish gastronomy and traditional dishes, with a selection of &#8220;iconic&#8221; pastries like the &#8220;kanelbulle&#8221;\u2014cinnamon or cardamom rolls\u2014as well as open-faced sandwiches and salads to enjoy in the caf\u00e9\u2019s cozy atmosphere or on the quiet, sunny terrace of the Swedish Institute. Swedish gastronomy [&hellip;]","og_url":"https:\/\/fika.paris\/en\/menu\/","og_site_name":"Fika Paris","article_modified_time":"2026-03-17T15:41:39+00:00","twitter_card":"summary_large_image","schema":{"@context":"https:\/\/schema.org","@graph":[{"@type":"WebPage","@id":"https:\/\/fika.paris\/en\/menu\/","url":"https:\/\/fika.paris\/en\/menu\/","name":"Menu - Fika Paris","isPartOf":{"@id":"https:\/\/fika.paris\/en\/#website"},"datePublished":"2026-01-13T10:07:44+00:00","dateModified":"2026-03-17T15:41:39+00:00","breadcrumb":{"@id":"https:\/\/fika.paris\/en\/menu\/#breadcrumb"},"inLanguage":"en-US","potentialAction":[{"@type":"ReadAction","target":["https:\/\/fika.paris\/en\/menu\/"]}]},{"@type":"BreadcrumbList","@id":"https:\/\/fika.paris\/en\/menu\/#breadcrumb","itemListElement":[{"@type":"ListItem","position":1,"name":"Accueil","item":"https:\/\/fika.paris\/en\/"},{"@type":"ListItem","position":2,"name":"Menu"}]},{"@type":"WebSite","@id":"https:\/\/fika.paris\/en\/#website","url":"https:\/\/fika.paris\/en\/","name":"Fika Paris","description":"Un petit g\u00f4ut de Su\u00e8de \u00e0 Paris","publisher":{"@id":"https:\/\/fika.paris\/en\/#organization"},"potentialAction":[{"@type":"SearchAction","target":{"@type":"EntryPoint","urlTemplate":"https:\/\/fika.paris\/en\/?s={search_term_string}"},"query-input":{"@type":"PropertyValueSpecification","valueRequired":true,"valueName":"search_term_string"}}],"inLanguage":"en-US"},{"@type":"Organization","@id":"https:\/\/fika.paris\/en\/#organization","name":"Fika Paris","url":"https:\/\/fika.paris\/en\/","logo":{"@type":"ImageObject","inLanguage":"en-US","@id":"https:\/\/fika.paris\/en\/#\/schema\/logo\/image\/","url":"https:\/\/fika.paris\/wp-content\/uploads\/2025\/09\/cropped-logofika_detoure-scaled-1.png","contentUrl":"https:\/\/fika.paris\/wp-content\/uploads\/2025\/09\/cropped-logofika_detoure-scaled-1.png","width":2273,"height":953,"caption":"Fika Paris"},"image":{"@id":"https:\/\/fika.paris\/en\/#\/schema\/logo\/image\/"}}]}},"_links":{"self":[{"href":"https:\/\/fika.paris\/en\/wp-json\/wp\/v2\/pages\/1073","targetHints":{"allow":["GET"]}}],"collection":[{"href":"https:\/\/fika.paris\/en\/wp-json\/wp\/v2\/pages"}],"about":[{"href":"https:\/\/fika.paris\/en\/wp-json\/wp\/v2\/types\/page"}],"author":[{"embeddable":true,"href":"https:\/\/fika.paris\/en\/wp-json\/wp\/v2\/users\/1"}],"replies":[{"embeddable":true,"href":"https:\/\/fika.paris\/en\/wp-json\/wp\/v2\/comments?post=1073"}],"version-history":[{"count":5,"href":"https:\/\/fika.paris\/en\/wp-json\/wp\/v2\/pages\/1073\/revisions"}],"predecessor-version":[{"id":2081,"href":"https:\/\/fika.paris\/en\/wp-json\/wp\/v2\/pages\/1073\/revisions\/2081"}],"wp:attachment":[{"href":"https:\/\/fika.paris\/en\/wp-json\/wp\/v2\/media?parent=1073"}],"curies":[{"name":"wp","href":"https:\/\/api.w.org\/{rel}","templated":true}]}}