{"id":1040,"date":"2026-01-13T11:50:51","date_gmt":"2026-01-13T10:50:51","guid":{"rendered":"https:\/\/fika.paris\/partners\/"},"modified":"2026-03-17T16:42:19","modified_gmt":"2026-03-17T15:42:19","slug":"partners","status":"publish","type":"page","link":"https:\/\/fika.paris\/en\/partners\/","title":{"rendered":"Partners"},"content":{"rendered":"\t\t<div data-elementor-type=\"wp-page\" data-elementor-id=\"1040\" class=\"elementor elementor-1040 elementor-823\" data-elementor-post-type=\"page\">\n\t\t\t\t<div class=\"elementor-element elementor-element-02e3464 e-con-full e-flex e-con e-parent\" data-id=\"02e3464\" data-element_type=\"container\" data-e-type=\"container\" data-settings=\"{&quot;background_background&quot;:&quot;classic&quot;}\">\n\t\t<div class=\"elementor-element elementor-element-cc0b274 e-con-full e-flex e-con e-child\" data-id=\"cc0b274\" data-element_type=\"container\" data-e-type=\"container\">\n\t\t<div class=\"elementor-element elementor-element-ff72cd3 e-con-full e-transform e-flex e-con e-child\" data-id=\"ff72cd3\" data-element_type=\"container\" data-e-type=\"container\" data-settings=\"{&quot;_transform_translateX_effect&quot;:{&quot;unit&quot;:&quot;px&quot;,&quot;size&quot;:0,&quot;sizes&quot;:[]},&quot;_transform_translateX_effect_tablet&quot;:{&quot;unit&quot;:&quot;px&quot;,&quot;size&quot;:&quot;&quot;,&quot;sizes&quot;:[]},&quot;_transform_translateX_effect_mobile&quot;:{&quot;unit&quot;:&quot;px&quot;,&quot;size&quot;:&quot;&quot;,&quot;sizes&quot;:[]},&quot;_transform_translateY_effect&quot;:{&quot;unit&quot;:&quot;px&quot;,&quot;size&quot;:&quot;&quot;,&quot;sizes&quot;:[]},&quot;_transform_translateY_effect_tablet&quot;:{&quot;unit&quot;:&quot;px&quot;,&quot;size&quot;:&quot;&quot;,&quot;sizes&quot;:[]},&quot;_transform_translateY_effect_mobile&quot;:{&quot;unit&quot;:&quot;px&quot;,&quot;size&quot;:&quot;&quot;,&quot;sizes&quot;:[]}}\">\n\t\t\t\t<div class=\"elementor-element elementor-element-e942df6 elementor-widget elementor-widget-heading\" data-id=\"e942df6\" data-element_type=\"widget\" data-e-type=\"widget\" data-widget_type=\"heading.default\">\n\t\t\t\t\t<h1 class=\"elementor-heading-title elementor-size-default\">A concentration of talents and artisans from S\u00f6rmland and beyond\n<\/h1>\t\t\t\t<\/div>\n\t\t\t\t<div class=\"elementor-element elementor-element-d4aeeb1 elementor-widget elementor-widget-spacer\" data-id=\"d4aeeb1\" data-element_type=\"widget\" data-e-type=\"widget\" data-widget_type=\"spacer.default\">\n\t\t\t\t\t\t\t<div class=\"elementor-spacer\">\n\t\t\t<div class=\"elementor-spacer-inner\"><\/div>\n\t\t<\/div>\n\t\t\t\t\t\t<\/div>\n\t\t\t\t<div class=\"elementor-element elementor-element-a380493 elementor-widget elementor-widget-text-editor\" data-id=\"a380493\" data-element_type=\"widget\" data-e-type=\"widget\" data-widget_type=\"text-editor.default\">\n\t\t\t\t\t\t\t\t\t<p>Freshness and naturalness are the guiding principles of the menu, featuring artisanal products, mostly organic and specific to Swedish culinary culture.<\/p><p>These products mainly come from S\u00f6rmland. This agricultural province south of Stockholm is known for its breathtaking landscapes and fairytale castles. Here are the profiles of those who inspire Fika, through their work and their commitment to<br>ethical food.  <\/p>\t\t\t\t\t\t\t\t<\/div>\n\t\t\t\t<\/div>\n\t\t\t\t<\/div>\n\t\t<div class=\"elementor-element elementor-element-34317d8 e-con-full e-flex e-con e-child\" data-id=\"34317d8\" data-element_type=\"container\" data-e-type=\"container\" data-settings=\"{&quot;background_background&quot;:&quot;slideshow&quot;,&quot;background_slideshow_gallery&quot;:[{&quot;id&quot;:1911,&quot;url&quot;:&quot;https:\\\/\\\/fika.paris\\\/wp-content\\\/uploads\\\/2026\\\/02\\\/erik-olsson-for-FIKA22A1190-ok-scaled.jpg&quot;},{&quot;id&quot;:1912,&quot;url&quot;:&quot;https:\\\/\\\/fika.paris\\\/wp-content\\\/uploads\\\/2026\\\/02\\\/erik-olsson-for-FIKA-22A5997-ok--scaled.jpg&quot;},{&quot;id&quot;:1913,&quot;url&quot;:&quot;https:\\\/\\\/fika.paris\\\/wp-content\\\/uploads\\\/2026\\\/02\\\/22A1154-ok.jpg&quot;},{&quot;id&quot;:1914,&quot;url&quot;:&quot;https:\\\/\\\/fika.paris\\\/wp-content\\\/uploads\\\/2026\\\/02\\\/erik-olsson-for-FIKA-22A4382-ok-scaled.jpg&quot;},{&quot;id&quot;:1915,&quot;url&quot;:&quot;https:\\\/\\\/fika.paris\\\/wp-content\\\/uploads\\\/2026\\\/02\\\/skiss-fika-22A4274.jpg&quot;},{&quot;id&quot;:1916,&quot;url&quot;:&quot;https:\\\/\\\/fika.paris\\\/wp-content\\\/uploads\\\/2026\\\/02\\\/J0A1894.jpg&quot;},{&quot;id&quot;:1917,&quot;url&quot;:&quot;https:\\\/\\\/fika.paris\\\/wp-content\\\/uploads\\\/2026\\\/02\\\/Y7A8509.jpg&quot;}],&quot;background_slideshow_loop&quot;:&quot;yes&quot;,&quot;background_slideshow_slide_duration&quot;:5000,&quot;background_slideshow_slide_transition&quot;:&quot;fade&quot;,&quot;background_slideshow_transition_duration&quot;:500}\">\n\t\t\t\t<\/div>\n\t\t\t\t<\/div>\n\t\t<div class=\"elementor-element elementor-element-51e463a e-flex e-con-boxed e-con e-parent\" data-id=\"51e463a\" data-element_type=\"container\" data-e-type=\"container\" data-settings=\"{&quot;background_background&quot;:&quot;classic&quot;}\">\n\t\t\t\t\t<div class=\"e-con-inner\">\n\t\t\t\t<div class=\"elementor-element elementor-element-344cba4 elementor-absolute elementor-widget__width-initial elementor-widget elementor-widget-image\" data-id=\"344cba4\" data-element_type=\"widget\" data-e-type=\"widget\" data-settings=\"{&quot;_position&quot;:&quot;absolute&quot;}\" data-widget_type=\"image.default\">\n\t\t\t\t\t\t\t\t\t\t\t\t\t\t\t<img decoding=\"async\" src=\"https:\/\/fika.paris\/wp-content\/uploads\/2026\/01\/Cerise.svg\" class=\"attachment-full size-full wp-image-1041\" alt=\"\" \/>\t\t\t\t\t\t\t\t\t\t\t\t\t\t\t<\/div>\n\t\t<div class=\"elementor-element elementor-element-3ac00c5 e-con-full e-flex e-con e-child\" data-id=\"3ac00c5\" data-element_type=\"container\" data-e-type=\"container\">\n\t\t\t\t<div class=\"elementor-element elementor-element-d42af22 elementor-widget elementor-widget-image\" data-id=\"d42af22\" data-element_type=\"widget\" data-e-type=\"widget\" data-widget_type=\"image.default\">\n\t\t\t\t\t\t\t\t\t\t\t\t\t\t\t<img decoding=\"async\" src=\"https:\/\/fika.paris\/wp-content\/uploads\/elementor\/thumbs\/Mariaprintz-rhlajk36zvo5mt4tempb1f3lukzkmv2ao7gab4v5gw.png\" title=\"Mariaprintz\" alt=\"Mariaprintz\" loading=\"lazy\" \/>\t\t\t\t\t\t\t\t\t\t\t\t\t\t\t<\/div>\n\t\t\t\t<div class=\"elementor-element elementor-element-b8d28ee elementor-widget elementor-widget-heading\" data-id=\"b8d28ee\" data-element_type=\"widget\" data-e-type=\"widget\" data-widget_type=\"heading.default\">\n\t\t\t\t\t<h2 class=\"elementor-heading-title elementor-size-default\">MARIA PRINTZ EMOND<br>the Chef<\/h2>\t\t\t\t<\/div>\n\t\t\t\t<div class=\"elementor-element elementor-element-5172584 elementor-widget elementor-widget-text-editor\" data-id=\"5172584\" data-element_type=\"widget\" data-e-type=\"widget\" data-widget_type=\"text-editor.default\">\n\t\t\t\t\t\t\t\t\t<p>This tireless creative has worked for over 25 years as a chef in Sweden (her home country). A key figure in the Swedish culinary scene, she has<br>led several renowned establishments and is very active in organizations promoting local gastronomy. <\/p><p>She designs the dishes on the menu with a focus on seasonal products and Swedish celebrations. She trains the teams in culinary techniques, manages relationships with local artisans and producers. She describes herself as a &#8220;culinary translator&#8221; and adapts Swedish dishes to Parisian palates.  <\/p>\t\t\t\t\t\t\t\t<\/div>\n\t\t\t\t<div class=\"elementor-element elementor-element-1be2aa0 elementor-widget elementor-widget-image\" data-id=\"1be2aa0\" data-element_type=\"widget\" data-e-type=\"widget\" data-widget_type=\"image.default\">\n\t\t\t\t\t\t\t\t\t\t\t\t\t\t\t<img decoding=\"async\" src=\"https:\/\/fika.paris\/wp-content\/uploads\/elementor\/thumbs\/annalindellfika-e1768381049770-rhmx8yfp7wr5k3ayn5ps73zgcobd7n3xwk3x1zb3hs.jpg\" title=\"annalindellfika\" alt=\"annalindellfika\" loading=\"lazy\" \/>\t\t\t\t\t\t\t\t\t\t\t\t\t\t\t<\/div>\n\t\t\t\t<div class=\"elementor-element elementor-element-2f44f8a elementor-widget elementor-widget-heading\" data-id=\"2f44f8a\" data-element_type=\"widget\" data-e-type=\"widget\" data-widget_type=\"heading.default\">\n\t\t\t\t\t<h2 class=\"elementor-heading-title elementor-size-default\">ANNA LINDELL<br>the ceramist<\/h2>\t\t\t\t<\/div>\n\t\t\t\t<div class=\"elementor-element elementor-element-15efce1 elementor-widget elementor-widget-text-editor\" data-id=\"15efce1\" data-element_type=\"widget\" data-e-type=\"widget\" data-widget_type=\"text-editor.default\">\n\t\t\t\t\t\t\t\t\t<p>From the village of J\u00f6n\u00e5ker, Anna designs stoneware and porcelain tableware in her self-built workshop, inspired by nature and Swedish artisanal tradition.<\/p><p>Each piece is unique and personalized, making her one of the most<br>sought-after ceramicists by Swedish restaurateurs.<\/p>\t\t\t\t\t\t\t\t<\/div>\n\t\t\t\t<\/div>\n\t\t<div class=\"elementor-element elementor-element-1fdefca e-con-full e-flex e-con e-child\" data-id=\"1fdefca\" data-element_type=\"container\" data-e-type=\"container\">\n\t\t\t\t<div class=\"elementor-element elementor-element-0078a08 elementor-widget elementor-widget-image\" data-id=\"0078a08\" data-element_type=\"widget\" data-e-type=\"widget\" data-widget_type=\"image.default\">\n\t\t\t\t\t\t\t\t\t\t\t\t\t\t\t<img decoding=\"async\" src=\"https:\/\/fika.paris\/wp-content\/uploads\/elementor\/thumbs\/Lena-rhlajeg5uvgfp5d0bk9jmgiua9rdcofwnfjdfh3ii8.jpg\" title=\"Lena\" alt=\"Lena\" loading=\"lazy\" \/>\t\t\t\t\t\t\t\t\t\t\t\t\t\t\t<\/div>\n\t\t\t\t<div class=\"elementor-element elementor-element-ea0af4e elementor-widget elementor-widget-heading\" data-id=\"ea0af4e\" data-element_type=\"widget\" data-e-type=\"widget\" data-widget_type=\"heading.default\">\n\t\t\t\t\t<h2 class=\"elementor-heading-title elementor-size-default\">LENA ENGELMARK - H\u00d6GTORP G\u00c5RD<br>the naturalist chemist<\/h2>\t\t\t\t<\/div>\n\t\t\t\t<div class=\"elementor-element elementor-element-1eb4000 elementor-widget elementor-widget-text-editor\" data-id=\"1eb4000\" data-element_type=\"widget\" data-e-type=\"widget\" data-widget_type=\"text-editor.default\">\n\t\t\t\t\t\t\t\t\t<p>A trained chemical engineer, Lena sources the best that nature has to offer and transforms it into oil, marinade, syrups, and other preparations. She forages wild plants and mushrooms on her own land and transforms these ingredients into innovative preparations, which have earned her several awards and a place on the finest tables in the world. <\/p>\t\t\t\t\t\t\t\t<\/div>\n\t\t\t\t<div class=\"elementor-element elementor-element-eb1f142 elementor-widget elementor-widget-image\" data-id=\"eb1f142\" data-element_type=\"widget\" data-e-type=\"widget\" data-widget_type=\"image.default\">\n\t\t\t\t\t\t\t\t\t\t\t\t\t\t\t<img decoding=\"async\" src=\"https:\/\/fika.paris\/wp-content\/uploads\/elementor\/thumbs\/lykke-kaffegardar-scaled-rinnna403i81fogn595o9tjgqaswf8x0hzis4cxpww.jpg\" title=\"lykke kaffeg\u00e5rdar\" alt=\"lykke kaffeg\u00e5rdar\" loading=\"lazy\" \/>\t\t\t\t\t\t\t\t\t\t\t\t\t\t\t<\/div>\n\t\t\t\t<div class=\"elementor-element elementor-element-cede390 elementor-widget elementor-widget-heading\" data-id=\"cede390\" data-element_type=\"widget\" data-e-type=\"widget\" data-widget_type=\"heading.default\">\n\t\t\t\t\t<h2 class=\"elementor-heading-title elementor-size-default\">LYKKE KAFFEG\u00c5RDAR<br>the responsible coffee partner<\/h2>\t\t\t\t<\/div>\n\t\t\t\t<div class=\"elementor-element elementor-element-f1eb7fd elementor-widget elementor-widget-text-editor\" data-id=\"f1eb7fd\" data-element_type=\"widget\" data-e-type=\"widget\" data-widget_type=\"text-editor.default\">\n\t\t\t\t\t\t\t\t\t<p>As its name &#8216;Lykke,&#8217; meaning happiness, suggests, this company is committed to respecting its workers and the planet. As a coffee grower, buyer, and roaster, Lykke Kaffeg\u00e5rdar adopts an ethical approach, in line with Fika&#8217;s values. <\/p>\t\t\t\t\t\t\t\t<\/div>\n\t\t\t\t<\/div>\n\t\t<div class=\"elementor-element elementor-element-407b1a4 e-con-full e-flex e-con e-child\" data-id=\"407b1a4\" data-element_type=\"container\" data-e-type=\"container\">\n\t\t\t\t<div class=\"elementor-element elementor-element-60435a9 elementor-widget elementor-widget-image\" data-id=\"60435a9\" data-element_type=\"widget\" data-e-type=\"widget\" data-widget_type=\"image.default\">\n\t\t\t\t\t\t\t\t\t\t\t\t\t\t\t<img decoding=\"async\" src=\"https:\/\/fika.paris\/wp-content\/uploads\/elementor\/thumbs\/Si-ri9tm2fdb8hccxn85r46ep0wc7m3go6kgmaq3mrd68.jpg\" title=\"Si\" alt=\"Si\" loading=\"lazy\" \/>\t\t\t\t\t\t\t\t\t\t\t\t\t\t\t<\/div>\n\t\t\t\t<div class=\"elementor-element elementor-element-7839f74 elementor-widget elementor-widget-heading\" data-id=\"7839f74\" data-element_type=\"widget\" data-e-type=\"widget\" data-widget_type=\"heading.default\">\n\t\t\t\t\t<h2 class=\"elementor-heading-title elementor-size-default\">THE SWEDISH INSTITUTE<\/h2>\t\t\t\t<\/div>\n\t\t\t\t<div class=\"elementor-element elementor-element-0340bf9 elementor-widget elementor-widget-text-editor\" data-id=\"0340bf9\" data-element_type=\"widget\" data-e-type=\"widget\" data-widget_type=\"text-editor.default\">\n\t\t\t\t\t\t\t\t\t<p><span style=\"font-family: NotoSans,sans-serif;\"><span data-olk-copy-source=\"MessageBody\">The Swedish Institute is Sweden&#8217;s only cultural institute abroad. It promotes cultural and artistic exchanges between France and Sweden through its programming, as well as <\/span><\/span>its residencies for artists and researchers based in Sweden, and its Swedish language courses.<\/p>\t\t\t\t\t\t\t\t<\/div>\n\t\t\t\t<div class=\"elementor-element elementor-element-27fdca3 elementor-widget elementor-widget-image\" data-id=\"27fdca3\" data-element_type=\"widget\" data-e-type=\"widget\" data-widget_type=\"image.default\">\n\t\t\t\t\t\t\t\t\t\t\t\t\t\t\t<img fetchpriority=\"high\" decoding=\"async\" width=\"2560\" height=\"2560\" src=\"https:\/\/fika.paris\/wp-content\/uploads\/2026\/02\/LogoVF-fondrose-scaled.png\" class=\"attachment-full size-full wp-image-1910\" alt=\"\" srcset=\"https:\/\/fika.paris\/wp-content\/uploads\/2026\/02\/LogoVF-fondrose-scaled.png 2560w, https:\/\/fika.paris\/wp-content\/uploads\/2026\/02\/LogoVF-fondrose-600x600.png 600w, https:\/\/fika.paris\/wp-content\/uploads\/2026\/02\/LogoVF-fondrose-1024x1024.png 1024w, https:\/\/fika.paris\/wp-content\/uploads\/2026\/02\/LogoVF-fondrose-500x500.png 500w, https:\/\/fika.paris\/wp-content\/uploads\/2026\/02\/LogoVF-fondrose-768x768.png 768w, https:\/\/fika.paris\/wp-content\/uploads\/2026\/02\/LogoVF-fondrose-1536x1536.png 1536w, https:\/\/fika.paris\/wp-content\/uploads\/2026\/02\/LogoVF-fondrose-2048x2048.png 2048w, https:\/\/fika.paris\/wp-content\/uploads\/2026\/02\/LogoVF-fondrose-300x300.png 300w, https:\/\/fika.paris\/wp-content\/uploads\/2026\/02\/LogoVF-fondrose-100x100.png 100w\" sizes=\"(max-width: 2560px) 100vw, 2560px\" \/>\t\t\t\t\t\t\t\t\t\t\t\t\t\t\t<\/div>\n\t\t\t\t<div class=\"elementor-element elementor-element-7bc5c6b elementor-widget elementor-widget-heading\" data-id=\"7bc5c6b\" data-element_type=\"widget\" data-e-type=\"widget\" data-widget_type=\"heading.default\">\n\t\t\t\t\t<h2 class=\"elementor-heading-title elementor-size-default\">LES \u00c9DITIONS D\u00c9LICIEUSES<br>talent catalyst<\/h2>\t\t\t\t<\/div>\n\t\t\t\t<div class=\"elementor-element elementor-element-df3928e elementor-widget elementor-widget-text-editor\" data-id=\"df3928e\" data-element_type=\"widget\" data-e-type=\"widget\" data-widget_type=\"text-editor.default\">\n\t\t\t\t\t\t\t\t\t<p>A meeting point for all these artisans, Fika is another story that Caroline and Damien Nobile wanted to tell, born from the imagination of gourmet Parisians who fell in love with Sweden and the &#8216;fika&#8217; break, so well suited to the Parisian pace.<\/p><p>Caroline and Damien created Les Editions D\u00e9licieuses, an event caterer since 2006.<\/p><p>Partners with Parisian museums and many institutions, they are committed to offering tailor-made services with fresh, local, and seasonal products.<\/p>\t\t\t\t\t\t\t\t<\/div>\n\t\t\t\t<\/div>\n\t\t\t\t\t<\/div>\n\t\t\t\t<\/div>\n\t\t\t\t<\/div>\n\t\t","protected":false},"excerpt":{"rendered":"<p>A concentration of talents and artisans from S\u00f6rmland and beyond Freshness and naturalness are the guiding principles of the menu, featuring artisanal products, mostly organic and specific to Swedish culinary culture. These products mainly come from S\u00f6rmland. This agricultural province south of Stockholm is known for its breathtaking landscapes and fairytale castles. Here are the [&hellip;]<\/p>\n","protected":false},"author":1,"featured_media":0,"parent":0,"menu_order":0,"comment_status":"closed","ping_status":"closed","template":"","meta":{"footnotes":""},"class_list":["post-1040","page","type-page","status-publish","hentry"],"yoast_head":"<!-- This site is optimized with the Yoast SEO plugin v27.2 - https:\/\/yoast.com\/product\/yoast-seo-wordpress\/ -->\n<title>Partners - Fika Paris<\/title>\n<meta name=\"robots\" content=\"index, follow, max-snippet:-1, max-image-preview:large, max-video-preview:-1\" \/>\n<link rel=\"canonical\" href=\"https:\/\/fika.paris\/en\/partners\/\" \/>\n<meta property=\"og:locale\" content=\"en_US\" \/>\n<meta property=\"og:type\" content=\"article\" \/>\n<meta property=\"og:title\" content=\"Partners - Fika Paris\" \/>\n<meta property=\"og:description\" content=\"A concentration of talents and artisans from S\u00f6rmland and beyond Freshness and naturalness are the guiding principles of the menu, featuring artisanal products, mostly organic and specific to Swedish culinary culture. These products mainly come from S\u00f6rmland. This agricultural province south of Stockholm is known for its breathtaking landscapes and fairytale castles. Here are the [&hellip;]\" \/>\n<meta property=\"og:url\" content=\"https:\/\/fika.paris\/en\/partners\/\" \/>\n<meta property=\"og:site_name\" content=\"Fika Paris\" \/>\n<meta property=\"article:modified_time\" content=\"2026-03-17T15:42:19+00:00\" \/>\n<meta name=\"twitter:card\" content=\"summary_large_image\" \/>\n<meta name=\"twitter:label1\" content=\"Est. reading time\" \/>\n\t<meta name=\"twitter:data1\" content=\"2 minutes\" \/>\n<script type=\"application\/ld+json\" class=\"yoast-schema-graph\">{\"@context\":\"https:\/\/schema.org\",\"@graph\":[{\"@type\":\"WebPage\",\"@id\":\"https:\/\/fika.paris\/en\/partners\/\",\"url\":\"https:\/\/fika.paris\/en\/partners\/\",\"name\":\"Partners - Fika Paris\",\"isPartOf\":{\"@id\":\"https:\/\/fika.paris\/en\/#website\"},\"primaryImageOfPage\":{\"@id\":\"https:\/\/fika.paris\/en\/partners\/#primaryimage\"},\"image\":{\"@id\":\"https:\/\/fika.paris\/en\/partners\/#primaryimage\"},\"thumbnailUrl\":\"https:\/\/fika.paris\/wp-content\/uploads\/2026\/01\/Cerise.svg\",\"datePublished\":\"2026-01-13T10:50:51+00:00\",\"dateModified\":\"2026-03-17T15:42:19+00:00\",\"breadcrumb\":{\"@id\":\"https:\/\/fika.paris\/en\/partners\/#breadcrumb\"},\"inLanguage\":\"en-US\",\"potentialAction\":[{\"@type\":\"ReadAction\",\"target\":[\"https:\/\/fika.paris\/en\/partners\/\"]}]},{\"@type\":\"ImageObject\",\"inLanguage\":\"en-US\",\"@id\":\"https:\/\/fika.paris\/en\/partners\/#primaryimage\",\"url\":\"https:\/\/fika.paris\/wp-content\/uploads\/2026\/01\/Cerise.svg\",\"contentUrl\":\"https:\/\/fika.paris\/wp-content\/uploads\/2026\/01\/Cerise.svg\"},{\"@type\":\"BreadcrumbList\",\"@id\":\"https:\/\/fika.paris\/en\/partners\/#breadcrumb\",\"itemListElement\":[{\"@type\":\"ListItem\",\"position\":1,\"name\":\"Accueil\",\"item\":\"https:\/\/fika.paris\/en\/\"},{\"@type\":\"ListItem\",\"position\":2,\"name\":\"Partners\"}]},{\"@type\":\"WebSite\",\"@id\":\"https:\/\/fika.paris\/en\/#website\",\"url\":\"https:\/\/fika.paris\/en\/\",\"name\":\"Fika Paris\",\"description\":\"Un petit g\u00f4ut de Su\u00e8de \u00e0 Paris\",\"publisher\":{\"@id\":\"https:\/\/fika.paris\/en\/#organization\"},\"potentialAction\":[{\"@type\":\"SearchAction\",\"target\":{\"@type\":\"EntryPoint\",\"urlTemplate\":\"https:\/\/fika.paris\/en\/?s={search_term_string}\"},\"query-input\":{\"@type\":\"PropertyValueSpecification\",\"valueRequired\":true,\"valueName\":\"search_term_string\"}}],\"inLanguage\":\"en-US\"},{\"@type\":\"Organization\",\"@id\":\"https:\/\/fika.paris\/en\/#organization\",\"name\":\"Fika Paris\",\"url\":\"https:\/\/fika.paris\/en\/\",\"logo\":{\"@type\":\"ImageObject\",\"inLanguage\":\"en-US\",\"@id\":\"https:\/\/fika.paris\/en\/#\/schema\/logo\/image\/\",\"url\":\"https:\/\/fika.paris\/wp-content\/uploads\/2025\/09\/cropped-logofika_detoure-scaled-1.png\",\"contentUrl\":\"https:\/\/fika.paris\/wp-content\/uploads\/2025\/09\/cropped-logofika_detoure-scaled-1.png\",\"width\":2273,\"height\":953,\"caption\":\"Fika Paris\"},\"image\":{\"@id\":\"https:\/\/fika.paris\/en\/#\/schema\/logo\/image\/\"}}]}<\/script>\n<!-- \/ Yoast SEO plugin. -->","yoast_head_json":{"title":"Partners - Fika Paris","robots":{"index":"index","follow":"follow","max-snippet":"max-snippet:-1","max-image-preview":"max-image-preview:large","max-video-preview":"max-video-preview:-1"},"canonical":"https:\/\/fika.paris\/en\/partners\/","og_locale":"en_US","og_type":"article","og_title":"Partners - Fika Paris","og_description":"A concentration of talents and artisans from S\u00f6rmland and beyond Freshness and naturalness are the guiding principles of the menu, featuring artisanal products, mostly organic and specific to Swedish culinary culture. These products mainly come from S\u00f6rmland. This agricultural province south of Stockholm is known for its breathtaking landscapes and fairytale castles. Here are the [&hellip;]","og_url":"https:\/\/fika.paris\/en\/partners\/","og_site_name":"Fika Paris","article_modified_time":"2026-03-17T15:42:19+00:00","twitter_card":"summary_large_image","twitter_misc":{"Est. reading time":"2 minutes"},"schema":{"@context":"https:\/\/schema.org","@graph":[{"@type":"WebPage","@id":"https:\/\/fika.paris\/en\/partners\/","url":"https:\/\/fika.paris\/en\/partners\/","name":"Partners - Fika Paris","isPartOf":{"@id":"https:\/\/fika.paris\/en\/#website"},"primaryImageOfPage":{"@id":"https:\/\/fika.paris\/en\/partners\/#primaryimage"},"image":{"@id":"https:\/\/fika.paris\/en\/partners\/#primaryimage"},"thumbnailUrl":"https:\/\/fika.paris\/wp-content\/uploads\/2026\/01\/Cerise.svg","datePublished":"2026-01-13T10:50:51+00:00","dateModified":"2026-03-17T15:42:19+00:00","breadcrumb":{"@id":"https:\/\/fika.paris\/en\/partners\/#breadcrumb"},"inLanguage":"en-US","potentialAction":[{"@type":"ReadAction","target":["https:\/\/fika.paris\/en\/partners\/"]}]},{"@type":"ImageObject","inLanguage":"en-US","@id":"https:\/\/fika.paris\/en\/partners\/#primaryimage","url":"https:\/\/fika.paris\/wp-content\/uploads\/2026\/01\/Cerise.svg","contentUrl":"https:\/\/fika.paris\/wp-content\/uploads\/2026\/01\/Cerise.svg"},{"@type":"BreadcrumbList","@id":"https:\/\/fika.paris\/en\/partners\/#breadcrumb","itemListElement":[{"@type":"ListItem","position":1,"name":"Accueil","item":"https:\/\/fika.paris\/en\/"},{"@type":"ListItem","position":2,"name":"Partners"}]},{"@type":"WebSite","@id":"https:\/\/fika.paris\/en\/#website","url":"https:\/\/fika.paris\/en\/","name":"Fika Paris","description":"Un petit g\u00f4ut de Su\u00e8de \u00e0 Paris","publisher":{"@id":"https:\/\/fika.paris\/en\/#organization"},"potentialAction":[{"@type":"SearchAction","target":{"@type":"EntryPoint","urlTemplate":"https:\/\/fika.paris\/en\/?s={search_term_string}"},"query-input":{"@type":"PropertyValueSpecification","valueRequired":true,"valueName":"search_term_string"}}],"inLanguage":"en-US"},{"@type":"Organization","@id":"https:\/\/fika.paris\/en\/#organization","name":"Fika Paris","url":"https:\/\/fika.paris\/en\/","logo":{"@type":"ImageObject","inLanguage":"en-US","@id":"https:\/\/fika.paris\/en\/#\/schema\/logo\/image\/","url":"https:\/\/fika.paris\/wp-content\/uploads\/2025\/09\/cropped-logofika_detoure-scaled-1.png","contentUrl":"https:\/\/fika.paris\/wp-content\/uploads\/2025\/09\/cropped-logofika_detoure-scaled-1.png","width":2273,"height":953,"caption":"Fika Paris"},"image":{"@id":"https:\/\/fika.paris\/en\/#\/schema\/logo\/image\/"}}]}},"_links":{"self":[{"href":"https:\/\/fika.paris\/en\/wp-json\/wp\/v2\/pages\/1040","targetHints":{"allow":["GET"]}}],"collection":[{"href":"https:\/\/fika.paris\/en\/wp-json\/wp\/v2\/pages"}],"about":[{"href":"https:\/\/fika.paris\/en\/wp-json\/wp\/v2\/types\/page"}],"author":[{"embeddable":true,"href":"https:\/\/fika.paris\/en\/wp-json\/wp\/v2\/users\/1"}],"replies":[{"embeddable":true,"href":"https:\/\/fika.paris\/en\/wp-json\/wp\/v2\/comments?post=1040"}],"version-history":[{"count":5,"href":"https:\/\/fika.paris\/en\/wp-json\/wp\/v2\/pages\/1040\/revisions"}],"predecessor-version":[{"id":2086,"href":"https:\/\/fika.paris\/en\/wp-json\/wp\/v2\/pages\/1040\/revisions\/2086"}],"wp:attachment":[{"href":"https:\/\/fika.paris\/en\/wp-json\/wp\/v2\/media?parent=1040"}],"curies":[{"name":"wp","href":"https:\/\/api.w.org\/{rel}","templated":true}]}}